{"id":5440,"date":"2015-03-30T20:03:44","date_gmt":"2015-03-30T19:03:44","guid":{"rendered":"https:\/\/www.zuazogaston.com\/web\/?post_type=product&#038;p=5440"},"modified":"2025-08-25T11:11:52","modified_gmt":"2025-08-25T10:11:52","slug":"essenzia-blanco-sobre-lias-rueda-caja-6-b","status":"publish","type":"product","link":"https:\/\/www.zuazogaston.com\/web\/producto\/essenzia-de-zuazo\/essenzia-blanco-sobre-lias-rueda-caja-6-b\/","title":{"rendered":"Essenzia Blanco sobre l\u00edas Rueda (Caja 6 b.)"},"content":{"rendered":"","protected":false},"excerpt":{"rendered":"<p>&nbsp;<\/p>\n<h2><span style=\"color: #cf9415;\">Caja de 6 botellas.<\/span><\/h2>\n<p>VARIEDADES: 100% verdejo.<br \/>\nCATA: A la vista presenta un color amarillo pajizo, con matices verdosos, limpio brillante y transparente.<br \/>\nEn nariz es elegante, de intensidad alta, sobresaliendo aromas de pomelo, flores blancas, hierbas verdes, mine- rales, c\u00edtricos, toques salinos, laurel e hinojo.<br \/>\nEn boca es amplio, fresco, de una intensa acidez, guardando el equlibrio perfecto con el az\u00facar.<\/p>\n<p><a href=\"http:\/\/www.zuazogaston.com\/web\/PDF\/essenzia-blanco.pdf\">Descargar ficha en PDF<\/a>\u00a0\u00a0\/\u00a0\u00a0Descargar imagen<\/p>\n","protected":false},"featured_media":5441,"comment_status":"open","ping_status":"closed","template":"","meta":[],"product_brand":[],"product_cat":[255],"product_tag":[163,258,259],"class_list":{"0":"post-5440","1":"product","2":"type-product","3":"status-publish","4":"has-post-thumbnail","6":"product_cat-essenzia-de-zuazo","7":"product_tag-blanco","8":"product_tag-rueda","9":"product_tag-sobre-lias","11":"first","12":"instock","13":"shipping-taxable","14":"purchasable","15":"product-type-simple"},"yoast_head":"<!-- This site is optimized with the Yoast SEO plugin v26.4 - https:\/\/yoast.com\/wordpress\/plugins\/seo\/ -->\n<title>Essenzia Blanco sobre l\u00edas Rueda (Caja 6 b.) - Zuazo Gast\u00f3n<\/title>\n<meta name=\"description\" content=\"Un blanco muy especial, Essenzia de Zuazo Rueda expresa lo mejor de la D.O. Rueda. Una elaboraci\u00f3n cuidadosa con un sorprendente resultado.\" \/>\n<meta name=\"robots\" content=\"index, follow, max-snippet:-1, max-image-preview:large, max-video-preview:-1\" \/>\n<link rel=\"canonical\" href=\"http:\/\/www.zuazogaston.com\/web\/producto\/essenzia-de-zuazo\/essenzia-blanco-sobre-lias-rueda-caja-6-b\/\" \/>\n<meta property=\"og:locale\" content=\"es_ES\" \/>\n<meta property=\"og:type\" content=\"article\" \/>\n<meta property=\"og:title\" content=\"Essenzia Blanco sobre l\u00edas Rueda (Caja 6 b.) - Zuazo Gast\u00f3n\" \/>\n<meta property=\"og:description\" content=\"Un blanco muy especial, Essenzia de Zuazo Rueda expresa lo mejor de la D.O. Rueda. Una elaboraci\u00f3n cuidadosa con un sorprendente resultado.\" \/>\n<meta property=\"og:url\" content=\"http:\/\/www.zuazogaston.com\/web\/producto\/essenzia-de-zuazo\/essenzia-blanco-sobre-lias-rueda-caja-6-b\/\" \/>\n<meta property=\"og:site_name\" content=\"Zuazo Gast\u00f3n\" \/>\n<meta property=\"article:publisher\" content=\"http:\/\/www.facebook.com\/BodegasZuazoGaston\" \/>\n<meta property=\"article:modified_time\" content=\"2025-08-25T10:11:52+00:00\" \/>\n<meta property=\"og:image\" content=\"http:\/\/www.zuazogaston.com\/web\/wp-content\/uploads\/2025\/05\/essenzia-rueda-prod.webp\" \/>\n\t<meta property=\"og:image:width\" content=\"510\" \/>\n\t<meta property=\"og:image:height\" content=\"651\" \/>\n\t<meta property=\"og:image:type\" content=\"image\/webp\" \/>\n<meta name=\"twitter:card\" content=\"summary_large_image\" \/>\n<meta name=\"twitter:site\" content=\"@ZuazoGaston\" \/>\n<meta name=\"twitter:label1\" content=\"Tiempo de lectura\" \/>\n\t<meta name=\"twitter:data1\" content=\"1 minuto\" \/>\n<script type=\"application\/ld+json\" class=\"yoast-schema-graph\">{\"@context\":\"https:\/\/schema.org\",\"@graph\":[{\"@type\":\"WebPage\",\"@id\":\"http:\/\/www.zuazogaston.com\/web\/producto\/essenzia-de-zuazo\/essenzia-blanco-sobre-lias-rueda-caja-6-b\/\",\"url\":\"http:\/\/www.zuazogaston.com\/web\/producto\/essenzia-de-zuazo\/essenzia-blanco-sobre-lias-rueda-caja-6-b\/\",\"name\":\"Essenzia Blanco sobre l\u00edas Rueda (Caja 6 b.) - Zuazo Gast\u00f3n\",\"isPartOf\":{\"@id\":\"http:\/\/www.zuazogaston.com\/web\/#website\"},\"primaryImageOfPage\":{\"@id\":\"http:\/\/www.zuazogaston.com\/web\/producto\/essenzia-de-zuazo\/essenzia-blanco-sobre-lias-rueda-caja-6-b\/#primaryimage\"},\"image\":{\"@id\":\"http:\/\/www.zuazogaston.com\/web\/producto\/essenzia-de-zuazo\/essenzia-blanco-sobre-lias-rueda-caja-6-b\/#primaryimage\"},\"thumbnailUrl\":\"https:\/\/www.zuazogaston.com\/web\/wp-content\/uploads\/2025\/05\/essenzia-rueda-prod.webp\",\"datePublished\":\"2015-03-30T19:03:44+00:00\",\"dateModified\":\"2025-08-25T10:11:52+00:00\",\"description\":\"Un blanco muy especial, Essenzia de Zuazo Rueda expresa lo mejor de la D.O. Rueda. Una elaboraci\u00f3n cuidadosa con un sorprendente resultado.\",\"breadcrumb\":{\"@id\":\"http:\/\/www.zuazogaston.com\/web\/producto\/essenzia-de-zuazo\/essenzia-blanco-sobre-lias-rueda-caja-6-b\/#breadcrumb\"},\"inLanguage\":\"es\",\"potentialAction\":[{\"@type\":\"ReadAction\",\"target\":[\"http:\/\/www.zuazogaston.com\/web\/producto\/essenzia-de-zuazo\/essenzia-blanco-sobre-lias-rueda-caja-6-b\/\"]}]},{\"@type\":\"ImageObject\",\"inLanguage\":\"es\",\"@id\":\"http:\/\/www.zuazogaston.com\/web\/producto\/essenzia-de-zuazo\/essenzia-blanco-sobre-lias-rueda-caja-6-b\/#primaryimage\",\"url\":\"https:\/\/www.zuazogaston.com\/web\/wp-content\/uploads\/2025\/05\/essenzia-rueda-prod.webp\",\"contentUrl\":\"https:\/\/www.zuazogaston.com\/web\/wp-content\/uploads\/2025\/05\/essenzia-rueda-prod.webp\",\"width\":510,\"height\":651,\"caption\":\"Essenzia Rueda Blanco sobre l\u00edas\"},{\"@type\":\"BreadcrumbList\",\"@id\":\"http:\/\/www.zuazogaston.com\/web\/producto\/essenzia-de-zuazo\/essenzia-blanco-sobre-lias-rueda-caja-6-b\/#breadcrumb\",\"itemListElement\":[{\"@type\":\"ListItem\",\"position\":1,\"name\":\"Inicio\",\"item\":\"http:\/\/www.zuazogaston.com\/web\/\"},{\"@type\":\"ListItem\",\"position\":2,\"name\":\"Tienda\",\"item\":\"https:\/\/www.zuazogaston.com\/web\/producto-2\/\"},{\"@type\":\"ListItem\",\"position\":3,\"name\":\"Essenzia de Zuazo\",\"item\":\"https:\/\/www.zuazogaston.com\/web\/categoria-producto\/essenzia-de-zuazo\/\"},{\"@type\":\"ListItem\",\"position\":4,\"name\":\"Essenzia Blanco sobre l\u00edas Rueda (Caja 6 b.)\"}]},{\"@type\":\"WebSite\",\"@id\":\"http:\/\/www.zuazogaston.com\/web\/#website\",\"url\":\"http:\/\/www.zuazogaston.com\/web\/\",\"name\":\"Zuazo Gast\u00f3n\",\"description\":\"Bodegas y Vi\u00f1edos\",\"potentialAction\":[{\"@type\":\"SearchAction\",\"target\":{\"@type\":\"EntryPoint\",\"urlTemplate\":\"http:\/\/www.zuazogaston.com\/web\/?s={search_term_string}\"},\"query-input\":{\"@type\":\"PropertyValueSpecification\",\"valueRequired\":true,\"valueName\":\"search_term_string\"}}],\"inLanguage\":\"es\"}]}<\/script>\n<!-- \/ Yoast SEO plugin. -->","yoast_head_json":{"title":"Essenzia Blanco sobre l\u00edas Rueda (Caja 6 b.) - Zuazo Gast\u00f3n","description":"Un blanco muy especial, Essenzia de Zuazo Rueda expresa lo mejor de la D.O. Rueda. Una elaboraci\u00f3n cuidadosa con un sorprendente resultado.","robots":{"index":"index","follow":"follow","max-snippet":"max-snippet:-1","max-image-preview":"max-image-preview:large","max-video-preview":"max-video-preview:-1"},"canonical":"http:\/\/www.zuazogaston.com\/web\/producto\/essenzia-de-zuazo\/essenzia-blanco-sobre-lias-rueda-caja-6-b\/","og_locale":"es_ES","og_type":"article","og_title":"Essenzia Blanco sobre l\u00edas Rueda (Caja 6 b.) - Zuazo Gast\u00f3n","og_description":"Un blanco muy especial, Essenzia de Zuazo Rueda expresa lo mejor de la D.O. Rueda. Una elaboraci\u00f3n cuidadosa con un sorprendente resultado.","og_url":"http:\/\/www.zuazogaston.com\/web\/producto\/essenzia-de-zuazo\/essenzia-blanco-sobre-lias-rueda-caja-6-b\/","og_site_name":"Zuazo Gast\u00f3n","article_publisher":"http:\/\/www.facebook.com\/BodegasZuazoGaston","article_modified_time":"2025-08-25T10:11:52+00:00","og_image":[{"width":510,"height":651,"url":"http:\/\/www.zuazogaston.com\/web\/wp-content\/uploads\/2025\/05\/essenzia-rueda-prod.webp","type":"image\/webp"}],"twitter_card":"summary_large_image","twitter_site":"@ZuazoGaston","twitter_misc":{"Tiempo de lectura":"1 minuto"},"schema":{"@context":"https:\/\/schema.org","@graph":[{"@type":"WebPage","@id":"http:\/\/www.zuazogaston.com\/web\/producto\/essenzia-de-zuazo\/essenzia-blanco-sobre-lias-rueda-caja-6-b\/","url":"http:\/\/www.zuazogaston.com\/web\/producto\/essenzia-de-zuazo\/essenzia-blanco-sobre-lias-rueda-caja-6-b\/","name":"Essenzia Blanco sobre l\u00edas Rueda (Caja 6 b.) - Zuazo Gast\u00f3n","isPartOf":{"@id":"http:\/\/www.zuazogaston.com\/web\/#website"},"primaryImageOfPage":{"@id":"http:\/\/www.zuazogaston.com\/web\/producto\/essenzia-de-zuazo\/essenzia-blanco-sobre-lias-rueda-caja-6-b\/#primaryimage"},"image":{"@id":"http:\/\/www.zuazogaston.com\/web\/producto\/essenzia-de-zuazo\/essenzia-blanco-sobre-lias-rueda-caja-6-b\/#primaryimage"},"thumbnailUrl":"https:\/\/www.zuazogaston.com\/web\/wp-content\/uploads\/2025\/05\/essenzia-rueda-prod.webp","datePublished":"2015-03-30T19:03:44+00:00","dateModified":"2025-08-25T10:11:52+00:00","description":"Un blanco muy especial, Essenzia de Zuazo Rueda expresa lo mejor de la D.O. Rueda. Una elaboraci\u00f3n cuidadosa con un sorprendente resultado.","breadcrumb":{"@id":"http:\/\/www.zuazogaston.com\/web\/producto\/essenzia-de-zuazo\/essenzia-blanco-sobre-lias-rueda-caja-6-b\/#breadcrumb"},"inLanguage":"es","potentialAction":[{"@type":"ReadAction","target":["http:\/\/www.zuazogaston.com\/web\/producto\/essenzia-de-zuazo\/essenzia-blanco-sobre-lias-rueda-caja-6-b\/"]}]},{"@type":"ImageObject","inLanguage":"es","@id":"http:\/\/www.zuazogaston.com\/web\/producto\/essenzia-de-zuazo\/essenzia-blanco-sobre-lias-rueda-caja-6-b\/#primaryimage","url":"https:\/\/www.zuazogaston.com\/web\/wp-content\/uploads\/2025\/05\/essenzia-rueda-prod.webp","contentUrl":"https:\/\/www.zuazogaston.com\/web\/wp-content\/uploads\/2025\/05\/essenzia-rueda-prod.webp","width":510,"height":651,"caption":"Essenzia Rueda Blanco sobre l\u00edas"},{"@type":"BreadcrumbList","@id":"http:\/\/www.zuazogaston.com\/web\/producto\/essenzia-de-zuazo\/essenzia-blanco-sobre-lias-rueda-caja-6-b\/#breadcrumb","itemListElement":[{"@type":"ListItem","position":1,"name":"Inicio","item":"http:\/\/www.zuazogaston.com\/web\/"},{"@type":"ListItem","position":2,"name":"Tienda","item":"https:\/\/www.zuazogaston.com\/web\/producto-2\/"},{"@type":"ListItem","position":3,"name":"Essenzia de Zuazo","item":"https:\/\/www.zuazogaston.com\/web\/categoria-producto\/essenzia-de-zuazo\/"},{"@type":"ListItem","position":4,"name":"Essenzia Blanco sobre l\u00edas Rueda (Caja 6 b.)"}]},{"@type":"WebSite","@id":"http:\/\/www.zuazogaston.com\/web\/#website","url":"http:\/\/www.zuazogaston.com\/web\/","name":"Zuazo Gast\u00f3n","description":"Bodegas y Vi\u00f1edos","potentialAction":[{"@type":"SearchAction","target":{"@type":"EntryPoint","urlTemplate":"http:\/\/www.zuazogaston.com\/web\/?s={search_term_string}"},"query-input":{"@type":"PropertyValueSpecification","valueRequired":true,"valueName":"search_term_string"}}],"inLanguage":"es"}]}},"_links":{"self":[{"href":"https:\/\/www.zuazogaston.com\/web\/wp-json\/wp\/v2\/product\/5440","targetHints":{"allow":["GET"]}}],"collection":[{"href":"https:\/\/www.zuazogaston.com\/web\/wp-json\/wp\/v2\/product"}],"about":[{"href":"https:\/\/www.zuazogaston.com\/web\/wp-json\/wp\/v2\/types\/product"}],"replies":[{"embeddable":true,"href":"https:\/\/www.zuazogaston.com\/web\/wp-json\/wp\/v2\/comments?post=5440"}],"wp:featuredmedia":[{"embeddable":true,"href":"https:\/\/www.zuazogaston.com\/web\/wp-json\/wp\/v2\/media\/5441"}],"wp:attachment":[{"href":"https:\/\/www.zuazogaston.com\/web\/wp-json\/wp\/v2\/media?parent=5440"}],"wp:term":[{"taxonomy":"product_brand","embeddable":true,"href":"https:\/\/www.zuazogaston.com\/web\/wp-json\/wp\/v2\/product_brand?post=5440"},{"taxonomy":"product_cat","embeddable":true,"href":"https:\/\/www.zuazogaston.com\/web\/wp-json\/wp\/v2\/product_cat?post=5440"},{"taxonomy":"product_tag","embeddable":true,"href":"https:\/\/www.zuazogaston.com\/web\/wp-json\/wp\/v2\/product_tag?post=5440"}],"curies":[{"name":"wp","href":"https:\/\/api.w.org\/{rel}","templated":true}]}}