{"id":5422,"date":"2015-03-30T19:07:05","date_gmt":"2015-03-30T18:07:05","guid":{"rendered":"https:\/\/www.zuazogaston.com\/web\/?post_type=product&#038;p=5422"},"modified":"2025-05-04T10:50:51","modified_gmt":"2025-05-04T09:50:51","slug":"roble-ribera-del-duero-caja-12-bot","status":"publish","type":"product","link":"https:\/\/www.zuazogaston.com\/web\/producto\/teofilo-reyes\/roble-ribera-del-duero-caja-12-bot\/","title":{"rendered":"Roble Ribera del Duero (Caja 12 bot.)"},"content":{"rendered":"","protected":false},"excerpt":{"rendered":"<h2><span style=\"color: #8f5300;\">Caja de 12 botellas<\/span><\/h2>\n<p>VARIEDADES: Tempranillo 100%.<br \/>\nCRIANZA: 6 meses en barrica bordelesa de roble franc\u00e9s.<br \/>\nVI\u00d1EDO:<br \/>\n\u2022 60 has. propias en los municipios de Pe\u00f1afiel, Manzanillo y Olmos de Pe\u00f1afiel, dentro de la D. O. Ribera del Duero.<br \/>\n\u2022 Formaci\u00f3n en vaso y espaldera.<br \/>\n\u2022 Suelos: Pardos, arcillosos-calc\u00e1reos, de aluvi\u00f3n y calizos.<br \/>\n\u2022 Altitud: entre 750 y 920 metros sobre el nivel del mar.<br \/>\n\u2022 Clima: Mediterr\u00e1neo-Continental.<br \/>\nELABORACI\u00d3N:<br \/>\n\u2022 Vendimia: la recolecci\u00f3n es manual.<br \/>\n\u2022 Vinificaci\u00f3n: fermentaci\u00f3n en dep\u00f3sitos de acero inoxidable a temperatura controlada. Maceraci\u00f3n con el hollejo, prensado lento sin removidos.<br \/>\nCATA: a la vista presenta un color rojo cereza, limpia, con ribetes viol\u00e1ceos. En nariz es intenso, asoman frutos rojos del bosque y vainilla propia de una madera bien integrada. En boca es un vino redondo, de taninos maduros con expresi\u00f3n de los aromas que se aprecian en la fase olfativa incrementados con matices bals\u00e1micos. Muy sedoso.<br \/>\nTEMPERATURA DE CONSUMO: 14\u00ba-16\u00baC.<br \/>\nCONSERVANTES: Contiene sulfitos.<\/p>\n<p><a href=\"http:\/\/www.zuazogaston.com\/public_html\/web\/PDF\/matiz.pdf\">Descargar ficha de cata<\/a> \/ <a href=\"http:\/\/www.zuazogaston.com\/public_html\/web\/PDF\/matiz.jpg\">Descargar image<\/a>n<\/p>\n<h2><span style=\"color: #8f5300;\">Caja de 12 botellas<\/span><\/h2>\n","protected":false},"featured_media":5369,"comment_status":"open","ping_status":"closed","template":"","meta":[],"product_brand":[],"product_cat":[236],"product_tag":[74,75,105,115,104],"class_list":{"0":"post-5422","1":"product","2":"type-product","3":"status-publish","4":"has-post-thumbnail","6":"product_cat-teofilo-reyes","7":"product_tag-ribera","8":"product_tag-roble","9":"product_tag-tempranillo","10":"product_tag-teofilo-reyes","11":"product_tag-tinto","13":"first","14":"instock","15":"shipping-taxable","16":"purchasable","17":"product-type-simple"},"yoast_head":"<!-- This site is optimized with the Yoast SEO plugin v26.4 - https:\/\/yoast.com\/wordpress\/plugins\/seo\/ -->\n<title>Roble Ribera del Duero (Caja 12 bot.) - Zuazo Gast\u00f3n<\/title>\n<meta name=\"robots\" content=\"index, follow, max-snippet:-1, max-image-preview:large, max-video-preview:-1\" \/>\n<link rel=\"canonical\" href=\"http:\/\/www.zuazogaston.com\/web\/producto\/teofilo-reyes\/roble-ribera-del-duero-caja-12-bot\/\" \/>\n<meta property=\"og:locale\" content=\"es_ES\" \/>\n<meta property=\"og:type\" content=\"article\" \/>\n<meta property=\"og:title\" content=\"Roble Ribera del Duero (Caja 12 bot.) - Zuazo Gast\u00f3n\" \/>\n<meta property=\"og:description\" content=\"Caja de 12 botellas VARIEDADES: Tempranillo 100%. CRIANZA: 6 meses en barrica bordelesa de roble franc\u00e9s. VI\u00d1EDO: \u2022 60 has. propias en los municipios de Pe\u00f1afiel, Manzanillo y Olmos de Pe\u00f1afiel, dentro de la D. O. Ribera del Duero. \u2022 Formaci\u00f3n en vaso y espaldera. \u2022 Suelos: Pardos, arcillosos-calc\u00e1reos, de aluvi\u00f3n y calizos. \u2022 Altitud: entre 750 y 920 metros sobre el nivel del mar. \u2022 Clima: Mediterr\u00e1neo-Continental. ELABORACI\u00d3N: \u2022 Vendimia: la recolecci\u00f3n es manual. \u2022 Vinificaci\u00f3n: fermentaci\u00f3n en dep\u00f3sitos de acero inoxidable a temperatura controlada. Maceraci\u00f3n con el hollejo, prensado lento sin removidos. CATA: a la vista presenta un color rojo cereza, limpia, con ribetes viol\u00e1ceos. En nariz es intenso, asoman frutos rojos del bosque y vainilla propia de una madera bien integrada. En boca es un vino redondo, de taninos maduros con expresi\u00f3n de los aromas que se aprecian en la fase olfativa incrementados con matices bals\u00e1micos. Muy sedoso. TEMPERATURA DE CONSUMO: 14\u00ba-16\u00baC. CONSERVANTES: Contiene sulfitos.  Descargar ficha de cata \/ Descargar imagen Caja de 12 botellas\" \/>\n<meta property=\"og:url\" content=\"http:\/\/www.zuazogaston.com\/web\/producto\/teofilo-reyes\/roble-ribera-del-duero-caja-12-bot\/\" \/>\n<meta property=\"og:site_name\" content=\"Zuazo Gast\u00f3n\" \/>\n<meta property=\"article:publisher\" content=\"http:\/\/www.facebook.com\/BodegasZuazoGaston\" \/>\n<meta property=\"article:modified_time\" content=\"2025-05-04T09:50:51+00:00\" \/>\n<meta property=\"og:image\" content=\"http:\/\/www.zuazogaston.com\/web\/wp-content\/uploads\/2021\/02\/tamiz_2024-1.jpg\" \/>\n\t<meta property=\"og:image:width\" content=\"510\" \/>\n\t<meta property=\"og:image:height\" content=\"651\" \/>\n\t<meta property=\"og:image:type\" content=\"image\/jpeg\" \/>\n<meta name=\"twitter:card\" content=\"summary_large_image\" \/>\n<meta name=\"twitter:site\" content=\"@ZuazoGaston\" \/>\n<script type=\"application\/ld+json\" class=\"yoast-schema-graph\">{\"@context\":\"https:\/\/schema.org\",\"@graph\":[{\"@type\":\"WebPage\",\"@id\":\"http:\/\/www.zuazogaston.com\/web\/producto\/teofilo-reyes\/roble-ribera-del-duero-caja-12-bot\/\",\"url\":\"http:\/\/www.zuazogaston.com\/web\/producto\/teofilo-reyes\/roble-ribera-del-duero-caja-12-bot\/\",\"name\":\"Roble Ribera del Duero (Caja 12 bot.) - Zuazo Gast\u00f3n\",\"isPartOf\":{\"@id\":\"https:\/\/www.zuazogaston.com\/web\/#website\"},\"primaryImageOfPage\":{\"@id\":\"http:\/\/www.zuazogaston.com\/web\/producto\/teofilo-reyes\/roble-ribera-del-duero-caja-12-bot\/#primaryimage\"},\"image\":{\"@id\":\"http:\/\/www.zuazogaston.com\/web\/producto\/teofilo-reyes\/roble-ribera-del-duero-caja-12-bot\/#primaryimage\"},\"thumbnailUrl\":\"https:\/\/www.zuazogaston.com\/web\/wp-content\/uploads\/2021\/02\/tamiz_2024-1.jpg\",\"datePublished\":\"2015-03-30T18:07:05+00:00\",\"dateModified\":\"2025-05-04T09:50:51+00:00\",\"breadcrumb\":{\"@id\":\"http:\/\/www.zuazogaston.com\/web\/producto\/teofilo-reyes\/roble-ribera-del-duero-caja-12-bot\/#breadcrumb\"},\"inLanguage\":\"es\",\"potentialAction\":[{\"@type\":\"ReadAction\",\"target\":[\"http:\/\/www.zuazogaston.com\/web\/producto\/teofilo-reyes\/roble-ribera-del-duero-caja-12-bot\/\"]}]},{\"@type\":\"ImageObject\",\"inLanguage\":\"es\",\"@id\":\"http:\/\/www.zuazogaston.com\/web\/producto\/teofilo-reyes\/roble-ribera-del-duero-caja-12-bot\/#primaryimage\",\"url\":\"https:\/\/www.zuazogaston.com\/web\/wp-content\/uploads\/2021\/02\/tamiz_2024-1.jpg\",\"contentUrl\":\"https:\/\/www.zuazogaston.com\/web\/wp-content\/uploads\/2021\/02\/tamiz_2024-1.jpg\",\"width\":510,\"height\":651},{\"@type\":\"BreadcrumbList\",\"@id\":\"http:\/\/www.zuazogaston.com\/web\/producto\/teofilo-reyes\/roble-ribera-del-duero-caja-12-bot\/#breadcrumb\",\"itemListElement\":[{\"@type\":\"ListItem\",\"position\":1,\"name\":\"Inicio\",\"item\":\"https:\/\/www.zuazogaston.com\/web\/\"},{\"@type\":\"ListItem\",\"position\":2,\"name\":\"Tienda\",\"item\":\"https:\/\/www.zuazogaston.com\/web\/producto-2\/\"},{\"@type\":\"ListItem\",\"position\":3,\"name\":\"Te\u00f3filo Reyes\",\"item\":\"https:\/\/www.zuazogaston.com\/web\/categoria-producto\/teofilo-reyes\/\"},{\"@type\":\"ListItem\",\"position\":4,\"name\":\"Roble Ribera del Duero (Caja 12 bot.)\"}]},{\"@type\":\"WebSite\",\"@id\":\"https:\/\/www.zuazogaston.com\/web\/#website\",\"url\":\"https:\/\/www.zuazogaston.com\/web\/\",\"name\":\"Zuazo Gast\u00f3n\",\"description\":\"Bodegas y Vi\u00f1edos\",\"potentialAction\":[{\"@type\":\"SearchAction\",\"target\":{\"@type\":\"EntryPoint\",\"urlTemplate\":\"https:\/\/www.zuazogaston.com\/web\/?s={search_term_string}\"},\"query-input\":{\"@type\":\"PropertyValueSpecification\",\"valueRequired\":true,\"valueName\":\"search_term_string\"}}],\"inLanguage\":\"es\"}]}<\/script>\n<!-- \/ Yoast SEO plugin. -->","yoast_head_json":{"title":"Roble Ribera del Duero (Caja 12 bot.) - Zuazo Gast\u00f3n","robots":{"index":"index","follow":"follow","max-snippet":"max-snippet:-1","max-image-preview":"max-image-preview:large","max-video-preview":"max-video-preview:-1"},"canonical":"http:\/\/www.zuazogaston.com\/web\/producto\/teofilo-reyes\/roble-ribera-del-duero-caja-12-bot\/","og_locale":"es_ES","og_type":"article","og_title":"Roble Ribera del Duero (Caja 12 bot.) - Zuazo Gast\u00f3n","og_description":"Caja de 12 botellas VARIEDADES: Tempranillo 100%. CRIANZA: 6 meses en barrica bordelesa de roble franc\u00e9s. VI\u00d1EDO: \u2022 60 has. propias en los municipios de Pe\u00f1afiel, Manzanillo y Olmos de Pe\u00f1afiel, dentro de la D. O. Ribera del Duero. \u2022 Formaci\u00f3n en vaso y espaldera. \u2022 Suelos: Pardos, arcillosos-calc\u00e1reos, de aluvi\u00f3n y calizos. \u2022 Altitud: entre 750 y 920 metros sobre el nivel del mar. \u2022 Clima: Mediterr\u00e1neo-Continental. ELABORACI\u00d3N: \u2022 Vendimia: la recolecci\u00f3n es manual. \u2022 Vinificaci\u00f3n: fermentaci\u00f3n en dep\u00f3sitos de acero inoxidable a temperatura controlada. Maceraci\u00f3n con el hollejo, prensado lento sin removidos. CATA: a la vista presenta un color rojo cereza, limpia, con ribetes viol\u00e1ceos. En nariz es intenso, asoman frutos rojos del bosque y vainilla propia de una madera bien integrada. En boca es un vino redondo, de taninos maduros con expresi\u00f3n de los aromas que se aprecian en la fase olfativa incrementados con matices bals\u00e1micos. Muy sedoso. TEMPERATURA DE CONSUMO: 14\u00ba-16\u00baC. CONSERVANTES: Contiene sulfitos.  Descargar ficha de cata \/ Descargar imagen Caja de 12 botellas","og_url":"http:\/\/www.zuazogaston.com\/web\/producto\/teofilo-reyes\/roble-ribera-del-duero-caja-12-bot\/","og_site_name":"Zuazo Gast\u00f3n","article_publisher":"http:\/\/www.facebook.com\/BodegasZuazoGaston","article_modified_time":"2025-05-04T09:50:51+00:00","og_image":[{"width":510,"height":651,"url":"http:\/\/www.zuazogaston.com\/web\/wp-content\/uploads\/2021\/02\/tamiz_2024-1.jpg","type":"image\/jpeg"}],"twitter_card":"summary_large_image","twitter_site":"@ZuazoGaston","schema":{"@context":"https:\/\/schema.org","@graph":[{"@type":"WebPage","@id":"http:\/\/www.zuazogaston.com\/web\/producto\/teofilo-reyes\/roble-ribera-del-duero-caja-12-bot\/","url":"http:\/\/www.zuazogaston.com\/web\/producto\/teofilo-reyes\/roble-ribera-del-duero-caja-12-bot\/","name":"Roble Ribera del Duero (Caja 12 bot.) - Zuazo Gast\u00f3n","isPartOf":{"@id":"https:\/\/www.zuazogaston.com\/web\/#website"},"primaryImageOfPage":{"@id":"http:\/\/www.zuazogaston.com\/web\/producto\/teofilo-reyes\/roble-ribera-del-duero-caja-12-bot\/#primaryimage"},"image":{"@id":"http:\/\/www.zuazogaston.com\/web\/producto\/teofilo-reyes\/roble-ribera-del-duero-caja-12-bot\/#primaryimage"},"thumbnailUrl":"https:\/\/www.zuazogaston.com\/web\/wp-content\/uploads\/2021\/02\/tamiz_2024-1.jpg","datePublished":"2015-03-30T18:07:05+00:00","dateModified":"2025-05-04T09:50:51+00:00","breadcrumb":{"@id":"http:\/\/www.zuazogaston.com\/web\/producto\/teofilo-reyes\/roble-ribera-del-duero-caja-12-bot\/#breadcrumb"},"inLanguage":"es","potentialAction":[{"@type":"ReadAction","target":["http:\/\/www.zuazogaston.com\/web\/producto\/teofilo-reyes\/roble-ribera-del-duero-caja-12-bot\/"]}]},{"@type":"ImageObject","inLanguage":"es","@id":"http:\/\/www.zuazogaston.com\/web\/producto\/teofilo-reyes\/roble-ribera-del-duero-caja-12-bot\/#primaryimage","url":"https:\/\/www.zuazogaston.com\/web\/wp-content\/uploads\/2021\/02\/tamiz_2024-1.jpg","contentUrl":"https:\/\/www.zuazogaston.com\/web\/wp-content\/uploads\/2021\/02\/tamiz_2024-1.jpg","width":510,"height":651},{"@type":"BreadcrumbList","@id":"http:\/\/www.zuazogaston.com\/web\/producto\/teofilo-reyes\/roble-ribera-del-duero-caja-12-bot\/#breadcrumb","itemListElement":[{"@type":"ListItem","position":1,"name":"Inicio","item":"https:\/\/www.zuazogaston.com\/web\/"},{"@type":"ListItem","position":2,"name":"Tienda","item":"https:\/\/www.zuazogaston.com\/web\/producto-2\/"},{"@type":"ListItem","position":3,"name":"Te\u00f3filo Reyes","item":"https:\/\/www.zuazogaston.com\/web\/categoria-producto\/teofilo-reyes\/"},{"@type":"ListItem","position":4,"name":"Roble Ribera del Duero (Caja 12 bot.)"}]},{"@type":"WebSite","@id":"https:\/\/www.zuazogaston.com\/web\/#website","url":"https:\/\/www.zuazogaston.com\/web\/","name":"Zuazo Gast\u00f3n","description":"Bodegas y Vi\u00f1edos","potentialAction":[{"@type":"SearchAction","target":{"@type":"EntryPoint","urlTemplate":"https:\/\/www.zuazogaston.com\/web\/?s={search_term_string}"},"query-input":{"@type":"PropertyValueSpecification","valueRequired":true,"valueName":"search_term_string"}}],"inLanguage":"es"}]}},"_links":{"self":[{"href":"https:\/\/www.zuazogaston.com\/web\/wp-json\/wp\/v2\/product\/5422","targetHints":{"allow":["GET"]}}],"collection":[{"href":"https:\/\/www.zuazogaston.com\/web\/wp-json\/wp\/v2\/product"}],"about":[{"href":"https:\/\/www.zuazogaston.com\/web\/wp-json\/wp\/v2\/types\/product"}],"replies":[{"embeddable":true,"href":"https:\/\/www.zuazogaston.com\/web\/wp-json\/wp\/v2\/comments?post=5422"}],"wp:featuredmedia":[{"embeddable":true,"href":"https:\/\/www.zuazogaston.com\/web\/wp-json\/wp\/v2\/media\/5369"}],"wp:attachment":[{"href":"https:\/\/www.zuazogaston.com\/web\/wp-json\/wp\/v2\/media?parent=5422"}],"wp:term":[{"taxonomy":"product_brand","embeddable":true,"href":"https:\/\/www.zuazogaston.com\/web\/wp-json\/wp\/v2\/product_brand?post=5422"},{"taxonomy":"product_cat","embeddable":true,"href":"https:\/\/www.zuazogaston.com\/web\/wp-json\/wp\/v2\/product_cat?post=5422"},{"taxonomy":"product_tag","embeddable":true,"href":"https:\/\/www.zuazogaston.com\/web\/wp-json\/wp\/v2\/product_tag?post=5422"}],"curies":[{"name":"wp","href":"https:\/\/api.w.org\/{rel}","templated":true}]}}