{"id":5421,"date":"2015-03-30T20:01:01","date_gmt":"2015-03-30T19:01:01","guid":{"rendered":"https:\/\/www.zuazogaston.com\/web\/?post_type=product&#038;p=5421"},"modified":"2025-03-22T13:20:30","modified_gmt":"2025-03-22T12:20:30","slug":"reserva-ribera-del-duero","status":"publish","type":"product","link":"https:\/\/www.zuazogaston.com\/web\/producto\/teofilo-reyes\/reserva-ribera-del-duero\/","title":{"rendered":"Reserva Ribera del Duero"},"content":{"rendered":"","protected":false},"excerpt":{"rendered":"<h2><span style=\"color: #734b00;\">1 botella<\/span><\/h2>\n<h3>A\u00d1ADA 2019<\/h3>\n<p>VARIEDADES: Tempranillo 100%.<br \/>\nCRIANZA: 29-32 meses en barrica bordelesa de roble franc\u00e9s nueva.<br \/>\nVI\u00d1EDO:<br \/>\n\u2022 Fincas de 2 Has. en los municipios de Pe\u00f1afiel y Pesquera de Duero, coraz\u00f3n de la D. O. Ribera del Duero.<br \/>\n\u2022 Vi\u00f1a vieja con formaci\u00f3n en vaso.<br \/>\n\u2022 Suelos: arcilloso-calc\u00e1reos, muy calizos.<br \/>\n\u2022 Altitud: en torno a los 820 metros sobre el nivel del mar.<br \/>\n\u2022 Clima: Mediterr\u00e1neo-Continental.<br \/>\nELABORACI\u00d3N:<br \/>\n\u2022 Vendimia: manual en cajas.<br \/>\n\u2022 Vinificaci\u00f3n: integral en barrica de madera.<br \/>\nCATA: A la vista es limpio, de color cereza granate. En nariz aparecen aromas a fruta madura, minerales, bals\u00e1micos, que aumentan en intensidad al mover la copa. En boca posee buena estructura, con taninos redondeados. Aparecen torrefactos y tostados; cacao, especias (vainilla, clavo).<br \/>\nTEMPERATURA DE CONSUMO: 14\u00ba-16\u00ba C.<br \/>\nCONSERVANTES: Contiene sulfitos.<\/p>\n<p><a href=\"http:\/\/www.zuazogaston.com\/public_html\/web\/PDF\/teofilo_reserva.pdf\">Descargar ficha en PDF<\/a> \/ <a href=\"http:\/\/www.zuazogaston.com\/public_html\/web\/PDF\/teofilo_reserva.jpg\">Descargar imagen<\/a><\/p>\n<h2><span style=\"color: #734b00;\">1 botella<\/span><\/h2>\n","protected":false},"featured_media":4881,"comment_status":"open","ping_status":"closed","template":"","meta":[],"product_brand":[],"product_cat":[236],"product_tag":[119,74,105,115,104],"class_list":{"0":"post-5421","1":"product","2":"type-product","3":"status-publish","4":"has-post-thumbnail","6":"product_cat-teofilo-reyes","7":"product_tag-reserva","8":"product_tag-ribera","9":"product_tag-tempranillo","10":"product_tag-teofilo-reyes","11":"product_tag-tinto","13":"first","14":"instock","15":"shipping-taxable","16":"purchasable","17":"product-type-simple"},"yoast_head":"<!-- This site is optimized with the Yoast SEO plugin v26.4 - https:\/\/yoast.com\/wordpress\/plugins\/seo\/ -->\n<title>Reserva Ribera del Duero - Zuazo Gast\u00f3n<\/title>\n<meta name=\"robots\" content=\"index, follow, max-snippet:-1, max-image-preview:large, max-video-preview:-1\" \/>\n<link rel=\"canonical\" href=\"https:\/\/www.zuazogaston.com\/web\/producto\/teofilo-reyes\/reserva-ribera-del-duero\/\" \/>\n<meta property=\"og:locale\" content=\"es_ES\" \/>\n<meta property=\"og:type\" content=\"article\" \/>\n<meta property=\"og:title\" content=\"Reserva Ribera del Duero - Zuazo Gast\u00f3n\" \/>\n<meta property=\"og:description\" content=\"1 botella A\u00d1ADA 2019 VARIEDADES: Tempranillo 100%. CRIANZA: 29-32 meses en barrica bordelesa de roble franc\u00e9s nueva. VI\u00d1EDO: \u2022 Fincas de 2 Has. en los municipios de Pe\u00f1afiel y Pesquera de Duero, coraz\u00f3n de la D. O. Ribera del Duero. \u2022 Vi\u00f1a vieja con formaci\u00f3n en vaso. \u2022 Suelos: arcilloso-calc\u00e1reos, muy calizos. \u2022 Altitud: en torno a los 820 metros sobre el nivel del mar. \u2022 Clima: Mediterr\u00e1neo-Continental. ELABORACI\u00d3N: \u2022 Vendimia: manual en cajas. \u2022 Vinificaci\u00f3n: integral en barrica de madera. CATA: A la vista es limpio, de color cereza granate. En nariz aparecen aromas a fruta madura, minerales, bals\u00e1micos, que aumentan en intensidad al mover la copa. En boca posee buena estructura, con taninos redondeados. Aparecen torrefactos y tostados; cacao, especias (vainilla, clavo). TEMPERATURA DE CONSUMO: 14\u00ba-16\u00ba C. CONSERVANTES: Contiene sulfitos.  Descargar ficha en PDF \/ Descargar imagen 1 botella\" \/>\n<meta property=\"og:url\" content=\"https:\/\/www.zuazogaston.com\/web\/producto\/teofilo-reyes\/reserva-ribera-del-duero\/\" \/>\n<meta property=\"og:site_name\" content=\"Zuazo Gast\u00f3n\" \/>\n<meta property=\"article:publisher\" content=\"http:\/\/www.facebook.com\/BodegasZuazoGaston\" \/>\n<meta property=\"article:modified_time\" content=\"2025-03-22T12:20:30+00:00\" \/>\n<meta property=\"og:image\" content=\"https:\/\/www.zuazogaston.com\/web\/wp-content\/uploads\/2021\/01\/teofilo_reyes_reserva.jpg\" \/>\n\t<meta property=\"og:image:width\" content=\"510\" \/>\n\t<meta property=\"og:image:height\" content=\"651\" \/>\n\t<meta property=\"og:image:type\" content=\"image\/jpeg\" \/>\n<meta name=\"twitter:card\" content=\"summary_large_image\" \/>\n<meta name=\"twitter:site\" content=\"@ZuazoGaston\" \/>\n<script type=\"application\/ld+json\" class=\"yoast-schema-graph\">{\"@context\":\"https:\/\/schema.org\",\"@graph\":[{\"@type\":\"WebPage\",\"@id\":\"https:\/\/www.zuazogaston.com\/web\/producto\/teofilo-reyes\/reserva-ribera-del-duero\/\",\"url\":\"https:\/\/www.zuazogaston.com\/web\/producto\/teofilo-reyes\/reserva-ribera-del-duero\/\",\"name\":\"Reserva Ribera del Duero - Zuazo Gast\u00f3n\",\"isPartOf\":{\"@id\":\"https:\/\/www.zuazogaston.com\/web\/#website\"},\"primaryImageOfPage\":{\"@id\":\"https:\/\/www.zuazogaston.com\/web\/producto\/teofilo-reyes\/reserva-ribera-del-duero\/#primaryimage\"},\"image\":{\"@id\":\"https:\/\/www.zuazogaston.com\/web\/producto\/teofilo-reyes\/reserva-ribera-del-duero\/#primaryimage\"},\"thumbnailUrl\":\"https:\/\/www.zuazogaston.com\/web\/wp-content\/uploads\/2021\/01\/teofilo_reyes_reserva.jpg\",\"datePublished\":\"2015-03-30T19:01:01+00:00\",\"dateModified\":\"2025-03-22T12:20:30+00:00\",\"breadcrumb\":{\"@id\":\"https:\/\/www.zuazogaston.com\/web\/producto\/teofilo-reyes\/reserva-ribera-del-duero\/#breadcrumb\"},\"inLanguage\":\"es\",\"potentialAction\":[{\"@type\":\"ReadAction\",\"target\":[\"https:\/\/www.zuazogaston.com\/web\/producto\/teofilo-reyes\/reserva-ribera-del-duero\/\"]}]},{\"@type\":\"ImageObject\",\"inLanguage\":\"es\",\"@id\":\"https:\/\/www.zuazogaston.com\/web\/producto\/teofilo-reyes\/reserva-ribera-del-duero\/#primaryimage\",\"url\":\"https:\/\/www.zuazogaston.com\/web\/wp-content\/uploads\/2021\/01\/teofilo_reyes_reserva.jpg\",\"contentUrl\":\"https:\/\/www.zuazogaston.com\/web\/wp-content\/uploads\/2021\/01\/teofilo_reyes_reserva.jpg\",\"width\":510,\"height\":651},{\"@type\":\"BreadcrumbList\",\"@id\":\"https:\/\/www.zuazogaston.com\/web\/producto\/teofilo-reyes\/reserva-ribera-del-duero\/#breadcrumb\",\"itemListElement\":[{\"@type\":\"ListItem\",\"position\":1,\"name\":\"Inicio\",\"item\":\"https:\/\/www.zuazogaston.com\/web\/\"},{\"@type\":\"ListItem\",\"position\":2,\"name\":\"Tienda\",\"item\":\"https:\/\/www.zuazogaston.com\/web\/producto-2\/\"},{\"@type\":\"ListItem\",\"position\":3,\"name\":\"Te\u00f3filo Reyes\",\"item\":\"https:\/\/www.zuazogaston.com\/web\/categoria-producto\/teofilo-reyes\/\"},{\"@type\":\"ListItem\",\"position\":4,\"name\":\"Reserva Ribera del Duero\"}]},{\"@type\":\"WebSite\",\"@id\":\"https:\/\/www.zuazogaston.com\/web\/#website\",\"url\":\"https:\/\/www.zuazogaston.com\/web\/\",\"name\":\"Zuazo Gast\u00f3n\",\"description\":\"Bodegas y Vi\u00f1edos\",\"potentialAction\":[{\"@type\":\"SearchAction\",\"target\":{\"@type\":\"EntryPoint\",\"urlTemplate\":\"https:\/\/www.zuazogaston.com\/web\/?s={search_term_string}\"},\"query-input\":{\"@type\":\"PropertyValueSpecification\",\"valueRequired\":true,\"valueName\":\"search_term_string\"}}],\"inLanguage\":\"es\"}]}<\/script>\n<!-- \/ Yoast SEO plugin. -->","yoast_head_json":{"title":"Reserva Ribera del Duero - Zuazo Gast\u00f3n","robots":{"index":"index","follow":"follow","max-snippet":"max-snippet:-1","max-image-preview":"max-image-preview:large","max-video-preview":"max-video-preview:-1"},"canonical":"https:\/\/www.zuazogaston.com\/web\/producto\/teofilo-reyes\/reserva-ribera-del-duero\/","og_locale":"es_ES","og_type":"article","og_title":"Reserva Ribera del Duero - Zuazo Gast\u00f3n","og_description":"1 botella A\u00d1ADA 2019 VARIEDADES: Tempranillo 100%. CRIANZA: 29-32 meses en barrica bordelesa de roble franc\u00e9s nueva. VI\u00d1EDO: \u2022 Fincas de 2 Has. en los municipios de Pe\u00f1afiel y Pesquera de Duero, coraz\u00f3n de la D. O. Ribera del Duero. \u2022 Vi\u00f1a vieja con formaci\u00f3n en vaso. \u2022 Suelos: arcilloso-calc\u00e1reos, muy calizos. \u2022 Altitud: en torno a los 820 metros sobre el nivel del mar. \u2022 Clima: Mediterr\u00e1neo-Continental. ELABORACI\u00d3N: \u2022 Vendimia: manual en cajas. \u2022 Vinificaci\u00f3n: integral en barrica de madera. CATA: A la vista es limpio, de color cereza granate. En nariz aparecen aromas a fruta madura, minerales, bals\u00e1micos, que aumentan en intensidad al mover la copa. En boca posee buena estructura, con taninos redondeados. Aparecen torrefactos y tostados; cacao, especias (vainilla, clavo). TEMPERATURA DE CONSUMO: 14\u00ba-16\u00ba C. CONSERVANTES: Contiene sulfitos.  Descargar ficha en PDF \/ Descargar imagen 1 botella","og_url":"https:\/\/www.zuazogaston.com\/web\/producto\/teofilo-reyes\/reserva-ribera-del-duero\/","og_site_name":"Zuazo Gast\u00f3n","article_publisher":"http:\/\/www.facebook.com\/BodegasZuazoGaston","article_modified_time":"2025-03-22T12:20:30+00:00","og_image":[{"width":510,"height":651,"url":"https:\/\/www.zuazogaston.com\/web\/wp-content\/uploads\/2021\/01\/teofilo_reyes_reserva.jpg","type":"image\/jpeg"}],"twitter_card":"summary_large_image","twitter_site":"@ZuazoGaston","schema":{"@context":"https:\/\/schema.org","@graph":[{"@type":"WebPage","@id":"https:\/\/www.zuazogaston.com\/web\/producto\/teofilo-reyes\/reserva-ribera-del-duero\/","url":"https:\/\/www.zuazogaston.com\/web\/producto\/teofilo-reyes\/reserva-ribera-del-duero\/","name":"Reserva Ribera del Duero - Zuazo Gast\u00f3n","isPartOf":{"@id":"https:\/\/www.zuazogaston.com\/web\/#website"},"primaryImageOfPage":{"@id":"https:\/\/www.zuazogaston.com\/web\/producto\/teofilo-reyes\/reserva-ribera-del-duero\/#primaryimage"},"image":{"@id":"https:\/\/www.zuazogaston.com\/web\/producto\/teofilo-reyes\/reserva-ribera-del-duero\/#primaryimage"},"thumbnailUrl":"https:\/\/www.zuazogaston.com\/web\/wp-content\/uploads\/2021\/01\/teofilo_reyes_reserva.jpg","datePublished":"2015-03-30T19:01:01+00:00","dateModified":"2025-03-22T12:20:30+00:00","breadcrumb":{"@id":"https:\/\/www.zuazogaston.com\/web\/producto\/teofilo-reyes\/reserva-ribera-del-duero\/#breadcrumb"},"inLanguage":"es","potentialAction":[{"@type":"ReadAction","target":["https:\/\/www.zuazogaston.com\/web\/producto\/teofilo-reyes\/reserva-ribera-del-duero\/"]}]},{"@type":"ImageObject","inLanguage":"es","@id":"https:\/\/www.zuazogaston.com\/web\/producto\/teofilo-reyes\/reserva-ribera-del-duero\/#primaryimage","url":"https:\/\/www.zuazogaston.com\/web\/wp-content\/uploads\/2021\/01\/teofilo_reyes_reserva.jpg","contentUrl":"https:\/\/www.zuazogaston.com\/web\/wp-content\/uploads\/2021\/01\/teofilo_reyes_reserva.jpg","width":510,"height":651},{"@type":"BreadcrumbList","@id":"https:\/\/www.zuazogaston.com\/web\/producto\/teofilo-reyes\/reserva-ribera-del-duero\/#breadcrumb","itemListElement":[{"@type":"ListItem","position":1,"name":"Inicio","item":"https:\/\/www.zuazogaston.com\/web\/"},{"@type":"ListItem","position":2,"name":"Tienda","item":"https:\/\/www.zuazogaston.com\/web\/producto-2\/"},{"@type":"ListItem","position":3,"name":"Te\u00f3filo Reyes","item":"https:\/\/www.zuazogaston.com\/web\/categoria-producto\/teofilo-reyes\/"},{"@type":"ListItem","position":4,"name":"Reserva Ribera del Duero"}]},{"@type":"WebSite","@id":"https:\/\/www.zuazogaston.com\/web\/#website","url":"https:\/\/www.zuazogaston.com\/web\/","name":"Zuazo Gast\u00f3n","description":"Bodegas y Vi\u00f1edos","potentialAction":[{"@type":"SearchAction","target":{"@type":"EntryPoint","urlTemplate":"https:\/\/www.zuazogaston.com\/web\/?s={search_term_string}"},"query-input":{"@type":"PropertyValueSpecification","valueRequired":true,"valueName":"search_term_string"}}],"inLanguage":"es"}]}},"_links":{"self":[{"href":"https:\/\/www.zuazogaston.com\/web\/wp-json\/wp\/v2\/product\/5421","targetHints":{"allow":["GET"]}}],"collection":[{"href":"https:\/\/www.zuazogaston.com\/web\/wp-json\/wp\/v2\/product"}],"about":[{"href":"https:\/\/www.zuazogaston.com\/web\/wp-json\/wp\/v2\/types\/product"}],"replies":[{"embeddable":true,"href":"https:\/\/www.zuazogaston.com\/web\/wp-json\/wp\/v2\/comments?post=5421"}],"wp:featuredmedia":[{"embeddable":true,"href":"https:\/\/www.zuazogaston.com\/web\/wp-json\/wp\/v2\/media\/4881"}],"wp:attachment":[{"href":"https:\/\/www.zuazogaston.com\/web\/wp-json\/wp\/v2\/media?parent=5421"}],"wp:term":[{"taxonomy":"product_brand","embeddable":true,"href":"https:\/\/www.zuazogaston.com\/web\/wp-json\/wp\/v2\/product_brand?post=5421"},{"taxonomy":"product_cat","embeddable":true,"href":"https:\/\/www.zuazogaston.com\/web\/wp-json\/wp\/v2\/product_cat?post=5421"},{"taxonomy":"product_tag","embeddable":true,"href":"https:\/\/www.zuazogaston.com\/web\/wp-json\/wp\/v2\/product_tag?post=5421"}],"curies":[{"name":"wp","href":"https:\/\/api.w.org\/{rel}","templated":true}]}}