{"id":5420,"date":"2015-03-30T20:00:02","date_gmt":"2015-03-30T19:00:02","guid":{"rendered":"https:\/\/www.zuazogaston.com\/web\/?post_type=product&#038;p=5420"},"modified":"2025-10-19T07:37:00","modified_gmt":"2025-10-19T06:37:00","slug":"ribera-del-duero-15-meses-barrica-caja-6-b","status":"publish","type":"product","link":"https:\/\/www.zuazogaston.com\/web\/producto\/teofilo-reyes\/ribera-del-duero-15-meses-barrica-caja-6-b\/","title":{"rendered":"Ribera del Duero 15 meses barrica (Caja 6 b.)"},"content":{"rendered":"","protected":false},"excerpt":{"rendered":"<h2><span style=\"color: #945104;\">Edici\u00f3n Limitada<\/span><br \/>\n<span style=\"color: #945104;\">Caja de 6 botellas<\/span><\/h2>\n<p>VARIEDADES: Tempranillo 100%.<br \/>\nCRIANZA: 15 meses en barrica bordelesa de roble franc\u00e9s.<br \/>\nVI\u00d1EDO:<br \/>\n\u2022 60 has. propias en los municipios de Pe\u00f1afiel, Manzanillo y Olmos de Pe\u00f1afiel, dentro de la D.O. Ribera del Duero.<br \/>\n\u2022 Formaci\u00f3n en vaso y espaldera.<br \/>\n\u2022 Suelos: Pardos, arcilloso-calc\u00e1reos, de aluvi\u00f3n y calizos.<br \/>\n\u2022 Altitud: entre 750 y 920 metros sobre el nivel del mar.<br \/>\n\u2022 Clima: Mediterr\u00e1neo-Continental.<br \/>\nELABORACI\u00d3N:<br \/>\n\u2022 Vendimia: la recolecci\u00f3n es manual.<br \/>\n\u2022 Vinificaci\u00f3n: fermentaci\u00f3n en dep\u00f3sitos de acero inoxidable a temperatura controlada. Maceraci\u00f3n con el hollejo, prensado lento sin removidos.<br \/>\nCATA: a la vista es limpio, de color cereza con borde granate. En nariz aparecen notas de fruta madura, caramelo y tostados. En boca es sedoso, con recuerdos de minerales, confitura y bals\u00e1micos bien ensamblados.<br \/>\nTEMPERATURA DE CONSUMO: 14\u00ba-16\u00ba C.<br \/>\nCONSERVANTES: Contiene sulfitos.<\/p>\n<p><a href=\"http:\/\/www.zuazogaston.com\/public_html\/web\/PDF\/teofilo_crianza.pdf\">Descargar ficha en PDF<\/a> \/ <a href=\"http:\/\/www.zuazogaston.com\/public_html\/web\/PDF\/teofilo_crianza.jpg\">Descargar imagen<\/a><\/p>\n<h2><span style=\"color: #945104;\">Caja de 6 botellas<\/span><\/h2>\n","protected":false},"featured_media":4883,"comment_status":"open","ping_status":"closed","template":"","meta":[],"product_brand":[],"product_cat":[236],"product_tag":[73,74,105,115,104],"class_list":{"0":"post-5420","1":"product","2":"type-product","3":"status-publish","4":"has-post-thumbnail","6":"product_cat-teofilo-reyes","7":"product_tag-crianza","8":"product_tag-ribera","9":"product_tag-tempranillo","10":"product_tag-teofilo-reyes","11":"product_tag-tinto","13":"first","14":"instock","15":"shipping-taxable","16":"purchasable","17":"product-type-simple"},"yoast_head":"<!-- This site is optimized with the Yoast SEO plugin v26.4 - https:\/\/yoast.com\/wordpress\/plugins\/seo\/ -->\n<title>Ribera del Duero 15 meses barrica (Caja 6 b.) - Zuazo Gast\u00f3n<\/title>\n<meta name=\"robots\" content=\"index, follow, max-snippet:-1, max-image-preview:large, max-video-preview:-1\" \/>\n<link rel=\"canonical\" href=\"https:\/\/www.zuazogaston.com\/web\/producto\/teofilo-reyes\/ribera-del-duero-15-meses-barrica-caja-6-b\/\" \/>\n<meta property=\"og:locale\" content=\"es_ES\" \/>\n<meta property=\"og:type\" content=\"article\" \/>\n<meta property=\"og:title\" content=\"Ribera del Duero 15 meses barrica (Caja 6 b.) - Zuazo Gast\u00f3n\" \/>\n<meta property=\"og:description\" content=\"Edici\u00f3n Limitada Caja de 6 botellas VARIEDADES: Tempranillo 100%. CRIANZA: 15 meses en barrica bordelesa de roble franc\u00e9s. VI\u00d1EDO: \u2022 60 has. propias en los municipios de Pe\u00f1afiel, Manzanillo y Olmos de Pe\u00f1afiel, dentro de la D.O. Ribera del Duero. \u2022 Formaci\u00f3n en vaso y espaldera. \u2022 Suelos: Pardos, arcilloso-calc\u00e1reos, de aluvi\u00f3n y calizos. \u2022 Altitud: entre 750 y 920 metros sobre el nivel del mar. \u2022 Clima: Mediterr\u00e1neo-Continental. ELABORACI\u00d3N: \u2022 Vendimia: la recolecci\u00f3n es manual. \u2022 Vinificaci\u00f3n: fermentaci\u00f3n en dep\u00f3sitos de acero inoxidable a temperatura controlada. Maceraci\u00f3n con el hollejo, prensado lento sin removidos. CATA: a la vista es limpio, de color cereza con borde granate. En nariz aparecen notas de fruta madura, caramelo y tostados. En boca es sedoso, con recuerdos de minerales, confitura y bals\u00e1micos bien ensamblados. TEMPERATURA DE CONSUMO: 14\u00ba-16\u00ba C. CONSERVANTES: Contiene sulfitos.  Descargar ficha en PDF \/ Descargar imagen Caja de 6 botellas\" \/>\n<meta property=\"og:url\" content=\"https:\/\/www.zuazogaston.com\/web\/producto\/teofilo-reyes\/ribera-del-duero-15-meses-barrica-caja-6-b\/\" \/>\n<meta property=\"og:site_name\" content=\"Zuazo Gast\u00f3n\" \/>\n<meta property=\"article:publisher\" content=\"http:\/\/www.facebook.com\/BodegasZuazoGaston\" \/>\n<meta property=\"article:modified_time\" content=\"2025-10-19T06:37:00+00:00\" \/>\n<meta property=\"og:image\" content=\"https:\/\/www.zuazogaston.com\/web\/wp-content\/uploads\/2015\/03\/teofilo_reyes_crianza-20.jpg\" \/>\n\t<meta property=\"og:image:width\" content=\"510\" \/>\n\t<meta property=\"og:image:height\" content=\"651\" \/>\n\t<meta property=\"og:image:type\" content=\"image\/jpeg\" \/>\n<meta name=\"twitter:card\" content=\"summary_large_image\" \/>\n<meta name=\"twitter:site\" content=\"@ZuazoGaston\" \/>\n<script type=\"application\/ld+json\" class=\"yoast-schema-graph\">{\"@context\":\"https:\/\/schema.org\",\"@graph\":[{\"@type\":\"WebPage\",\"@id\":\"https:\/\/www.zuazogaston.com\/web\/producto\/teofilo-reyes\/ribera-del-duero-15-meses-barrica-caja-6-b\/\",\"url\":\"https:\/\/www.zuazogaston.com\/web\/producto\/teofilo-reyes\/ribera-del-duero-15-meses-barrica-caja-6-b\/\",\"name\":\"Ribera del Duero 15 meses barrica (Caja 6 b.) - Zuazo Gast\u00f3n\",\"isPartOf\":{\"@id\":\"https:\/\/www.zuazogaston.com\/web\/#website\"},\"primaryImageOfPage\":{\"@id\":\"https:\/\/www.zuazogaston.com\/web\/producto\/teofilo-reyes\/ribera-del-duero-15-meses-barrica-caja-6-b\/#primaryimage\"},\"image\":{\"@id\":\"https:\/\/www.zuazogaston.com\/web\/producto\/teofilo-reyes\/ribera-del-duero-15-meses-barrica-caja-6-b\/#primaryimage\"},\"thumbnailUrl\":\"https:\/\/www.zuazogaston.com\/web\/wp-content\/uploads\/2015\/03\/teofilo_reyes_crianza-20.jpg\",\"datePublished\":\"2015-03-30T19:00:02+00:00\",\"dateModified\":\"2025-10-19T06:37:00+00:00\",\"breadcrumb\":{\"@id\":\"https:\/\/www.zuazogaston.com\/web\/producto\/teofilo-reyes\/ribera-del-duero-15-meses-barrica-caja-6-b\/#breadcrumb\"},\"inLanguage\":\"es\",\"potentialAction\":[{\"@type\":\"ReadAction\",\"target\":[\"https:\/\/www.zuazogaston.com\/web\/producto\/teofilo-reyes\/ribera-del-duero-15-meses-barrica-caja-6-b\/\"]}]},{\"@type\":\"ImageObject\",\"inLanguage\":\"es\",\"@id\":\"https:\/\/www.zuazogaston.com\/web\/producto\/teofilo-reyes\/ribera-del-duero-15-meses-barrica-caja-6-b\/#primaryimage\",\"url\":\"https:\/\/www.zuazogaston.com\/web\/wp-content\/uploads\/2015\/03\/teofilo_reyes_crianza-20.jpg\",\"contentUrl\":\"https:\/\/www.zuazogaston.com\/web\/wp-content\/uploads\/2015\/03\/teofilo_reyes_crianza-20.jpg\",\"width\":510,\"height\":651},{\"@type\":\"BreadcrumbList\",\"@id\":\"https:\/\/www.zuazogaston.com\/web\/producto\/teofilo-reyes\/ribera-del-duero-15-meses-barrica-caja-6-b\/#breadcrumb\",\"itemListElement\":[{\"@type\":\"ListItem\",\"position\":1,\"name\":\"Inicio\",\"item\":\"https:\/\/www.zuazogaston.com\/web\/\"},{\"@type\":\"ListItem\",\"position\":2,\"name\":\"Tienda\",\"item\":\"https:\/\/www.zuazogaston.com\/web\/producto-2\/\"},{\"@type\":\"ListItem\",\"position\":3,\"name\":\"Te\u00f3filo Reyes\",\"item\":\"https:\/\/www.zuazogaston.com\/web\/categoria-producto\/teofilo-reyes\/\"},{\"@type\":\"ListItem\",\"position\":4,\"name\":\"Ribera del Duero 15 meses barrica (Caja 6 b.)\"}]},{\"@type\":\"WebSite\",\"@id\":\"https:\/\/www.zuazogaston.com\/web\/#website\",\"url\":\"https:\/\/www.zuazogaston.com\/web\/\",\"name\":\"Zuazo Gast\u00f3n\",\"description\":\"Bodegas y Vi\u00f1edos\",\"potentialAction\":[{\"@type\":\"SearchAction\",\"target\":{\"@type\":\"EntryPoint\",\"urlTemplate\":\"https:\/\/www.zuazogaston.com\/web\/?s={search_term_string}\"},\"query-input\":{\"@type\":\"PropertyValueSpecification\",\"valueRequired\":true,\"valueName\":\"search_term_string\"}}],\"inLanguage\":\"es\"}]}<\/script>\n<!-- \/ Yoast SEO plugin. -->","yoast_head_json":{"title":"Ribera del Duero 15 meses barrica (Caja 6 b.) - Zuazo Gast\u00f3n","robots":{"index":"index","follow":"follow","max-snippet":"max-snippet:-1","max-image-preview":"max-image-preview:large","max-video-preview":"max-video-preview:-1"},"canonical":"https:\/\/www.zuazogaston.com\/web\/producto\/teofilo-reyes\/ribera-del-duero-15-meses-barrica-caja-6-b\/","og_locale":"es_ES","og_type":"article","og_title":"Ribera del Duero 15 meses barrica (Caja 6 b.) - Zuazo Gast\u00f3n","og_description":"Edici\u00f3n Limitada Caja de 6 botellas VARIEDADES: Tempranillo 100%. CRIANZA: 15 meses en barrica bordelesa de roble franc\u00e9s. VI\u00d1EDO: \u2022 60 has. propias en los municipios de Pe\u00f1afiel, Manzanillo y Olmos de Pe\u00f1afiel, dentro de la D.O. Ribera del Duero. \u2022 Formaci\u00f3n en vaso y espaldera. \u2022 Suelos: Pardos, arcilloso-calc\u00e1reos, de aluvi\u00f3n y calizos. \u2022 Altitud: entre 750 y 920 metros sobre el nivel del mar. \u2022 Clima: Mediterr\u00e1neo-Continental. ELABORACI\u00d3N: \u2022 Vendimia: la recolecci\u00f3n es manual. \u2022 Vinificaci\u00f3n: fermentaci\u00f3n en dep\u00f3sitos de acero inoxidable a temperatura controlada. Maceraci\u00f3n con el hollejo, prensado lento sin removidos. CATA: a la vista es limpio, de color cereza con borde granate. En nariz aparecen notas de fruta madura, caramelo y tostados. En boca es sedoso, con recuerdos de minerales, confitura y bals\u00e1micos bien ensamblados. TEMPERATURA DE CONSUMO: 14\u00ba-16\u00ba C. CONSERVANTES: Contiene sulfitos.  Descargar ficha en PDF \/ Descargar imagen Caja de 6 botellas","og_url":"https:\/\/www.zuazogaston.com\/web\/producto\/teofilo-reyes\/ribera-del-duero-15-meses-barrica-caja-6-b\/","og_site_name":"Zuazo Gast\u00f3n","article_publisher":"http:\/\/www.facebook.com\/BodegasZuazoGaston","article_modified_time":"2025-10-19T06:37:00+00:00","og_image":[{"width":510,"height":651,"url":"https:\/\/www.zuazogaston.com\/web\/wp-content\/uploads\/2015\/03\/teofilo_reyes_crianza-20.jpg","type":"image\/jpeg"}],"twitter_card":"summary_large_image","twitter_site":"@ZuazoGaston","schema":{"@context":"https:\/\/schema.org","@graph":[{"@type":"WebPage","@id":"https:\/\/www.zuazogaston.com\/web\/producto\/teofilo-reyes\/ribera-del-duero-15-meses-barrica-caja-6-b\/","url":"https:\/\/www.zuazogaston.com\/web\/producto\/teofilo-reyes\/ribera-del-duero-15-meses-barrica-caja-6-b\/","name":"Ribera del Duero 15 meses barrica (Caja 6 b.) - Zuazo Gast\u00f3n","isPartOf":{"@id":"https:\/\/www.zuazogaston.com\/web\/#website"},"primaryImageOfPage":{"@id":"https:\/\/www.zuazogaston.com\/web\/producto\/teofilo-reyes\/ribera-del-duero-15-meses-barrica-caja-6-b\/#primaryimage"},"image":{"@id":"https:\/\/www.zuazogaston.com\/web\/producto\/teofilo-reyes\/ribera-del-duero-15-meses-barrica-caja-6-b\/#primaryimage"},"thumbnailUrl":"https:\/\/www.zuazogaston.com\/web\/wp-content\/uploads\/2015\/03\/teofilo_reyes_crianza-20.jpg","datePublished":"2015-03-30T19:00:02+00:00","dateModified":"2025-10-19T06:37:00+00:00","breadcrumb":{"@id":"https:\/\/www.zuazogaston.com\/web\/producto\/teofilo-reyes\/ribera-del-duero-15-meses-barrica-caja-6-b\/#breadcrumb"},"inLanguage":"es","potentialAction":[{"@type":"ReadAction","target":["https:\/\/www.zuazogaston.com\/web\/producto\/teofilo-reyes\/ribera-del-duero-15-meses-barrica-caja-6-b\/"]}]},{"@type":"ImageObject","inLanguage":"es","@id":"https:\/\/www.zuazogaston.com\/web\/producto\/teofilo-reyes\/ribera-del-duero-15-meses-barrica-caja-6-b\/#primaryimage","url":"https:\/\/www.zuazogaston.com\/web\/wp-content\/uploads\/2015\/03\/teofilo_reyes_crianza-20.jpg","contentUrl":"https:\/\/www.zuazogaston.com\/web\/wp-content\/uploads\/2015\/03\/teofilo_reyes_crianza-20.jpg","width":510,"height":651},{"@type":"BreadcrumbList","@id":"https:\/\/www.zuazogaston.com\/web\/producto\/teofilo-reyes\/ribera-del-duero-15-meses-barrica-caja-6-b\/#breadcrumb","itemListElement":[{"@type":"ListItem","position":1,"name":"Inicio","item":"https:\/\/www.zuazogaston.com\/web\/"},{"@type":"ListItem","position":2,"name":"Tienda","item":"https:\/\/www.zuazogaston.com\/web\/producto-2\/"},{"@type":"ListItem","position":3,"name":"Te\u00f3filo Reyes","item":"https:\/\/www.zuazogaston.com\/web\/categoria-producto\/teofilo-reyes\/"},{"@type":"ListItem","position":4,"name":"Ribera del Duero 15 meses barrica (Caja 6 b.)"}]},{"@type":"WebSite","@id":"https:\/\/www.zuazogaston.com\/web\/#website","url":"https:\/\/www.zuazogaston.com\/web\/","name":"Zuazo Gast\u00f3n","description":"Bodegas y Vi\u00f1edos","potentialAction":[{"@type":"SearchAction","target":{"@type":"EntryPoint","urlTemplate":"https:\/\/www.zuazogaston.com\/web\/?s={search_term_string}"},"query-input":{"@type":"PropertyValueSpecification","valueRequired":true,"valueName":"search_term_string"}}],"inLanguage":"es"}]}},"_links":{"self":[{"href":"https:\/\/www.zuazogaston.com\/web\/wp-json\/wp\/v2\/product\/5420","targetHints":{"allow":["GET"]}}],"collection":[{"href":"https:\/\/www.zuazogaston.com\/web\/wp-json\/wp\/v2\/product"}],"about":[{"href":"https:\/\/www.zuazogaston.com\/web\/wp-json\/wp\/v2\/types\/product"}],"replies":[{"embeddable":true,"href":"https:\/\/www.zuazogaston.com\/web\/wp-json\/wp\/v2\/comments?post=5420"}],"wp:featuredmedia":[{"embeddable":true,"href":"https:\/\/www.zuazogaston.com\/web\/wp-json\/wp\/v2\/media\/4883"}],"wp:attachment":[{"href":"https:\/\/www.zuazogaston.com\/web\/wp-json\/wp\/v2\/media?parent=5420"}],"wp:term":[{"taxonomy":"product_brand","embeddable":true,"href":"https:\/\/www.zuazogaston.com\/web\/wp-json\/wp\/v2\/product_brand?post=5420"},{"taxonomy":"product_cat","embeddable":true,"href":"https:\/\/www.zuazogaston.com\/web\/wp-json\/wp\/v2\/product_cat?post=5420"},{"taxonomy":"product_tag","embeddable":true,"href":"https:\/\/www.zuazogaston.com\/web\/wp-json\/wp\/v2\/product_tag?post=5420"}],"curies":[{"name":"wp","href":"https:\/\/api.w.org\/{rel}","templated":true}]}}