{"id":5415,"date":"2015-03-30T20:09:58","date_gmt":"2015-03-30T19:09:58","guid":{"rendered":"https:\/\/www.zuazogaston.com\/web\/?post_type=product&#038;p=5415"},"modified":"2025-08-25T11:09:11","modified_gmt":"2025-08-25T10:09:11","slug":"vendimia-seleccionada-ribera-de-duero-caja-6-b","status":"publish","type":"product","link":"https:\/\/www.zuazogaston.com\/web\/producto\/zg\/vendimia-seleccionada-ribera-de-duero-caja-6-b\/","title":{"rendered":"Vendimia Seleccionada Ribera de Duero (Caja 6 b.)"},"content":{"rendered":"","protected":false},"excerpt":{"rendered":"<h2><span style=\"color: #b57800;\">Caja de 6 botellas.<\/span><\/h2>\n<p>VARIEDADES: Tempranillo 100%.<br \/>\nELABORACI\u00d3N: Vi\u00f1as cultivadas en laderas arcillo-calc\u00e1reas a una altitud de 800 metros y m\u00e1s de 30 a\u00f1os, de bajo rendimiento, en la zona de Roa y Anguix. Control exhaustivo de todo el proceso, desde el vi\u00f1edo y la elaboraci\u00f3n hasta el embotellado.<br \/>\nCRIANZA: 4 a 6 meses en barrica de roble franc\u00e9s y m\u00ednimo 8 meses de reposo en botella antes de salir al mercado.<br \/>\nCATA: Brillante color cereza picota de intensidad alta, con un ligero ribete viol\u00e1ceo. Aroma intenso, combinando la fruta y los toques elegantes de la crianza en madera bien ensamblados.<br \/>\nVino equilibrado de paso agradable, glic\u00e9rido, que termina con una sensaci\u00f3n retronasal grata y persistente.<br \/>\nGASTRONOM\u00cdA: Carnes de caza y asadas, guisos condimentados o en salsa, quesos.<br \/>\nCONSERVANTES: Contiene sulfitos.<\/p>\n<p><a href=\"http:\/\/zuazogaston.com\/web\/PDF\/zg_ribera.pdf\">Descargar ficha en PDF<\/a> \/ <a href=\"http:\/\/zuazogaston.com\/web\/PDF\/zg_ribera.jpg\">Descargar imagen\u00a0<\/a><\/p>\n<h2>Caja de 6 Bot.<\/h2>\n","protected":false},"featured_media":5116,"comment_status":"open","ping_status":"closed","template":"","meta":[],"product_brand":[],"product_cat":[235],"product_tag":[167,75,105,104,254],"class_list":{"0":"post-5415","1":"product","2":"type-product","3":"status-publish","4":"has-post-thumbnail","6":"product_cat-zg","7":"product_tag-barrica","8":"product_tag-roble","9":"product_tag-tempranillo","10":"product_tag-tinto","11":"product_tag-zg","13":"first","14":"instock","15":"shipping-taxable","16":"purchasable","17":"product-type-simple"},"yoast_head":"<!-- This site is optimized with the Yoast SEO plugin v26.4 - https:\/\/yoast.com\/wordpress\/plugins\/seo\/ -->\n<title>Vendimia Seleccionada Ribera de Duero (Caja 6 b.) - Zuazo Gast\u00f3n<\/title>\n<meta name=\"robots\" content=\"index, follow, max-snippet:-1, max-image-preview:large, max-video-preview:-1\" \/>\n<link rel=\"canonical\" href=\"https:\/\/www.zuazogaston.com\/web\/producto\/zg\/vendimia-seleccionada-ribera-de-duero-caja-6-b\/\" \/>\n<meta property=\"og:locale\" content=\"es_ES\" \/>\n<meta property=\"og:type\" content=\"article\" \/>\n<meta property=\"og:title\" content=\"Vendimia Seleccionada Ribera de Duero (Caja 6 b.) - Zuazo Gast\u00f3n\" \/>\n<meta property=\"og:description\" content=\"Caja de 6 botellas. VARIEDADES: Tempranillo 100%. ELABORACI\u00d3N: Vi\u00f1as cultivadas en laderas arcillo-calc\u00e1reas a una altitud de 800 metros y m\u00e1s de 30 a\u00f1os, de bajo rendimiento, en la zona de Roa y Anguix. Control exhaustivo de todo el proceso, desde el vi\u00f1edo y la elaboraci\u00f3n hasta el embotellado. CRIANZA: 4 a 6 meses en barrica de roble franc\u00e9s y m\u00ednimo 8 meses de reposo en botella antes de salir al mercado. CATA: Brillante color cereza picota de intensidad alta, con un ligero ribete viol\u00e1ceo. Aroma intenso, combinando la fruta y los toques elegantes de la crianza en madera bien ensamblados. Vino equilibrado de paso agradable, glic\u00e9rido, que termina con una sensaci\u00f3n retronasal grata y persistente. GASTRONOM\u00cdA: Carnes de caza y asadas, guisos condimentados o en salsa, quesos. CONSERVANTES: Contiene sulfitos.  Descargar ficha en PDF \/ Descargar imagen\u00a0 Caja de 6 Bot.\" \/>\n<meta property=\"og:url\" content=\"https:\/\/www.zuazogaston.com\/web\/producto\/zg\/vendimia-seleccionada-ribera-de-duero-caja-6-b\/\" \/>\n<meta property=\"og:site_name\" content=\"Zuazo Gast\u00f3n\" \/>\n<meta property=\"article:publisher\" content=\"http:\/\/www.facebook.com\/BodegasZuazoGaston\" \/>\n<meta property=\"article:modified_time\" content=\"2025-08-25T10:09:11+00:00\" \/>\n<meta property=\"og:image\" content=\"https:\/\/www.zuazogaston.com\/web\/wp-content\/uploads\/2022\/03\/vin1107.jpg\" \/>\n\t<meta property=\"og:image:width\" content=\"510\" \/>\n\t<meta property=\"og:image:height\" content=\"651\" \/>\n\t<meta property=\"og:image:type\" content=\"image\/jpeg\" \/>\n<meta name=\"twitter:card\" content=\"summary_large_image\" \/>\n<meta name=\"twitter:site\" content=\"@ZuazoGaston\" \/>\n<script type=\"application\/ld+json\" class=\"yoast-schema-graph\">{\"@context\":\"https:\/\/schema.org\",\"@graph\":[{\"@type\":\"WebPage\",\"@id\":\"https:\/\/www.zuazogaston.com\/web\/producto\/zg\/vendimia-seleccionada-ribera-de-duero-caja-6-b\/\",\"url\":\"https:\/\/www.zuazogaston.com\/web\/producto\/zg\/vendimia-seleccionada-ribera-de-duero-caja-6-b\/\",\"name\":\"Vendimia Seleccionada Ribera de Duero (Caja 6 b.) - Zuazo Gast\u00f3n\",\"isPartOf\":{\"@id\":\"https:\/\/www.zuazogaston.com\/web\/#website\"},\"primaryImageOfPage\":{\"@id\":\"https:\/\/www.zuazogaston.com\/web\/producto\/zg\/vendimia-seleccionada-ribera-de-duero-caja-6-b\/#primaryimage\"},\"image\":{\"@id\":\"https:\/\/www.zuazogaston.com\/web\/producto\/zg\/vendimia-seleccionada-ribera-de-duero-caja-6-b\/#primaryimage\"},\"thumbnailUrl\":\"https:\/\/www.zuazogaston.com\/web\/wp-content\/uploads\/2022\/03\/vin1107.jpg\",\"datePublished\":\"2015-03-30T19:09:58+00:00\",\"dateModified\":\"2025-08-25T10:09:11+00:00\",\"breadcrumb\":{\"@id\":\"https:\/\/www.zuazogaston.com\/web\/producto\/zg\/vendimia-seleccionada-ribera-de-duero-caja-6-b\/#breadcrumb\"},\"inLanguage\":\"es\",\"potentialAction\":[{\"@type\":\"ReadAction\",\"target\":[\"https:\/\/www.zuazogaston.com\/web\/producto\/zg\/vendimia-seleccionada-ribera-de-duero-caja-6-b\/\"]}]},{\"@type\":\"ImageObject\",\"inLanguage\":\"es\",\"@id\":\"https:\/\/www.zuazogaston.com\/web\/producto\/zg\/vendimia-seleccionada-ribera-de-duero-caja-6-b\/#primaryimage\",\"url\":\"https:\/\/www.zuazogaston.com\/web\/wp-content\/uploads\/2022\/03\/vin1107.jpg\",\"contentUrl\":\"https:\/\/www.zuazogaston.com\/web\/wp-content\/uploads\/2022\/03\/vin1107.jpg\",\"width\":510,\"height\":651},{\"@type\":\"BreadcrumbList\",\"@id\":\"https:\/\/www.zuazogaston.com\/web\/producto\/zg\/vendimia-seleccionada-ribera-de-duero-caja-6-b\/#breadcrumb\",\"itemListElement\":[{\"@type\":\"ListItem\",\"position\":1,\"name\":\"Inicio\",\"item\":\"https:\/\/www.zuazogaston.com\/web\/\"},{\"@type\":\"ListItem\",\"position\":2,\"name\":\"Tienda\",\"item\":\"https:\/\/www.zuazogaston.com\/web\/producto-2\/\"},{\"@type\":\"ListItem\",\"position\":3,\"name\":\"ZG\",\"item\":\"https:\/\/www.zuazogaston.com\/web\/categoria-producto\/zg\/\"},{\"@type\":\"ListItem\",\"position\":4,\"name\":\"Vendimia Seleccionada Ribera de Duero (Caja 6 b.)\"}]},{\"@type\":\"WebSite\",\"@id\":\"https:\/\/www.zuazogaston.com\/web\/#website\",\"url\":\"https:\/\/www.zuazogaston.com\/web\/\",\"name\":\"Zuazo Gast\u00f3n\",\"description\":\"Bodegas y Vi\u00f1edos\",\"potentialAction\":[{\"@type\":\"SearchAction\",\"target\":{\"@type\":\"EntryPoint\",\"urlTemplate\":\"https:\/\/www.zuazogaston.com\/web\/?s={search_term_string}\"},\"query-input\":{\"@type\":\"PropertyValueSpecification\",\"valueRequired\":true,\"valueName\":\"search_term_string\"}}],\"inLanguage\":\"es\"}]}<\/script>\n<!-- \/ Yoast SEO plugin. -->","yoast_head_json":{"title":"Vendimia Seleccionada Ribera de Duero (Caja 6 b.) - Zuazo Gast\u00f3n","robots":{"index":"index","follow":"follow","max-snippet":"max-snippet:-1","max-image-preview":"max-image-preview:large","max-video-preview":"max-video-preview:-1"},"canonical":"https:\/\/www.zuazogaston.com\/web\/producto\/zg\/vendimia-seleccionada-ribera-de-duero-caja-6-b\/","og_locale":"es_ES","og_type":"article","og_title":"Vendimia Seleccionada Ribera de Duero (Caja 6 b.) - Zuazo Gast\u00f3n","og_description":"Caja de 6 botellas. VARIEDADES: Tempranillo 100%. ELABORACI\u00d3N: Vi\u00f1as cultivadas en laderas arcillo-calc\u00e1reas a una altitud de 800 metros y m\u00e1s de 30 a\u00f1os, de bajo rendimiento, en la zona de Roa y Anguix. Control exhaustivo de todo el proceso, desde el vi\u00f1edo y la elaboraci\u00f3n hasta el embotellado. CRIANZA: 4 a 6 meses en barrica de roble franc\u00e9s y m\u00ednimo 8 meses de reposo en botella antes de salir al mercado. CATA: Brillante color cereza picota de intensidad alta, con un ligero ribete viol\u00e1ceo. Aroma intenso, combinando la fruta y los toques elegantes de la crianza en madera bien ensamblados. Vino equilibrado de paso agradable, glic\u00e9rido, que termina con una sensaci\u00f3n retronasal grata y persistente. GASTRONOM\u00cdA: Carnes de caza y asadas, guisos condimentados o en salsa, quesos. CONSERVANTES: Contiene sulfitos.  Descargar ficha en PDF \/ Descargar imagen\u00a0 Caja de 6 Bot.","og_url":"https:\/\/www.zuazogaston.com\/web\/producto\/zg\/vendimia-seleccionada-ribera-de-duero-caja-6-b\/","og_site_name":"Zuazo Gast\u00f3n","article_publisher":"http:\/\/www.facebook.com\/BodegasZuazoGaston","article_modified_time":"2025-08-25T10:09:11+00:00","og_image":[{"width":510,"height":651,"url":"https:\/\/www.zuazogaston.com\/web\/wp-content\/uploads\/2022\/03\/vin1107.jpg","type":"image\/jpeg"}],"twitter_card":"summary_large_image","twitter_site":"@ZuazoGaston","schema":{"@context":"https:\/\/schema.org","@graph":[{"@type":"WebPage","@id":"https:\/\/www.zuazogaston.com\/web\/producto\/zg\/vendimia-seleccionada-ribera-de-duero-caja-6-b\/","url":"https:\/\/www.zuazogaston.com\/web\/producto\/zg\/vendimia-seleccionada-ribera-de-duero-caja-6-b\/","name":"Vendimia Seleccionada Ribera de Duero (Caja 6 b.) - Zuazo Gast\u00f3n","isPartOf":{"@id":"https:\/\/www.zuazogaston.com\/web\/#website"},"primaryImageOfPage":{"@id":"https:\/\/www.zuazogaston.com\/web\/producto\/zg\/vendimia-seleccionada-ribera-de-duero-caja-6-b\/#primaryimage"},"image":{"@id":"https:\/\/www.zuazogaston.com\/web\/producto\/zg\/vendimia-seleccionada-ribera-de-duero-caja-6-b\/#primaryimage"},"thumbnailUrl":"https:\/\/www.zuazogaston.com\/web\/wp-content\/uploads\/2022\/03\/vin1107.jpg","datePublished":"2015-03-30T19:09:58+00:00","dateModified":"2025-08-25T10:09:11+00:00","breadcrumb":{"@id":"https:\/\/www.zuazogaston.com\/web\/producto\/zg\/vendimia-seleccionada-ribera-de-duero-caja-6-b\/#breadcrumb"},"inLanguage":"es","potentialAction":[{"@type":"ReadAction","target":["https:\/\/www.zuazogaston.com\/web\/producto\/zg\/vendimia-seleccionada-ribera-de-duero-caja-6-b\/"]}]},{"@type":"ImageObject","inLanguage":"es","@id":"https:\/\/www.zuazogaston.com\/web\/producto\/zg\/vendimia-seleccionada-ribera-de-duero-caja-6-b\/#primaryimage","url":"https:\/\/www.zuazogaston.com\/web\/wp-content\/uploads\/2022\/03\/vin1107.jpg","contentUrl":"https:\/\/www.zuazogaston.com\/web\/wp-content\/uploads\/2022\/03\/vin1107.jpg","width":510,"height":651},{"@type":"BreadcrumbList","@id":"https:\/\/www.zuazogaston.com\/web\/producto\/zg\/vendimia-seleccionada-ribera-de-duero-caja-6-b\/#breadcrumb","itemListElement":[{"@type":"ListItem","position":1,"name":"Inicio","item":"https:\/\/www.zuazogaston.com\/web\/"},{"@type":"ListItem","position":2,"name":"Tienda","item":"https:\/\/www.zuazogaston.com\/web\/producto-2\/"},{"@type":"ListItem","position":3,"name":"ZG","item":"https:\/\/www.zuazogaston.com\/web\/categoria-producto\/zg\/"},{"@type":"ListItem","position":4,"name":"Vendimia Seleccionada Ribera de Duero (Caja 6 b.)"}]},{"@type":"WebSite","@id":"https:\/\/www.zuazogaston.com\/web\/#website","url":"https:\/\/www.zuazogaston.com\/web\/","name":"Zuazo Gast\u00f3n","description":"Bodegas y Vi\u00f1edos","potentialAction":[{"@type":"SearchAction","target":{"@type":"EntryPoint","urlTemplate":"https:\/\/www.zuazogaston.com\/web\/?s={search_term_string}"},"query-input":{"@type":"PropertyValueSpecification","valueRequired":true,"valueName":"search_term_string"}}],"inLanguage":"es"}]}},"_links":{"self":[{"href":"https:\/\/www.zuazogaston.com\/web\/wp-json\/wp\/v2\/product\/5415","targetHints":{"allow":["GET"]}}],"collection":[{"href":"https:\/\/www.zuazogaston.com\/web\/wp-json\/wp\/v2\/product"}],"about":[{"href":"https:\/\/www.zuazogaston.com\/web\/wp-json\/wp\/v2\/types\/product"}],"replies":[{"embeddable":true,"href":"https:\/\/www.zuazogaston.com\/web\/wp-json\/wp\/v2\/comments?post=5415"}],"wp:featuredmedia":[{"embeddable":true,"href":"https:\/\/www.zuazogaston.com\/web\/wp-json\/wp\/v2\/media\/5116"}],"wp:attachment":[{"href":"https:\/\/www.zuazogaston.com\/web\/wp-json\/wp\/v2\/media?parent=5415"}],"wp:term":[{"taxonomy":"product_brand","embeddable":true,"href":"https:\/\/www.zuazogaston.com\/web\/wp-json\/wp\/v2\/product_brand?post=5415"},{"taxonomy":"product_cat","embeddable":true,"href":"https:\/\/www.zuazogaston.com\/web\/wp-json\/wp\/v2\/product_cat?post=5415"},{"taxonomy":"product_tag","embeddable":true,"href":"https:\/\/www.zuazogaston.com\/web\/wp-json\/wp\/v2\/product_tag?post=5415"}],"curies":[{"name":"wp","href":"https:\/\/api.w.org\/{rel}","templated":true}]}}