{"id":3492,"date":"2015-03-30T19:05:59","date_gmt":"2015-03-30T18:05:59","guid":{"rendered":"http:\/\/www.zuazogaston.com\/web\/producto\/sin%20categorizar\/tapas-gaston-tinto-tempranillo"},"modified":"2024-11-20T11:56:22","modified_gmt":"2024-11-20T10:56:22","slug":"tapas-gaston-tinto-tempranillo","status":"publish","type":"product","link":"https:\/\/www.zuazogaston.com\/web\/producto\/tapas-gaston\/tapas-gaston-tinto-tempranillo\/","title":{"rendered":"Tinto Tempranillo (Caja 12 b.)"},"content":{"rendered":"","protected":false},"excerpt":{"rendered":"<h2 class=\"column\"><span style=\"color: #b57800;\"><br \/>\nCaja de 12<\/span><span style=\"color: #b57800;\">\u00a0botellas<\/span><\/h2>\n<div class=\"column\"><\/div>\n<p>VARIEDADES: Tempranillo 100%.<br \/>\nELABORACI\u00d3N: Uva Tempranillo elaborada con el m\u00e1ximo rigor en el control y cuidado de nuestros caldos, dot\u00e1ndolo de un car\u00e1cter fresco y frutado con agradables notas varietales.<br \/>\nCATA: Color granate, brillante y de gran viveza. De aromas intensos de frutas rojas. De entrada fresca y viva con un equilibrio t\u00e1nico-\u00e1cido adecuado. En conjunto un vino bien constituido, de final frutado y con cierta nota mineral y largo retrogusto.<br \/>\nTEMPERATURA DE CONSUMO: 15\u00ba-17\u00ba C.<\/p>\n<p><a href=\"http:\/\/www.zuazogaston.com\/web\/PDF\/tapas_tinto.pdf\" target=\"_blank\" rel=\"noopener noreferrer\"><span style=\"text-decoration: underline;\">Descargar ficha en PDF<\/span><\/a>\u00a0<span style=\"color: #808080;\">\u00a0\/<\/span>\u00a0\u00a0<a href=\"http:\/\/www.zuazogaston.com\/web\/PDF\/tapas_tinto.jpg\" target=\"_blank\" rel=\"noopener noreferrer\"><span style=\"text-decoration: underline;\">Descargar imagen<\/span><\/a><\/p>\n<h2><strong>Caja de 12 Bot.<\/strong><\/h2>\n","protected":false},"featured_media":5200,"comment_status":"open","ping_status":"closed","template":"","meta":[],"product_brand":[],"product_cat":[237],"product_tag":[103,102,105,104],"class_list":{"0":"post-3492","1":"product","2":"type-product","3":"status-publish","4":"has-post-thumbnail","6":"product_cat-tapas-gaston","7":"product_tag-gaston","8":"product_tag-tapas","9":"product_tag-tempranillo","10":"product_tag-tinto","11":"pa_botellas-por-caja-caja-12-botelllas","12":"pa_botellas-por-caja-caja-6-botellas","14":"first","15":"instock","16":"shipping-taxable","17":"purchasable","18":"product-type-simple"},"yoast_head":"<!-- This site is optimized with the Yoast SEO plugin v26.4 - https:\/\/yoast.com\/wordpress\/plugins\/seo\/ -->\n<title>TAPAS GAST\u00d3N - Tinto Tempranillo<\/title>\n<meta name=\"description\" content=\"TAPAS GAST\u00d3N - Tinto Tempranillo\" \/>\n<meta name=\"robots\" content=\"index, follow, max-snippet:-1, max-image-preview:large, max-video-preview:-1\" \/>\n<link rel=\"canonical\" href=\"https:\/\/www.zuazogaston.com\/web\/producto\/tapas-gaston\/tapas-gaston-tinto-tempranillo\/\" \/>\n<meta property=\"og:locale\" content=\"es_ES\" \/>\n<meta property=\"og:type\" content=\"article\" \/>\n<meta property=\"og:title\" content=\"TAPAS GAST\u00d3N - Tinto Tempranillo\" \/>\n<meta property=\"og:description\" content=\"TAPAS GAST\u00d3N - Tinto Tempranillo\" \/>\n<meta property=\"og:url\" content=\"https:\/\/www.zuazogaston.com\/web\/producto\/tapas-gaston\/tapas-gaston-tinto-tempranillo\/\" \/>\n<meta property=\"og:site_name\" content=\"Zuazo Gast\u00f3n\" \/>\n<meta property=\"article:publisher\" content=\"http:\/\/www.facebook.com\/BodegasZuazoGaston\" \/>\n<meta property=\"article:modified_time\" content=\"2024-11-20T10:56:22+00:00\" \/>\n<meta property=\"og:image\" content=\"https:\/\/www.zuazogaston.com\/web\/wp-content\/uploads\/2023\/09\/TAPAS_TINTO_23.jpg\" \/>\n\t<meta property=\"og:image:width\" content=\"510\" \/>\n\t<meta property=\"og:image:height\" content=\"651\" \/>\n\t<meta property=\"og:image:type\" content=\"image\/jpeg\" \/>\n<meta name=\"twitter:card\" content=\"summary_large_image\" \/>\n<meta name=\"twitter:site\" content=\"@ZuazoGaston\" \/>\n<script type=\"application\/ld+json\" class=\"yoast-schema-graph\">{\"@context\":\"https:\/\/schema.org\",\"@graph\":[{\"@type\":\"WebPage\",\"@id\":\"https:\/\/www.zuazogaston.com\/web\/producto\/tapas-gaston\/tapas-gaston-tinto-tempranillo\/\",\"url\":\"https:\/\/www.zuazogaston.com\/web\/producto\/tapas-gaston\/tapas-gaston-tinto-tempranillo\/\",\"name\":\"TAPAS GAST\u00d3N - Tinto Tempranillo\",\"isPartOf\":{\"@id\":\"https:\/\/www.zuazogaston.com\/web\/#website\"},\"primaryImageOfPage\":{\"@id\":\"https:\/\/www.zuazogaston.com\/web\/producto\/tapas-gaston\/tapas-gaston-tinto-tempranillo\/#primaryimage\"},\"image\":{\"@id\":\"https:\/\/www.zuazogaston.com\/web\/producto\/tapas-gaston\/tapas-gaston-tinto-tempranillo\/#primaryimage\"},\"thumbnailUrl\":\"https:\/\/www.zuazogaston.com\/web\/wp-content\/uploads\/2023\/09\/TAPAS_TINTO_23.jpg\",\"datePublished\":\"2015-03-30T18:05:59+00:00\",\"dateModified\":\"2024-11-20T10:56:22+00:00\",\"description\":\"TAPAS GAST\u00d3N - Tinto Tempranillo\",\"breadcrumb\":{\"@id\":\"https:\/\/www.zuazogaston.com\/web\/producto\/tapas-gaston\/tapas-gaston-tinto-tempranillo\/#breadcrumb\"},\"inLanguage\":\"es\",\"potentialAction\":[{\"@type\":\"ReadAction\",\"target\":[\"https:\/\/www.zuazogaston.com\/web\/producto\/tapas-gaston\/tapas-gaston-tinto-tempranillo\/\"]}]},{\"@type\":\"ImageObject\",\"inLanguage\":\"es\",\"@id\":\"https:\/\/www.zuazogaston.com\/web\/producto\/tapas-gaston\/tapas-gaston-tinto-tempranillo\/#primaryimage\",\"url\":\"https:\/\/www.zuazogaston.com\/web\/wp-content\/uploads\/2023\/09\/TAPAS_TINTO_23.jpg\",\"contentUrl\":\"https:\/\/www.zuazogaston.com\/web\/wp-content\/uploads\/2023\/09\/TAPAS_TINTO_23.jpg\",\"width\":510,\"height\":651,\"caption\":\"Tapas Gast\u00f3n Tinto Tempranillo\"},{\"@type\":\"BreadcrumbList\",\"@id\":\"https:\/\/www.zuazogaston.com\/web\/producto\/tapas-gaston\/tapas-gaston-tinto-tempranillo\/#breadcrumb\",\"itemListElement\":[{\"@type\":\"ListItem\",\"position\":1,\"name\":\"Inicio\",\"item\":\"https:\/\/www.zuazogaston.com\/web\/\"},{\"@type\":\"ListItem\",\"position\":2,\"name\":\"Tienda\",\"item\":\"https:\/\/www.zuazogaston.com\/web\/producto-2\/\"},{\"@type\":\"ListItem\",\"position\":3,\"name\":\"Tapas Gast\u00f3n\",\"item\":\"https:\/\/www.zuazogaston.com\/web\/categoria-producto\/tapas-gaston\/\"},{\"@type\":\"ListItem\",\"position\":4,\"name\":\"Tinto Tempranillo (Caja 12 b.)\"}]},{\"@type\":\"WebSite\",\"@id\":\"https:\/\/www.zuazogaston.com\/web\/#website\",\"url\":\"https:\/\/www.zuazogaston.com\/web\/\",\"name\":\"Zuazo Gast\u00f3n\",\"description\":\"Bodegas y Vi\u00f1edos\",\"potentialAction\":[{\"@type\":\"SearchAction\",\"target\":{\"@type\":\"EntryPoint\",\"urlTemplate\":\"https:\/\/www.zuazogaston.com\/web\/?s={search_term_string}\"},\"query-input\":{\"@type\":\"PropertyValueSpecification\",\"valueRequired\":true,\"valueName\":\"search_term_string\"}}],\"inLanguage\":\"es\"}]}<\/script>\n<!-- \/ Yoast SEO plugin. -->","yoast_head_json":{"title":"TAPAS GAST\u00d3N - Tinto Tempranillo","description":"TAPAS GAST\u00d3N - Tinto Tempranillo","robots":{"index":"index","follow":"follow","max-snippet":"max-snippet:-1","max-image-preview":"max-image-preview:large","max-video-preview":"max-video-preview:-1"},"canonical":"https:\/\/www.zuazogaston.com\/web\/producto\/tapas-gaston\/tapas-gaston-tinto-tempranillo\/","og_locale":"es_ES","og_type":"article","og_title":"TAPAS GAST\u00d3N - Tinto Tempranillo","og_description":"TAPAS GAST\u00d3N - Tinto Tempranillo","og_url":"https:\/\/www.zuazogaston.com\/web\/producto\/tapas-gaston\/tapas-gaston-tinto-tempranillo\/","og_site_name":"Zuazo Gast\u00f3n","article_publisher":"http:\/\/www.facebook.com\/BodegasZuazoGaston","article_modified_time":"2024-11-20T10:56:22+00:00","og_image":[{"width":510,"height":651,"url":"https:\/\/www.zuazogaston.com\/web\/wp-content\/uploads\/2023\/09\/TAPAS_TINTO_23.jpg","type":"image\/jpeg"}],"twitter_card":"summary_large_image","twitter_site":"@ZuazoGaston","schema":{"@context":"https:\/\/schema.org","@graph":[{"@type":"WebPage","@id":"https:\/\/www.zuazogaston.com\/web\/producto\/tapas-gaston\/tapas-gaston-tinto-tempranillo\/","url":"https:\/\/www.zuazogaston.com\/web\/producto\/tapas-gaston\/tapas-gaston-tinto-tempranillo\/","name":"TAPAS GAST\u00d3N - Tinto Tempranillo","isPartOf":{"@id":"https:\/\/www.zuazogaston.com\/web\/#website"},"primaryImageOfPage":{"@id":"https:\/\/www.zuazogaston.com\/web\/producto\/tapas-gaston\/tapas-gaston-tinto-tempranillo\/#primaryimage"},"image":{"@id":"https:\/\/www.zuazogaston.com\/web\/producto\/tapas-gaston\/tapas-gaston-tinto-tempranillo\/#primaryimage"},"thumbnailUrl":"https:\/\/www.zuazogaston.com\/web\/wp-content\/uploads\/2023\/09\/TAPAS_TINTO_23.jpg","datePublished":"2015-03-30T18:05:59+00:00","dateModified":"2024-11-20T10:56:22+00:00","description":"TAPAS GAST\u00d3N - Tinto Tempranillo","breadcrumb":{"@id":"https:\/\/www.zuazogaston.com\/web\/producto\/tapas-gaston\/tapas-gaston-tinto-tempranillo\/#breadcrumb"},"inLanguage":"es","potentialAction":[{"@type":"ReadAction","target":["https:\/\/www.zuazogaston.com\/web\/producto\/tapas-gaston\/tapas-gaston-tinto-tempranillo\/"]}]},{"@type":"ImageObject","inLanguage":"es","@id":"https:\/\/www.zuazogaston.com\/web\/producto\/tapas-gaston\/tapas-gaston-tinto-tempranillo\/#primaryimage","url":"https:\/\/www.zuazogaston.com\/web\/wp-content\/uploads\/2023\/09\/TAPAS_TINTO_23.jpg","contentUrl":"https:\/\/www.zuazogaston.com\/web\/wp-content\/uploads\/2023\/09\/TAPAS_TINTO_23.jpg","width":510,"height":651,"caption":"Tapas Gast\u00f3n Tinto Tempranillo"},{"@type":"BreadcrumbList","@id":"https:\/\/www.zuazogaston.com\/web\/producto\/tapas-gaston\/tapas-gaston-tinto-tempranillo\/#breadcrumb","itemListElement":[{"@type":"ListItem","position":1,"name":"Inicio","item":"https:\/\/www.zuazogaston.com\/web\/"},{"@type":"ListItem","position":2,"name":"Tienda","item":"https:\/\/www.zuazogaston.com\/web\/producto-2\/"},{"@type":"ListItem","position":3,"name":"Tapas Gast\u00f3n","item":"https:\/\/www.zuazogaston.com\/web\/categoria-producto\/tapas-gaston\/"},{"@type":"ListItem","position":4,"name":"Tinto Tempranillo (Caja 12 b.)"}]},{"@type":"WebSite","@id":"https:\/\/www.zuazogaston.com\/web\/#website","url":"https:\/\/www.zuazogaston.com\/web\/","name":"Zuazo Gast\u00f3n","description":"Bodegas y Vi\u00f1edos","potentialAction":[{"@type":"SearchAction","target":{"@type":"EntryPoint","urlTemplate":"https:\/\/www.zuazogaston.com\/web\/?s={search_term_string}"},"query-input":{"@type":"PropertyValueSpecification","valueRequired":true,"valueName":"search_term_string"}}],"inLanguage":"es"}]}},"_links":{"self":[{"href":"https:\/\/www.zuazogaston.com\/web\/wp-json\/wp\/v2\/product\/3492","targetHints":{"allow":["GET"]}}],"collection":[{"href":"https:\/\/www.zuazogaston.com\/web\/wp-json\/wp\/v2\/product"}],"about":[{"href":"https:\/\/www.zuazogaston.com\/web\/wp-json\/wp\/v2\/types\/product"}],"replies":[{"embeddable":true,"href":"https:\/\/www.zuazogaston.com\/web\/wp-json\/wp\/v2\/comments?post=3492"}],"wp:featuredmedia":[{"embeddable":true,"href":"https:\/\/www.zuazogaston.com\/web\/wp-json\/wp\/v2\/media\/5200"}],"wp:attachment":[{"href":"https:\/\/www.zuazogaston.com\/web\/wp-json\/wp\/v2\/media?parent=3492"}],"wp:term":[{"taxonomy":"product_brand","embeddable":true,"href":"https:\/\/www.zuazogaston.com\/web\/wp-json\/wp\/v2\/product_brand?post=3492"},{"taxonomy":"product_cat","embeddable":true,"href":"https:\/\/www.zuazogaston.com\/web\/wp-json\/wp\/v2\/product_cat?post=3492"},{"taxonomy":"product_tag","embeddable":true,"href":"https:\/\/www.zuazogaston.com\/web\/wp-json\/wp\/v2\/product_tag?post=3492"}],"curies":[{"name":"wp","href":"https:\/\/api.w.org\/{rel}","templated":true}]}}