{"id":220,"date":"2015-03-30T20:08:08","date_gmt":"2015-03-30T19:08:08","guid":{"rendered":"http:\/\/zuazogaston.com\/singular\/?post_type=product&#038;p=220"},"modified":"2025-08-25T11:09:31","modified_gmt":"2025-08-25T10:09:31","slug":"zuazo-gaston-seleccion-de-familia","status":"publish","type":"product","link":"https:\/\/www.zuazogaston.com\/web\/producto\/zuazo-gaston\/zuazo-gaston-seleccion-de-familia\/","title":{"rendered":"Selecci\u00f3n de Familia Rioja (Caja 6 b.)"},"content":{"rendered":"","protected":false},"excerpt":{"rendered":"<div class=\"page\" title=\"Page 1\">\n<div class=\"section\">\n<h2 class=\"column\"><span style=\"color: #b57800;\"><br \/>\nCaja de 6 botellas.<\/span><br \/>\n<span style=\"color: #b57800;\"> Precio\u00a0botella: 30 \u20ac<\/span><\/h2>\n<div class=\"column\"><\/div>\n<h4 class=\"column\"><strong>ELABORACION<\/strong><\/h4>\n<div class=\"column\">De los mejores racimos de nuestros vi\u00f1edos, se seleccionan y vendimian a mano en cajas de 10 kgs. Forman parte de este caldo las variedades Tempranillo 80% y Graciano 20%, conjuntamente, obtenemos caracter\u00edsticas muy buenas para su crianza: estructura, volumen, frescor y complejidad. Durante su periodo de 20 meses de crianza en barrica francesa, con tres trasiegas, adquiere un complejo bouquet que posteriormente se complementa mientras reposa en botella, un m\u00ednimo de 16 meses.<\/div>\n<h3><\/h3>\n<h4 class=\"column\"><strong>CATA<\/strong><\/h4>\n<div class=\"column\">\n<div class=\"column\">Color granate, brillante, con ligeros matiz de crianza en el borde.\u00a0Aromas intensos de crianza, vainilla, caramelo, especiados suaves, con recuerdos varietales.Su paso por boca es carnoso, equilibrado, complejo y elegante en boca. Posee un retrogusto intenso y de larga persistencia, con notas mezcla de la suavidad de la vainilla y caramelo y la complejidad de especias suaves.<\/div>\n<h3><\/h3>\n<h4 class=\"column\"><strong>PARTICULARIDADES<\/strong><\/h4>\n<\/div>\n<p class=\"layoutArea\"><strong>Grado Alcoh\u00f3lico:<\/strong> 14% vol.<br \/>\n<strong>Temperatura de servicio:<\/strong> 16 &#8211;\u00a018\u00baC<br \/>\n<strong>Tipo de botella:<\/strong> borgo\u00f1a, Ancienne.<br \/>\n<strong>Capacidad:<\/strong> 750 ml<br \/>\n<strong>Maridaje:<\/strong> Recomendado para carnes rojas, caza, guisos condimentados y quesos.<\/p>\n<p class=\"layoutArea\"><span style=\"color: #b57800;\"><a href=\"http:\/\/www.zuazogaston.com\/web\/web\/PDF\/reserva_de_familia.pdf\" target=\"_blank\" rel=\"noopener noreferrer\"><span style=\"text-decoration: underline;\">Descargar ficha en PDF<\/span><\/a> <span style=\"color: #808080;\">\u00a0\/<\/span> \u00a0<a href=\"http:\/\/www.zuazogaston.com\/web\/web\/PDF\/reserva_de_familia.jpg\" target=\"_blank\" rel=\"noopener noreferrer\"><span style=\"text-decoration: underline;\">Descargar imagen<\/span><\/a><\/span><\/p>\n<\/div>\n<\/div>\n<h2><strong>Caja de 6 Bot.<\/strong><\/h2>\n","protected":false},"featured_media":3107,"comment_status":"open","ping_status":"closed","template":"","meta":[],"product_brand":[],"product_cat":[234],"product_tag":[167,165,168,105],"class_list":{"0":"post-220","1":"product","2":"type-product","3":"status-publish","4":"has-post-thumbnail","6":"product_cat-zuazo-gaston","7":"product_tag-barrica","8":"product_tag-rioja","9":"product_tag-seleccion","10":"product_tag-tempranillo","11":"pa_botellas-por-caja-caja-6-botellas","13":"first","14":"instock","15":"shipping-taxable","16":"purchasable","17":"product-type-simple"},"yoast_head":"<!-- This site is optimized with the Yoast SEO plugin v26.4 - https:\/\/yoast.com\/wordpress\/plugins\/seo\/ -->\n<title>ZUAZO GAST\u00d3N - Selecci\u00f3n de Familia<\/title>\n<meta name=\"description\" content=\"ZUAZO GAST\u00d3N - Selecci\u00f3n de Familia\" \/>\n<meta name=\"robots\" content=\"index, follow, max-snippet:-1, max-image-preview:large, max-video-preview:-1\" \/>\n<link rel=\"canonical\" href=\"https:\/\/www.zuazogaston.com\/web\/producto\/zuazo-gaston\/zuazo-gaston-seleccion-de-familia\/\" \/>\n<meta property=\"og:locale\" content=\"es_ES\" \/>\n<meta property=\"og:type\" content=\"article\" \/>\n<meta property=\"og:title\" content=\"ZUAZO GAST\u00d3N - Selecci\u00f3n de Familia\" \/>\n<meta property=\"og:description\" content=\"ZUAZO GAST\u00d3N - Selecci\u00f3n de Familia\" \/>\n<meta property=\"og:url\" content=\"https:\/\/www.zuazogaston.com\/web\/producto\/zuazo-gaston\/zuazo-gaston-seleccion-de-familia\/\" \/>\n<meta property=\"og:site_name\" content=\"Zuazo Gast\u00f3n\" \/>\n<meta property=\"article:publisher\" content=\"http:\/\/www.facebook.com\/BodegasZuazoGaston\" \/>\n<meta property=\"article:modified_time\" content=\"2025-08-25T10:09:31+00:00\" \/>\n<meta property=\"og:image\" content=\"https:\/\/www.zuazogaston.com\/web\/wp-content\/uploads\/2015\/03\/vin06.jpg\" \/>\n\t<meta property=\"og:image:width\" content=\"510\" \/>\n\t<meta property=\"og:image:height\" content=\"651\" \/>\n\t<meta property=\"og:image:type\" content=\"image\/jpeg\" \/>\n<meta name=\"twitter:card\" content=\"summary_large_image\" \/>\n<meta name=\"twitter:site\" content=\"@ZuazoGaston\" \/>\n<script type=\"application\/ld+json\" class=\"yoast-schema-graph\">{\"@context\":\"https:\/\/schema.org\",\"@graph\":[{\"@type\":\"WebPage\",\"@id\":\"https:\/\/www.zuazogaston.com\/web\/producto\/zuazo-gaston\/zuazo-gaston-seleccion-de-familia\/\",\"url\":\"https:\/\/www.zuazogaston.com\/web\/producto\/zuazo-gaston\/zuazo-gaston-seleccion-de-familia\/\",\"name\":\"ZUAZO GAST\u00d3N - Selecci\u00f3n de Familia\",\"isPartOf\":{\"@id\":\"https:\/\/www.zuazogaston.com\/web\/#website\"},\"primaryImageOfPage\":{\"@id\":\"https:\/\/www.zuazogaston.com\/web\/producto\/zuazo-gaston\/zuazo-gaston-seleccion-de-familia\/#primaryimage\"},\"image\":{\"@id\":\"https:\/\/www.zuazogaston.com\/web\/producto\/zuazo-gaston\/zuazo-gaston-seleccion-de-familia\/#primaryimage\"},\"thumbnailUrl\":\"https:\/\/www.zuazogaston.com\/web\/wp-content\/uploads\/2015\/03\/vin06.jpg\",\"datePublished\":\"2015-03-30T19:08:08+00:00\",\"dateModified\":\"2025-08-25T10:09:31+00:00\",\"description\":\"ZUAZO GAST\u00d3N - Selecci\u00f3n de Familia\",\"breadcrumb\":{\"@id\":\"https:\/\/www.zuazogaston.com\/web\/producto\/zuazo-gaston\/zuazo-gaston-seleccion-de-familia\/#breadcrumb\"},\"inLanguage\":\"es\",\"potentialAction\":[{\"@type\":\"ReadAction\",\"target\":[\"https:\/\/www.zuazogaston.com\/web\/producto\/zuazo-gaston\/zuazo-gaston-seleccion-de-familia\/\"]}]},{\"@type\":\"ImageObject\",\"inLanguage\":\"es\",\"@id\":\"https:\/\/www.zuazogaston.com\/web\/producto\/zuazo-gaston\/zuazo-gaston-seleccion-de-familia\/#primaryimage\",\"url\":\"https:\/\/www.zuazogaston.com\/web\/wp-content\/uploads\/2015\/03\/vin06.jpg\",\"contentUrl\":\"https:\/\/www.zuazogaston.com\/web\/wp-content\/uploads\/2015\/03\/vin06.jpg\",\"width\":510,\"height\":651},{\"@type\":\"BreadcrumbList\",\"@id\":\"https:\/\/www.zuazogaston.com\/web\/producto\/zuazo-gaston\/zuazo-gaston-seleccion-de-familia\/#breadcrumb\",\"itemListElement\":[{\"@type\":\"ListItem\",\"position\":1,\"name\":\"Inicio\",\"item\":\"https:\/\/www.zuazogaston.com\/web\/\"},{\"@type\":\"ListItem\",\"position\":2,\"name\":\"Tienda\",\"item\":\"https:\/\/www.zuazogaston.com\/web\/producto-2\/\"},{\"@type\":\"ListItem\",\"position\":3,\"name\":\"Zuazo Gast\u00f3n\",\"item\":\"https:\/\/www.zuazogaston.com\/web\/categoria-producto\/zuazo-gaston\/\"},{\"@type\":\"ListItem\",\"position\":4,\"name\":\"Selecci\u00f3n de Familia Rioja (Caja 6 b.)\"}]},{\"@type\":\"WebSite\",\"@id\":\"https:\/\/www.zuazogaston.com\/web\/#website\",\"url\":\"https:\/\/www.zuazogaston.com\/web\/\",\"name\":\"Zuazo Gast\u00f3n\",\"description\":\"Bodegas y Vi\u00f1edos\",\"potentialAction\":[{\"@type\":\"SearchAction\",\"target\":{\"@type\":\"EntryPoint\",\"urlTemplate\":\"https:\/\/www.zuazogaston.com\/web\/?s={search_term_string}\"},\"query-input\":{\"@type\":\"PropertyValueSpecification\",\"valueRequired\":true,\"valueName\":\"search_term_string\"}}],\"inLanguage\":\"es\"}]}<\/script>\n<!-- \/ Yoast SEO plugin. -->","yoast_head_json":{"title":"ZUAZO GAST\u00d3N - Selecci\u00f3n de Familia","description":"ZUAZO GAST\u00d3N - Selecci\u00f3n de Familia","robots":{"index":"index","follow":"follow","max-snippet":"max-snippet:-1","max-image-preview":"max-image-preview:large","max-video-preview":"max-video-preview:-1"},"canonical":"https:\/\/www.zuazogaston.com\/web\/producto\/zuazo-gaston\/zuazo-gaston-seleccion-de-familia\/","og_locale":"es_ES","og_type":"article","og_title":"ZUAZO GAST\u00d3N - Selecci\u00f3n de Familia","og_description":"ZUAZO GAST\u00d3N - Selecci\u00f3n de Familia","og_url":"https:\/\/www.zuazogaston.com\/web\/producto\/zuazo-gaston\/zuazo-gaston-seleccion-de-familia\/","og_site_name":"Zuazo Gast\u00f3n","article_publisher":"http:\/\/www.facebook.com\/BodegasZuazoGaston","article_modified_time":"2025-08-25T10:09:31+00:00","og_image":[{"width":510,"height":651,"url":"https:\/\/www.zuazogaston.com\/web\/wp-content\/uploads\/2015\/03\/vin06.jpg","type":"image\/jpeg"}],"twitter_card":"summary_large_image","twitter_site":"@ZuazoGaston","schema":{"@context":"https:\/\/schema.org","@graph":[{"@type":"WebPage","@id":"https:\/\/www.zuazogaston.com\/web\/producto\/zuazo-gaston\/zuazo-gaston-seleccion-de-familia\/","url":"https:\/\/www.zuazogaston.com\/web\/producto\/zuazo-gaston\/zuazo-gaston-seleccion-de-familia\/","name":"ZUAZO GAST\u00d3N - Selecci\u00f3n de Familia","isPartOf":{"@id":"https:\/\/www.zuazogaston.com\/web\/#website"},"primaryImageOfPage":{"@id":"https:\/\/www.zuazogaston.com\/web\/producto\/zuazo-gaston\/zuazo-gaston-seleccion-de-familia\/#primaryimage"},"image":{"@id":"https:\/\/www.zuazogaston.com\/web\/producto\/zuazo-gaston\/zuazo-gaston-seleccion-de-familia\/#primaryimage"},"thumbnailUrl":"https:\/\/www.zuazogaston.com\/web\/wp-content\/uploads\/2015\/03\/vin06.jpg","datePublished":"2015-03-30T19:08:08+00:00","dateModified":"2025-08-25T10:09:31+00:00","description":"ZUAZO GAST\u00d3N - Selecci\u00f3n de Familia","breadcrumb":{"@id":"https:\/\/www.zuazogaston.com\/web\/producto\/zuazo-gaston\/zuazo-gaston-seleccion-de-familia\/#breadcrumb"},"inLanguage":"es","potentialAction":[{"@type":"ReadAction","target":["https:\/\/www.zuazogaston.com\/web\/producto\/zuazo-gaston\/zuazo-gaston-seleccion-de-familia\/"]}]},{"@type":"ImageObject","inLanguage":"es","@id":"https:\/\/www.zuazogaston.com\/web\/producto\/zuazo-gaston\/zuazo-gaston-seleccion-de-familia\/#primaryimage","url":"https:\/\/www.zuazogaston.com\/web\/wp-content\/uploads\/2015\/03\/vin06.jpg","contentUrl":"https:\/\/www.zuazogaston.com\/web\/wp-content\/uploads\/2015\/03\/vin06.jpg","width":510,"height":651},{"@type":"BreadcrumbList","@id":"https:\/\/www.zuazogaston.com\/web\/producto\/zuazo-gaston\/zuazo-gaston-seleccion-de-familia\/#breadcrumb","itemListElement":[{"@type":"ListItem","position":1,"name":"Inicio","item":"https:\/\/www.zuazogaston.com\/web\/"},{"@type":"ListItem","position":2,"name":"Tienda","item":"https:\/\/www.zuazogaston.com\/web\/producto-2\/"},{"@type":"ListItem","position":3,"name":"Zuazo Gast\u00f3n","item":"https:\/\/www.zuazogaston.com\/web\/categoria-producto\/zuazo-gaston\/"},{"@type":"ListItem","position":4,"name":"Selecci\u00f3n de Familia Rioja (Caja 6 b.)"}]},{"@type":"WebSite","@id":"https:\/\/www.zuazogaston.com\/web\/#website","url":"https:\/\/www.zuazogaston.com\/web\/","name":"Zuazo Gast\u00f3n","description":"Bodegas y Vi\u00f1edos","potentialAction":[{"@type":"SearchAction","target":{"@type":"EntryPoint","urlTemplate":"https:\/\/www.zuazogaston.com\/web\/?s={search_term_string}"},"query-input":{"@type":"PropertyValueSpecification","valueRequired":true,"valueName":"search_term_string"}}],"inLanguage":"es"}]}},"_links":{"self":[{"href":"https:\/\/www.zuazogaston.com\/web\/wp-json\/wp\/v2\/product\/220","targetHints":{"allow":["GET"]}}],"collection":[{"href":"https:\/\/www.zuazogaston.com\/web\/wp-json\/wp\/v2\/product"}],"about":[{"href":"https:\/\/www.zuazogaston.com\/web\/wp-json\/wp\/v2\/types\/product"}],"replies":[{"embeddable":true,"href":"https:\/\/www.zuazogaston.com\/web\/wp-json\/wp\/v2\/comments?post=220"}],"wp:featuredmedia":[{"embeddable":true,"href":"https:\/\/www.zuazogaston.com\/web\/wp-json\/wp\/v2\/media\/3107"}],"wp:attachment":[{"href":"https:\/\/www.zuazogaston.com\/web\/wp-json\/wp\/v2\/media?parent=220"}],"wp:term":[{"taxonomy":"product_brand","embeddable":true,"href":"https:\/\/www.zuazogaston.com\/web\/wp-json\/wp\/v2\/product_brand?post=220"},{"taxonomy":"product_cat","embeddable":true,"href":"https:\/\/www.zuazogaston.com\/web\/wp-json\/wp\/v2\/product_cat?post=220"},{"taxonomy":"product_tag","embeddable":true,"href":"https:\/\/www.zuazogaston.com\/web\/wp-json\/wp\/v2\/product_tag?post=220"}],"curies":[{"name":"wp","href":"https:\/\/api.w.org\/{rel}","templated":true}]}}