{"id":216,"date":"2015-03-30T20:10:40","date_gmt":"2015-03-30T19:10:40","guid":{"rendered":"http:\/\/zuazogaston.com\/singular\/?post_type=product&#038;p=216"},"modified":"2025-08-20T09:57:55","modified_gmt":"2025-08-20T08:57:55","slug":"zg-edicion-limitada","status":"publish","type":"product","link":"https:\/\/www.zuazogaston.com\/web\/producto\/zg\/zg-edicion-limitada\/","title":{"rendered":"Edici\u00f3n Limitada Rioja"},"content":{"rendered":"","protected":false},"excerpt":{"rendered":"<div class=\"page\" title=\"Page 1\">\n<div class=\"section\">\n<h2 class=\"column\"><span style=\"color: #b57800;\">1 botella. A\u00f1ada 2020<\/span><\/h2>\n<p>VARIEDADES: Tempranillo 95%, Graciano 5%.<br \/>\nELABORACI\u00d3N. Selecci\u00f3n de diferentes zonas concretas de los vi\u00f1edos m\u00e1s antiguos de la familia.<br \/>\nCRIANZA. 14 meses en barrica de roble franc\u00e9s, hasta alcanzar su plenitud con el reposo de 12 meses en botella.<br \/>\nCATA. Color cereza granate de capa media alta, glic\u00e9rico, con un ligero ribete rojizo. Aroma intenso, combinando la fruta roja y confitada con las especias, el cacao y las cremas. Madera bien ensamblada. Paso agradable, complejo y equilibrado por boca con una sensaci\u00f3n retronasal, grata y presistente.<br \/>\nGASTRONOM\u00cdA: Carnes de caza y asadas, guisos condimentados o en salsa y quesos.<\/p>\n<p class=\"layoutArea\"><span style=\"color: #b57800;\"><a href=\"http:\/\/www.zuazogaston.com\/web\/PDF\/zg_rioja.pdf\" target=\"_blank\" rel=\"noopener noreferrer\"><span style=\"text-decoration: underline;\">Descargar ficha en PDF<\/span><\/a>\u00a0<span style=\"color: #808080;\">\u00a0\/<\/span>\u00a0\u00a0<a href=\"http:\/\/www.zuazogaston.com\/web\/PDF\/zg_rioja.jpg\" target=\"_blank\" rel=\"noopener noreferrer\"><span style=\"text-decoration: underline;\">Descargar imagen<\/span><\/a><\/span><\/p>\n<\/div>\n<\/div>\n<h2><strong>1 botella<\/strong><\/h2>\n","protected":false},"featured_media":3740,"comment_status":"open","ping_status":"closed","template":"","meta":[],"product_brand":[],"product_cat":[235],"product_tag":[171,165,105],"class_list":{"0":"post-216","1":"product","2":"type-product","3":"status-publish","4":"has-post-thumbnail","6":"product_cat-zg","7":"product_tag-crianza-edicion-limitada","8":"product_tag-rioja","9":"product_tag-tempranillo","11":"first","12":"instock","13":"shipping-taxable","14":"purchasable","15":"product-type-simple"},"yoast_head":"<!-- This site is optimized with the Yoast SEO plugin v26.4 - https:\/\/yoast.com\/wordpress\/plugins\/seo\/ -->\n<title>ZG Edici\u00f3n Limitada<\/title>\n<meta name=\"description\" content=\"ZG Crianza Edici\u00f3n Limitada Rioja\" \/>\n<meta name=\"robots\" content=\"index, follow, max-snippet:-1, max-image-preview:large, max-video-preview:-1\" \/>\n<link rel=\"canonical\" href=\"https:\/\/www.zuazogaston.com\/web\/producto\/zg\/zg-edicion-limitada\/\" \/>\n<meta property=\"og:locale\" content=\"es_ES\" \/>\n<meta property=\"og:type\" content=\"article\" \/>\n<meta property=\"og:title\" content=\"ZG Edici\u00f3n Limitada\" \/>\n<meta property=\"og:description\" content=\"ZG Crianza Edici\u00f3n Limitada Rioja\" \/>\n<meta property=\"og:url\" content=\"https:\/\/www.zuazogaston.com\/web\/producto\/zg\/zg-edicion-limitada\/\" \/>\n<meta property=\"og:site_name\" content=\"Zuazo Gast\u00f3n\" \/>\n<meta property=\"article:publisher\" content=\"http:\/\/www.facebook.com\/BodegasZuazoGaston\" \/>\n<meta property=\"article:modified_time\" content=\"2025-08-20T08:57:55+00:00\" \/>\n<meta property=\"og:image\" content=\"https:\/\/www.zuazogaston.com\/web\/wp-content\/uploads\/2018\/04\/vin07.jpg\" \/>\n\t<meta property=\"og:image:width\" content=\"510\" \/>\n\t<meta property=\"og:image:height\" content=\"651\" \/>\n\t<meta property=\"og:image:type\" content=\"image\/jpeg\" \/>\n<meta name=\"twitter:card\" content=\"summary_large_image\" \/>\n<meta name=\"twitter:site\" content=\"@ZuazoGaston\" \/>\n<script type=\"application\/ld+json\" class=\"yoast-schema-graph\">{\"@context\":\"https:\/\/schema.org\",\"@graph\":[{\"@type\":\"WebPage\",\"@id\":\"https:\/\/www.zuazogaston.com\/web\/producto\/zg\/zg-edicion-limitada\/\",\"url\":\"https:\/\/www.zuazogaston.com\/web\/producto\/zg\/zg-edicion-limitada\/\",\"name\":\"ZG Edici\u00f3n Limitada\",\"isPartOf\":{\"@id\":\"http:\/\/www.zuazogaston.com\/web\/#website\"},\"primaryImageOfPage\":{\"@id\":\"https:\/\/www.zuazogaston.com\/web\/producto\/zg\/zg-edicion-limitada\/#primaryimage\"},\"image\":{\"@id\":\"https:\/\/www.zuazogaston.com\/web\/producto\/zg\/zg-edicion-limitada\/#primaryimage\"},\"thumbnailUrl\":\"https:\/\/www.zuazogaston.com\/web\/wp-content\/uploads\/2018\/04\/vin07.jpg\",\"datePublished\":\"2015-03-30T19:10:40+00:00\",\"dateModified\":\"2025-08-20T08:57:55+00:00\",\"description\":\"ZG Crianza Edici\u00f3n Limitada Rioja\",\"breadcrumb\":{\"@id\":\"https:\/\/www.zuazogaston.com\/web\/producto\/zg\/zg-edicion-limitada\/#breadcrumb\"},\"inLanguage\":\"es\",\"potentialAction\":[{\"@type\":\"ReadAction\",\"target\":[\"https:\/\/www.zuazogaston.com\/web\/producto\/zg\/zg-edicion-limitada\/\"]}]},{\"@type\":\"ImageObject\",\"inLanguage\":\"es\",\"@id\":\"https:\/\/www.zuazogaston.com\/web\/producto\/zg\/zg-edicion-limitada\/#primaryimage\",\"url\":\"https:\/\/www.zuazogaston.com\/web\/wp-content\/uploads\/2018\/04\/vin07.jpg\",\"contentUrl\":\"https:\/\/www.zuazogaston.com\/web\/wp-content\/uploads\/2018\/04\/vin07.jpg\",\"width\":510,\"height\":651},{\"@type\":\"BreadcrumbList\",\"@id\":\"https:\/\/www.zuazogaston.com\/web\/producto\/zg\/zg-edicion-limitada\/#breadcrumb\",\"itemListElement\":[{\"@type\":\"ListItem\",\"position\":1,\"name\":\"Inicio\",\"item\":\"http:\/\/www.zuazogaston.com\/web\/\"},{\"@type\":\"ListItem\",\"position\":2,\"name\":\"Tienda\",\"item\":\"https:\/\/www.zuazogaston.com\/web\/producto-2\/\"},{\"@type\":\"ListItem\",\"position\":3,\"name\":\"ZG\",\"item\":\"https:\/\/www.zuazogaston.com\/web\/categoria-producto\/zg\/\"},{\"@type\":\"ListItem\",\"position\":4,\"name\":\"Edici\u00f3n Limitada Rioja\"}]},{\"@type\":\"WebSite\",\"@id\":\"http:\/\/www.zuazogaston.com\/web\/#website\",\"url\":\"http:\/\/www.zuazogaston.com\/web\/\",\"name\":\"Zuazo Gast\u00f3n\",\"description\":\"Bodegas y Vi\u00f1edos\",\"potentialAction\":[{\"@type\":\"SearchAction\",\"target\":{\"@type\":\"EntryPoint\",\"urlTemplate\":\"http:\/\/www.zuazogaston.com\/web\/?s={search_term_string}\"},\"query-input\":{\"@type\":\"PropertyValueSpecification\",\"valueRequired\":true,\"valueName\":\"search_term_string\"}}],\"inLanguage\":\"es\"}]}<\/script>\n<!-- \/ Yoast SEO plugin. -->","yoast_head_json":{"title":"ZG Edici\u00f3n Limitada","description":"ZG Crianza Edici\u00f3n Limitada Rioja","robots":{"index":"index","follow":"follow","max-snippet":"max-snippet:-1","max-image-preview":"max-image-preview:large","max-video-preview":"max-video-preview:-1"},"canonical":"https:\/\/www.zuazogaston.com\/web\/producto\/zg\/zg-edicion-limitada\/","og_locale":"es_ES","og_type":"article","og_title":"ZG Edici\u00f3n Limitada","og_description":"ZG Crianza Edici\u00f3n Limitada Rioja","og_url":"https:\/\/www.zuazogaston.com\/web\/producto\/zg\/zg-edicion-limitada\/","og_site_name":"Zuazo Gast\u00f3n","article_publisher":"http:\/\/www.facebook.com\/BodegasZuazoGaston","article_modified_time":"2025-08-20T08:57:55+00:00","og_image":[{"width":510,"height":651,"url":"https:\/\/www.zuazogaston.com\/web\/wp-content\/uploads\/2018\/04\/vin07.jpg","type":"image\/jpeg"}],"twitter_card":"summary_large_image","twitter_site":"@ZuazoGaston","schema":{"@context":"https:\/\/schema.org","@graph":[{"@type":"WebPage","@id":"https:\/\/www.zuazogaston.com\/web\/producto\/zg\/zg-edicion-limitada\/","url":"https:\/\/www.zuazogaston.com\/web\/producto\/zg\/zg-edicion-limitada\/","name":"ZG Edici\u00f3n Limitada","isPartOf":{"@id":"http:\/\/www.zuazogaston.com\/web\/#website"},"primaryImageOfPage":{"@id":"https:\/\/www.zuazogaston.com\/web\/producto\/zg\/zg-edicion-limitada\/#primaryimage"},"image":{"@id":"https:\/\/www.zuazogaston.com\/web\/producto\/zg\/zg-edicion-limitada\/#primaryimage"},"thumbnailUrl":"https:\/\/www.zuazogaston.com\/web\/wp-content\/uploads\/2018\/04\/vin07.jpg","datePublished":"2015-03-30T19:10:40+00:00","dateModified":"2025-08-20T08:57:55+00:00","description":"ZG Crianza Edici\u00f3n Limitada Rioja","breadcrumb":{"@id":"https:\/\/www.zuazogaston.com\/web\/producto\/zg\/zg-edicion-limitada\/#breadcrumb"},"inLanguage":"es","potentialAction":[{"@type":"ReadAction","target":["https:\/\/www.zuazogaston.com\/web\/producto\/zg\/zg-edicion-limitada\/"]}]},{"@type":"ImageObject","inLanguage":"es","@id":"https:\/\/www.zuazogaston.com\/web\/producto\/zg\/zg-edicion-limitada\/#primaryimage","url":"https:\/\/www.zuazogaston.com\/web\/wp-content\/uploads\/2018\/04\/vin07.jpg","contentUrl":"https:\/\/www.zuazogaston.com\/web\/wp-content\/uploads\/2018\/04\/vin07.jpg","width":510,"height":651},{"@type":"BreadcrumbList","@id":"https:\/\/www.zuazogaston.com\/web\/producto\/zg\/zg-edicion-limitada\/#breadcrumb","itemListElement":[{"@type":"ListItem","position":1,"name":"Inicio","item":"http:\/\/www.zuazogaston.com\/web\/"},{"@type":"ListItem","position":2,"name":"Tienda","item":"https:\/\/www.zuazogaston.com\/web\/producto-2\/"},{"@type":"ListItem","position":3,"name":"ZG","item":"https:\/\/www.zuazogaston.com\/web\/categoria-producto\/zg\/"},{"@type":"ListItem","position":4,"name":"Edici\u00f3n Limitada Rioja"}]},{"@type":"WebSite","@id":"http:\/\/www.zuazogaston.com\/web\/#website","url":"http:\/\/www.zuazogaston.com\/web\/","name":"Zuazo Gast\u00f3n","description":"Bodegas y Vi\u00f1edos","potentialAction":[{"@type":"SearchAction","target":{"@type":"EntryPoint","urlTemplate":"http:\/\/www.zuazogaston.com\/web\/?s={search_term_string}"},"query-input":{"@type":"PropertyValueSpecification","valueRequired":true,"valueName":"search_term_string"}}],"inLanguage":"es"}]}},"_links":{"self":[{"href":"https:\/\/www.zuazogaston.com\/web\/wp-json\/wp\/v2\/product\/216","targetHints":{"allow":["GET"]}}],"collection":[{"href":"https:\/\/www.zuazogaston.com\/web\/wp-json\/wp\/v2\/product"}],"about":[{"href":"https:\/\/www.zuazogaston.com\/web\/wp-json\/wp\/v2\/types\/product"}],"replies":[{"embeddable":true,"href":"https:\/\/www.zuazogaston.com\/web\/wp-json\/wp\/v2\/comments?post=216"}],"wp:featuredmedia":[{"embeddable":true,"href":"https:\/\/www.zuazogaston.com\/web\/wp-json\/wp\/v2\/media\/3740"}],"wp:attachment":[{"href":"https:\/\/www.zuazogaston.com\/web\/wp-json\/wp\/v2\/media?parent=216"}],"wp:term":[{"taxonomy":"product_brand","embeddable":true,"href":"https:\/\/www.zuazogaston.com\/web\/wp-json\/wp\/v2\/product_brand?post=216"},{"taxonomy":"product_cat","embeddable":true,"href":"https:\/\/www.zuazogaston.com\/web\/wp-json\/wp\/v2\/product_cat?post=216"},{"taxonomy":"product_tag","embeddable":true,"href":"https:\/\/www.zuazogaston.com\/web\/wp-json\/wp\/v2\/product_tag?post=216"}],"curies":[{"name":"wp","href":"https:\/\/api.w.org\/{rel}","templated":true}]}}