{"id":213,"date":"2015-03-30T20:07:59","date_gmt":"2015-03-30T19:07:59","guid":{"rendered":"http:\/\/zuazogaston.com\/singular\/?post_type=product&#038;p=213"},"modified":"2025-08-25T11:10:03","modified_gmt":"2025-08-25T10:10:03","slug":"reserva","status":"publish","type":"product","link":"https:\/\/www.zuazogaston.com\/web\/producto\/zuazo-gaston\/reserva\/","title":{"rendered":"Reserva Rioja (Caja 6 b.)"},"content":{"rendered":"","protected":false},"excerpt":{"rendered":"<h2 class=\"column\"><span style=\"color: #b57800;\"><br \/>\nCaja de 6 botellas.<\/span><\/h2>\n<p>VARIEDADES: Tempranillo 95%, Graciano 5%.<br \/>\nResultado de la selecci\u00f3n de uva de los vi\u00f1edos m\u00e1s antiguos de la familia que, junto al control de maduraci\u00f3n y momento \u00f3ptimo de vendimia, consigue una estabilidad y un equilibrio inmejorables.<br \/>\nCRIANZA: 20 meses en barrica de roble franc\u00e9s de 225 l. y 18 meses en botella.<br \/>\nCATA: Color rojo rub\u00ed con matices teja. Elegante crianza con el justo aroma a vainilla y recuerdos varietales donde prevalecen los aromas especiados y bals\u00e1micos. Equilibrado y complejo bouquet, proporciona en boca una sensaci\u00f3n sedosa de gusto suave y elegante. Vino de larga e intensa persistencia y particular retrogusto.<br \/>\nMARIDAJE: Recomendado para asados, caza, carnes rojas y quesos duros.<br \/>\nTEMPERATURA DE CONSUMO: 16\u00ba-18\u00ba C.<\/p>\n<p><a href=\"http:\/\/www.zuazogaston.com\/web\/PDF\/reserva.pdf\" target=\"_blank\" rel=\"noopener noreferrer\"><span style=\"text-decoration: underline;\">Descargar ficha en PDF<\/span><\/a>\u00a0<span style=\"color: #808080;\">\u00a0\/<\/span>\u00a0\u00a0<a href=\"http:\/\/www.zuazogaston.com\/web\/PDF\/reserva.jpg\" target=\"_blank\" rel=\"noopener noreferrer\"><span style=\"text-decoration: underline;\">Descargar imagen<\/span><\/a><\/p>\n<h2><strong>Caja de 6 Bot.<\/strong><\/h2>\n","protected":false},"featured_media":3456,"comment_status":"open","ping_status":"closed","template":"","meta":[],"product_brand":[],"product_cat":[234],"product_tag":[167,119,165,105],"class_list":{"0":"post-213","1":"product","2":"type-product","3":"status-publish","4":"has-post-thumbnail","6":"product_cat-zuazo-gaston","7":"product_tag-barrica","8":"product_tag-reserva","9":"product_tag-rioja","10":"product_tag-tempranillo","12":"first","13":"instock","14":"shipping-taxable","15":"purchasable","16":"product-type-simple"},"yoast_head":"<!-- This site is optimized with the Yoast SEO plugin v26.4 - https:\/\/yoast.com\/wordpress\/plugins\/seo\/ -->\n<title>ZUAZO GAST\u00d3N - Reserva<\/title>\n<meta name=\"description\" content=\"ZUAZO GAST\u00d3N - Reserva\" \/>\n<meta name=\"robots\" content=\"index, follow, max-snippet:-1, max-image-preview:large, max-video-preview:-1\" \/>\n<link rel=\"canonical\" href=\"https:\/\/www.zuazogaston.com\/web\/producto\/zuazo-gaston\/reserva\/\" \/>\n<meta property=\"og:locale\" content=\"es_ES\" \/>\n<meta property=\"og:type\" content=\"article\" \/>\n<meta property=\"og:title\" content=\"ZUAZO GAST\u00d3N - Reserva\" \/>\n<meta property=\"og:description\" content=\"ZUAZO GAST\u00d3N - Reserva\" \/>\n<meta property=\"og:url\" content=\"https:\/\/www.zuazogaston.com\/web\/producto\/zuazo-gaston\/reserva\/\" \/>\n<meta property=\"og:site_name\" content=\"Zuazo Gast\u00f3n\" \/>\n<meta property=\"article:publisher\" content=\"http:\/\/www.facebook.com\/BodegasZuazoGaston\" \/>\n<meta property=\"article:modified_time\" content=\"2025-08-25T10:10:03+00:00\" \/>\n<meta property=\"og:image\" content=\"https:\/\/www.zuazogaston.com\/web\/wp-content\/uploads\/2015\/03\/vin03.jpg\" \/>\n\t<meta property=\"og:image:width\" content=\"510\" \/>\n\t<meta property=\"og:image:height\" content=\"651\" \/>\n\t<meta property=\"og:image:type\" content=\"image\/jpeg\" \/>\n<meta name=\"twitter:card\" content=\"summary_large_image\" \/>\n<meta name=\"twitter:site\" content=\"@ZuazoGaston\" \/>\n<script type=\"application\/ld+json\" class=\"yoast-schema-graph\">{\"@context\":\"https:\/\/schema.org\",\"@graph\":[{\"@type\":\"WebPage\",\"@id\":\"https:\/\/www.zuazogaston.com\/web\/producto\/zuazo-gaston\/reserva\/\",\"url\":\"https:\/\/www.zuazogaston.com\/web\/producto\/zuazo-gaston\/reserva\/\",\"name\":\"ZUAZO GAST\u00d3N - Reserva\",\"isPartOf\":{\"@id\":\"https:\/\/www.zuazogaston.com\/web\/#website\"},\"primaryImageOfPage\":{\"@id\":\"https:\/\/www.zuazogaston.com\/web\/producto\/zuazo-gaston\/reserva\/#primaryimage\"},\"image\":{\"@id\":\"https:\/\/www.zuazogaston.com\/web\/producto\/zuazo-gaston\/reserva\/#primaryimage\"},\"thumbnailUrl\":\"https:\/\/www.zuazogaston.com\/web\/wp-content\/uploads\/2015\/03\/vin03.jpg\",\"datePublished\":\"2015-03-30T19:07:59+00:00\",\"dateModified\":\"2025-08-25T10:10:03+00:00\",\"description\":\"ZUAZO GAST\u00d3N - Reserva\",\"breadcrumb\":{\"@id\":\"https:\/\/www.zuazogaston.com\/web\/producto\/zuazo-gaston\/reserva\/#breadcrumb\"},\"inLanguage\":\"es\",\"potentialAction\":[{\"@type\":\"ReadAction\",\"target\":[\"https:\/\/www.zuazogaston.com\/web\/producto\/zuazo-gaston\/reserva\/\"]}]},{\"@type\":\"ImageObject\",\"inLanguage\":\"es\",\"@id\":\"https:\/\/www.zuazogaston.com\/web\/producto\/zuazo-gaston\/reserva\/#primaryimage\",\"url\":\"https:\/\/www.zuazogaston.com\/web\/wp-content\/uploads\/2015\/03\/vin03.jpg\",\"contentUrl\":\"https:\/\/www.zuazogaston.com\/web\/wp-content\/uploads\/2015\/03\/vin03.jpg\",\"width\":510,\"height\":651,\"caption\":\"Botella Reserva Zuazo Gast\u00f3n\"},{\"@type\":\"BreadcrumbList\",\"@id\":\"https:\/\/www.zuazogaston.com\/web\/producto\/zuazo-gaston\/reserva\/#breadcrumb\",\"itemListElement\":[{\"@type\":\"ListItem\",\"position\":1,\"name\":\"Inicio\",\"item\":\"https:\/\/www.zuazogaston.com\/web\/\"},{\"@type\":\"ListItem\",\"position\":2,\"name\":\"Tienda\",\"item\":\"https:\/\/www.zuazogaston.com\/web\/producto-2\/\"},{\"@type\":\"ListItem\",\"position\":3,\"name\":\"Zuazo Gast\u00f3n\",\"item\":\"https:\/\/www.zuazogaston.com\/web\/categoria-producto\/zuazo-gaston\/\"},{\"@type\":\"ListItem\",\"position\":4,\"name\":\"Reserva Rioja (Caja 6 b.)\"}]},{\"@type\":\"WebSite\",\"@id\":\"https:\/\/www.zuazogaston.com\/web\/#website\",\"url\":\"https:\/\/www.zuazogaston.com\/web\/\",\"name\":\"Zuazo Gast\u00f3n\",\"description\":\"Bodegas y Vi\u00f1edos\",\"potentialAction\":[{\"@type\":\"SearchAction\",\"target\":{\"@type\":\"EntryPoint\",\"urlTemplate\":\"https:\/\/www.zuazogaston.com\/web\/?s={search_term_string}\"},\"query-input\":{\"@type\":\"PropertyValueSpecification\",\"valueRequired\":true,\"valueName\":\"search_term_string\"}}],\"inLanguage\":\"es\"}]}<\/script>\n<!-- \/ Yoast SEO plugin. -->","yoast_head_json":{"title":"ZUAZO GAST\u00d3N - Reserva","description":"ZUAZO GAST\u00d3N - Reserva","robots":{"index":"index","follow":"follow","max-snippet":"max-snippet:-1","max-image-preview":"max-image-preview:large","max-video-preview":"max-video-preview:-1"},"canonical":"https:\/\/www.zuazogaston.com\/web\/producto\/zuazo-gaston\/reserva\/","og_locale":"es_ES","og_type":"article","og_title":"ZUAZO GAST\u00d3N - Reserva","og_description":"ZUAZO GAST\u00d3N - Reserva","og_url":"https:\/\/www.zuazogaston.com\/web\/producto\/zuazo-gaston\/reserva\/","og_site_name":"Zuazo Gast\u00f3n","article_publisher":"http:\/\/www.facebook.com\/BodegasZuazoGaston","article_modified_time":"2025-08-25T10:10:03+00:00","og_image":[{"width":510,"height":651,"url":"https:\/\/www.zuazogaston.com\/web\/wp-content\/uploads\/2015\/03\/vin03.jpg","type":"image\/jpeg"}],"twitter_card":"summary_large_image","twitter_site":"@ZuazoGaston","schema":{"@context":"https:\/\/schema.org","@graph":[{"@type":"WebPage","@id":"https:\/\/www.zuazogaston.com\/web\/producto\/zuazo-gaston\/reserva\/","url":"https:\/\/www.zuazogaston.com\/web\/producto\/zuazo-gaston\/reserva\/","name":"ZUAZO GAST\u00d3N - Reserva","isPartOf":{"@id":"https:\/\/www.zuazogaston.com\/web\/#website"},"primaryImageOfPage":{"@id":"https:\/\/www.zuazogaston.com\/web\/producto\/zuazo-gaston\/reserva\/#primaryimage"},"image":{"@id":"https:\/\/www.zuazogaston.com\/web\/producto\/zuazo-gaston\/reserva\/#primaryimage"},"thumbnailUrl":"https:\/\/www.zuazogaston.com\/web\/wp-content\/uploads\/2015\/03\/vin03.jpg","datePublished":"2015-03-30T19:07:59+00:00","dateModified":"2025-08-25T10:10:03+00:00","description":"ZUAZO GAST\u00d3N - Reserva","breadcrumb":{"@id":"https:\/\/www.zuazogaston.com\/web\/producto\/zuazo-gaston\/reserva\/#breadcrumb"},"inLanguage":"es","potentialAction":[{"@type":"ReadAction","target":["https:\/\/www.zuazogaston.com\/web\/producto\/zuazo-gaston\/reserva\/"]}]},{"@type":"ImageObject","inLanguage":"es","@id":"https:\/\/www.zuazogaston.com\/web\/producto\/zuazo-gaston\/reserva\/#primaryimage","url":"https:\/\/www.zuazogaston.com\/web\/wp-content\/uploads\/2015\/03\/vin03.jpg","contentUrl":"https:\/\/www.zuazogaston.com\/web\/wp-content\/uploads\/2015\/03\/vin03.jpg","width":510,"height":651,"caption":"Botella Reserva Zuazo Gast\u00f3n"},{"@type":"BreadcrumbList","@id":"https:\/\/www.zuazogaston.com\/web\/producto\/zuazo-gaston\/reserva\/#breadcrumb","itemListElement":[{"@type":"ListItem","position":1,"name":"Inicio","item":"https:\/\/www.zuazogaston.com\/web\/"},{"@type":"ListItem","position":2,"name":"Tienda","item":"https:\/\/www.zuazogaston.com\/web\/producto-2\/"},{"@type":"ListItem","position":3,"name":"Zuazo Gast\u00f3n","item":"https:\/\/www.zuazogaston.com\/web\/categoria-producto\/zuazo-gaston\/"},{"@type":"ListItem","position":4,"name":"Reserva Rioja (Caja 6 b.)"}]},{"@type":"WebSite","@id":"https:\/\/www.zuazogaston.com\/web\/#website","url":"https:\/\/www.zuazogaston.com\/web\/","name":"Zuazo Gast\u00f3n","description":"Bodegas y Vi\u00f1edos","potentialAction":[{"@type":"SearchAction","target":{"@type":"EntryPoint","urlTemplate":"https:\/\/www.zuazogaston.com\/web\/?s={search_term_string}"},"query-input":{"@type":"PropertyValueSpecification","valueRequired":true,"valueName":"search_term_string"}}],"inLanguage":"es"}]}},"_links":{"self":[{"href":"https:\/\/www.zuazogaston.com\/web\/wp-json\/wp\/v2\/product\/213","targetHints":{"allow":["GET"]}}],"collection":[{"href":"https:\/\/www.zuazogaston.com\/web\/wp-json\/wp\/v2\/product"}],"about":[{"href":"https:\/\/www.zuazogaston.com\/web\/wp-json\/wp\/v2\/types\/product"}],"replies":[{"embeddable":true,"href":"https:\/\/www.zuazogaston.com\/web\/wp-json\/wp\/v2\/comments?post=213"}],"wp:featuredmedia":[{"embeddable":true,"href":"https:\/\/www.zuazogaston.com\/web\/wp-json\/wp\/v2\/media\/3456"}],"wp:attachment":[{"href":"https:\/\/www.zuazogaston.com\/web\/wp-json\/wp\/v2\/media?parent=213"}],"wp:term":[{"taxonomy":"product_brand","embeddable":true,"href":"https:\/\/www.zuazogaston.com\/web\/wp-json\/wp\/v2\/product_brand?post=213"},{"taxonomy":"product_cat","embeddable":true,"href":"https:\/\/www.zuazogaston.com\/web\/wp-json\/wp\/v2\/product_cat?post=213"},{"taxonomy":"product_tag","embeddable":true,"href":"https:\/\/www.zuazogaston.com\/web\/wp-json\/wp\/v2\/product_tag?post=213"}],"curies":[{"name":"wp","href":"https:\/\/api.w.org\/{rel}","templated":true}]}}