{"id":205,"date":"2015-03-30T20:06:12","date_gmt":"2015-03-30T19:06:12","guid":{"rendered":"http:\/\/zuazogaston.com\/singular\/?post_type=product&#038;p=205"},"modified":"2025-08-25T11:10:33","modified_gmt":"2025-08-25T10:10:33","slug":"vendimia-seleccionada","status":"publish","type":"product","link":"https:\/\/www.zuazogaston.com\/web\/producto\/zg\/vendimia-seleccionada\/","title":{"rendered":"Vendimia Seleccionada Rioja (Caja 12 b.)"},"content":{"rendered":"","protected":false},"excerpt":{"rendered":"<h2 class=\"column\"><span style=\"color: #b57800;\"><br \/>\nCaja de 12\u00a0botellas.<\/span><\/h2>\n<p>VARIEDADES: Tempranillo 90%, Mazuelo 10%.<br \/>\nCRIANZA: 6 meses en barrica de roble americano de 225 lts.<br \/>\nCATA: Color rojo rub\u00ed intenso, limpio y brillante.Ensambla perfectamente los aromas frutales (frutos del bosque, ar\u00e1ndanos) y varietales (regaliz) con un toque sutil de madera que le otorga una sugestiva complejidad arom\u00e1tica. Estructurado en boca, con un ataque potente que se va suavizando hasta acabar en un persistente y delicado retrogusto. Por sus caracter\u00edsticas, su gran cuerpo y su complejidad, a\u00fan evolucionar\u00e1 positivamente en la botella, depar\u00e1ndonos seguramente muy agradables sorpresas.<br \/>\nGASTRONOM\u00cdA: Carnes asadas, caza menor, pescados de carne firme en salsa (rape, at\u00fan&#8230;) y quesos.<br \/>\nTEMPERATURA DE CONSUMO: 15\u00ba-17\u00ba C.<\/p>\n<p><a href=\"http:\/\/www.zuazogaston.com\/web\/PDF\/vendimia_seleccionada.pdf\" target=\"_blank\" rel=\"noopener noreferrer\"><span style=\"text-decoration: underline;\">Descargar ficha en PDF<\/span><\/a>\u00a0<span style=\"color: #808080;\">\u00a0\/<\/span>\u00a0\u00a0<a href=\"http:\/\/www.zuazogaston.com\/web\/PDF\/vendimia_seleccionada.jpg\" target=\"_blank\" rel=\"noopener noreferrer\"><span style=\"text-decoration: underline;\">Descargar imagen<\/span><\/a><\/p>\n<h2><strong>Caja de 12 Bot.<\/strong><\/h2>\n","protected":false},"featured_media":4840,"comment_status":"open","ping_status":"closed","template":"","meta":[],"product_brand":[],"product_cat":[235],"product_tag":[167,165,166,104],"class_list":{"0":"post-205","1":"product","2":"type-product","3":"status-publish","4":"has-post-thumbnail","6":"product_cat-zg","7":"product_tag-barrica","8":"product_tag-rioja","9":"product_tag-tempranilo","10":"product_tag-tinto","12":"first","13":"instock","14":"shipping-taxable","15":"purchasable","16":"product-type-simple"},"yoast_head":"<!-- This site is optimized with the Yoast SEO plugin v26.4 - https:\/\/yoast.com\/wordpress\/plugins\/seo\/ -->\n<title>ZUAZO GAST\u00d3N - Vendimia Seleccionada<\/title>\n<meta name=\"description\" content=\"ZUAZO GAST\u00d3N - Vendimia Seleccionada\" \/>\n<meta name=\"robots\" content=\"index, follow, max-snippet:-1, max-image-preview:large, max-video-preview:-1\" \/>\n<link rel=\"canonical\" href=\"https:\/\/www.zuazogaston.com\/web\/producto\/zg\/vendimia-seleccionada\/\" \/>\n<meta property=\"og:locale\" content=\"es_ES\" \/>\n<meta property=\"og:type\" content=\"article\" \/>\n<meta property=\"og:title\" content=\"ZUAZO GAST\u00d3N - Vendimia Seleccionada\" \/>\n<meta property=\"og:description\" content=\"ZUAZO GAST\u00d3N - Vendimia Seleccionada\" \/>\n<meta property=\"og:url\" content=\"https:\/\/www.zuazogaston.com\/web\/producto\/zg\/vendimia-seleccionada\/\" \/>\n<meta property=\"og:site_name\" content=\"Zuazo Gast\u00f3n\" \/>\n<meta property=\"article:publisher\" content=\"http:\/\/www.facebook.com\/BodegasZuazoGaston\" \/>\n<meta property=\"article:modified_time\" content=\"2025-08-25T10:10:33+00:00\" \/>\n<meta property=\"og:image\" content=\"https:\/\/www.zuazogaston.com\/web\/wp-content\/uploads\/2015\/03\/vin04-1.jpg\" \/>\n\t<meta property=\"og:image:width\" content=\"510\" \/>\n\t<meta property=\"og:image:height\" content=\"651\" \/>\n\t<meta property=\"og:image:type\" content=\"image\/jpeg\" \/>\n<meta name=\"twitter:card\" content=\"summary_large_image\" \/>\n<meta name=\"twitter:site\" content=\"@ZuazoGaston\" \/>\n<script type=\"application\/ld+json\" class=\"yoast-schema-graph\">{\"@context\":\"https:\/\/schema.org\",\"@graph\":[{\"@type\":\"WebPage\",\"@id\":\"https:\/\/www.zuazogaston.com\/web\/producto\/zg\/vendimia-seleccionada\/\",\"url\":\"https:\/\/www.zuazogaston.com\/web\/producto\/zg\/vendimia-seleccionada\/\",\"name\":\"ZUAZO GAST\u00d3N - Vendimia Seleccionada\",\"isPartOf\":{\"@id\":\"https:\/\/www.zuazogaston.com\/web\/#website\"},\"primaryImageOfPage\":{\"@id\":\"https:\/\/www.zuazogaston.com\/web\/producto\/zg\/vendimia-seleccionada\/#primaryimage\"},\"image\":{\"@id\":\"https:\/\/www.zuazogaston.com\/web\/producto\/zg\/vendimia-seleccionada\/#primaryimage\"},\"thumbnailUrl\":\"https:\/\/www.zuazogaston.com\/web\/wp-content\/uploads\/2015\/03\/vin04-1.jpg\",\"datePublished\":\"2015-03-30T19:06:12+00:00\",\"dateModified\":\"2025-08-25T10:10:33+00:00\",\"description\":\"ZUAZO GAST\u00d3N - Vendimia Seleccionada\",\"breadcrumb\":{\"@id\":\"https:\/\/www.zuazogaston.com\/web\/producto\/zg\/vendimia-seleccionada\/#breadcrumb\"},\"inLanguage\":\"es\",\"potentialAction\":[{\"@type\":\"ReadAction\",\"target\":[\"https:\/\/www.zuazogaston.com\/web\/producto\/zg\/vendimia-seleccionada\/\"]}]},{\"@type\":\"ImageObject\",\"inLanguage\":\"es\",\"@id\":\"https:\/\/www.zuazogaston.com\/web\/producto\/zg\/vendimia-seleccionada\/#primaryimage\",\"url\":\"https:\/\/www.zuazogaston.com\/web\/wp-content\/uploads\/2015\/03\/vin04-1.jpg\",\"contentUrl\":\"https:\/\/www.zuazogaston.com\/web\/wp-content\/uploads\/2015\/03\/vin04-1.jpg\",\"width\":510,\"height\":651},{\"@type\":\"BreadcrumbList\",\"@id\":\"https:\/\/www.zuazogaston.com\/web\/producto\/zg\/vendimia-seleccionada\/#breadcrumb\",\"itemListElement\":[{\"@type\":\"ListItem\",\"position\":1,\"name\":\"Inicio\",\"item\":\"https:\/\/www.zuazogaston.com\/web\/\"},{\"@type\":\"ListItem\",\"position\":2,\"name\":\"Tienda\",\"item\":\"https:\/\/www.zuazogaston.com\/web\/producto-2\/\"},{\"@type\":\"ListItem\",\"position\":3,\"name\":\"ZG\",\"item\":\"https:\/\/www.zuazogaston.com\/web\/categoria-producto\/zg\/\"},{\"@type\":\"ListItem\",\"position\":4,\"name\":\"Vendimia Seleccionada Rioja (Caja 12 b.)\"}]},{\"@type\":\"WebSite\",\"@id\":\"https:\/\/www.zuazogaston.com\/web\/#website\",\"url\":\"https:\/\/www.zuazogaston.com\/web\/\",\"name\":\"Zuazo Gast\u00f3n\",\"description\":\"Bodegas y Vi\u00f1edos\",\"potentialAction\":[{\"@type\":\"SearchAction\",\"target\":{\"@type\":\"EntryPoint\",\"urlTemplate\":\"https:\/\/www.zuazogaston.com\/web\/?s={search_term_string}\"},\"query-input\":{\"@type\":\"PropertyValueSpecification\",\"valueRequired\":true,\"valueName\":\"search_term_string\"}}],\"inLanguage\":\"es\"}]}<\/script>\n<!-- \/ Yoast SEO plugin. -->","yoast_head_json":{"title":"ZUAZO GAST\u00d3N - Vendimia Seleccionada","description":"ZUAZO GAST\u00d3N - Vendimia Seleccionada","robots":{"index":"index","follow":"follow","max-snippet":"max-snippet:-1","max-image-preview":"max-image-preview:large","max-video-preview":"max-video-preview:-1"},"canonical":"https:\/\/www.zuazogaston.com\/web\/producto\/zg\/vendimia-seleccionada\/","og_locale":"es_ES","og_type":"article","og_title":"ZUAZO GAST\u00d3N - Vendimia Seleccionada","og_description":"ZUAZO GAST\u00d3N - Vendimia Seleccionada","og_url":"https:\/\/www.zuazogaston.com\/web\/producto\/zg\/vendimia-seleccionada\/","og_site_name":"Zuazo Gast\u00f3n","article_publisher":"http:\/\/www.facebook.com\/BodegasZuazoGaston","article_modified_time":"2025-08-25T10:10:33+00:00","og_image":[{"width":510,"height":651,"url":"https:\/\/www.zuazogaston.com\/web\/wp-content\/uploads\/2015\/03\/vin04-1.jpg","type":"image\/jpeg"}],"twitter_card":"summary_large_image","twitter_site":"@ZuazoGaston","schema":{"@context":"https:\/\/schema.org","@graph":[{"@type":"WebPage","@id":"https:\/\/www.zuazogaston.com\/web\/producto\/zg\/vendimia-seleccionada\/","url":"https:\/\/www.zuazogaston.com\/web\/producto\/zg\/vendimia-seleccionada\/","name":"ZUAZO GAST\u00d3N - Vendimia Seleccionada","isPartOf":{"@id":"https:\/\/www.zuazogaston.com\/web\/#website"},"primaryImageOfPage":{"@id":"https:\/\/www.zuazogaston.com\/web\/producto\/zg\/vendimia-seleccionada\/#primaryimage"},"image":{"@id":"https:\/\/www.zuazogaston.com\/web\/producto\/zg\/vendimia-seleccionada\/#primaryimage"},"thumbnailUrl":"https:\/\/www.zuazogaston.com\/web\/wp-content\/uploads\/2015\/03\/vin04-1.jpg","datePublished":"2015-03-30T19:06:12+00:00","dateModified":"2025-08-25T10:10:33+00:00","description":"ZUAZO GAST\u00d3N - Vendimia Seleccionada","breadcrumb":{"@id":"https:\/\/www.zuazogaston.com\/web\/producto\/zg\/vendimia-seleccionada\/#breadcrumb"},"inLanguage":"es","potentialAction":[{"@type":"ReadAction","target":["https:\/\/www.zuazogaston.com\/web\/producto\/zg\/vendimia-seleccionada\/"]}]},{"@type":"ImageObject","inLanguage":"es","@id":"https:\/\/www.zuazogaston.com\/web\/producto\/zg\/vendimia-seleccionada\/#primaryimage","url":"https:\/\/www.zuazogaston.com\/web\/wp-content\/uploads\/2015\/03\/vin04-1.jpg","contentUrl":"https:\/\/www.zuazogaston.com\/web\/wp-content\/uploads\/2015\/03\/vin04-1.jpg","width":510,"height":651},{"@type":"BreadcrumbList","@id":"https:\/\/www.zuazogaston.com\/web\/producto\/zg\/vendimia-seleccionada\/#breadcrumb","itemListElement":[{"@type":"ListItem","position":1,"name":"Inicio","item":"https:\/\/www.zuazogaston.com\/web\/"},{"@type":"ListItem","position":2,"name":"Tienda","item":"https:\/\/www.zuazogaston.com\/web\/producto-2\/"},{"@type":"ListItem","position":3,"name":"ZG","item":"https:\/\/www.zuazogaston.com\/web\/categoria-producto\/zg\/"},{"@type":"ListItem","position":4,"name":"Vendimia Seleccionada Rioja (Caja 12 b.)"}]},{"@type":"WebSite","@id":"https:\/\/www.zuazogaston.com\/web\/#website","url":"https:\/\/www.zuazogaston.com\/web\/","name":"Zuazo Gast\u00f3n","description":"Bodegas y Vi\u00f1edos","potentialAction":[{"@type":"SearchAction","target":{"@type":"EntryPoint","urlTemplate":"https:\/\/www.zuazogaston.com\/web\/?s={search_term_string}"},"query-input":{"@type":"PropertyValueSpecification","valueRequired":true,"valueName":"search_term_string"}}],"inLanguage":"es"}]}},"_links":{"self":[{"href":"https:\/\/www.zuazogaston.com\/web\/wp-json\/wp\/v2\/product\/205","targetHints":{"allow":["GET"]}}],"collection":[{"href":"https:\/\/www.zuazogaston.com\/web\/wp-json\/wp\/v2\/product"}],"about":[{"href":"https:\/\/www.zuazogaston.com\/web\/wp-json\/wp\/v2\/types\/product"}],"replies":[{"embeddable":true,"href":"https:\/\/www.zuazogaston.com\/web\/wp-json\/wp\/v2\/comments?post=205"}],"wp:featuredmedia":[{"embeddable":true,"href":"https:\/\/www.zuazogaston.com\/web\/wp-json\/wp\/v2\/media\/4840"}],"wp:attachment":[{"href":"https:\/\/www.zuazogaston.com\/web\/wp-json\/wp\/v2\/media?parent=205"}],"wp:term":[{"taxonomy":"product_brand","embeddable":true,"href":"https:\/\/www.zuazogaston.com\/web\/wp-json\/wp\/v2\/product_brand?post=205"},{"taxonomy":"product_cat","embeddable":true,"href":"https:\/\/www.zuazogaston.com\/web\/wp-json\/wp\/v2\/product_cat?post=205"},{"taxonomy":"product_tag","embeddable":true,"href":"https:\/\/www.zuazogaston.com\/web\/wp-json\/wp\/v2\/product_tag?post=205"}],"curies":[{"name":"wp","href":"https:\/\/api.w.org\/{rel}","templated":true}]}}