{"id":5576,"date":"2025-09-01T14:05:38","date_gmt":"2025-09-01T13:05:38","guid":{"rendered":"https:\/\/www.zuazogaston.com\/web\/?page_id=5576"},"modified":"2025-09-03T09:09:19","modified_gmt":"2025-09-03T08:09:19","slug":"hacienda-gaston","status":"publish","type":"page","link":"https:\/\/www.zuazogaston.com\/web\/hacienda-gaston\/","title":{"rendered":"<!\u2013Hacienda Gast\u00f3n\u2013>"},"content":{"rendered":"<div class=\"wpb-content-wrapper\"><p>[vc_row full_width=\u00bbstretch_row\u00bb css=\u00bb.vc_custom_1756752794023{background-image: url(http:\/\/www.zuazogaston.com\/web\/wp-content\/uploads\/2025\/09\/hacienda-gaston-3.webp?id=5588) !important;background-position: center !important;background-repeat: no-repeat !important;background-size: cover !important;}\u00bb min_height=\u00bb400px\u00bb][vc_column][vc_single_image image=\u00bb5587&#8243; img_size=\u00bb300&#215;173,2&#8243; add_caption=\u00bbyes\u00bb alignment=\u00bbcenter\u00bb css=\u00bb\u00bb][\/vc_column][\/vc_row][vc_row full_width=\u00bbstretch_row\u00bb css=\u00bb.vc_custom_1756813394720{background-image: url(http:\/\/www.zuazogaston.com\/web\/wp-content\/uploads\/2025\/09\/fondo-piedra.webp?id=5589) !important;background-position: center !important;background-repeat: no-repeat !important;background-size: cover !important;}\u00bb min_height=\u00bb540px\u00bb][vc_column][vc_row_inner][vc_column_inner width=\u00bb1\/2&#8243;][vc_single_image image=\u00bb5593&#8243; alignment=\u00bbcenter\u00bb css=\u00bb\u00bb][\/vc_column_inner][vc_column_inner width=\u00bb1\/2&#8243;][vc_column_text css=\u00bb.vc_custom_1756813330477{padding-top: 50px !important;padding-bottom: 50px !important;padding-left: 20px !important;}\u00bb]<\/p>\n<h2><span style=\"color: #c29c3e;\">La Bodega<\/span><\/h2>\n<p>[\/vc_column_text][vc_column_text css=\u00bb.vc_custom_1756814280663{padding-left: 20px !important;}\u00bb]<span style=\"color: #ffffff;\">Seguramente hubo generaciones anteriores de nuestra familia que se acercaron a la vi\u00f1a y obtuvieron de ella frutos que terminar\u00edan convirti\u00e9ndose en vinos de mayor o menor calidad, y que se utilizaban para acompa\u00f1ar comidas, celebrar celebraciones y aliviar penas.<\/span><\/p>\n<p><span style=\"color: #ffffff;\">Pero es hacia la d\u00e9cada de 1930 del siglo XX cuando tenemos constancia de las primeras preocupaciones serias por el cultivo de tierras m\u00e1s adecuadas para la vid. Aquellos antepasados comenzaron a plantar variedades m\u00e1s resistentes a las plagas en suelos bien aireados y soleados que necesitaban poca humedad, pero que eran capaces de conservarla cuando la hab\u00eda.<\/span><\/p>\n<p><span style=\"color: #ffffff;\">Siguieron concienzudamente el dicho \u00abla vi\u00f1a donde hiela y el jard\u00edn donde riega\u00bb.<\/span><br \/>\n<span style=\"color: #ffffff;\">Hoy, siete generaciones despu\u00e9s, esta filosof\u00eda sigue vigente. La tierra y la uva siguen marcando la idoneidad de cada uno de nuestros vinos.<\/span>[\/vc_column_text][\/vc_column_inner][\/vc_row_inner][\/vc_column][\/vc_row][vc_row full_width=\u00bbstretch_row\u00bb css=\u00bb.vc_custom_1756813394720{background-image: url(http:\/\/www.zuazogaston.com\/web\/wp-content\/uploads\/2025\/09\/fondo-piedra.webp?id=5589) !important;background-position: center !important;background-repeat: no-repeat !important;background-size: cover !important;}\u00bb min_height=\u00bb540px\u00bb][vc_column][vc_row_inner][vc_column_inner width=\u00bb1\/2&#8243;][vc_column_text css=\u00bb.vc_custom_1756814314074{padding-top: 50px !important;padding-bottom: 50px !important;padding-left: 20px !important;}\u00bb]<\/p>\n<h2><span style=\"color: #c29c3e;\">La marca \u00abTapas\u00bb<\/span><\/h2>\n<p>[\/vc_column_text][vc_column_text css=\u00bb.vc_custom_1756814439447{padding-left: 20px !important;}\u00bb]<span style=\"color: #ffffff;\">Es un homenaje a nuestra alta cocina en miniatura, al placer de comer de pie, a la cultura \u00fanica y excepcional del tapeo.<\/span><\/p>\n<p><span style=\"color: #ffffff;\">En Hacienda Gast\u00f3n contamos con la mejor materia prima para la elaboraci\u00f3n de vinos de calidad. La edad promedio de nuestras vi\u00f1as ronda los 30 a\u00f1os.<br \/>\nAplicamos una viticultura de precisi\u00f3n utilizando tecnolog\u00eda avanzada para analizar cada vi\u00f1edo en detalle, analizar su realidad y potencial, para adaptar el trabajo a las necesidades de cada uno.<\/span>[\/vc_column_text][\/vc_column_inner][vc_column_inner width=\u00bb1\/2&#8243;][vc_single_image image=\u00bb5595&#8243; alignment=\u00bbcenter\u00bb css=\u00bb\u00bb][\/vc_column_inner][\/vc_row_inner][\/vc_column][\/vc_row][vc_row css=\u00bb.vc_custom_1756753260706{background-position: center !important;background-repeat: no-repeat !important;background-size: cover !important;}\u00bb][vc_column css=\u00bb.vc_custom_1756732061462{background-position: center !important;background-repeat: no-repeat !important;background-size: contain !important;}\u00bb][vc_raw_html][\/vc_raw_html][\/vc_column][\/vc_row][vc_row][vc_column width=\u00bb1\/2&#8243;][vc_column_text css=\u00bb\u00bb]<\/p>\n<h2 style=\"text-align: center;\">Tapas Gast\u00f3n Tempranillo<\/h2>\n<p>[\/vc_column_text][vc_single_image image=\u00bb5541&#8243; alignment=\u00bbcenter\u00bb css=\u00bb.vc_custom_1756884398646{padding-top: 20px !important;padding-bottom: 20px !important;}\u00bb][vc_column_text css=\u00bb\u00bb]<\/p>\n<p style=\"text-align: center;\">Vino elaborado con uva 100% Tempranillo, con el m\u00e1ximo rigor y cuidado de nuestros caldos, lo que le confiere un car\u00e1cter muy afrutado y fresco, con agradables aromas varietales.<\/p>\n<p>[\/vc_column_text][vc_btn title=\u00bbCOMPRAR\u00bb color=\u00bborange\u00bb size=\u00bbxs\u00bb align=\u00bbcenter\u00bb css=\u00bb\u00bb link=\u00bburl:https%3A%2F%2Fwww.zuazogaston.com%2Fweb%2Fproducto%2Ftapas-gaston%2Ftapas-gaston-tinto-tempranillo%2F\u00bb][\/vc_column][vc_column width=\u00bb1\/2&#8243;][vc_column_text css=\u00bb\u00bb]<\/p>\n<h2 style=\"text-align: center;\">Tapas Gast\u00f3n Verdejo<\/h2>\n<p>[\/vc_column_text][vc_single_image image=\u00bb5543&#8243; alignment=\u00bbcenter\u00bb css=\u00bb.vc_custom_1756885298175{padding-top: 20px !important;padding-bottom: 20px !important;}\u00bb][vc_column_text css=\u00bb\u00bb]<\/p>\n<p style=\"text-align: center;\">Vino elaborado con uva 100% Verdejo. Con el m\u00e1ximo respeto por la uva, la tecnolog\u00eda y la experiencia, se crea un vino moderno, ideal para gustos internacionales.<\/p>\n<p>[\/vc_column_text][vc_btn title=\u00bbCOMPRAR\u00bb color=\u00bborange\u00bb size=\u00bbxs\u00bb align=\u00bbcenter\u00bb css=\u00bb\u00bb link=\u00bburl:https%3A%2F%2Fwww.zuazogaston.com%2Fweb%2Fproducto%2Ftapas-gaston%2Ftapas-gaston-blanco-verdejo%2F\u00bb][\/vc_column][\/vc_row][vc_row][vc_column][\/vc_column][\/vc_row][vc_row full_width=\u00bbstretch_row\u00bb content_placement=\u00bbmiddle\u00bb css=\u00bb.vc_custom_1755693341247{padding-top: 20px !important;padding-bottom: 40px !important;background-image: url(http:\/\/www.zuazogaston.com\/web\/wp-content\/uploads\/2025\/08\/pruden_zuazo_2.webp?id=5486) !important;background-position: center !important;background-repeat: no-repeat !important;background-size: cover !important;}\u00bb][vc_column css_animation=\u00bbnone\u00bb width=\u00bb1\/3&#8243;][vc_hoverbox image=\u00bb5488&#8243; primary_title=\u00bbTe\u00f3filo Reyes\u00bb hover_title=\u00bbTe\u00f3filo Reyes\u00bb shape=\u00bbsquare\u00bb hover_background_color=\u00bbcustom\u00bb hover_btn_title=\u00bbCONOCE EL PROYECTO\u00bb css_animation=\u00bbnone\u00bb hover_add_button=\u00bbtrue\u00bb hover_custom_background=\u00bb#B89969&#8243; hover_btn_link=\u00bburl:https%3A%2F%2Fwww.teofiloreyes.com\u00bb]<\/p>\n<h6 style=\"text-align: center;\"><em>Nuestro proyecto en Ribera del Duero. Vinos muy personales en la milla de oro de la D. O.<\/em><\/h6>\n<p>[\/vc_hoverbox][\/vc_column][vc_column width=\u00bb1\/3&#8243;][vc_hoverbox image=\u00bb5490&#8243; primary_title=\u00bbHacienda Gast\u00f3n\u00bb hover_title=\u00bbTe\u00f3filo Reyes\u00bb shape=\u00bbsquare\u00bb hover_background_color=\u00bbcustom\u00bb hover_btn_title=\u00bbCONOCE TAPAS GAST\u00d3N\u00bb css_animation=\u00bbnone\u00bb hover_add_button=\u00bbtrue\u00bb hover_custom_background=\u00bb#D67272&#8243; hover_btn_link=\u00bburl:https%3A%2F%2Fwww.zuazogaston.com%2Fweb%2Fhacienda-gaston%2F\u00bb]<\/p>\n<h6 style=\"text-align: center;\"><em>Gama de vinos alejados de los cors\u00e9s de las D.O. elaborados para el disfrute.<\/em><\/h6>\n<p>[\/vc_hoverbox][\/vc_column][vc_column width=\u00bb1\/3&#8243;][vc_hoverbox image=\u00bb5492&#8243; primary_title=\u00bbExportaci\u00f3n\u00bb hover_title=\u00bbExportaci\u00f3n\u00bb shape=\u00bbsquare\u00bb hover_background_color=\u00bbcustom\u00bb hover_btn_title=\u00bbCONOCE PA\u00cdSES\u00bb css_animation=\u00bbnone\u00bb hover_add_button=\u00bbtrue\u00bb hover_custom_background=\u00bb#899F79&#8243; hover_btn_link=\u00bburl:https%3A%2F%2Fwww.zuazogaston.com%2Fweb%2Fmapas-de-distribucion%2F\u00bb]<\/p>\n<h6 style=\"text-align: center;\"><em>Nuestra labor comercial llega a todo el mundo&#8230;, o casi.<\/em><\/h6>\n<p>[\/vc_hoverbox][\/vc_column][\/vc_row][vc_column width=\u00bb1\/3&#8243;][\/vc_column]<\/p>\n<\/div>","protected":false},"excerpt":{"rendered":"<p>Aqu\u00ed va la descripci\u00f3n<\/p>\n","protected":false},"author":1,"featured_media":0,"parent":0,"menu_order":0,"comment_status":"closed","ping_status":"closed","template":"","meta":{"footnotes":""},"class_list":["post-5576","page","type-page","status-publish","hentry"],"yoast_head":"<!-- This site is optimized with the Yoast SEO plugin v26.4 - https:\/\/yoast.com\/wordpress\/plugins\/seo\/ -->\n<title>Historia - Zuazo Gast\u00f3n<\/title>\n<meta name=\"description\" content=\"Hacemos gala y orgullo de nuestros or\u00edgenes. La bodega y cada uno de nuestros vinos llevan el apellido Zuazo Gast\u00f3n representando nuestra historia.\" \/>\n<meta name=\"robots\" content=\"index, follow, max-snippet:-1, max-image-preview:large, max-video-preview:-1\" \/>\n<link rel=\"canonical\" href=\"https:\/\/www.zuazogaston.com\/web\/hacienda-gaston\/\" \/>\n<meta property=\"og:locale\" content=\"es_ES\" \/>\n<meta property=\"og:type\" content=\"article\" \/>\n<meta property=\"og:title\" content=\"Historia - Zuazo Gast\u00f3n\" \/>\n<meta property=\"og:description\" content=\"Hacemos gala y orgullo de nuestros or\u00edgenes. La bodega y cada uno de nuestros vinos llevan el apellido Zuazo Gast\u00f3n representando nuestra historia.\" \/>\n<meta property=\"og:url\" content=\"https:\/\/www.zuazogaston.com\/web\/hacienda-gaston\/\" \/>\n<meta property=\"og:site_name\" content=\"Zuazo Gast\u00f3n\" \/>\n<meta property=\"article:publisher\" content=\"http:\/\/www.facebook.com\/BodegasZuazoGaston\" \/>\n<meta property=\"article:modified_time\" content=\"2025-09-03T08:09:19+00:00\" \/>\n<meta name=\"twitter:card\" content=\"summary_large_image\" \/>\n<meta name=\"twitter:site\" content=\"@ZuazoGaston\" \/>\n<meta name=\"twitter:label1\" content=\"Tiempo de lectura\" \/>\n\t<meta name=\"twitter:data1\" content=\"3 minutos\" \/>\n<script type=\"application\/ld+json\" class=\"yoast-schema-graph\">{\"@context\":\"https:\/\/schema.org\",\"@graph\":[{\"@type\":\"WebPage\",\"@id\":\"https:\/\/www.zuazogaston.com\/web\/hacienda-gaston\/\",\"url\":\"https:\/\/www.zuazogaston.com\/web\/hacienda-gaston\/\",\"name\":\"Historia - Zuazo Gast\u00f3n\",\"isPartOf\":{\"@id\":\"http:\/\/www.zuazogaston.com\/web\/#website\"},\"datePublished\":\"2025-09-01T13:05:38+00:00\",\"dateModified\":\"2025-09-03T08:09:19+00:00\",\"description\":\"Hacemos gala y orgullo de nuestros or\u00edgenes. La bodega y cada uno de nuestros vinos llevan el apellido Zuazo Gast\u00f3n representando nuestra historia.\",\"inLanguage\":\"es\",\"potentialAction\":[{\"@type\":\"ReadAction\",\"target\":[\"https:\/\/www.zuazogaston.com\/web\/hacienda-gaston\/\"]}]},{\"@type\":\"WebSite\",\"@id\":\"http:\/\/www.zuazogaston.com\/web\/#website\",\"url\":\"http:\/\/www.zuazogaston.com\/web\/\",\"name\":\"Zuazo Gast\u00f3n\",\"description\":\"Bodegas y Vi\u00f1edos\",\"potentialAction\":[{\"@type\":\"SearchAction\",\"target\":{\"@type\":\"EntryPoint\",\"urlTemplate\":\"http:\/\/www.zuazogaston.com\/web\/?s={search_term_string}\"},\"query-input\":{\"@type\":\"PropertyValueSpecification\",\"valueRequired\":true,\"valueName\":\"search_term_string\"}}],\"inLanguage\":\"es\"}]}<\/script>\n<!-- \/ Yoast SEO plugin. -->","yoast_head_json":{"title":"Historia - Zuazo Gast\u00f3n","description":"Hacemos gala y orgullo de nuestros or\u00edgenes. La bodega y cada uno de nuestros vinos llevan el apellido Zuazo Gast\u00f3n representando nuestra historia.","robots":{"index":"index","follow":"follow","max-snippet":"max-snippet:-1","max-image-preview":"max-image-preview:large","max-video-preview":"max-video-preview:-1"},"canonical":"https:\/\/www.zuazogaston.com\/web\/hacienda-gaston\/","og_locale":"es_ES","og_type":"article","og_title":"Historia - Zuazo Gast\u00f3n","og_description":"Hacemos gala y orgullo de nuestros or\u00edgenes. La bodega y cada uno de nuestros vinos llevan el apellido Zuazo Gast\u00f3n representando nuestra historia.","og_url":"https:\/\/www.zuazogaston.com\/web\/hacienda-gaston\/","og_site_name":"Zuazo Gast\u00f3n","article_publisher":"http:\/\/www.facebook.com\/BodegasZuazoGaston","article_modified_time":"2025-09-03T08:09:19+00:00","twitter_card":"summary_large_image","twitter_site":"@ZuazoGaston","twitter_misc":{"Tiempo de lectura":"3 minutos"},"schema":{"@context":"https:\/\/schema.org","@graph":[{"@type":"WebPage","@id":"https:\/\/www.zuazogaston.com\/web\/hacienda-gaston\/","url":"https:\/\/www.zuazogaston.com\/web\/hacienda-gaston\/","name":"Historia - Zuazo Gast\u00f3n","isPartOf":{"@id":"http:\/\/www.zuazogaston.com\/web\/#website"},"datePublished":"2025-09-01T13:05:38+00:00","dateModified":"2025-09-03T08:09:19+00:00","description":"Hacemos gala y orgullo de nuestros or\u00edgenes. La bodega y cada uno de nuestros vinos llevan el apellido Zuazo Gast\u00f3n representando nuestra historia.","inLanguage":"es","potentialAction":[{"@type":"ReadAction","target":["https:\/\/www.zuazogaston.com\/web\/hacienda-gaston\/"]}]},{"@type":"WebSite","@id":"http:\/\/www.zuazogaston.com\/web\/#website","url":"http:\/\/www.zuazogaston.com\/web\/","name":"Zuazo Gast\u00f3n","description":"Bodegas y Vi\u00f1edos","potentialAction":[{"@type":"SearchAction","target":{"@type":"EntryPoint","urlTemplate":"http:\/\/www.zuazogaston.com\/web\/?s={search_term_string}"},"query-input":{"@type":"PropertyValueSpecification","valueRequired":true,"valueName":"search_term_string"}}],"inLanguage":"es"}]}},"_links":{"self":[{"href":"https:\/\/www.zuazogaston.com\/web\/wp-json\/wp\/v2\/pages\/5576","targetHints":{"allow":["GET"]}}],"collection":[{"href":"https:\/\/www.zuazogaston.com\/web\/wp-json\/wp\/v2\/pages"}],"about":[{"href":"https:\/\/www.zuazogaston.com\/web\/wp-json\/wp\/v2\/types\/page"}],"author":[{"embeddable":true,"href":"https:\/\/www.zuazogaston.com\/web\/wp-json\/wp\/v2\/users\/1"}],"replies":[{"embeddable":true,"href":"https:\/\/www.zuazogaston.com\/web\/wp-json\/wp\/v2\/comments?post=5576"}],"version-history":[{"count":14,"href":"https:\/\/www.zuazogaston.com\/web\/wp-json\/wp\/v2\/pages\/5576\/revisions"}],"predecessor-version":[{"id":5600,"href":"https:\/\/www.zuazogaston.com\/web\/wp-json\/wp\/v2\/pages\/5576\/revisions\/5600"}],"wp:attachment":[{"href":"https:\/\/www.zuazogaston.com\/web\/wp-json\/wp\/v2\/media?parent=5576"}],"curies":[{"name":"wp","href":"https:\/\/api.w.org\/{rel}","templated":true}]}}