{"id":2694,"date":"2014-06-06T12:55:34","date_gmt":"2014-06-06T10:55:34","guid":{"rendered":"http:\/\/zuazogaston.com\/bodega-y-vinedos-2\/"},"modified":"2015-03-30T08:57:12","modified_gmt":"2015-03-30T07:57:12","slug":"bodega-y-vinedos","status":"publish","type":"page","link":"https:\/\/www.zuazogaston.com\/web\/bodega-y-vinedos\/","title":{"rendered":"<!\u2013Wineries &#038; Vineyards\u2013>"},"content":{"rendered":"<div class=\"wpb-content-wrapper\"><table style=\"height: 83px;\" width=\"134\">\n<tbody>\n<tr>\n<td>\n<h1><a href=\"http:\/\/www.zuazogaston.com\/web\/web\/wp-content\/uploads\/2014\/06\/bodega_01.jpg\"><img loading=\"lazy\" decoding=\"async\" class=\"alignleft wp-image-106\" src=\"http:\/\/www.zuazogaston.com\/web\/web\/wp-content\/uploads\/2014\/06\/bodega_01-300x286.jpg\" alt=\"bodega\" width=\"540\" height=\"515\" srcset=\"https:\/\/www.zuazogaston.com\/web\/wp-content\/uploads\/2014\/06\/bodega_01-300x286.jpg 300w, https:\/\/www.zuazogaston.com\/web\/wp-content\/uploads\/2014\/06\/bodega_01-600x572.jpg 600w, https:\/\/www.zuazogaston.com\/web\/wp-content\/uploads\/2014\/06\/bodega_01.jpg 860w\" sizes=\"auto, (max-width: 540px) 100vw, 540px\" \/><\/a><\/h1>\n<\/td>\n<td>\n<h1 style=\"text-align: left;\"><strong><span style=\"color: #444444;\">Modern facilities, own vineyards and\u00a0<b class=\"b5\">qualified staff<\/b>\u00a0<b class=\"b5\">involved i<\/b><b class=\"b4\">n<\/b><b class=\"b4\">\u00a0t<\/b><b class=\"b5\">he project <\/b><\/span><\/strong><\/h1>\n<p><span style=\"color: #444444;\">The wine world\u00a0had no secrets.\u00a0When the mature fruit\u00a0is ready<\/span>,\u00a0the skills come into play\u00a0of those in charge of turning into wine.<\/p>\n<p>To achieve this goal, also we have a facility that is constantly renewed and modernized.<\/td>\n<\/tr>\n<\/tbody>\n<\/table>\n<table>\n<tbody>\n<tr>\n<td><\/td>\n<td>\n<table style=\"height: 116px;\" width=\"338\">\n<tbody>\n<tr>\n<td>\t\t\n\t\t<div class=\"shortcode_featured_1\">\n\t\t\t<div class=\"shortcode_featured_1_img_placeholder\"><img decoding=\"async\" src=\"http:\/\/www.zuazogaston.com\/web\/web\/wp-content\/uploads\/2014\/06\/bodega_02.jpg\" alt=\"\" \/><\/div>\n\t\t\t<h3><strong>Cellar<\/strong><\/h3>\n\t\t\t<p>Many generations proud of his work were adding to the family project new plots and vineyards that supply the winery nowadays.<\/p>\n\t\t\t<a href=\"http:\/\/www.zuazogaston.com\/web\/web\/nuestra-bodega\/?lang=en\">Learn More<\/a>\n\t\t<\/div>\n\t<\/td>\n<td>\t\t\n\t\t<div class=\"shortcode_featured_1\">\n\t\t\t<div class=\"shortcode_featured_1_img_placeholder\"><img decoding=\"async\" src=\"http:\/\/www.zuazogaston.com\/web\/web\/wp-content\/uploads\/2014\/06\/bodega_03.jpg\" alt=\"\" \/><\/div>\n\t\t\t<h3><strong>Vineyards<\/strong><\/h3>\n\t\t\t<p> <span style=\"color: #444444;\">We respect each of the lessons learned from our ancestors and try to apply them with modern and sustainable techniques to get excellent grapes.<\/span><\/p>\n\t\t\t<a href=\"http:\/\/www.zuazogaston.com\/web\/web\/vinedo\/?lang=en\">Learn More<\/a>\n\t\t<\/div>\n\t<\/td>\n<td>\t\t\n\t\t<div class=\"shortcode_featured_1\">\n\t\t\t<div class=\"shortcode_featured_1_img_placeholder\"><img decoding=\"async\" src=\"http:\/\/www.zuazogaston.com\/web\/web\/wp-content\/uploads\/2014\/06\/bodega_04.jpg\" alt=\"\" \/><\/div>\n\t\t\t<h3><strong>Team<\/strong><\/h3>\n\t\t\t<p> Proud of our Wines. The winery and each of our wines take the family name Zuazo Gaston representing our history.<\/p>\n\t\t\t<a href=\"http:\/\/www.zuazogaston.com\/web\/web\/equipo\/?lang=en\">Learn More<\/a>\n\t\t<\/div>\n\t<\/td>\n<\/tr>\n<\/tbody>\n<\/table>\n<\/td>\n<\/tr>\n<\/tbody>\n<\/table>\n<p>[separator top_space=\u00bb10px\u00bb bottom_space=\u00bb10px\u00bb]<\/p>\n<p>[vc_row][vc_column width=\u00bb1\/1&#8243;][recent_work_filtered items_per_row=\u00bb4&#8243;][\/vc_column][\/vc_row]<\/p>\n<\/div>","protected":false},"excerpt":{"rendered":"<p>Modern facilities, own vineyards and\u00a0qualified staff\u00a0involved in\u00a0the project The wine world\u00a0had no secrets.\u00a0When the mature fruit\u00a0is ready,\u00a0the skills come into play\u00a0of those in charge of turning into wine. To achieve this goal, also we have a facility that is constantly renewed and modernized. [separator top_space=\u00bb10px\u00bb bottom_space=\u00bb10px\u00bb] [vc_row][vc_column width=\u00bb1\/1&#8243;][recent_work_filtered items_per_row=\u00bb4&#8243;][\/vc_column][\/vc_row]<\/p>\n","protected":false},"author":1,"featured_media":0,"parent":0,"menu_order":0,"comment_status":"closed","ping_status":"closed","template":"","meta":{"footnotes":""},"class_list":["post-2694","page","type-page","status-publish","hentry"],"yoast_head":"<!-- This site is optimized with the Yoast SEO plugin v26.4 - https:\/\/yoast.com\/wordpress\/plugins\/seo\/ -->\n<title>Bodega y Vi\u00f1edos - Zuazo Gast\u00f3n<\/title>\n<meta name=\"description\" content=\"Bodegas y Vi\u00f1edos. Modernas instalaciones, vi\u00f1edo propio y personal cualificado involucrado en nuestro proyecto.\" \/>\n<meta name=\"robots\" content=\"index, follow, max-snippet:-1, max-image-preview:large, max-video-preview:-1\" \/>\n<link rel=\"canonical\" href=\"https:\/\/www.zuazogaston.com\/web\/bodega-y-vinedos\/\" \/>\n<meta property=\"og:locale\" content=\"es_ES\" \/>\n<meta property=\"og:type\" content=\"article\" \/>\n<meta property=\"og:title\" content=\"Bodega y Vi\u00f1edos - Zuazo Gast\u00f3n\" \/>\n<meta property=\"og:description\" content=\"Bodegas y Vi\u00f1edos. Modernas instalaciones, vi\u00f1edo propio y personal cualificado involucrado en nuestro proyecto.\" \/>\n<meta property=\"og:url\" content=\"https:\/\/www.zuazogaston.com\/web\/bodega-y-vinedos\/\" \/>\n<meta property=\"og:site_name\" content=\"Zuazo Gast\u00f3n\" \/>\n<meta property=\"article:publisher\" content=\"http:\/\/www.facebook.com\/BodegasZuazoGaston\" \/>\n<meta property=\"article:modified_time\" content=\"2015-03-30T07:57:12+00:00\" \/>\n<meta property=\"og:image\" content=\"http:\/\/www.zuazogaston.com\/web\/web\/wp-content\/uploads\/2014\/06\/bodega_01-300x286.jpg\" \/>\n<meta name=\"twitter:card\" content=\"summary_large_image\" \/>\n<meta name=\"twitter:site\" content=\"@ZuazoGaston\" \/>\n<meta name=\"twitter:label1\" content=\"Tiempo de lectura\" \/>\n\t<meta name=\"twitter:data1\" content=\"1 minuto\" \/>\n<script type=\"application\/ld+json\" class=\"yoast-schema-graph\">{\"@context\":\"https:\/\/schema.org\",\"@graph\":[{\"@type\":\"WebPage\",\"@id\":\"https:\/\/www.zuazogaston.com\/web\/bodega-y-vinedos\/\",\"url\":\"https:\/\/www.zuazogaston.com\/web\/bodega-y-vinedos\/\",\"name\":\"Bodega y Vi\u00f1edos - Zuazo Gast\u00f3n\",\"isPartOf\":{\"@id\":\"http:\/\/www.zuazogaston.com\/web\/#website\"},\"primaryImageOfPage\":{\"@id\":\"https:\/\/www.zuazogaston.com\/web\/bodega-y-vinedos\/#primaryimage\"},\"image\":{\"@id\":\"https:\/\/www.zuazogaston.com\/web\/bodega-y-vinedos\/#primaryimage\"},\"thumbnailUrl\":\"http:\/\/www.zuazogaston.com\/web\/web\/wp-content\/uploads\/2014\/06\/bodega_01-300x286.jpg\",\"datePublished\":\"2014-06-06T10:55:34+00:00\",\"dateModified\":\"2015-03-30T07:57:12+00:00\",\"description\":\"Bodegas y Vi\u00f1edos. Modernas instalaciones, vi\u00f1edo propio y personal cualificado involucrado en nuestro proyecto.\",\"inLanguage\":\"es\",\"potentialAction\":[{\"@type\":\"ReadAction\",\"target\":[\"https:\/\/www.zuazogaston.com\/web\/bodega-y-vinedos\/\"]}]},{\"@type\":\"ImageObject\",\"inLanguage\":\"es\",\"@id\":\"https:\/\/www.zuazogaston.com\/web\/bodega-y-vinedos\/#primaryimage\",\"url\":\"http:\/\/www.zuazogaston.com\/web\/web\/wp-content\/uploads\/2014\/06\/bodega_01-300x286.jpg\",\"contentUrl\":\"http:\/\/www.zuazogaston.com\/web\/web\/wp-content\/uploads\/2014\/06\/bodega_01-300x286.jpg\"},{\"@type\":\"WebSite\",\"@id\":\"http:\/\/www.zuazogaston.com\/web\/#website\",\"url\":\"http:\/\/www.zuazogaston.com\/web\/\",\"name\":\"Zuazo Gast\u00f3n\",\"description\":\"Bodegas y Vi\u00f1edos\",\"potentialAction\":[{\"@type\":\"SearchAction\",\"target\":{\"@type\":\"EntryPoint\",\"urlTemplate\":\"http:\/\/www.zuazogaston.com\/web\/?s={search_term_string}\"},\"query-input\":{\"@type\":\"PropertyValueSpecification\",\"valueRequired\":true,\"valueName\":\"search_term_string\"}}],\"inLanguage\":\"es\"}]}<\/script>\n<!-- \/ Yoast SEO plugin. -->","yoast_head_json":{"title":"Bodega y Vi\u00f1edos - Zuazo Gast\u00f3n","description":"Bodegas y Vi\u00f1edos. Modernas instalaciones, vi\u00f1edo propio y personal cualificado involucrado en nuestro proyecto.","robots":{"index":"index","follow":"follow","max-snippet":"max-snippet:-1","max-image-preview":"max-image-preview:large","max-video-preview":"max-video-preview:-1"},"canonical":"https:\/\/www.zuazogaston.com\/web\/bodega-y-vinedos\/","og_locale":"es_ES","og_type":"article","og_title":"Bodega y Vi\u00f1edos - Zuazo Gast\u00f3n","og_description":"Bodegas y Vi\u00f1edos. Modernas instalaciones, vi\u00f1edo propio y personal cualificado involucrado en nuestro proyecto.","og_url":"https:\/\/www.zuazogaston.com\/web\/bodega-y-vinedos\/","og_site_name":"Zuazo Gast\u00f3n","article_publisher":"http:\/\/www.facebook.com\/BodegasZuazoGaston","article_modified_time":"2015-03-30T07:57:12+00:00","og_image":[{"url":"http:\/\/www.zuazogaston.com\/web\/web\/wp-content\/uploads\/2014\/06\/bodega_01-300x286.jpg","type":"","width":"","height":""}],"twitter_card":"summary_large_image","twitter_site":"@ZuazoGaston","twitter_misc":{"Tiempo de lectura":"1 minuto"},"schema":{"@context":"https:\/\/schema.org","@graph":[{"@type":"WebPage","@id":"https:\/\/www.zuazogaston.com\/web\/bodega-y-vinedos\/","url":"https:\/\/www.zuazogaston.com\/web\/bodega-y-vinedos\/","name":"Bodega y Vi\u00f1edos - Zuazo Gast\u00f3n","isPartOf":{"@id":"http:\/\/www.zuazogaston.com\/web\/#website"},"primaryImageOfPage":{"@id":"https:\/\/www.zuazogaston.com\/web\/bodega-y-vinedos\/#primaryimage"},"image":{"@id":"https:\/\/www.zuazogaston.com\/web\/bodega-y-vinedos\/#primaryimage"},"thumbnailUrl":"http:\/\/www.zuazogaston.com\/web\/web\/wp-content\/uploads\/2014\/06\/bodega_01-300x286.jpg","datePublished":"2014-06-06T10:55:34+00:00","dateModified":"2015-03-30T07:57:12+00:00","description":"Bodegas y Vi\u00f1edos. Modernas instalaciones, vi\u00f1edo propio y personal cualificado involucrado en nuestro proyecto.","inLanguage":"es","potentialAction":[{"@type":"ReadAction","target":["https:\/\/www.zuazogaston.com\/web\/bodega-y-vinedos\/"]}]},{"@type":"ImageObject","inLanguage":"es","@id":"https:\/\/www.zuazogaston.com\/web\/bodega-y-vinedos\/#primaryimage","url":"http:\/\/www.zuazogaston.com\/web\/web\/wp-content\/uploads\/2014\/06\/bodega_01-300x286.jpg","contentUrl":"http:\/\/www.zuazogaston.com\/web\/web\/wp-content\/uploads\/2014\/06\/bodega_01-300x286.jpg"},{"@type":"WebSite","@id":"http:\/\/www.zuazogaston.com\/web\/#website","url":"http:\/\/www.zuazogaston.com\/web\/","name":"Zuazo Gast\u00f3n","description":"Bodegas y Vi\u00f1edos","potentialAction":[{"@type":"SearchAction","target":{"@type":"EntryPoint","urlTemplate":"http:\/\/www.zuazogaston.com\/web\/?s={search_term_string}"},"query-input":{"@type":"PropertyValueSpecification","valueRequired":true,"valueName":"search_term_string"}}],"inLanguage":"es"}]}},"_links":{"self":[{"href":"https:\/\/www.zuazogaston.com\/web\/wp-json\/wp\/v2\/pages\/2694","targetHints":{"allow":["GET"]}}],"collection":[{"href":"https:\/\/www.zuazogaston.com\/web\/wp-json\/wp\/v2\/pages"}],"about":[{"href":"https:\/\/www.zuazogaston.com\/web\/wp-json\/wp\/v2\/types\/page"}],"author":[{"embeddable":true,"href":"https:\/\/www.zuazogaston.com\/web\/wp-json\/wp\/v2\/users\/1"}],"replies":[{"embeddable":true,"href":"https:\/\/www.zuazogaston.com\/web\/wp-json\/wp\/v2\/comments?post=2694"}],"version-history":[{"count":0,"href":"https:\/\/www.zuazogaston.com\/web\/wp-json\/wp\/v2\/pages\/2694\/revisions"}],"wp:attachment":[{"href":"https:\/\/www.zuazogaston.com\/web\/wp-json\/wp\/v2\/media?parent=2694"}],"curies":[{"name":"wp","href":"https:\/\/api.w.org\/{rel}","templated":true}]}}