{"id":2609,"date":"2015-02-10T16:09:38","date_gmt":"2015-02-10T15:09:38","guid":{"rendered":"http:\/\/zuazogaston.com\/?page_id=2609"},"modified":"2025-08-22T09:52:46","modified_gmt":"2025-08-22T08:52:46","slug":"vendimia_seleccionada","status":"publish","type":"page","link":"https:\/\/www.zuazogaston.com\/web\/vendimia_seleccionada\/","title":{"rendered":"<!-ZG Vendimia Seleccionada->"},"content":{"rendered":"<div class=\"wpb-content-wrapper\"><p>[vc_row css=\u00bb.vc_custom_1577980319116{padding-bottom: 50px !important;}\u00bb][vc_column width=\u00bb1\/2&#8243; css=\u00bb.vc_custom_1577969314467{padding-bottom: 20px !important;}\u00bb][vc_single_image image=\u00bb5521&#8243; img_size=\u00bblarge\u00bb alignment=\u00bbcenter\u00bb css_animation=\u00bbfadeIn\u00bb css=\u00bb\u00bb][\/vc_column][vc_column width=\u00bb1\/2&#8243;][vc_column_text css=\u00bb\u00bb]    \r\n    <div class=\"title_subtitle\" style=\"text-align:left\">\r\n        <h3 style=\"color:#b57800 !important; font-size:36px\">ZG Vendimia Seleccionada<\/h3>\r\n                <h4 style=\"color:#9b9b9b !important; font-size:19px\">16 meses en barrica de roble<\/h4>    <\/div>\r\n\r\n\t[vc_tta_accordion][vc_tta_section title=\u00bbELABORACI\u00d3N\u00bb tab_id=\u00bb1577968822578-e412a530-f46bf13e-3d87a6a1-9950&#8243;][vc_column_text]Tempranillo 90%, Mazuelo 10%. Vinificaci\u00f3n: Fermentaci\u00f3n en dep\u00f3sitos de inoxidable a temperatura controlada.<\/p>\n<p><strong>Crianza:<\/strong> 6 meses en barrica de roble americano de 225 lts.[\/vc_column_text][vc_toggle title=\u00bbCATA\u00bb color=\u00bborange\u00bb custom_font_container=\u00bbtag:h2|font_size:17|text_align:left|color:%23C58422&#8243; custom_use_theme_fonts=\u00bbyes\u00bb css=\u00bb.vc_custom_1755851974825{margin-top: 22px !important;}\u00bb use_custom_heading=\u00bbtrue\u00bb]Color rojo rub\u00ed intenso, limpio y brillante. Ensambla perfectamente los aromas frutales (frutos del bosque, ar\u00e1ndanos) y varietales (regaliz) con un toque sutil de madera que le otorga una sugestiva complejidad arom\u00e1tica. Estructurado en boca, con un ataque potente que se va suavizando hasta acabar en un persistente y delicado retrogusto. Por sus caracter\u00edsticas, su gran cuerpo y su complejidad, a\u00fan evolucionar\u00e1 positivamente en la botella, depar\u00e1ndonos seguramente muy agradables sorpresas.[\/vc_toggle][vc_toggle title=\u00bbPARTICULARIDADES\u00bb color=\u00bborange\u00bb custom_font_container=\u00bbtag:h2|font_size:17|text_align:left|color:%23C58422&#8243; custom_use_theme_fonts=\u00bbyes\u00bb css=\u00bb.vc_custom_1755851929691{margin-top: 22px !important;}\u00bb use_custom_heading=\u00bbtrue\u00bb]<strong>Grado Alcoh\u00f3lico:<\/strong> 13% vol.<br \/>\n<strong>Temperatura de servicio:<\/strong> 15\u00a0\u2013 17\u00baC<br \/>\n<strong>Tipo de botella:<\/strong> Borgo\u00f1a.<br \/>\n<strong>Capacidad:<\/strong> 750 ml.<br \/>\n<strong>Maridaje:<\/strong>\u00a0Carnes asadas, caza menor, pescados de carne firme en salsa (rape, at\u00fan\u2026) y quesos.[\/vc_toggle][vc_toggle title=\u00bbGALARDONES\u00bb color=\u00bborange\u00bb custom_font_container=\u00bbtag:h2|font_size:17|text_align:left|color:%23C58422&#8243; custom_use_theme_fonts=\u00bbyes\u00bb css=\u00bb.vc_custom_1755851901298{margin-top: 22px !important;}\u00bb use_custom_heading=\u00bbtrue\u00bb]<strong>\u2022 Medalla de Plata<\/strong> en la\u00a0World Wine Catavinum 2016.<br \/>\n<strong>\u2022 Medalla de Bronce<\/strong> en la\u00a0International Wine Guide 2015.<br \/>\n<strong>\u2022 Medalla de Bronce<\/strong>\u00a0en la International Wine Guide 2014.[\/vc_toggle][vc_btn title=\u00bbCOMPRAR ESTE VINO\u00bb style=\u00bbgradient\u00bb gradient_color_1=\u00bborange\u00bb gradient_color_2=\u00bbblack\u00bb size=\u00bbxs\u00bb align=\u00bbright\u00bb css=\u00bb\u00bb button_block=\u00bbtrue\u00bb link=\u00bburl:https%3A%2F%2Fwww.zuazogaston.com%2Fweb%2Fproducto%2Fzg%2Fvendimia-seleccionada%2F\u00bb][vc_btn title=\u00bbDESCARGAR FICHA EN PDF\u00bb style=\u00bbgradient\u00bb gradient_color_1=\u00bbgrey\u00bb gradient_color_2=\u00bbblack\u00bb size=\u00bbxs\u00bb align=\u00bbright\u00bb css=\u00bb\u00bb button_block=\u00bbtrue\u00bb link=\u00bburl:http%3A%2F%2Fzuazogaston.com%2Fweb%2FPDF%2FZG-VS.pdf\u00bb][vc_btn title=\u00bbVOLVER A VINOS\u00bb style=\u00bbclassic\u00bb color=\u00bbwhite\u00bb size=\u00bbxs\u00bb align=\u00bbright\u00bb css=\u00bb\u00bb button_block=\u00bbtrue\u00bb link=\u00bburl:https%3A%2F%2Fwww.zuazogaston.com%2Fweb%2Fgama-de-vinos-2-2%2F\u00bb][\/vc_column][\/vc_row][vc_row][vc_column][vc_separator color=\u00bbblack\u00bb][vc_raw_html]JTNDaDMlM0UlMjZuYnNwJTNCJTNDJTJGaDMlM0UlMEE=[\/vc_raw_html][\/vc_column][vc_column][\/vc_column][\/vc_row][vc_row][vc_column][vc_separator][\/vc_column][\/vc_row][vc_row][vc_column][vc_column_text]<\/p>\n<p>[\/vc_column_text][\/vc_column][\/vc_row]<\/p>\n<\/div>","protected":false},"excerpt":{"rendered":"<p>Aqu\u00ed va la descripci\u00f3n<\/p>\n","protected":false},"author":1,"featured_media":0,"parent":0,"menu_order":0,"comment_status":"closed","ping_status":"closed","template":"","meta":{"footnotes":""},"class_list":["post-2609","page","type-page","status-publish","hentry"],"yoast_head":"<!-- This site is optimized with the Yoast SEO plugin v26.4 - https:\/\/yoast.com\/wordpress\/plugins\/seo\/ -->\n<title>Zuazo Gast\u00f3n Vendimia Seleccionada<\/title>\n<meta name=\"description\" content=\"Vendimia seleccionada, elaboraci\u00f3n especial y 6 meses en barrica\" \/>\n<meta name=\"robots\" content=\"index, follow, max-snippet:-1, max-image-preview:large, max-video-preview:-1\" \/>\n<link rel=\"canonical\" href=\"https:\/\/www.zuazogaston.com\/web\/vendimia_seleccionada\/\" \/>\n<meta property=\"og:locale\" content=\"es_ES\" \/>\n<meta property=\"og:type\" content=\"article\" \/>\n<meta property=\"og:title\" content=\"Zuazo Gast\u00f3n Vendimia Seleccionada\" \/>\n<meta property=\"og:description\" content=\"Vendimia seleccionada, elaboraci\u00f3n especial y 6 meses en barrica\" \/>\n<meta property=\"og:url\" content=\"https:\/\/www.zuazogaston.com\/web\/vendimia_seleccionada\/\" \/>\n<meta property=\"og:site_name\" content=\"Zuazo Gast\u00f3n\" \/>\n<meta property=\"article:publisher\" content=\"http:\/\/www.facebook.com\/BodegasZuazoGaston\" \/>\n<meta property=\"article:modified_time\" content=\"2025-08-22T08:52:46+00:00\" \/>\n<meta name=\"twitter:card\" content=\"summary_large_image\" \/>\n<meta name=\"twitter:site\" content=\"@ZuazoGaston\" \/>\n<meta name=\"twitter:label1\" content=\"Tiempo de lectura\" \/>\n\t<meta name=\"twitter:data1\" content=\"2 minutos\" \/>\n<script type=\"application\/ld+json\" class=\"yoast-schema-graph\">{\"@context\":\"https:\/\/schema.org\",\"@graph\":[{\"@type\":\"WebPage\",\"@id\":\"https:\/\/www.zuazogaston.com\/web\/vendimia_seleccionada\/\",\"url\":\"https:\/\/www.zuazogaston.com\/web\/vendimia_seleccionada\/\",\"name\":\"Zuazo Gast\u00f3n Vendimia Seleccionada\",\"isPartOf\":{\"@id\":\"http:\/\/www.zuazogaston.com\/web\/#website\"},\"datePublished\":\"2015-02-10T15:09:38+00:00\",\"dateModified\":\"2025-08-22T08:52:46+00:00\",\"description\":\"Vendimia seleccionada, elaboraci\u00f3n especial y 6 meses en barrica\",\"inLanguage\":\"es\",\"potentialAction\":[{\"@type\":\"ReadAction\",\"target\":[\"https:\/\/www.zuazogaston.com\/web\/vendimia_seleccionada\/\"]}]},{\"@type\":\"WebSite\",\"@id\":\"http:\/\/www.zuazogaston.com\/web\/#website\",\"url\":\"http:\/\/www.zuazogaston.com\/web\/\",\"name\":\"Zuazo Gast\u00f3n\",\"description\":\"Bodegas y Vi\u00f1edos\",\"potentialAction\":[{\"@type\":\"SearchAction\",\"target\":{\"@type\":\"EntryPoint\",\"urlTemplate\":\"http:\/\/www.zuazogaston.com\/web\/?s={search_term_string}\"},\"query-input\":{\"@type\":\"PropertyValueSpecification\",\"valueRequired\":true,\"valueName\":\"search_term_string\"}}],\"inLanguage\":\"es\"}]}<\/script>\n<!-- \/ Yoast SEO plugin. -->","yoast_head_json":{"title":"Zuazo Gast\u00f3n Vendimia Seleccionada","description":"Vendimia seleccionada, elaboraci\u00f3n especial y 6 meses en barrica","robots":{"index":"index","follow":"follow","max-snippet":"max-snippet:-1","max-image-preview":"max-image-preview:large","max-video-preview":"max-video-preview:-1"},"canonical":"https:\/\/www.zuazogaston.com\/web\/vendimia_seleccionada\/","og_locale":"es_ES","og_type":"article","og_title":"Zuazo Gast\u00f3n Vendimia Seleccionada","og_description":"Vendimia seleccionada, elaboraci\u00f3n especial y 6 meses en barrica","og_url":"https:\/\/www.zuazogaston.com\/web\/vendimia_seleccionada\/","og_site_name":"Zuazo Gast\u00f3n","article_publisher":"http:\/\/www.facebook.com\/BodegasZuazoGaston","article_modified_time":"2025-08-22T08:52:46+00:00","twitter_card":"summary_large_image","twitter_site":"@ZuazoGaston","twitter_misc":{"Tiempo de lectura":"2 minutos"},"schema":{"@context":"https:\/\/schema.org","@graph":[{"@type":"WebPage","@id":"https:\/\/www.zuazogaston.com\/web\/vendimia_seleccionada\/","url":"https:\/\/www.zuazogaston.com\/web\/vendimia_seleccionada\/","name":"Zuazo Gast\u00f3n Vendimia Seleccionada","isPartOf":{"@id":"http:\/\/www.zuazogaston.com\/web\/#website"},"datePublished":"2015-02-10T15:09:38+00:00","dateModified":"2025-08-22T08:52:46+00:00","description":"Vendimia seleccionada, elaboraci\u00f3n especial y 6 meses en barrica","inLanguage":"es","potentialAction":[{"@type":"ReadAction","target":["https:\/\/www.zuazogaston.com\/web\/vendimia_seleccionada\/"]}]},{"@type":"WebSite","@id":"http:\/\/www.zuazogaston.com\/web\/#website","url":"http:\/\/www.zuazogaston.com\/web\/","name":"Zuazo Gast\u00f3n","description":"Bodegas y Vi\u00f1edos","potentialAction":[{"@type":"SearchAction","target":{"@type":"EntryPoint","urlTemplate":"http:\/\/www.zuazogaston.com\/web\/?s={search_term_string}"},"query-input":{"@type":"PropertyValueSpecification","valueRequired":true,"valueName":"search_term_string"}}],"inLanguage":"es"}]}},"_links":{"self":[{"href":"https:\/\/www.zuazogaston.com\/web\/wp-json\/wp\/v2\/pages\/2609","targetHints":{"allow":["GET"]}}],"collection":[{"href":"https:\/\/www.zuazogaston.com\/web\/wp-json\/wp\/v2\/pages"}],"about":[{"href":"https:\/\/www.zuazogaston.com\/web\/wp-json\/wp\/v2\/types\/page"}],"author":[{"embeddable":true,"href":"https:\/\/www.zuazogaston.com\/web\/wp-json\/wp\/v2\/users\/1"}],"replies":[{"embeddable":true,"href":"https:\/\/www.zuazogaston.com\/web\/wp-json\/wp\/v2\/comments?post=2609"}],"version-history":[{"count":11,"href":"https:\/\/www.zuazogaston.com\/web\/wp-json\/wp\/v2\/pages\/2609\/revisions"}],"predecessor-version":[{"id":5522,"href":"https:\/\/www.zuazogaston.com\/web\/wp-json\/wp\/v2\/pages\/2609\/revisions\/5522"}],"wp:attachment":[{"href":"https:\/\/www.zuazogaston.com\/web\/wp-json\/wp\/v2\/media?parent=2609"}],"curies":[{"name":"wp","href":"https:\/\/api.w.org\/{rel}","templated":true}]}}