{"id":2602,"date":"2015-02-10T13:38:22","date_gmt":"2015-02-10T12:38:22","guid":{"rendered":"http:\/\/zuazogaston.com\/?page_id=2602"},"modified":"2025-08-22T08:22:37","modified_gmt":"2025-08-22T07:22:37","slug":"2602-2","status":"publish","type":"page","link":"https:\/\/www.zuazogaston.com\/web\/2602-2\/","title":{"rendered":"<!-Zuazo Gaston Reserva->"},"content":{"rendered":"<div class=\"wpb-content-wrapper\"><p>[vc_row css=\u00bb.vc_custom_1577980319116{padding-bottom: 50px !important;}\u00bb][vc_column width=\u00bb1\/2&#8243; css=\u00bb.vc_custom_1577969314467{padding-bottom: 20px !important;}\u00bb][vc_single_image image=\u00bb5519&#8243; img_size=\u00bblarge\u00bb alignment=\u00bbcenter\u00bb css_animation=\u00bbfadeIn\u00bb css=\u00bb\u00bb][\/vc_column][vc_column width=\u00bb1\/2&#8243;][vc_column_text css=\u00bb\u00bb]    \r\n    <div class=\"title_subtitle\" style=\"text-align:left\">\r\n        <h3 style=\"color:#b57800 !important; font-size:36px\">Zuazo Gast\u00f3n Reserva<\/h3>\r\n                <h4 style=\"color:#9b9b9b !important; font-size:19px\">Selecci\u00f3n de uva de vi\u00f1edo viejo y 18 meses en barrica<\/h4>    <\/div>\r\n\r\n\t[vc_tta_accordion][vc_tta_section title=\u00bbELABORACI\u00d3N\u00bb tab_id=\u00bb1577968822578-e412a530-f46bf13e-3d87de93-167b\u00bb][vc_column_text]Resultado de la selecci\u00f3n de uva de los vi\u00f1edos m\u00e1s antiguos de la familia que, junto al control de maduraci\u00f3n y momento \u00f3ptimo de vendimia, consigue una estabilidad y un equilibrio inmejorables.<\/p>\n<p><strong>Crianza:<\/strong> 20 meses en barrica de roble franc\u00e9s de 225 l. y 18 meses en botella.[\/vc_column_text][vc_toggle title=\u00bbCATA\u00bb color=\u00bborange\u00bb custom_font_container=\u00bbtag:h2|font_size:17|text_align:left|color:%23C58422&#8243; custom_use_theme_fonts=\u00bbyes\u00bb css=\u00bb.vc_custom_1755847065487{margin-top: 22px !important;}\u00bb use_custom_heading=\u00bbtrue\u00bb]Color rojo rub\u00ed con matices teja. Elegante crianza con el justo aroma a vainilla y recuerdos varietales donde prevalecen los aromas especiados y bals\u00e1micos. Equilibrado y complejo bouquet, proporciona en boca una sensaci\u00f3n sedosa de gusto suave y elegante. Vino de larga e intensa persistencia y particular retrogusto.[\/vc_toggle][vc_toggle title=\u00bbPARTICULARIDADES\u00bb color=\u00bborange\u00bb custom_font_container=\u00bbtag:h2|font_size:17|text_align:left|color:%23C58422&#8243; custom_use_theme_fonts=\u00bbyes\u00bb css=\u00bb.vc_custom_1755847036633{margin-top: 22px !important;}\u00bb use_custom_heading=\u00bbtrue\u00bb]<strong>Grado Alcoh\u00f3lico:<\/strong> 13,5% vol.<br \/>\n<strong>Temperatura de servicio:<\/strong> 16 \u2013\u00a018\u00baC<br \/>\n<strong>Tipo de botella:<\/strong> Borgo\u00f1a, Mateada.<br \/>\n<strong>Capacidad:<\/strong> 750 ml.<br \/>\n<strong>Maridaje:<\/strong> Recomendado para asados, carnes rojas, caza y quesos duros.[\/vc_toggle][vc_toggle title=\u00bbGALARDONES\u00bb color=\u00bborange\u00bb custom_font_container=\u00bbtag:h2|font_size:17|text_align:left|color:%23C58422&#8243; custom_use_theme_fonts=\u00bbyes\u00bb css=\u00bb.vc_custom_1755847014182{margin-top: 22px !important;}\u00bb use_custom_heading=\u00bbtrue\u00bb]<strong>\u2022 Medalla de Oro<\/strong> en la International Wine Challenge Catavinum 2017.<br \/>\n<strong>\u2022 Medalla de Oro<\/strong> en la International Wine Challenge Catavinum 2014.<br \/>\n<strong>\u2022 Medalla de Oro<\/strong>\u00a0en el Concurso Internacional de Lyon 2012.<br \/>\n<strong>\u2022 Medalla de Oro<\/strong>\u00a0en la International Wine Challenge Catavinum 2012.<br \/>\n<strong>\u2022 Medalla de Plata<\/strong>\u00a0International Wine Awards Mundus Vini 2017.<br \/>\n<strong>\u2022 Medalla de Plata<\/strong>\u00a0Challenge International du Vin, Burdeos 2016.<br \/>\n<strong>\u2022 Medalla de Plata<\/strong>\u00a0Concurso Internacional de Bruselas 2016.<br \/>\n<strong>\u2022 Medalla de Plata\u00a0<\/strong>en la WSWA Convention de Las Vegas 2016.<br \/>\n<strong>\u2022 Medalla de Plata\u00a0<\/strong>en la Challenge International du Vin 2016.<br \/>\n<strong>\u2022 Medalla de Plata\u00a0<\/strong>en la International Wine Challenge Catavinum 2016.<br \/>\n<strong>\u2022 Medalla de Plata<\/strong> en la\u00a0International Wine Guide 2015.<br \/>\n<strong>\u2022 Medalla de Plata<\/strong>\u00a0Premios Arribe 2014.<br \/>\n<strong>\u2022 Medalla de Plata<\/strong>\u00a0en la International Wine Guide\u00a02013.<br \/>\n<strong>\u2022 Medalla de Plata\u00a0<\/strong>en la International Wine Challenge Catavinum 2013.<br \/>\n<strong>\u2022 Medalla de Plata<\/strong>\u00a0Premios Arribe 2013.<br \/>\n<strong>\u2022 Medalla de Plata<\/strong>\u00a0Concurso Internacional de Bruselas 2013.[\/vc_toggle][vc_btn title=\u00bbCOMPRAR ESTE VINO\u00bb style=\u00bbgradient\u00bb gradient_color_1=\u00bborange\u00bb gradient_color_2=\u00bbblack\u00bb size=\u00bbxs\u00bb align=\u00bbright\u00bb css=\u00bb\u00bb button_block=\u00bbtrue\u00bb link=\u00bburl:https%3A%2F%2Fwww.zuazogaston.com%2Fweb%2Fproducto%2Fzuazo-gaston%2Freserva%2F\u00bb][vc_btn title=\u00bbDESCARGAR FICHA EN PDF\u00bb style=\u00bbgradient\u00bb gradient_color_1=\u00bbgrey\u00bb gradient_color_2=\u00bbblack\u00bb size=\u00bbxs\u00bb align=\u00bbright\u00bb css=\u00bb\u00bb button_block=\u00bbtrue\u00bb link=\u00bburl:http%3A%2F%2Fzuazogaston.com%2Fweb%2FPDF%2Freserva.pdf\u00bb][vc_btn title=\u00bbVOLVER A VINOS\u00bb style=\u00bbclassic\u00bb color=\u00bbwhite\u00bb size=\u00bbxs\u00bb align=\u00bbright\u00bb css=\u00bb\u00bb button_block=\u00bbtrue\u00bb link=\u00bburl:https%3A%2F%2Fwww.zuazogaston.com%2Fweb%2Fgama-de-vinos-2-2%2F\u00bb][\/vc_column][\/vc_row][vc_row][vc_column][vc_separator color=\u00bbblack\u00bb][vc_raw_html]JTNDaDMlM0UlMjZuYnNwJTNCJTNDJTJGaDMlM0UlMEE=[\/vc_raw_html][\/vc_column][vc_column][\/vc_column][\/vc_row][vc_row][vc_column][vc_separator][\/vc_column][\/vc_row][vc_row][vc_column][vc_column_text]<\/p>\n<p>[\/vc_column_text][\/vc_column][\/vc_row]<\/p>\n<\/div>","protected":false},"excerpt":{"rendered":"<p>Aqu\u00ed va la descripci\u00f3n<\/p>\n","protected":false},"author":1,"featured_media":0,"parent":0,"menu_order":0,"comment_status":"closed","ping_status":"closed","template":"","meta":{"footnotes":""},"class_list":["post-2602","page","type-page","status-publish","hentry"],"yoast_head":"<!-- This site is optimized with the Yoast SEO plugin v26.4 - https:\/\/yoast.com\/wordpress\/plugins\/seo\/ -->\n<title>Zuazo Gast\u00f3n Reserva<\/title>\n<meta name=\"description\" content=\"Zuazo Gast\u00f3n reserva. Selecci\u00f3n de vi\u00f1edos viejos. 18 meses en barrica.\" \/>\n<meta name=\"robots\" content=\"index, follow, max-snippet:-1, max-image-preview:large, max-video-preview:-1\" \/>\n<link rel=\"canonical\" href=\"https:\/\/www.zuazogaston.com\/web\/2602-2\/\" \/>\n<meta property=\"og:locale\" content=\"es_ES\" \/>\n<meta property=\"og:type\" content=\"article\" \/>\n<meta property=\"og:title\" content=\"Zuazo Gast\u00f3n Reserva\" \/>\n<meta property=\"og:description\" content=\"Zuazo Gast\u00f3n reserva. Selecci\u00f3n de vi\u00f1edos viejos. 18 meses en barrica.\" \/>\n<meta property=\"og:url\" content=\"https:\/\/www.zuazogaston.com\/web\/2602-2\/\" \/>\n<meta property=\"og:site_name\" content=\"Zuazo Gast\u00f3n\" \/>\n<meta property=\"article:publisher\" content=\"http:\/\/www.facebook.com\/BodegasZuazoGaston\" \/>\n<meta property=\"article:modified_time\" content=\"2025-08-22T07:22:37+00:00\" \/>\n<meta name=\"twitter:card\" content=\"summary_large_image\" \/>\n<meta name=\"twitter:site\" content=\"@ZuazoGaston\" \/>\n<meta name=\"twitter:label1\" content=\"Tiempo de lectura\" \/>\n\t<meta name=\"twitter:data1\" content=\"2 minutos\" \/>\n<script type=\"application\/ld+json\" class=\"yoast-schema-graph\">{\"@context\":\"https:\/\/schema.org\",\"@graph\":[{\"@type\":\"WebPage\",\"@id\":\"https:\/\/www.zuazogaston.com\/web\/2602-2\/\",\"url\":\"https:\/\/www.zuazogaston.com\/web\/2602-2\/\",\"name\":\"Zuazo Gast\u00f3n Reserva\",\"isPartOf\":{\"@id\":\"http:\/\/www.zuazogaston.com\/web\/#website\"},\"datePublished\":\"2015-02-10T12:38:22+00:00\",\"dateModified\":\"2025-08-22T07:22:37+00:00\",\"description\":\"Zuazo Gast\u00f3n reserva. Selecci\u00f3n de vi\u00f1edos viejos. 18 meses en barrica.\",\"inLanguage\":\"es\",\"potentialAction\":[{\"@type\":\"ReadAction\",\"target\":[\"https:\/\/www.zuazogaston.com\/web\/2602-2\/\"]}]},{\"@type\":\"WebSite\",\"@id\":\"http:\/\/www.zuazogaston.com\/web\/#website\",\"url\":\"http:\/\/www.zuazogaston.com\/web\/\",\"name\":\"Zuazo Gast\u00f3n\",\"description\":\"Bodegas y Vi\u00f1edos\",\"potentialAction\":[{\"@type\":\"SearchAction\",\"target\":{\"@type\":\"EntryPoint\",\"urlTemplate\":\"http:\/\/www.zuazogaston.com\/web\/?s={search_term_string}\"},\"query-input\":{\"@type\":\"PropertyValueSpecification\",\"valueRequired\":true,\"valueName\":\"search_term_string\"}}],\"inLanguage\":\"es\"}]}<\/script>\n<!-- \/ Yoast SEO plugin. -->","yoast_head_json":{"title":"Zuazo Gast\u00f3n Reserva","description":"Zuazo Gast\u00f3n reserva. Selecci\u00f3n de vi\u00f1edos viejos. 18 meses en barrica.","robots":{"index":"index","follow":"follow","max-snippet":"max-snippet:-1","max-image-preview":"max-image-preview:large","max-video-preview":"max-video-preview:-1"},"canonical":"https:\/\/www.zuazogaston.com\/web\/2602-2\/","og_locale":"es_ES","og_type":"article","og_title":"Zuazo Gast\u00f3n Reserva","og_description":"Zuazo Gast\u00f3n reserva. Selecci\u00f3n de vi\u00f1edos viejos. 18 meses en barrica.","og_url":"https:\/\/www.zuazogaston.com\/web\/2602-2\/","og_site_name":"Zuazo Gast\u00f3n","article_publisher":"http:\/\/www.facebook.com\/BodegasZuazoGaston","article_modified_time":"2025-08-22T07:22:37+00:00","twitter_card":"summary_large_image","twitter_site":"@ZuazoGaston","twitter_misc":{"Tiempo de lectura":"2 minutos"},"schema":{"@context":"https:\/\/schema.org","@graph":[{"@type":"WebPage","@id":"https:\/\/www.zuazogaston.com\/web\/2602-2\/","url":"https:\/\/www.zuazogaston.com\/web\/2602-2\/","name":"Zuazo Gast\u00f3n Reserva","isPartOf":{"@id":"http:\/\/www.zuazogaston.com\/web\/#website"},"datePublished":"2015-02-10T12:38:22+00:00","dateModified":"2025-08-22T07:22:37+00:00","description":"Zuazo Gast\u00f3n reserva. Selecci\u00f3n de vi\u00f1edos viejos. 18 meses en barrica.","inLanguage":"es","potentialAction":[{"@type":"ReadAction","target":["https:\/\/www.zuazogaston.com\/web\/2602-2\/"]}]},{"@type":"WebSite","@id":"http:\/\/www.zuazogaston.com\/web\/#website","url":"http:\/\/www.zuazogaston.com\/web\/","name":"Zuazo Gast\u00f3n","description":"Bodegas y Vi\u00f1edos","potentialAction":[{"@type":"SearchAction","target":{"@type":"EntryPoint","urlTemplate":"http:\/\/www.zuazogaston.com\/web\/?s={search_term_string}"},"query-input":{"@type":"PropertyValueSpecification","valueRequired":true,"valueName":"search_term_string"}}],"inLanguage":"es"}]}},"_links":{"self":[{"href":"https:\/\/www.zuazogaston.com\/web\/wp-json\/wp\/v2\/pages\/2602","targetHints":{"allow":["GET"]}}],"collection":[{"href":"https:\/\/www.zuazogaston.com\/web\/wp-json\/wp\/v2\/pages"}],"about":[{"href":"https:\/\/www.zuazogaston.com\/web\/wp-json\/wp\/v2\/types\/page"}],"author":[{"embeddable":true,"href":"https:\/\/www.zuazogaston.com\/web\/wp-json\/wp\/v2\/users\/1"}],"replies":[{"embeddable":true,"href":"https:\/\/www.zuazogaston.com\/web\/wp-json\/wp\/v2\/comments?post=2602"}],"version-history":[{"count":13,"href":"https:\/\/www.zuazogaston.com\/web\/wp-json\/wp\/v2\/pages\/2602\/revisions"}],"predecessor-version":[{"id":5520,"href":"https:\/\/www.zuazogaston.com\/web\/wp-json\/wp\/v2\/pages\/2602\/revisions\/5520"}],"wp:attachment":[{"href":"https:\/\/www.zuazogaston.com\/web\/wp-json\/wp\/v2\/media?parent=2602"}],"curies":[{"name":"wp","href":"https:\/\/api.w.org\/{rel}","templated":true}]}}