{"id":5437,"date":"2015-03-30T20:05:21","date_gmt":"2015-03-30T19:05:21","guid":{"rendered":"https:\/\/www.zuazogaston.com\/web\/?post_type=product&#038;p=5437"},"modified":"2025-08-25T11:11:09","modified_gmt":"2025-08-25T10:11:09","slug":"essenzia-rosado-rioja-caja-6-b","status":"publish","type":"product","link":"http:\/\/www.zuazogaston.com\/web\/producto\/essenzia-de-zuazo\/essenzia-rosado-rioja-caja-6-b\/","title":{"rendered":"Essenzia Rosado Rioja (Caja 6 b.)"},"content":{"rendered":"","protected":false},"excerpt":{"rendered":"<p>&nbsp;<\/p>\n<h2><span style=\"color: #b87728;\">Caja de 6 botellas.<\/span><\/h2>\n<p>VARIEDADES: Tempranillo 100%.<br \/>\nCATA: Color rosa p\u00e1lido con matices salm\u00f3n y el brillo de su capa.<br \/>\nNariz intensa con aromas de gamas florales y frutales, as\u00ed como notas variadas originadas durante su vinificaci\u00f3n.<br \/>\nEn boca muestras buenas estructura y muestra suave acidez y frescura.<br \/>\nGran ligereza y persistencia.<br \/>\nGASTRONOM\u00cdA: Arroces mariscos pescados y pastas.<br \/>\nTEMPERATURA DE CONSUMO: 8\u00ba-11\u00baC.<\/p>\n<p><a href=\"http:\/\/www.zuazogaston.com\/web\/PDF\/essenzia-rosado.pdf\">Descargar ficha en PDF<\/a> \/ <a href=\"http:\/\/www.zuazogaston.com\/web\/PDF\/essenzia-rosado.jpg\">Descargar imagen<\/a><\/p>\n","protected":false},"featured_media":5436,"comment_status":"open","ping_status":"closed","template":"","meta":[],"product_brand":[],"product_cat":[255],"product_tag":[165,256,257],"class_list":{"0":"post-5437","1":"product","2":"type-product","3":"status-publish","4":"has-post-thumbnail","6":"product_cat-essenzia-de-zuazo","7":"product_tag-rioja","8":"product_tag-rosado","9":"product_tag-zuazo","11":"first","12":"instock","13":"shipping-taxable","14":"purchasable","15":"product-type-simple"},"yoast_head":"<!-- This site is optimized with the Yoast SEO plugin v26.4 - https:\/\/yoast.com\/wordpress\/plugins\/seo\/ -->\n<title>Essenzia Rosado Rioja (Caja 6 b.) - Zuazo Gast\u00f3n<\/title>\n<meta name=\"description\" content=\"Un rosado diferente, Essenzia de Zuazo es un resumen de las mejores caracter\u00edsticas de este tipo de vinos riojanos. Fresco y f\u00e1cil de beber.\" \/>\n<meta name=\"robots\" content=\"index, follow, max-snippet:-1, max-image-preview:large, max-video-preview:-1\" \/>\n<link rel=\"canonical\" href=\"https:\/\/www.zuazogaston.com\/web\/producto\/essenzia-de-zuazo\/essenzia-rosado-rioja-caja-6-b\/\" \/>\n<meta property=\"og:locale\" content=\"es_ES\" \/>\n<meta property=\"og:type\" content=\"article\" \/>\n<meta property=\"og:title\" content=\"Essenzia Rosado Rioja (Caja 6 b.) - Zuazo Gast\u00f3n\" \/>\n<meta property=\"og:description\" content=\"Un rosado diferente, Essenzia de Zuazo es un resumen de las mejores caracter\u00edsticas de este tipo de vinos riojanos. Fresco y f\u00e1cil de beber.\" \/>\n<meta property=\"og:url\" content=\"https:\/\/www.zuazogaston.com\/web\/producto\/essenzia-de-zuazo\/essenzia-rosado-rioja-caja-6-b\/\" \/>\n<meta property=\"og:site_name\" content=\"Zuazo Gast\u00f3n\" \/>\n<meta property=\"article:publisher\" content=\"http:\/\/www.facebook.com\/BodegasZuazoGaston\" \/>\n<meta property=\"article:modified_time\" content=\"2025-08-25T10:11:09+00:00\" \/>\n<meta property=\"og:image\" content=\"https:\/\/www.zuazogaston.com\/web\/wp-content\/uploads\/2025\/05\/essenzia-rioja-prod.webp\" \/>\n\t<meta property=\"og:image:width\" content=\"510\" \/>\n\t<meta property=\"og:image:height\" content=\"651\" \/>\n\t<meta property=\"og:image:type\" content=\"image\/webp\" \/>\n<meta name=\"twitter:card\" content=\"summary_large_image\" \/>\n<meta name=\"twitter:site\" content=\"@ZuazoGaston\" \/>\n<meta name=\"twitter:label1\" content=\"Tiempo de lectura\" \/>\n\t<meta name=\"twitter:data1\" content=\"1 minuto\" \/>\n<script type=\"application\/ld+json\" class=\"yoast-schema-graph\">{\"@context\":\"https:\/\/schema.org\",\"@graph\":[{\"@type\":\"WebPage\",\"@id\":\"https:\/\/www.zuazogaston.com\/web\/producto\/essenzia-de-zuazo\/essenzia-rosado-rioja-caja-6-b\/\",\"url\":\"https:\/\/www.zuazogaston.com\/web\/producto\/essenzia-de-zuazo\/essenzia-rosado-rioja-caja-6-b\/\",\"name\":\"Essenzia Rosado Rioja (Caja 6 b.) - Zuazo Gast\u00f3n\",\"isPartOf\":{\"@id\":\"http:\/\/www.zuazogaston.com\/web\/#website\"},\"primaryImageOfPage\":{\"@id\":\"https:\/\/www.zuazogaston.com\/web\/producto\/essenzia-de-zuazo\/essenzia-rosado-rioja-caja-6-b\/#primaryimage\"},\"image\":{\"@id\":\"https:\/\/www.zuazogaston.com\/web\/producto\/essenzia-de-zuazo\/essenzia-rosado-rioja-caja-6-b\/#primaryimage\"},\"thumbnailUrl\":\"http:\/\/www.zuazogaston.com\/web\/wp-content\/uploads\/2025\/05\/essenzia-rioja-prod.webp\",\"datePublished\":\"2015-03-30T19:05:21+00:00\",\"dateModified\":\"2025-08-25T10:11:09+00:00\",\"description\":\"Un rosado diferente, Essenzia de Zuazo es un resumen de las mejores caracter\u00edsticas de este tipo de vinos riojanos. Fresco y f\u00e1cil de beber.\",\"breadcrumb\":{\"@id\":\"https:\/\/www.zuazogaston.com\/web\/producto\/essenzia-de-zuazo\/essenzia-rosado-rioja-caja-6-b\/#breadcrumb\"},\"inLanguage\":\"es\",\"potentialAction\":[{\"@type\":\"ReadAction\",\"target\":[\"https:\/\/www.zuazogaston.com\/web\/producto\/essenzia-de-zuazo\/essenzia-rosado-rioja-caja-6-b\/\"]}]},{\"@type\":\"ImageObject\",\"inLanguage\":\"es\",\"@id\":\"https:\/\/www.zuazogaston.com\/web\/producto\/essenzia-de-zuazo\/essenzia-rosado-rioja-caja-6-b\/#primaryimage\",\"url\":\"http:\/\/www.zuazogaston.com\/web\/wp-content\/uploads\/2025\/05\/essenzia-rioja-prod.webp\",\"contentUrl\":\"http:\/\/www.zuazogaston.com\/web\/wp-content\/uploads\/2025\/05\/essenzia-rioja-prod.webp\",\"width\":510,\"height\":651,\"caption\":\"Botella Essenzia Rioja rosado\"},{\"@type\":\"BreadcrumbList\",\"@id\":\"https:\/\/www.zuazogaston.com\/web\/producto\/essenzia-de-zuazo\/essenzia-rosado-rioja-caja-6-b\/#breadcrumb\",\"itemListElement\":[{\"@type\":\"ListItem\",\"position\":1,\"name\":\"Inicio\",\"item\":\"http:\/\/www.zuazogaston.com\/web\/\"},{\"@type\":\"ListItem\",\"position\":2,\"name\":\"Tienda\",\"item\":\"https:\/\/www.zuazogaston.com\/web\/producto-2\/\"},{\"@type\":\"ListItem\",\"position\":3,\"name\":\"Essenzia de Zuazo\",\"item\":\"https:\/\/www.zuazogaston.com\/web\/categoria-producto\/essenzia-de-zuazo\/\"},{\"@type\":\"ListItem\",\"position\":4,\"name\":\"Essenzia Rosado Rioja (Caja 6 b.)\"}]},{\"@type\":\"WebSite\",\"@id\":\"http:\/\/www.zuazogaston.com\/web\/#website\",\"url\":\"http:\/\/www.zuazogaston.com\/web\/\",\"name\":\"Zuazo Gast\u00f3n\",\"description\":\"Bodegas y Vi\u00f1edos\",\"potentialAction\":[{\"@type\":\"SearchAction\",\"target\":{\"@type\":\"EntryPoint\",\"urlTemplate\":\"http:\/\/www.zuazogaston.com\/web\/?s={search_term_string}\"},\"query-input\":{\"@type\":\"PropertyValueSpecification\",\"valueRequired\":true,\"valueName\":\"search_term_string\"}}],\"inLanguage\":\"es\"}]}<\/script>\n<!-- \/ Yoast SEO plugin. -->","yoast_head_json":{"title":"Essenzia Rosado Rioja (Caja 6 b.) - Zuazo Gast\u00f3n","description":"Un rosado diferente, Essenzia de Zuazo es un resumen de las mejores caracter\u00edsticas de este tipo de vinos riojanos. Fresco y f\u00e1cil de beber.","robots":{"index":"index","follow":"follow","max-snippet":"max-snippet:-1","max-image-preview":"max-image-preview:large","max-video-preview":"max-video-preview:-1"},"canonical":"https:\/\/www.zuazogaston.com\/web\/producto\/essenzia-de-zuazo\/essenzia-rosado-rioja-caja-6-b\/","og_locale":"es_ES","og_type":"article","og_title":"Essenzia Rosado Rioja (Caja 6 b.) - Zuazo Gast\u00f3n","og_description":"Un rosado diferente, Essenzia de Zuazo es un resumen de las mejores caracter\u00edsticas de este tipo de vinos riojanos. Fresco y f\u00e1cil de beber.","og_url":"https:\/\/www.zuazogaston.com\/web\/producto\/essenzia-de-zuazo\/essenzia-rosado-rioja-caja-6-b\/","og_site_name":"Zuazo Gast\u00f3n","article_publisher":"http:\/\/www.facebook.com\/BodegasZuazoGaston","article_modified_time":"2025-08-25T10:11:09+00:00","og_image":[{"width":510,"height":651,"url":"https:\/\/www.zuazogaston.com\/web\/wp-content\/uploads\/2025\/05\/essenzia-rioja-prod.webp","type":"image\/webp"}],"twitter_card":"summary_large_image","twitter_site":"@ZuazoGaston","twitter_misc":{"Tiempo de lectura":"1 minuto"},"schema":{"@context":"https:\/\/schema.org","@graph":[{"@type":"WebPage","@id":"https:\/\/www.zuazogaston.com\/web\/producto\/essenzia-de-zuazo\/essenzia-rosado-rioja-caja-6-b\/","url":"https:\/\/www.zuazogaston.com\/web\/producto\/essenzia-de-zuazo\/essenzia-rosado-rioja-caja-6-b\/","name":"Essenzia Rosado Rioja (Caja 6 b.) - Zuazo Gast\u00f3n","isPartOf":{"@id":"http:\/\/www.zuazogaston.com\/web\/#website"},"primaryImageOfPage":{"@id":"https:\/\/www.zuazogaston.com\/web\/producto\/essenzia-de-zuazo\/essenzia-rosado-rioja-caja-6-b\/#primaryimage"},"image":{"@id":"https:\/\/www.zuazogaston.com\/web\/producto\/essenzia-de-zuazo\/essenzia-rosado-rioja-caja-6-b\/#primaryimage"},"thumbnailUrl":"http:\/\/www.zuazogaston.com\/web\/wp-content\/uploads\/2025\/05\/essenzia-rioja-prod.webp","datePublished":"2015-03-30T19:05:21+00:00","dateModified":"2025-08-25T10:11:09+00:00","description":"Un rosado diferente, Essenzia de Zuazo es un resumen de las mejores caracter\u00edsticas de este tipo de vinos riojanos. Fresco y f\u00e1cil de beber.","breadcrumb":{"@id":"https:\/\/www.zuazogaston.com\/web\/producto\/essenzia-de-zuazo\/essenzia-rosado-rioja-caja-6-b\/#breadcrumb"},"inLanguage":"es","potentialAction":[{"@type":"ReadAction","target":["https:\/\/www.zuazogaston.com\/web\/producto\/essenzia-de-zuazo\/essenzia-rosado-rioja-caja-6-b\/"]}]},{"@type":"ImageObject","inLanguage":"es","@id":"https:\/\/www.zuazogaston.com\/web\/producto\/essenzia-de-zuazo\/essenzia-rosado-rioja-caja-6-b\/#primaryimage","url":"http:\/\/www.zuazogaston.com\/web\/wp-content\/uploads\/2025\/05\/essenzia-rioja-prod.webp","contentUrl":"http:\/\/www.zuazogaston.com\/web\/wp-content\/uploads\/2025\/05\/essenzia-rioja-prod.webp","width":510,"height":651,"caption":"Botella Essenzia Rioja rosado"},{"@type":"BreadcrumbList","@id":"https:\/\/www.zuazogaston.com\/web\/producto\/essenzia-de-zuazo\/essenzia-rosado-rioja-caja-6-b\/#breadcrumb","itemListElement":[{"@type":"ListItem","position":1,"name":"Inicio","item":"http:\/\/www.zuazogaston.com\/web\/"},{"@type":"ListItem","position":2,"name":"Tienda","item":"https:\/\/www.zuazogaston.com\/web\/producto-2\/"},{"@type":"ListItem","position":3,"name":"Essenzia de Zuazo","item":"https:\/\/www.zuazogaston.com\/web\/categoria-producto\/essenzia-de-zuazo\/"},{"@type":"ListItem","position":4,"name":"Essenzia Rosado Rioja (Caja 6 b.)"}]},{"@type":"WebSite","@id":"http:\/\/www.zuazogaston.com\/web\/#website","url":"http:\/\/www.zuazogaston.com\/web\/","name":"Zuazo Gast\u00f3n","description":"Bodegas y Vi\u00f1edos","potentialAction":[{"@type":"SearchAction","target":{"@type":"EntryPoint","urlTemplate":"http:\/\/www.zuazogaston.com\/web\/?s={search_term_string}"},"query-input":{"@type":"PropertyValueSpecification","valueRequired":true,"valueName":"search_term_string"}}],"inLanguage":"es"}]}},"_links":{"self":[{"href":"http:\/\/www.zuazogaston.com\/web\/wp-json\/wp\/v2\/product\/5437","targetHints":{"allow":["GET"]}}],"collection":[{"href":"http:\/\/www.zuazogaston.com\/web\/wp-json\/wp\/v2\/product"}],"about":[{"href":"http:\/\/www.zuazogaston.com\/web\/wp-json\/wp\/v2\/types\/product"}],"replies":[{"embeddable":true,"href":"http:\/\/www.zuazogaston.com\/web\/wp-json\/wp\/v2\/comments?post=5437"}],"wp:featuredmedia":[{"embeddable":true,"href":"http:\/\/www.zuazogaston.com\/web\/wp-json\/wp\/v2\/media\/5436"}],"wp:attachment":[{"href":"http:\/\/www.zuazogaston.com\/web\/wp-json\/wp\/v2\/media?parent=5437"}],"wp:term":[{"taxonomy":"product_brand","embeddable":true,"href":"http:\/\/www.zuazogaston.com\/web\/wp-json\/wp\/v2\/product_brand?post=5437"},{"taxonomy":"product_cat","embeddable":true,"href":"http:\/\/www.zuazogaston.com\/web\/wp-json\/wp\/v2\/product_cat?post=5437"},{"taxonomy":"product_tag","embeddable":true,"href":"http:\/\/www.zuazogaston.com\/web\/wp-json\/wp\/v2\/product_tag?post=5437"}],"curies":[{"name":"wp","href":"https:\/\/api.w.org\/{rel}","templated":true}]}}