{"id":3137,"date":"2014-12-14T11:09:51","date_gmt":"2014-12-14T10:09:51","guid":{"rendered":"http:\/\/www.zuazogaston.com\/web\/producto\/cofre-carton\/cofre-carton-6-bot-elegir\/"},"modified":"2021-01-12T20:43:13","modified_gmt":"2021-01-12T19:43:13","slug":"cofre-carton-6-bot-elegir","status":"publish","type":"product","link":"http:\/\/www.zuazogaston.com\/web\/producto\/estuches\/cofre-carton-6-bot-elegir\/","title":{"rendered":"COFRE CART\u00d3N &#8211; 6 BOT. A ELEGIR"},"content":{"rendered":"<p>Consultar precio seg\u00fan combinaci\u00f3n de botellas.<\/p>\n","protected":false},"excerpt":{"rendered":"<p>Consultar precio seg\u00fan combinaci\u00f3n de botellas.<\/p>\n","protected":false},"featured_media":3262,"comment_status":"open","ping_status":"closed","template":"","meta":[],"product_brand":[],"product_cat":[239],"product_tag":[],"class_list":{"0":"post-3137","1":"product","2":"type-product","3":"status-publish","4":"has-post-thumbnail","6":"product_cat-estuches","8":"first","9":"instock","10":"shipping-taxable","11":"product-type-simple"},"yoast_head":"<!-- This site is optimized with the Yoast SEO plugin v26.4 - https:\/\/yoast.com\/wordpress\/plugins\/seo\/ -->\n<title>COFRE CART\u00d3N - 6 BOT. A ELEGIR<\/title>\n<meta name=\"description\" content=\"COFRE CART\u00d3N - 6 BOT. A ELEGIR\" \/>\n<meta name=\"robots\" content=\"index, follow, max-snippet:-1, max-image-preview:large, max-video-preview:-1\" \/>\n<link rel=\"canonical\" href=\"http:\/\/www.zuazogaston.com\/web\/producto\/estuches\/cofre-carton-6-bot-elegir\/\" \/>\n<meta property=\"og:locale\" content=\"es_ES\" \/>\n<meta property=\"og:type\" content=\"article\" \/>\n<meta property=\"og:title\" content=\"COFRE CART\u00d3N - 6 BOT. A ELEGIR\" \/>\n<meta property=\"og:description\" content=\"COFRE CART\u00d3N - 6 BOT. A ELEGIR\" \/>\n<meta property=\"og:url\" content=\"http:\/\/www.zuazogaston.com\/web\/producto\/estuches\/cofre-carton-6-bot-elegir\/\" \/>\n<meta property=\"og:site_name\" content=\"Zuazo Gast\u00f3n\" \/>\n<meta property=\"article:publisher\" content=\"http:\/\/www.facebook.com\/BodegasZuazoGaston\" \/>\n<meta property=\"article:modified_time\" content=\"2021-01-12T19:43:13+00:00\" \/>\n<meta property=\"og:image\" content=\"http:\/\/www.zuazogaston.com\/web\/wp-content\/uploads\/2015\/03\/est03-1.jpg\" \/>\n\t<meta property=\"og:image:width\" content=\"510\" \/>\n\t<meta property=\"og:image:height\" content=\"651\" \/>\n\t<meta property=\"og:image:type\" content=\"image\/jpeg\" \/>\n<meta name=\"twitter:card\" content=\"summary_large_image\" \/>\n<meta name=\"twitter:site\" content=\"@ZuazoGaston\" \/>\n<script type=\"application\/ld+json\" class=\"yoast-schema-graph\">{\"@context\":\"https:\/\/schema.org\",\"@graph\":[{\"@type\":\"WebPage\",\"@id\":\"http:\/\/www.zuazogaston.com\/web\/producto\/estuches\/cofre-carton-6-bot-elegir\/\",\"url\":\"http:\/\/www.zuazogaston.com\/web\/producto\/estuches\/cofre-carton-6-bot-elegir\/\",\"name\":\"COFRE CART\u00d3N - 6 BOT. A ELEGIR\",\"isPartOf\":{\"@id\":\"http:\/\/www.zuazogaston.com\/web\/#website\"},\"primaryImageOfPage\":{\"@id\":\"http:\/\/www.zuazogaston.com\/web\/producto\/estuches\/cofre-carton-6-bot-elegir\/#primaryimage\"},\"image\":{\"@id\":\"http:\/\/www.zuazogaston.com\/web\/producto\/estuches\/cofre-carton-6-bot-elegir\/#primaryimage\"},\"thumbnailUrl\":\"http:\/\/www.zuazogaston.com\/web\/wp-content\/uploads\/2015\/03\/est03-1.jpg\",\"datePublished\":\"2014-12-14T10:09:51+00:00\",\"dateModified\":\"2021-01-12T19:43:13+00:00\",\"description\":\"COFRE CART\u00d3N - 6 BOT. A ELEGIR\",\"breadcrumb\":{\"@id\":\"http:\/\/www.zuazogaston.com\/web\/producto\/estuches\/cofre-carton-6-bot-elegir\/#breadcrumb\"},\"inLanguage\":\"es\",\"potentialAction\":[{\"@type\":\"ReadAction\",\"target\":[\"http:\/\/www.zuazogaston.com\/web\/producto\/estuches\/cofre-carton-6-bot-elegir\/\"]}]},{\"@type\":\"ImageObject\",\"inLanguage\":\"es\",\"@id\":\"http:\/\/www.zuazogaston.com\/web\/producto\/estuches\/cofre-carton-6-bot-elegir\/#primaryimage\",\"url\":\"http:\/\/www.zuazogaston.com\/web\/wp-content\/uploads\/2015\/03\/est03-1.jpg\",\"contentUrl\":\"http:\/\/www.zuazogaston.com\/web\/wp-content\/uploads\/2015\/03\/est03-1.jpg\",\"width\":510,\"height\":651},{\"@type\":\"BreadcrumbList\",\"@id\":\"http:\/\/www.zuazogaston.com\/web\/producto\/estuches\/cofre-carton-6-bot-elegir\/#breadcrumb\",\"itemListElement\":[{\"@type\":\"ListItem\",\"position\":1,\"name\":\"Inicio\",\"item\":\"http:\/\/www.zuazogaston.com\/web\/\"},{\"@type\":\"ListItem\",\"position\":2,\"name\":\"Tienda\",\"item\":\"http:\/\/www.zuazogaston.com\/web\/producto-2\/\"},{\"@type\":\"ListItem\",\"position\":3,\"name\":\"Estuches\",\"item\":\"https:\/\/www.zuazogaston.com\/web\/categoria-producto\/estuches\/\"},{\"@type\":\"ListItem\",\"position\":4,\"name\":\"COFRE CART\u00d3N &#8211; 6 BOT. A ELEGIR\"}]},{\"@type\":\"WebSite\",\"@id\":\"http:\/\/www.zuazogaston.com\/web\/#website\",\"url\":\"http:\/\/www.zuazogaston.com\/web\/\",\"name\":\"Zuazo Gast\u00f3n\",\"description\":\"Bodegas y Vi\u00f1edos\",\"potentialAction\":[{\"@type\":\"SearchAction\",\"target\":{\"@type\":\"EntryPoint\",\"urlTemplate\":\"http:\/\/www.zuazogaston.com\/web\/?s={search_term_string}\"},\"query-input\":{\"@type\":\"PropertyValueSpecification\",\"valueRequired\":true,\"valueName\":\"search_term_string\"}}],\"inLanguage\":\"es\"}]}<\/script>\n<!-- \/ Yoast SEO plugin. -->","yoast_head_json":{"title":"COFRE CART\u00d3N - 6 BOT. A ELEGIR","description":"COFRE CART\u00d3N - 6 BOT. A ELEGIR","robots":{"index":"index","follow":"follow","max-snippet":"max-snippet:-1","max-image-preview":"max-image-preview:large","max-video-preview":"max-video-preview:-1"},"canonical":"http:\/\/www.zuazogaston.com\/web\/producto\/estuches\/cofre-carton-6-bot-elegir\/","og_locale":"es_ES","og_type":"article","og_title":"COFRE CART\u00d3N - 6 BOT. A ELEGIR","og_description":"COFRE CART\u00d3N - 6 BOT. A ELEGIR","og_url":"http:\/\/www.zuazogaston.com\/web\/producto\/estuches\/cofre-carton-6-bot-elegir\/","og_site_name":"Zuazo Gast\u00f3n","article_publisher":"http:\/\/www.facebook.com\/BodegasZuazoGaston","article_modified_time":"2021-01-12T19:43:13+00:00","og_image":[{"width":510,"height":651,"url":"http:\/\/www.zuazogaston.com\/web\/wp-content\/uploads\/2015\/03\/est03-1.jpg","type":"image\/jpeg"}],"twitter_card":"summary_large_image","twitter_site":"@ZuazoGaston","schema":{"@context":"https:\/\/schema.org","@graph":[{"@type":"WebPage","@id":"http:\/\/www.zuazogaston.com\/web\/producto\/estuches\/cofre-carton-6-bot-elegir\/","url":"http:\/\/www.zuazogaston.com\/web\/producto\/estuches\/cofre-carton-6-bot-elegir\/","name":"COFRE CART\u00d3N - 6 BOT. A ELEGIR","isPartOf":{"@id":"http:\/\/www.zuazogaston.com\/web\/#website"},"primaryImageOfPage":{"@id":"http:\/\/www.zuazogaston.com\/web\/producto\/estuches\/cofre-carton-6-bot-elegir\/#primaryimage"},"image":{"@id":"http:\/\/www.zuazogaston.com\/web\/producto\/estuches\/cofre-carton-6-bot-elegir\/#primaryimage"},"thumbnailUrl":"http:\/\/www.zuazogaston.com\/web\/wp-content\/uploads\/2015\/03\/est03-1.jpg","datePublished":"2014-12-14T10:09:51+00:00","dateModified":"2021-01-12T19:43:13+00:00","description":"COFRE CART\u00d3N - 6 BOT. A ELEGIR","breadcrumb":{"@id":"http:\/\/www.zuazogaston.com\/web\/producto\/estuches\/cofre-carton-6-bot-elegir\/#breadcrumb"},"inLanguage":"es","potentialAction":[{"@type":"ReadAction","target":["http:\/\/www.zuazogaston.com\/web\/producto\/estuches\/cofre-carton-6-bot-elegir\/"]}]},{"@type":"ImageObject","inLanguage":"es","@id":"http:\/\/www.zuazogaston.com\/web\/producto\/estuches\/cofre-carton-6-bot-elegir\/#primaryimage","url":"http:\/\/www.zuazogaston.com\/web\/wp-content\/uploads\/2015\/03\/est03-1.jpg","contentUrl":"http:\/\/www.zuazogaston.com\/web\/wp-content\/uploads\/2015\/03\/est03-1.jpg","width":510,"height":651},{"@type":"BreadcrumbList","@id":"http:\/\/www.zuazogaston.com\/web\/producto\/estuches\/cofre-carton-6-bot-elegir\/#breadcrumb","itemListElement":[{"@type":"ListItem","position":1,"name":"Inicio","item":"http:\/\/www.zuazogaston.com\/web\/"},{"@type":"ListItem","position":2,"name":"Tienda","item":"http:\/\/www.zuazogaston.com\/web\/producto-2\/"},{"@type":"ListItem","position":3,"name":"Estuches","item":"https:\/\/www.zuazogaston.com\/web\/categoria-producto\/estuches\/"},{"@type":"ListItem","position":4,"name":"COFRE CART\u00d3N &#8211; 6 BOT. A ELEGIR"}]},{"@type":"WebSite","@id":"http:\/\/www.zuazogaston.com\/web\/#website","url":"http:\/\/www.zuazogaston.com\/web\/","name":"Zuazo Gast\u00f3n","description":"Bodegas y Vi\u00f1edos","potentialAction":[{"@type":"SearchAction","target":{"@type":"EntryPoint","urlTemplate":"http:\/\/www.zuazogaston.com\/web\/?s={search_term_string}"},"query-input":{"@type":"PropertyValueSpecification","valueRequired":true,"valueName":"search_term_string"}}],"inLanguage":"es"}]}},"_links":{"self":[{"href":"http:\/\/www.zuazogaston.com\/web\/wp-json\/wp\/v2\/product\/3137","targetHints":{"allow":["GET"]}}],"collection":[{"href":"http:\/\/www.zuazogaston.com\/web\/wp-json\/wp\/v2\/product"}],"about":[{"href":"http:\/\/www.zuazogaston.com\/web\/wp-json\/wp\/v2\/types\/product"}],"replies":[{"embeddable":true,"href":"http:\/\/www.zuazogaston.com\/web\/wp-json\/wp\/v2\/comments?post=3137"}],"wp:featuredmedia":[{"embeddable":true,"href":"http:\/\/www.zuazogaston.com\/web\/wp-json\/wp\/v2\/media\/3262"}],"wp:attachment":[{"href":"http:\/\/www.zuazogaston.com\/web\/wp-json\/wp\/v2\/media?parent=3137"}],"wp:term":[{"taxonomy":"product_brand","embeddable":true,"href":"http:\/\/www.zuazogaston.com\/web\/wp-json\/wp\/v2\/product_brand?post=3137"},{"taxonomy":"product_cat","embeddable":true,"href":"http:\/\/www.zuazogaston.com\/web\/wp-json\/wp\/v2\/product_cat?post=3137"},{"taxonomy":"product_tag","embeddable":true,"href":"http:\/\/www.zuazogaston.com\/web\/wp-json\/wp\/v2\/product_tag?post=3137"}],"curies":[{"name":"wp","href":"https:\/\/api.w.org\/{rel}","templated":true}]}}