{"id":5,"date":"2014-06-06T12:57:13","date_gmt":"2014-06-06T10:57:13","guid":{"rendered":"http:\/\/zuazogaston.com\/singular\/?page_id=5"},"modified":"2025-08-25T13:18:28","modified_gmt":"2025-08-25T12:18:28","slug":"historia-2","status":"publish","type":"page","link":"http:\/\/www.zuazogaston.com\/web\/historia-2\/","title":{"rendered":"<!\u2013Historia\u2013>"},"content":{"rendered":"<div class=\"wpb-content-wrapper\"><p>[vc_row][vc_column][vc_single_image image=\u00bb3014&#8243; img_size=\u00bbfull\u00bb alignment=\u00bbcenter\u00bb css=\u00bb.vc_custom_1577813708364{margin-top: -40px !important;}\u00bb][vc_raw_html][\/vc_raw_html][\/vc_column][\/vc_row][vc_row][vc_column width=\u00bb1\/3&#8243;][vc_column_text]\r\n\t\t<div class=\"shortcode_meet_the_team\">\r\n\t\t\t<div class=\"shortcode_meet_the_team_img_placeholder\"><img decoding=\"async\" src=\"http:\/\/www.zuazogaston.com\/web\/wp-content\/uploads\/2014\/06\/familia_02.jpg\" alt=\"\" \/><\/div>\r\n\t\t\t<h3>Familia<\/h3>\r\n\t\t\t<div class=\"small_sep\"><\/div>\r\n\t\t\t<div class=\"role\">Viticultores desde 1850<\/div>\r\n\t\t\t<p><span style=\"color: #555555;\"><strong>1908:<\/strong> la familia levanta una bodega en la oyonesa calle Buenos Aires con dos lagos de piedra de siller\u00eda.\u00a0<\/span><\/p>\n<p><span style=\"color: #555555;\"><strong>1947:<\/strong>\u00a0<strong>D. Mariano Zuazo<\/strong>, junto a\u00a0<strong>D. Victoriano Gast\u00f3n<\/strong>\u00a0y varios viticultores de la localidad, funda una bodega cooperativa destinada a la elaboraci\u00f3n de vinos a granel para su venta.<\/span><\/p>\n<p><strong>1987:<\/strong>\u00a0la siguiente generaci\u00f3n encabezada por\u00a0<strong>D. Luis Zuazo<\/strong>\u00a0y 9 viticultores de la comarca construyen Maese Joan, una bodega que ya elabora, cr\u00eda y embotella el vino.<\/p>\n<p><strong>1989:<\/strong>\u00a0<strong>Prudencio Zuazo Gast\u00f3n<\/strong>, una vez finalizados sus estudios de Enolog\u00eda, decide poner los cimientos\u00a0al\u00a0proyecto propio familiar: la elaboraci\u00f3n personal y diferenciada de sus vinos con el fruto de sus propios vi\u00f1edos.<\/p>\r\n\t\t<\/div>\r\n\t[\/vc_column_text][\/vc_column][vc_column width=\u00bb1\/3&#8243;][vc_column_text]\r\n\t\t<div class=\"shortcode_meet_the_team\">\r\n\t\t\t<div class=\"shortcode_meet_the_team_img_placeholder\"><img decoding=\"async\" src=\"http:\/\/www.zuazogaston.com\/web\/wp-content\/uploads\/2014\/06\/familia_03.jpg\" alt=\"\" \/><\/div>\r\n\t\t\t<h3>Enolog\u00eda<\/h3>\r\n\t\t\t<div class=\"small_sep\"><\/div>\r\n\t\t\t<div class=\"role\">responsable<\/div>\r\n\t\t\t<p><strong>1990-2000:<\/strong> dos lustros que se dedican a cultivar, transformar y ampliar las parcelas de vi\u00f1a hasta llegar a las 52 Has. que ser\u00e1n la base del nuevo proyecto.<\/p>\n<p><strong>2001:<\/strong> nace\u00a0<strong>Bodegas y Vi\u00f1edos Zuazo Gast\u00f3n<\/strong>\u00a0y se\u00a0comienza la andadura en la elaboraci\u00f3n y crianza de sus primeros vinos en unas primeras instalaciones de apenas 1000 m2.<\/p>\n<p><strong>2013:<\/strong>\u00a0la Bodega cultiva alrededor de 100 Has. de vi\u00f1edo cuyo fruto se transforma en unas modernas instalaciones de\u00a04.000 M2 que albergan naves de elaboraci\u00f3n para\u00a0600.000 litros y un parque de 2.000 barricas de roble americano y franc\u00e9s.<\/p>\n<p><strong>2014:<\/strong>\u00a0los tiempos cambian, y con ellos los gustos. Debido a la demanda de vinos m\u00e1s modernos\u00a0y definidos, se levanta una <\/p>\r\n\t\t<\/div>\r\n\t[\/vc_column_text][\/vc_column][vc_column width=\u00bb1\/3&#8243;][vc_column_text]\r\n\t\t<div class=\"shortcode_meet_the_team\">\r\n\t\t\t<div class=\"shortcode_meet_the_team_img_placeholder\"><img decoding=\"async\" src=\"http:\/\/www.zuazogaston.com\/web\/wp-content\/uploads\/2014\/06\/familia_04.jpg\" alt=\"\" \/><\/div>\r\n\t\t\t<h3>Zuazo Gast\u00f3n<\/h3>\r\n\t\t\t<div class=\"small_sep\"><\/div>\r\n\t\t\t<div class=\"role\">un apellido como insignia<\/div>\r\n\t\t\t<p>nueva Bodega destinada a la elaboraci\u00f3n de vinos varietales: <strong>Hacienda Gast\u00f3n<\/strong>.<\/p>\n<p><strong>2017:<\/strong> la voluntad de expansi\u00f3n y crecimiento nos hace mirar hacia la otra gran Denominaci\u00f3n espa\u00f1ola: Ribera del Duero. Este sue\u00f1o ha comenzado\u00a0con la adquisici\u00f3n de las Bodegas <strong>Te\u00f3filo Reyes<\/strong>, una firma pionera en la elaboraci\u00f3n ribere\u00f1a. All\u00ed, mediante 34 Has. propias intentaremos crear vinos que, como en Rioja, sientan orgullo de su apellido.<\/p>\n<p><strong>Actualmente:<\/strong>\u00a0hoy,\u00a0nuestros vinos son reconocidos y premiados en las m\u00e1s prestigiosas ferias y cert\u00e1menes nacionales e internacionales.\u00a0Distribuidos por m\u00e1s de 130 empresas a lo largo de toda Espa\u00f1a y con presencia en otros 21 pa\u00edses. La recompensa al trabajo realizado con esmero y pasi\u00f3n: Zuazo Gast\u00f3n.\u00a0<\/p>\r\n\t\t<\/div>\r\n\t[\/vc_column_text][\/vc_column][\/vc_row][vc_column width=\u00bb1\/3&#8243;][\/vc_column][vc_row][vc_column][\/vc_column][\/vc_row][vc_row full_width=\u00bbstretch_row\u00bb content_placement=\u00bbmiddle\u00bb css=\u00bb.vc_custom_1755693341247{padding-top: 20px !important;padding-bottom: 40px !important;background-image: url(http:\/\/www.zuazogaston.com\/web\/wp-content\/uploads\/2025\/08\/pruden_zuazo_2.webp?id=5486) !important;background-position: center !important;background-repeat: no-repeat !important;background-size: cover !important;}\u00bb][vc_column css_animation=\u00bbnone\u00bb width=\u00bb1\/3&#8243;][vc_hoverbox image=\u00bb5488&#8243; primary_title=\u00bbTe\u00f3filo Reyes\u00bb hover_title=\u00bbTe\u00f3filo Reyes\u00bb shape=\u00bbsquare\u00bb hover_background_color=\u00bbcustom\u00bb hover_btn_title=\u00bbCONOCE EL PROYECTO\u00bb css_animation=\u00bbnone\u00bb hover_add_button=\u00bbtrue\u00bb hover_custom_background=\u00bb#B89969&#8243;]<\/p>\n<h6 style=\"text-align: center;\"><em>Nuestro proyecto en Ribera del Duero. Vinos muy personales en la milla de oro de la D. O.<\/em><\/h6>\n<p>[\/vc_hoverbox][\/vc_column][vc_column width=\u00bb1\/3&#8243;][vc_hoverbox image=\u00bb5490&#8243; primary_title=\u00bbHacienda Gast\u00f3n\u00bb hover_title=\u00bbTe\u00f3filo Reyes\u00bb shape=\u00bbsquare\u00bb hover_background_color=\u00bbcustom\u00bb hover_btn_title=\u00bbCONOCE TAPAS GAST\u00d3N\u00bb css_animation=\u00bbnone\u00bb hover_add_button=\u00bbtrue\u00bb hover_custom_background=\u00bb#D67272&#8243;]<\/p>\n<h6 style=\"text-align: center;\"><em>Gama de vinos alejados de los cors\u00e9s de las D.O. elaborados para el disfrute.<\/em><\/h6>\n<p>[\/vc_hoverbox][\/vc_column][vc_column width=\u00bb1\/3&#8243;][vc_hoverbox image=\u00bb5492&#8243; primary_title=\u00bbExportaci\u00f3n\u00bb hover_title=\u00bbExportaci\u00f3n\u00bb shape=\u00bbsquare\u00bb hover_background_color=\u00bbcustom\u00bb hover_btn_title=\u00bbCONOCE PA\u00cdSES\u00bb css_animation=\u00bbnone\u00bb hover_add_button=\u00bbtrue\u00bb hover_custom_background=\u00bb#899F79&#8243;]<\/p>\n<h6 style=\"text-align: center;\"><em>Nuestra labor comercial llega a todo el mundo&#8230;, o casi.<\/em><\/h6>\n<p>[\/vc_hoverbox][\/vc_column][\/vc_row]<\/p>\n<\/div>","protected":false},"excerpt":{"rendered":"<p>Aqu\u00ed va la descripci\u00f3n<\/p>\n","protected":false},"author":1,"featured_media":0,"parent":0,"menu_order":0,"comment_status":"closed","ping_status":"closed","template":"","meta":{"footnotes":""},"class_list":["post-5","page","type-page","status-publish","hentry"],"yoast_head":"<!-- This site is optimized with the Yoast SEO plugin v26.4 - https:\/\/yoast.com\/wordpress\/plugins\/seo\/ -->\n<title>Historia - Zuazo Gast\u00f3n<\/title>\n<meta name=\"description\" content=\"Hacemos gala y orgullo de nuestros or\u00edgenes. La bodega y cada uno de nuestros vinos llevan el apellido Zuazo Gast\u00f3n representando nuestra historia.\" \/>\n<meta name=\"robots\" content=\"index, follow, max-snippet:-1, max-image-preview:large, max-video-preview:-1\" \/>\n<link rel=\"canonical\" href=\"https:\/\/www.zuazogaston.com\/web\/historia-2\/\" \/>\n<meta property=\"og:locale\" content=\"es_ES\" \/>\n<meta property=\"og:type\" content=\"article\" \/>\n<meta property=\"og:title\" content=\"Historia - Zuazo Gast\u00f3n\" \/>\n<meta property=\"og:description\" content=\"Hacemos gala y orgullo de nuestros or\u00edgenes. La bodega y cada uno de nuestros vinos llevan el apellido Zuazo Gast\u00f3n representando nuestra historia.\" \/>\n<meta property=\"og:url\" content=\"https:\/\/www.zuazogaston.com\/web\/historia-2\/\" \/>\n<meta property=\"og:site_name\" content=\"Zuazo Gast\u00f3n\" \/>\n<meta property=\"article:publisher\" content=\"http:\/\/www.facebook.com\/BodegasZuazoGaston\" \/>\n<meta property=\"article:modified_time\" content=\"2025-08-25T12:18:28+00:00\" \/>\n<meta name=\"twitter:card\" content=\"summary_large_image\" \/>\n<meta name=\"twitter:site\" content=\"@ZuazoGaston\" \/>\n<meta name=\"twitter:label1\" content=\"Tiempo de lectura\" \/>\n\t<meta name=\"twitter:data1\" content=\"3 minutos\" \/>\n<script type=\"application\/ld+json\" class=\"yoast-schema-graph\">{\"@context\":\"https:\/\/schema.org\",\"@graph\":[{\"@type\":\"WebPage\",\"@id\":\"https:\/\/www.zuazogaston.com\/web\/historia-2\/\",\"url\":\"https:\/\/www.zuazogaston.com\/web\/historia-2\/\",\"name\":\"Historia - Zuazo Gast\u00f3n\",\"isPartOf\":{\"@id\":\"http:\/\/www.zuazogaston.com\/web\/#website\"},\"datePublished\":\"2014-06-06T10:57:13+00:00\",\"dateModified\":\"2025-08-25T12:18:28+00:00\",\"description\":\"Hacemos gala y orgullo de nuestros or\u00edgenes. La bodega y cada uno de nuestros vinos llevan el apellido Zuazo Gast\u00f3n representando nuestra historia.\",\"inLanguage\":\"es\",\"potentialAction\":[{\"@type\":\"ReadAction\",\"target\":[\"https:\/\/www.zuazogaston.com\/web\/historia-2\/\"]}]},{\"@type\":\"WebSite\",\"@id\":\"http:\/\/www.zuazogaston.com\/web\/#website\",\"url\":\"http:\/\/www.zuazogaston.com\/web\/\",\"name\":\"Zuazo Gast\u00f3n\",\"description\":\"Bodegas y Vi\u00f1edos\",\"potentialAction\":[{\"@type\":\"SearchAction\",\"target\":{\"@type\":\"EntryPoint\",\"urlTemplate\":\"http:\/\/www.zuazogaston.com\/web\/?s={search_term_string}\"},\"query-input\":{\"@type\":\"PropertyValueSpecification\",\"valueRequired\":true,\"valueName\":\"search_term_string\"}}],\"inLanguage\":\"es\"}]}<\/script>\n<!-- \/ Yoast SEO plugin. -->","yoast_head_json":{"title":"Historia - Zuazo Gast\u00f3n","description":"Hacemos gala y orgullo de nuestros or\u00edgenes. La bodega y cada uno de nuestros vinos llevan el apellido Zuazo Gast\u00f3n representando nuestra historia.","robots":{"index":"index","follow":"follow","max-snippet":"max-snippet:-1","max-image-preview":"max-image-preview:large","max-video-preview":"max-video-preview:-1"},"canonical":"https:\/\/www.zuazogaston.com\/web\/historia-2\/","og_locale":"es_ES","og_type":"article","og_title":"Historia - Zuazo Gast\u00f3n","og_description":"Hacemos gala y orgullo de nuestros or\u00edgenes. La bodega y cada uno de nuestros vinos llevan el apellido Zuazo Gast\u00f3n representando nuestra historia.","og_url":"https:\/\/www.zuazogaston.com\/web\/historia-2\/","og_site_name":"Zuazo Gast\u00f3n","article_publisher":"http:\/\/www.facebook.com\/BodegasZuazoGaston","article_modified_time":"2025-08-25T12:18:28+00:00","twitter_card":"summary_large_image","twitter_site":"@ZuazoGaston","twitter_misc":{"Tiempo de lectura":"3 minutos"},"schema":{"@context":"https:\/\/schema.org","@graph":[{"@type":"WebPage","@id":"https:\/\/www.zuazogaston.com\/web\/historia-2\/","url":"https:\/\/www.zuazogaston.com\/web\/historia-2\/","name":"Historia - Zuazo Gast\u00f3n","isPartOf":{"@id":"http:\/\/www.zuazogaston.com\/web\/#website"},"datePublished":"2014-06-06T10:57:13+00:00","dateModified":"2025-08-25T12:18:28+00:00","description":"Hacemos gala y orgullo de nuestros or\u00edgenes. La bodega y cada uno de nuestros vinos llevan el apellido Zuazo Gast\u00f3n representando nuestra historia.","inLanguage":"es","potentialAction":[{"@type":"ReadAction","target":["https:\/\/www.zuazogaston.com\/web\/historia-2\/"]}]},{"@type":"WebSite","@id":"http:\/\/www.zuazogaston.com\/web\/#website","url":"http:\/\/www.zuazogaston.com\/web\/","name":"Zuazo Gast\u00f3n","description":"Bodegas y Vi\u00f1edos","potentialAction":[{"@type":"SearchAction","target":{"@type":"EntryPoint","urlTemplate":"http:\/\/www.zuazogaston.com\/web\/?s={search_term_string}"},"query-input":{"@type":"PropertyValueSpecification","valueRequired":true,"valueName":"search_term_string"}}],"inLanguage":"es"}]}},"_links":{"self":[{"href":"http:\/\/www.zuazogaston.com\/web\/wp-json\/wp\/v2\/pages\/5","targetHints":{"allow":["GET"]}}],"collection":[{"href":"http:\/\/www.zuazogaston.com\/web\/wp-json\/wp\/v2\/pages"}],"about":[{"href":"http:\/\/www.zuazogaston.com\/web\/wp-json\/wp\/v2\/types\/page"}],"author":[{"embeddable":true,"href":"http:\/\/www.zuazogaston.com\/web\/wp-json\/wp\/v2\/users\/1"}],"replies":[{"embeddable":true,"href":"http:\/\/www.zuazogaston.com\/web\/wp-json\/wp\/v2\/comments?post=5"}],"version-history":[{"count":10,"href":"http:\/\/www.zuazogaston.com\/web\/wp-json\/wp\/v2\/pages\/5\/revisions"}],"predecessor-version":[{"id":5545,"href":"http:\/\/www.zuazogaston.com\/web\/wp-json\/wp\/v2\/pages\/5\/revisions\/5545"}],"wp:attachment":[{"href":"http:\/\/www.zuazogaston.com\/web\/wp-json\/wp\/v2\/media?parent=5"}],"curies":[{"name":"wp","href":"https:\/\/api.w.org\/{rel}","templated":true}]}}