{"id":3952,"date":"2015-02-10T13:03:07","date_gmt":"2015-02-10T12:03:07","guid":{"rendered":"https:\/\/www.zuazogaston.com\/web\/zg_edicion_limitada-2"},"modified":"2025-08-21T19:58:50","modified_gmt":"2025-08-21T18:58:50","slug":"zg_edicion_limitada","status":"publish","type":"page","link":"http:\/\/www.zuazogaston.com\/web\/zg_edicion_limitada\/","title":{"rendered":"<!\u2013ZG_Edicion_Limitada\u2013>"},"content":{"rendered":"<div class=\"wpb-content-wrapper\"><p>[vc_row css=\u00bb.vc_custom_1755800266304{padding-bottom: 50px !important;}\u00bb][vc_column width=\u00bb1\/2&#8243;][vc_single_image image=\u00bb3740&#8243; img_size=\u00bblarge\u00bb css_animation=\u00bbright-to-left\u00bb][\/vc_column][vc_column width=\u00bb1\/2&#8243;][vc_column_text css=\u00bb\u00bb]    \r\n    <div class=\"title_subtitle\" style=\"text-align:left\">\r\n        <h3 style=\"color:#b57800 !important; font-size:36px\">ZG Edici\u00f3n Limitada<\/h3>\r\n                <h4 style=\"color:#9b9b9b !important; font-size:19px\">Elaborado tras una esmerada selecci\u00f3n de diferentes zonas concretas de los vi\u00f1edos m\u00e1s antiguos de la familia.<\/h4>    <\/div>\r\n\r\n\t[vc_tta_accordion][vc_tta_section title=\u00bbELABORACI\u00d3N\u00bb tab_id=\u00bb1577968822578-e412a530-f46bf13e-3d87ecfe-b765&#8243;][vc_column_text]Tempranillo 95%, Graciano 5%. El primero de nuestra nueva l\u00ednea de vinos. Un crianza seleccionado, diferente y mimado hasta el extremo. Novedosa presentaci\u00f3n y elaboraci\u00f3n diferente.<\/p>\n<p><strong>Crianza:<\/strong>\u00a014 meses en barricas de roble franc\u00e9s de 225 lts. y 12\u00a0en botella.[\/vc_column_text][vc_toggle title=\u00bbCATA\u00bb color=\u00bborange\u00bb custom_font_container=\u00bbtag:h2|font_size:17|text_align:left|color:%23C58422&#8243; custom_use_theme_fonts=\u00bbyes\u00bb css=\u00bb.vc_custom_1755799856191{margin-top: 22px !important;}\u00bb use_custom_heading=\u00bbtrue\u00bb]Color cereza granate de capa media alta, glic\u00e9rico, con un ligero ribete rojizo.<br \/>\nAroma intenso, combinando la fruta roja y confitada con las especias, el cacao, y las cremas. Madera bien ensamblada.<br \/>\nPaso agradable, complejo y equilibrado por boca con una sensaci\u00f3n retronasal, grata y presistente.[\/vc_toggle][vc_toggle title=\u00bbPARTICULARIDADES\u00bb color=\u00bborange\u00bb custom_font_container=\u00bbtag:h2|font_size:17|text_align:left|color:%23C58422&#8243; custom_use_theme_fonts=\u00bbyes\u00bb css=\u00bb.vc_custom_1755798694898{margin-top: 22px !important;}\u00bb use_custom_heading=\u00bbtrue\u00bb]<strong>Grado Alcoh\u00f3lico:<\/strong> 13% vol.<br \/>\n<strong>Temperatura de servicio:<\/strong> 15 \u2013 17\u00baC<br \/>\n<strong>Tipo de botella:<\/strong> Borgo\u00f1a, Mateada.<br \/>\n<strong>Capacidad:<\/strong> 750 ml.<br \/>\n<strong>Maridaje:<\/strong> Recomendado para carnes rojas, caza, guisos condimentados y quesos.[\/vc_toggle][vc_toggle title=\u00bbGALARDONES\u00bb color=\u00bborange\u00bb custom_font_container=\u00bbtag:h2|font_size:17|text_align:left|color:%23C58422&#8243; custom_use_theme_fonts=\u00bbyes\u00bb css=\u00bb.vc_custom_1755802718949{margin-top: 22px !important;}\u00bb use_custom_heading=\u00bbtrue\u00bb]<strong>\u2022 Medalla de\u00a0Oro<\/strong>\u00a0en la International Wine Challenge Catavinum 2016.<br \/>\n<strong>\u2022 Medalla de\u00a0Oro<\/strong>\u00a0en la International Wine Guide 2015.[\/vc_toggle][vc_btn title=\u00bbDESCARGAR FICHA EN PDF\u00bb style=\u00bbgradient\u00bb gradient_color_1=\u00bbgrey\u00bb gradient_color_2=\u00bbblack\u00bb size=\u00bbxs\u00bb align=\u00bbright\u00bb css=\u00bb\u00bb button_block=\u00bbtrue\u00bb link=\u00bburl:http%3A%2F%2Fzuazogaston.com%2Fweb%2FPDF%2Fzg_rioja.pdf\u00bb][vc_btn title=\u00bbCOMPRAR ESTE VINO\u00bb style=\u00bbgradient\u00bb gradient_color_1=\u00bborange\u00bb gradient_color_2=\u00bbblack\u00bb size=\u00bbxs\u00bb align=\u00bbright\u00bb css=\u00bb\u00bb button_block=\u00bbtrue\u00bb link=\u00bburl:https%3A%2F%2Fwww.zuazogaston.com%2Fweb%2Fproducto%2Fzg%2Fzg-edicion-limitada%2F\u00bb][vc_btn title=\u00bbVOLVER A VINOS\u00bb style=\u00bbclassic\u00bb color=\u00bbwhite\u00bb size=\u00bbxs\u00bb align=\u00bbright\u00bb css=\u00bb\u00bb button_block=\u00bbtrue\u00bb link=\u00bburl:https%3A%2F%2Fwww.zuazogaston.com%2Fweb%2Fgama-de-vinos-2-2%2F\u00bb][\/vc_column][\/vc_row][vc_row][vc_column][vc_separator color=\u00bbblack\u00bb][vc_raw_html]JTNDaDMlM0UlMjZuYnNwJTNCJTNDJTJGaDMlM0UlMEE=[\/vc_raw_html][\/vc_column][vc_column][\/vc_column][\/vc_row]<\/p>\n<\/div>","protected":false},"excerpt":{"rendered":"<p>Aqu\u00ed va la descripci\u00f3n<\/p>\n","protected":false},"author":1,"featured_media":0,"parent":0,"menu_order":0,"comment_status":"closed","ping_status":"closed","template":"","meta":{"footnotes":""},"class_list":["post-3952","page","type-page","status-publish","hentry"],"yoast_head":"<!-- This site is optimized with the Yoast SEO plugin v26.4 - https:\/\/yoast.com\/wordpress\/plugins\/seo\/ -->\n<title>ZG Edici\u00f3n Limitada<\/title>\n<meta name=\"description\" content=\"ZG Edici\u00f3n Limitada, un crianza seleccionado y diferente y mimado hasta el extremo.\" \/>\n<meta name=\"robots\" content=\"index, follow, max-snippet:-1, max-image-preview:large, max-video-preview:-1\" \/>\n<link rel=\"canonical\" href=\"https:\/\/www.zuazogaston.com\/web\/zg_edicion_limitada\/\" \/>\n<meta property=\"og:locale\" content=\"es_ES\" \/>\n<meta property=\"og:type\" content=\"article\" \/>\n<meta property=\"og:title\" content=\"ZG Edici\u00f3n Limitada\" \/>\n<meta property=\"og:description\" content=\"ZG Edici\u00f3n Limitada, un crianza seleccionado y diferente y mimado hasta el extremo.\" \/>\n<meta property=\"og:url\" content=\"https:\/\/www.zuazogaston.com\/web\/zg_edicion_limitada\/\" \/>\n<meta property=\"og:site_name\" content=\"Zuazo Gast\u00f3n\" \/>\n<meta property=\"article:publisher\" content=\"http:\/\/www.facebook.com\/BodegasZuazoGaston\" \/>\n<meta property=\"article:modified_time\" content=\"2025-08-21T18:58:50+00:00\" \/>\n<meta name=\"twitter:card\" content=\"summary_large_image\" \/>\n<meta name=\"twitter:site\" content=\"@ZuazoGaston\" \/>\n<meta name=\"twitter:label1\" content=\"Tiempo de lectura\" \/>\n\t<meta name=\"twitter:data1\" content=\"2 minutos\" \/>\n<script type=\"application\/ld+json\" class=\"yoast-schema-graph\">{\"@context\":\"https:\/\/schema.org\",\"@graph\":[{\"@type\":\"WebPage\",\"@id\":\"https:\/\/www.zuazogaston.com\/web\/zg_edicion_limitada\/\",\"url\":\"https:\/\/www.zuazogaston.com\/web\/zg_edicion_limitada\/\",\"name\":\"ZG Edici\u00f3n Limitada\",\"isPartOf\":{\"@id\":\"http:\/\/www.zuazogaston.com\/web\/#website\"},\"datePublished\":\"2015-02-10T12:03:07+00:00\",\"dateModified\":\"2025-08-21T18:58:50+00:00\",\"description\":\"ZG Edici\u00f3n Limitada, un crianza seleccionado y diferente y mimado hasta el extremo.\",\"inLanguage\":\"es\",\"potentialAction\":[{\"@type\":\"ReadAction\",\"target\":[\"https:\/\/www.zuazogaston.com\/web\/zg_edicion_limitada\/\"]}]},{\"@type\":\"WebSite\",\"@id\":\"http:\/\/www.zuazogaston.com\/web\/#website\",\"url\":\"http:\/\/www.zuazogaston.com\/web\/\",\"name\":\"Zuazo Gast\u00f3n\",\"description\":\"Bodegas y Vi\u00f1edos\",\"potentialAction\":[{\"@type\":\"SearchAction\",\"target\":{\"@type\":\"EntryPoint\",\"urlTemplate\":\"http:\/\/www.zuazogaston.com\/web\/?s={search_term_string}\"},\"query-input\":{\"@type\":\"PropertyValueSpecification\",\"valueRequired\":true,\"valueName\":\"search_term_string\"}}],\"inLanguage\":\"es\"}]}<\/script>\n<!-- \/ Yoast SEO plugin. -->","yoast_head_json":{"title":"ZG Edici\u00f3n Limitada","description":"ZG Edici\u00f3n Limitada, un crianza seleccionado y diferente y mimado hasta el extremo.","robots":{"index":"index","follow":"follow","max-snippet":"max-snippet:-1","max-image-preview":"max-image-preview:large","max-video-preview":"max-video-preview:-1"},"canonical":"https:\/\/www.zuazogaston.com\/web\/zg_edicion_limitada\/","og_locale":"es_ES","og_type":"article","og_title":"ZG Edici\u00f3n Limitada","og_description":"ZG Edici\u00f3n Limitada, un crianza seleccionado y diferente y mimado hasta el extremo.","og_url":"https:\/\/www.zuazogaston.com\/web\/zg_edicion_limitada\/","og_site_name":"Zuazo Gast\u00f3n","article_publisher":"http:\/\/www.facebook.com\/BodegasZuazoGaston","article_modified_time":"2025-08-21T18:58:50+00:00","twitter_card":"summary_large_image","twitter_site":"@ZuazoGaston","twitter_misc":{"Tiempo de lectura":"2 minutos"},"schema":{"@context":"https:\/\/schema.org","@graph":[{"@type":"WebPage","@id":"https:\/\/www.zuazogaston.com\/web\/zg_edicion_limitada\/","url":"https:\/\/www.zuazogaston.com\/web\/zg_edicion_limitada\/","name":"ZG Edici\u00f3n Limitada","isPartOf":{"@id":"http:\/\/www.zuazogaston.com\/web\/#website"},"datePublished":"2015-02-10T12:03:07+00:00","dateModified":"2025-08-21T18:58:50+00:00","description":"ZG Edici\u00f3n Limitada, un crianza seleccionado y diferente y mimado hasta el extremo.","inLanguage":"es","potentialAction":[{"@type":"ReadAction","target":["https:\/\/www.zuazogaston.com\/web\/zg_edicion_limitada\/"]}]},{"@type":"WebSite","@id":"http:\/\/www.zuazogaston.com\/web\/#website","url":"http:\/\/www.zuazogaston.com\/web\/","name":"Zuazo Gast\u00f3n","description":"Bodegas y Vi\u00f1edos","potentialAction":[{"@type":"SearchAction","target":{"@type":"EntryPoint","urlTemplate":"http:\/\/www.zuazogaston.com\/web\/?s={search_term_string}"},"query-input":{"@type":"PropertyValueSpecification","valueRequired":true,"valueName":"search_term_string"}}],"inLanguage":"es"}]}},"_links":{"self":[{"href":"http:\/\/www.zuazogaston.com\/web\/wp-json\/wp\/v2\/pages\/3952","targetHints":{"allow":["GET"]}}],"collection":[{"href":"http:\/\/www.zuazogaston.com\/web\/wp-json\/wp\/v2\/pages"}],"about":[{"href":"http:\/\/www.zuazogaston.com\/web\/wp-json\/wp\/v2\/types\/page"}],"author":[{"embeddable":true,"href":"http:\/\/www.zuazogaston.com\/web\/wp-json\/wp\/v2\/users\/1"}],"replies":[{"embeddable":true,"href":"http:\/\/www.zuazogaston.com\/web\/wp-json\/wp\/v2\/comments?post=3952"}],"version-history":[{"count":3,"href":"http:\/\/www.zuazogaston.com\/web\/wp-json\/wp\/v2\/pages\/3952\/revisions"}],"predecessor-version":[{"id":5514,"href":"http:\/\/www.zuazogaston.com\/web\/wp-json\/wp\/v2\/pages\/3952\/revisions\/5514"}],"wp:attachment":[{"href":"http:\/\/www.zuazogaston.com\/web\/wp-json\/wp\/v2\/media?parent=3952"}],"curies":[{"name":"wp","href":"https:\/\/api.w.org\/{rel}","templated":true}]}}