{"id":3681,"date":"2018-01-25T08:54:33","date_gmt":"2018-01-25T07:54:33","guid":{"rendered":"https:\/\/www.zuazogaston.com\/web\/?page_id=3681"},"modified":"2025-08-25T10:59:40","modified_gmt":"2025-08-25T09:59:40","slug":"tapas_verdejo","status":"publish","type":"page","link":"http:\/\/www.zuazogaston.com\/web\/tapas_verdejo\/","title":{"rendered":"<!-Tapas_Gaston_Verdejo->"},"content":{"rendered":"<div class=\"wpb-content-wrapper\"><p>[vc_row css=\u00bb.vc_custom_1577980319116{padding-bottom: 50px !important;}\u00bb][vc_column width=\u00bb1\/2&#8243; css=\u00bb.vc_custom_1577969314467{padding-bottom: 20px !important;}\u00bb][vc_single_image image=\u00bb5543&#8243; img_size=\u00bblarge\u00bb alignment=\u00bbcenter\u00bb css_animation=\u00bbfadeIn\u00bb css=\u00bb\u00bb][\/vc_column][vc_column width=\u00bb1\/2&#8243;][vc_column_text css=\u00bb\u00bb]    \r\n    <div class=\"title_subtitle\" style=\"text-align:left\">\r\n        <h3 style=\"color:#b57800 !important; font-size:36px\">Tapas Gast\u00f3n Verdejo<\/h3>\r\n                <h4 style=\"color:#9b9b9b !important; font-size:19px\">100% Verdejo, con el m\u00e1ximo respeto a la variedad, tecnolog\u00eda y experiencia dando como resultado un vino moderno adaptado a los consumidores actuales.<\/h4>    <\/div>\r\n\r\n\t[vc_tta_accordion][vc_tta_section title=\u00bbELABORACI\u00d3N\u00bb tab_id=\u00bb1577968822578-e412a530-f46bf13e-3d873400-6ccb\u00bb][vc_column_text]Maceraci\u00f3n en fr\u00edo del mosto en contacto con las pieles consiguiendo extraer al m\u00e1ximo los aromas primarios procedentes de la variedad.[\/vc_column_text][vc_toggle title=\u00bbCATA\u00bb color=\u00bborange\u00bb custom_font_container=\u00bbtag:h2|font_size:17|text_align:left|color:%23C58422&#8243; custom_use_theme_fonts=\u00bbyes\u00bb css=\u00bb.vc_custom_1756115740719{margin-top: 22px !important;}\u00bb use_custom_heading=\u00bbtrue\u00bb]Color amarillo brillante con sutiles reflejos dorados.<br \/>\nEn nariz encontramos aromas de pi\u00f1a, melocot\u00f3n y c\u00edtricos junto a notas florales y de hinojo.<br \/>\nEquilibrado en boca, con buena acidez, fruta y frescura.[\/vc_toggle][vc_toggle title=\u00bbPARTICULARIDADES\u00bb color=\u00bborange\u00bb custom_font_container=\u00bbtag:h2|font_size:17|text_align:left|color:%23C58422&#8243; custom_use_theme_fonts=\u00bbyes\u00bb css=\u00bb.vc_custom_1756115711629{margin-top: 22px !important;}\u00bb use_custom_heading=\u00bbtrue\u00bb]<strong>Grado Alcoh\u00f3lico:<\/strong> 12% vol.<br \/>\n<strong>Temperatura de servicio:<\/strong> 10 \u2013 12\u00baC<br \/>\n<strong>Tipo de botella:<\/strong> Borgo\u00f1a.<br \/>\n<strong>Capacidad:<\/strong> 750 ml.<br \/>\n<strong>Maridaje:<\/strong> Recomendado para canap\u00e9s, todo tipo de ensaladas, pastas \u00a0y pescados al horno.[\/vc_toggle][vc_btn title=\u00bbCOMPRAR ESTE VINO\u00bb style=\u00bbgradient\u00bb gradient_color_1=\u00bborange\u00bb gradient_color_2=\u00bbblack\u00bb size=\u00bbxs\u00bb align=\u00bbright\u00bb css=\u00bb\u00bb button_block=\u00bbtrue\u00bb link=\u00bburl:https%3A%2F%2Fwww.zuazogaston.com%2Fweb%2Fproducto%2Ftapas-gaston%2Ftapas-gaston-blanco-verdejo%2F\u00bb][vc_btn title=\u00bbDESCARGAR FICHA EN PDF\u00bb style=\u00bbgradient\u00bb gradient_color_1=\u00bbgrey\u00bb gradient_color_2=\u00bbblack\u00bb size=\u00bbxs\u00bb align=\u00bbright\u00bb css=\u00bb\u00bb button_block=\u00bbtrue\u00bb link=\u00bburl:http%3A%2F%2Fzuazogaston.com%2Fweb%2FPDF%2Ftapas-verdejo.pdf\u00bb][vc_btn title=\u00bbVOLVER A VINOS\u00bb style=\u00bbclassic\u00bb color=\u00bbwhite\u00bb size=\u00bbxs\u00bb align=\u00bbright\u00bb css=\u00bb\u00bb button_block=\u00bbtrue\u00bb link=\u00bburl:https%3A%2F%2Fwww.zuazogaston.com%2Fweb%2Fgama-de-vinos-2-2%2F\u00bb][\/vc_column][\/vc_row][vc_row][vc_column][vc_separator color=\u00bbblack\u00bb][vc_raw_html]JTNDaDMlM0UlMjZuYnNwJTNCJTNDJTJGaDMlM0UlMEE=[\/vc_raw_html][\/vc_column][vc_column][\/vc_column][\/vc_row][vc_row][vc_column][vc_separator][\/vc_column][\/vc_row][vc_row][vc_column][vc_column_text]<\/p>\n<p>[\/vc_column_text][\/vc_column][\/vc_row]<\/p>\n<\/div>","protected":false},"excerpt":{"rendered":"<p>[vc_row css=\u00bb.vc_custom_1577980319116{padding-bottom: 50px !important;}\u00bb][vc_column width=\u00bb1\/2&#8243; css=\u00bb.vc_custom_1577969314467{padding-bottom: 20px !important;}\u00bb][vc_single_image image=\u00bb5543&#8243; img_size=\u00bblarge\u00bb alignment=\u00bbcenter\u00bb css_animation=\u00bbfadeIn\u00bb css=\u00bb\u00bb][\/vc_column][vc_column width=\u00bb1\/2&#8243;][vc_column_text css=\u00bb\u00bb][vc_tta_accordion][vc_tta_section title=\u00bbELABORACI\u00d3N\u00bb tab_id=\u00bb1577968822578-e412a530-f46bf13e-3d873400-6ccb\u00bb][vc_column_text]Maceraci\u00f3n en fr\u00edo del mosto en contacto con las pieles consiguiendo extraer al m\u00e1ximo los aromas primarios procedentes de la variedad.[\/vc_column_text][vc_toggle title=\u00bbCATA\u00bb color=\u00bborange\u00bb custom_font_container=\u00bbtag:h2|font_size:17|text_align:left|color:%23C58422&#8243; custom_use_theme_fonts=\u00bbyes\u00bb css=\u00bb.vc_custom_1756115740719{margin-top: 22px !important;}\u00bb use_custom_heading=\u00bbtrue\u00bb]Color amarillo brillante con sutiles reflejos dorados. En nariz encontramos aromas [&hellip;]<\/p>\n","protected":false},"author":1,"featured_media":0,"parent":0,"menu_order":0,"comment_status":"closed","ping_status":"closed","template":"","meta":{"footnotes":""},"class_list":["post-3681","page","type-page","status-publish","hentry"],"yoast_head":"<!-- This site is optimized with the Yoast SEO plugin v26.4 - https:\/\/yoast.com\/wordpress\/plugins\/seo\/ -->\n<title>- Zuazo Gast\u00f3n<\/title>\n<meta name=\"robots\" content=\"index, follow, max-snippet:-1, max-image-preview:large, max-video-preview:-1\" \/>\n<link rel=\"canonical\" href=\"https:\/\/www.zuazogaston.com\/web\/tapas_verdejo\/\" \/>\n<meta property=\"og:locale\" content=\"es_ES\" \/>\n<meta property=\"og:type\" content=\"article\" \/>\n<meta property=\"og:title\" content=\"- Zuazo Gast\u00f3n\" \/>\n<meta property=\"og:description\" content=\"[vc_row css=\u00bb.vc_custom_1577980319116{padding-bottom: 50px !important;}\u00bb][vc_column width=\u00bb1\/2&#8243; css=\u00bb.vc_custom_1577969314467{padding-bottom: 20px !important;}\u00bb][vc_single_image image=\u00bb5543&#8243; img_size=\u00bblarge\u00bb alignment=\u00bbcenter\u00bb css_animation=\u00bbfadeIn\u00bb css=\u00bb\u00bb][\/vc_column][vc_column width=\u00bb1\/2&#8243;][vc_column_text css=\u00bb\u00bb][vc_tta_accordion][vc_tta_section title=\u00bbELABORACI\u00d3N\u00bb tab_id=\u00bb1577968822578-e412a530-f46bf13e-3d873400-6ccb\u00bb][vc_column_text]Maceraci\u00f3n en fr\u00edo del mosto en contacto con las pieles consiguiendo extraer al m\u00e1ximo los aromas primarios procedentes de la variedad.[\/vc_column_text][vc_toggle title=\u00bbCATA\u00bb color=\u00bborange\u00bb custom_font_container=\u00bbtag:h2|font_size:17|text_align:left|color:%23C58422&#8243; custom_use_theme_fonts=\u00bbyes\u00bb css=\u00bb.vc_custom_1756115740719{margin-top: 22px !important;}\u00bb use_custom_heading=\u00bbtrue\u00bb]Color amarillo brillante con sutiles reflejos dorados. En nariz encontramos aromas [&hellip;]\" \/>\n<meta property=\"og:url\" content=\"https:\/\/www.zuazogaston.com\/web\/tapas_verdejo\/\" \/>\n<meta property=\"og:site_name\" content=\"Zuazo Gast\u00f3n\" \/>\n<meta property=\"article:publisher\" content=\"http:\/\/www.facebook.com\/BodegasZuazoGaston\" \/>\n<meta property=\"article:modified_time\" content=\"2025-08-25T09:59:40+00:00\" \/>\n<meta name=\"twitter:card\" content=\"summary_large_image\" \/>\n<meta name=\"twitter:site\" content=\"@ZuazoGaston\" \/>\n<meta name=\"twitter:label1\" content=\"Tiempo de lectura\" \/>\n\t<meta name=\"twitter:data1\" content=\"1 minuto\" \/>\n<script type=\"application\/ld+json\" class=\"yoast-schema-graph\">{\"@context\":\"https:\/\/schema.org\",\"@graph\":[{\"@type\":\"WebPage\",\"@id\":\"https:\/\/www.zuazogaston.com\/web\/tapas_verdejo\/\",\"url\":\"https:\/\/www.zuazogaston.com\/web\/tapas_verdejo\/\",\"name\":\"- Zuazo Gast\u00f3n\",\"isPartOf\":{\"@id\":\"http:\/\/www.zuazogaston.com\/web\/#website\"},\"datePublished\":\"2018-01-25T07:54:33+00:00\",\"dateModified\":\"2025-08-25T09:59:40+00:00\",\"inLanguage\":\"es\",\"potentialAction\":[{\"@type\":\"ReadAction\",\"target\":[\"https:\/\/www.zuazogaston.com\/web\/tapas_verdejo\/\"]}]},{\"@type\":\"WebSite\",\"@id\":\"http:\/\/www.zuazogaston.com\/web\/#website\",\"url\":\"http:\/\/www.zuazogaston.com\/web\/\",\"name\":\"Zuazo Gast\u00f3n\",\"description\":\"Bodegas y Vi\u00f1edos\",\"potentialAction\":[{\"@type\":\"SearchAction\",\"target\":{\"@type\":\"EntryPoint\",\"urlTemplate\":\"http:\/\/www.zuazogaston.com\/web\/?s={search_term_string}\"},\"query-input\":{\"@type\":\"PropertyValueSpecification\",\"valueRequired\":true,\"valueName\":\"search_term_string\"}}],\"inLanguage\":\"es\"}]}<\/script>\n<!-- \/ Yoast SEO plugin. -->","yoast_head_json":{"title":"- Zuazo Gast\u00f3n","robots":{"index":"index","follow":"follow","max-snippet":"max-snippet:-1","max-image-preview":"max-image-preview:large","max-video-preview":"max-video-preview:-1"},"canonical":"https:\/\/www.zuazogaston.com\/web\/tapas_verdejo\/","og_locale":"es_ES","og_type":"article","og_title":"- Zuazo Gast\u00f3n","og_description":"[vc_row css=\u00bb.vc_custom_1577980319116{padding-bottom: 50px !important;}\u00bb][vc_column width=\u00bb1\/2&#8243; css=\u00bb.vc_custom_1577969314467{padding-bottom: 20px !important;}\u00bb][vc_single_image image=\u00bb5543&#8243; img_size=\u00bblarge\u00bb alignment=\u00bbcenter\u00bb css_animation=\u00bbfadeIn\u00bb css=\u00bb\u00bb][\/vc_column][vc_column width=\u00bb1\/2&#8243;][vc_column_text css=\u00bb\u00bb][vc_tta_accordion][vc_tta_section title=\u00bbELABORACI\u00d3N\u00bb tab_id=\u00bb1577968822578-e412a530-f46bf13e-3d873400-6ccb\u00bb][vc_column_text]Maceraci\u00f3n en fr\u00edo del mosto en contacto con las pieles consiguiendo extraer al m\u00e1ximo los aromas primarios procedentes de la variedad.[\/vc_column_text][vc_toggle title=\u00bbCATA\u00bb color=\u00bborange\u00bb custom_font_container=\u00bbtag:h2|font_size:17|text_align:left|color:%23C58422&#8243; custom_use_theme_fonts=\u00bbyes\u00bb css=\u00bb.vc_custom_1756115740719{margin-top: 22px !important;}\u00bb use_custom_heading=\u00bbtrue\u00bb]Color amarillo brillante con sutiles reflejos dorados. En nariz encontramos aromas [&hellip;]","og_url":"https:\/\/www.zuazogaston.com\/web\/tapas_verdejo\/","og_site_name":"Zuazo Gast\u00f3n","article_publisher":"http:\/\/www.facebook.com\/BodegasZuazoGaston","article_modified_time":"2025-08-25T09:59:40+00:00","twitter_card":"summary_large_image","twitter_site":"@ZuazoGaston","twitter_misc":{"Tiempo de lectura":"1 minuto"},"schema":{"@context":"https:\/\/schema.org","@graph":[{"@type":"WebPage","@id":"https:\/\/www.zuazogaston.com\/web\/tapas_verdejo\/","url":"https:\/\/www.zuazogaston.com\/web\/tapas_verdejo\/","name":"- Zuazo Gast\u00f3n","isPartOf":{"@id":"http:\/\/www.zuazogaston.com\/web\/#website"},"datePublished":"2018-01-25T07:54:33+00:00","dateModified":"2025-08-25T09:59:40+00:00","inLanguage":"es","potentialAction":[{"@type":"ReadAction","target":["https:\/\/www.zuazogaston.com\/web\/tapas_verdejo\/"]}]},{"@type":"WebSite","@id":"http:\/\/www.zuazogaston.com\/web\/#website","url":"http:\/\/www.zuazogaston.com\/web\/","name":"Zuazo Gast\u00f3n","description":"Bodegas y Vi\u00f1edos","potentialAction":[{"@type":"SearchAction","target":{"@type":"EntryPoint","urlTemplate":"http:\/\/www.zuazogaston.com\/web\/?s={search_term_string}"},"query-input":{"@type":"PropertyValueSpecification","valueRequired":true,"valueName":"search_term_string"}}],"inLanguage":"es"}]}},"_links":{"self":[{"href":"http:\/\/www.zuazogaston.com\/web\/wp-json\/wp\/v2\/pages\/3681","targetHints":{"allow":["GET"]}}],"collection":[{"href":"http:\/\/www.zuazogaston.com\/web\/wp-json\/wp\/v2\/pages"}],"about":[{"href":"http:\/\/www.zuazogaston.com\/web\/wp-json\/wp\/v2\/types\/page"}],"author":[{"embeddable":true,"href":"http:\/\/www.zuazogaston.com\/web\/wp-json\/wp\/v2\/users\/1"}],"replies":[{"embeddable":true,"href":"http:\/\/www.zuazogaston.com\/web\/wp-json\/wp\/v2\/comments?post=3681"}],"version-history":[{"count":13,"href":"http:\/\/www.zuazogaston.com\/web\/wp-json\/wp\/v2\/pages\/3681\/revisions"}],"predecessor-version":[{"id":5544,"href":"http:\/\/www.zuazogaston.com\/web\/wp-json\/wp\/v2\/pages\/3681\/revisions\/5544"}],"wp:attachment":[{"href":"http:\/\/www.zuazogaston.com\/web\/wp-json\/wp\/v2\/media?parent=3681"}],"curies":[{"name":"wp","href":"https:\/\/api.w.org\/{rel}","templated":true}]}}