{"id":32,"date":"2014-06-06T13:05:42","date_gmt":"2014-06-06T11:05:42","guid":{"rendered":"http:\/\/zuazogaston.com\/singular\/?page_id=32"},"modified":"2025-09-03T10:47:30","modified_gmt":"2025-09-03T09:47:30","slug":"zuazo-gaston-rioja-y-ribera-del-duero","status":"publish","type":"page","link":"http:\/\/www.zuazogaston.com\/web\/","title":{"rendered":"Bodegas Zuazo Gast\u00f3n"},"content":{"rendered":"<div class=\"wpb-content-wrapper\"><p>[vc_row][vc_column][rev_slider_vc alias=\u00bbprincipaln\u00bb][\/vc_column][\/vc_row][vc_row][vc_column width=\u00bb1\/4&#8243;][vc_column_text][\/vc_column_text][\/vc_column][vc_column width=\u00bb1\/2&#8243;][vc_row_inner][vc_column_inner css=\u00bb.vc_custom_1600426406763{padding-top: 60px !important;padding-bottom: 30px !important;}\u00bb][vc_column_text css=\u00bb.vc_custom_1677150187237{margin-bottom: 30px !important;}\u00bb]<\/p>\n<h2 style=\"text-align: center;\"><span style=\"color: #808080;\">\u00daLTIMOS LOGROS<\/span><\/h2>\n<p>[\/vc_column_text][vc_separator css=\u00bb.vc_custom_1677150347177{padding-top: 12px !important;padding-bottom: 12px !important;}\u00bb][\/vc_column_inner][vc_column_inner][vc_basic_grid post_type=\u00bbpost\u00bb max_items=\u00bb3&#8243; gap=\u00bb35&#8243; item=\u00bbbasicGrid_SlideBottomWithIcon\u00bb initial_loading_animation=\u00bbzoomIn\u00bb grid_id=\u00bbvc_gid:1756892624674-55ff7e1d-b81c-7&#8243;][\/vc_column_inner][\/vc_row_inner][\/vc_column][vc_column width=\u00bb1\/4&#8243;][\/vc_column][\/vc_row][vc_row css=\u00bb.vc_custom_1613035772772{padding-top: 20px !important;}\u00bb][vc_column][vc_separator css=\u00bb.vc_custom_1577812801153{padding-bottom: 30px !important;}\u00bb][vc_column_text][\/vc_column_text][\/vc_column][\/vc_row][vc_row css=\u00bb.vc_custom_1600426723571{margin-top: 30px !important;}\u00bb][vc_column width=\u00bb1\/4&#8243;][\/vc_column][vc_column width=\u00bb1\/2&#8243;][vc_column_text]<\/p>\n<h1 style=\"text-align: center;\"><span style=\"color: #999999;\">MUNDO ZUAZO GAST\u00d3N<\/span><\/h1>\n<p>[\/vc_column_text][\/vc_column][vc_column width=\u00bb1\/4&#8243;][\/vc_column][\/vc_row][vc_row css=\u00bb.vc_custom_1600426723571{margin-top: 30px !important;}\u00bb][vc_column][vc_row_inner gap=\u00bb10&#8243;][vc_column_inner][vc_separator css=\u00bb.vc_custom_1613675032394{padding-top: 10px !important;padding-bottom: 10px !important;}\u00bb][\/vc_column_inner][\/vc_row_inner][\/vc_column][\/vc_row][vc_row full_width=\u00bbstretch_row\u00bb content_placement=\u00bbmiddle\u00bb css=\u00bb.vc_custom_1755693341247{padding-top: 20px !important;padding-bottom: 40px !important;background-image: url(http:\/\/www.zuazogaston.com\/web\/wp-content\/uploads\/2025\/08\/pruden_zuazo_2.webp?id=5486) !important;background-position: center !important;background-repeat: no-repeat !important;background-size: cover !important;}\u00bb][vc_column width=\u00bb1\/5&#8243;][\/vc_column][vc_column css_animation=\u00bbnone\u00bb width=\u00bb1\/5&#8243;][vc_hoverbox image=\u00bb5488&#8243; primary_title=\u00bbTe\u00f3filo Reyes\u00bb hover_title=\u00bbTe\u00f3filo Reyes\u00bb shape=\u00bbsquare\u00bb hover_background_color=\u00bbcustom\u00bb hover_btn_title=\u00bbCONOCE EL PROYECTO\u00bb css_animation=\u00bbnone\u00bb hover_add_button=\u00bbtrue\u00bb hover_custom_background=\u00bb#B89969&#8243; hover_btn_link=\u00bburl:https%3A%2F%2Fteofiloreyes.com\u00bb]<\/p>\n<h6 style=\"text-align: center;\"><em>Nuestro proyecto en Ribera del Duero. Vinos muy personales en la milla de oro de la D. O.<\/em><\/h6>\n<p>[\/vc_hoverbox][\/vc_column][vc_column width=\u00bb1\/5&#8243;][vc_hoverbox image=\u00bb5490&#8243; primary_title=\u00bbHacienda Gast\u00f3n\u00bb hover_title=\u00bbTe\u00f3filo Reyes\u00bb shape=\u00bbsquare\u00bb hover_background_color=\u00bbcustom\u00bb hover_btn_title=\u00bbCONOCE TAPAS GAST\u00d3N\u00bb css_animation=\u00bbnone\u00bb hover_add_button=\u00bbtrue\u00bb hover_custom_background=\u00bb#D67272&#8243; hover_btn_link=\u00bburl:https%3A%2F%2Fwww.zuazogaston.com%2Fweb%2Fhacienda-gaston%2F\u00bb]<\/p>\n<h6 style=\"text-align: center;\"><em>Gama de vinos alejados de los cors\u00e9s de las D.O. elaborados para el disfrute.<\/em><\/h6>\n<p>[\/vc_hoverbox][\/vc_column][vc_column width=\u00bb1\/5&#8243;][vc_hoverbox image=\u00bb5492&#8243; primary_title=\u00bbExportaci\u00f3n\u00bb hover_title=\u00bbExportaci\u00f3n\u00bb shape=\u00bbsquare\u00bb hover_background_color=\u00bbcustom\u00bb hover_btn_title=\u00bbCONOCE PA\u00cdSES\u00bb css_animation=\u00bbnone\u00bb hover_add_button=\u00bbtrue\u00bb hover_custom_background=\u00bb#899F79&#8243; hover_btn_link=\u00bburl:https%3A%2F%2Fwww.zuazogaston.com%2Fweb%2Fmapas-de-distribucion-2%2F\u00bb]<\/p>\n<h6 style=\"text-align: center;\"><em>Nuestra labor comercial llega a todo el mundo&#8230;, o casi.<\/em><\/h6>\n<p>[\/vc_hoverbox][\/vc_column][vc_column width=\u00bb1\/5&#8243;][\/vc_column][\/vc_row][vc_section full_width=\u00bbstretch_row_content\u00bb full_height=\u00bbyes\u00bb content_placement=\u00bbmiddle\u00bb css=\u00bb.vc_custom_1755778369924{margin-top: 10px !important;margin-bottom: 10px !important;background-position: center !important;background-repeat: no-repeat !important;background-size: cover !important;}\u00bb min_height=\u00bb400px\u00bb][vc_row full_width=\u00bbstretch_row\u00bb content_placement=\u00bbmiddle\u00bb css=\u00bb.vc_custom_1755777755892{background-position: center !important;background-repeat: no-repeat !important;background-size: cover !important;}\u00bb][vc_column width=\u00bb1\/6&#8243;][\/vc_column][vc_column width=\u00bb2\/3&#8243; css=\u00bb.vc_custom_1755778477524{background-image: url(http:\/\/www.zuazogaston.com\/web\/wp-content\/uploads\/2025\/08\/botellas.webp?id=5495) !important;background-position: center !important;background-repeat: no-repeat !important;background-size: contain !important;}\u00bb][vc_column_text css=\u00bb.vc_custom_1755797598870{padding-top: 200px !important;padding-bottom: 200px !important;background-position: center !important;background-repeat: no-repeat !important;background-size: contain !important;}\u00bb el_class=\u00bbsombra\u00bb]<\/p>\n<h1 style=\"text-align: center;\"><a href=\"https:\/\/www.zuazogaston.com\/web\/producto-2\/\"><span style=\"color: #cfcfcf;\">Visita nuestra tienda<\/span><\/a><\/h1>\n<p>[\/vc_column_text][\/vc_column][vc_column width=\u00bb1\/6&#8243;][\/vc_column][\/vc_row][\/vc_section]<\/p>\n<\/div>","protected":false},"excerpt":{"rendered":"<p>[vc_row][vc_column][rev_slider_vc alias=\u00bbprincipaln\u00bb][\/vc_column][\/vc_row][vc_row][vc_column width=\u00bb1\/4&#8243;][vc_column_text][\/vc_column_text][\/vc_column][vc_column width=\u00bb1\/2&#8243;][vc_row_inner][vc_column_inner css=\u00bb.vc_custom_1600426406763{padding-top: 60px !important;padding-bottom: 30px !important;}\u00bb][vc_column_text css=\u00bb.vc_custom_1677150187237{margin-bottom: 30px !important;}\u00bb] \u00daLTIMOS LOGROS [\/vc_column_text][vc_separator css=\u00bb.vc_custom_1677150347177{padding-top: 12px !important;padding-bottom: 12px !important;}\u00bb][\/vc_column_inner][vc_column_inner][vc_basic_grid post_type=\u00bbpost\u00bb max_items=\u00bb3&#8243; gap=\u00bb35&#8243; item=\u00bbbasicGrid_SlideBottomWithIcon\u00bb initial_loading_animation=\u00bbzoomIn\u00bb grid_id=\u00bbvc_gid:1756892624674-55ff7e1d-b81c-7&#8243;][\/vc_column_inner][\/vc_row_inner][\/vc_column][vc_column width=\u00bb1\/4&#8243;][\/vc_column][\/vc_row][vc_row css=\u00bb.vc_custom_1613035772772{padding-top: 20px !important;}\u00bb][vc_column][vc_separator css=\u00bb.vc_custom_1577812801153{padding-bottom: 30px !important;}\u00bb][vc_column_text][\/vc_column_text][\/vc_column][\/vc_row][vc_row css=\u00bb.vc_custom_1600426723571{margin-top: 30px !important;}\u00bb][vc_column width=\u00bb1\/4&#8243;][\/vc_column][vc_column width=\u00bb1\/2&#8243;][vc_column_text] MUNDO ZUAZO GAST\u00d3N [\/vc_column_text][\/vc_column][vc_column width=\u00bb1\/4&#8243;][\/vc_column][\/vc_row][vc_row css=\u00bb.vc_custom_1600426723571{margin-top: 30px !important;}\u00bb][vc_column][vc_row_inner gap=\u00bb10&#8243;][vc_column_inner][vc_separator css=\u00bb.vc_custom_1613675032394{padding-top: 10px !important;padding-bottom: 10px !important;}\u00bb][\/vc_column_inner][\/vc_row_inner][\/vc_column][\/vc_row][vc_row full_width=\u00bbstretch_row\u00bb content_placement=\u00bbmiddle\u00bb css=\u00bb.vc_custom_1755693341247{padding-top: [&hellip;]<\/p>\n","protected":false},"author":1,"featured_media":0,"parent":0,"menu_order":0,"comment_status":"closed","ping_status":"closed","template":"page-full.php","meta":{"footnotes":""},"class_list":["post-32","page","type-page","status-publish","hentry"],"yoast_head":"<!-- This site is optimized with the Yoast SEO plugin v26.4 - https:\/\/yoast.com\/wordpress\/plugins\/seo\/ -->\n<title>Bodegas Zuazo Gast\u00f3n - Zuazo Gast\u00f3n<\/title>\n<meta name=\"description\" content=\"Zuazo Gast\u00f3n son bodegas familiares ubicadas en Rioja Alavesa y Ribera del Duero (Te\u00f3filo Reyes). Vinos con una impronta personal de calidad.\" \/>\n<meta name=\"robots\" content=\"index, follow, max-snippet:-1, max-image-preview:large, max-video-preview:-1\" \/>\n<link rel=\"canonical\" href=\"http:\/\/www.zuazogaston.com\/web\/\" \/>\n<meta property=\"og:locale\" content=\"es_ES\" \/>\n<meta property=\"og:type\" content=\"article\" \/>\n<meta property=\"og:title\" content=\"Bodegas Zuazo Gast\u00f3n - Zuazo Gast\u00f3n\" \/>\n<meta property=\"og:description\" content=\"Zuazo Gast\u00f3n son bodegas familiares ubicadas en Rioja Alavesa y Ribera del Duero (Te\u00f3filo Reyes). Vinos con una impronta personal de calidad.\" \/>\n<meta property=\"og:url\" content=\"http:\/\/www.zuazogaston.com\/web\/\" \/>\n<meta property=\"og:site_name\" content=\"Zuazo Gast\u00f3n\" \/>\n<meta property=\"article:publisher\" content=\"http:\/\/www.facebook.com\/BodegasZuazoGaston\" \/>\n<meta property=\"article:modified_time\" content=\"2025-09-03T09:47:30+00:00\" \/>\n<meta name=\"twitter:card\" content=\"summary_large_image\" \/>\n<meta name=\"twitter:site\" content=\"@ZuazoGaston\" \/>\n<meta name=\"twitter:label1\" content=\"Tiempo de lectura\" \/>\n\t<meta name=\"twitter:data1\" content=\"2 minutos\" \/>\n<script type=\"application\/ld+json\" class=\"yoast-schema-graph\">{\"@context\":\"https:\/\/schema.org\",\"@graph\":[{\"@type\":\"WebPage\",\"@id\":\"http:\/\/www.zuazogaston.com\/web\/\",\"url\":\"http:\/\/www.zuazogaston.com\/web\/\",\"name\":\"Bodegas Zuazo Gast\u00f3n - Zuazo Gast\u00f3n\",\"isPartOf\":{\"@id\":\"http:\/\/www.zuazogaston.com\/web\/#website\"},\"datePublished\":\"2014-06-06T11:05:42+00:00\",\"dateModified\":\"2025-09-03T09:47:30+00:00\",\"description\":\"Zuazo Gast\u00f3n son bodegas familiares ubicadas en Rioja Alavesa y Ribera del Duero (Te\u00f3filo Reyes). Vinos con una impronta personal de calidad.\",\"breadcrumb\":{\"@id\":\"http:\/\/www.zuazogaston.com\/web\/#breadcrumb\"},\"inLanguage\":\"es\",\"potentialAction\":[{\"@type\":\"ReadAction\",\"target\":[\"http:\/\/www.zuazogaston.com\/web\/\"]}]},{\"@type\":\"BreadcrumbList\",\"@id\":\"http:\/\/www.zuazogaston.com\/web\/#breadcrumb\",\"itemListElement\":[{\"@type\":\"ListItem\",\"position\":1,\"name\":\"Inicio\",\"item\":\"http:\/\/www.zuazogaston.com\/web\/\"},{\"@type\":\"ListItem\",\"position\":2,\"name\":\"Bodegas Zuazo Gast\u00f3n\"}]},{\"@type\":\"WebSite\",\"@id\":\"http:\/\/www.zuazogaston.com\/web\/#website\",\"url\":\"http:\/\/www.zuazogaston.com\/web\/\",\"name\":\"Zuazo Gast\u00f3n\",\"description\":\"Bodegas y Vi\u00f1edos\",\"potentialAction\":[{\"@type\":\"SearchAction\",\"target\":{\"@type\":\"EntryPoint\",\"urlTemplate\":\"http:\/\/www.zuazogaston.com\/web\/?s={search_term_string}\"},\"query-input\":{\"@type\":\"PropertyValueSpecification\",\"valueRequired\":true,\"valueName\":\"search_term_string\"}}],\"inLanguage\":\"es\"}]}<\/script>\n<!-- \/ Yoast SEO plugin. -->","yoast_head_json":{"title":"Bodegas Zuazo Gast\u00f3n - Zuazo Gast\u00f3n","description":"Zuazo Gast\u00f3n son bodegas familiares ubicadas en Rioja Alavesa y Ribera del Duero (Te\u00f3filo Reyes). Vinos con una impronta personal de calidad.","robots":{"index":"index","follow":"follow","max-snippet":"max-snippet:-1","max-image-preview":"max-image-preview:large","max-video-preview":"max-video-preview:-1"},"canonical":"http:\/\/www.zuazogaston.com\/web\/","og_locale":"es_ES","og_type":"article","og_title":"Bodegas Zuazo Gast\u00f3n - Zuazo Gast\u00f3n","og_description":"Zuazo Gast\u00f3n son bodegas familiares ubicadas en Rioja Alavesa y Ribera del Duero (Te\u00f3filo Reyes). Vinos con una impronta personal de calidad.","og_url":"http:\/\/www.zuazogaston.com\/web\/","og_site_name":"Zuazo Gast\u00f3n","article_publisher":"http:\/\/www.facebook.com\/BodegasZuazoGaston","article_modified_time":"2025-09-03T09:47:30+00:00","twitter_card":"summary_large_image","twitter_site":"@ZuazoGaston","twitter_misc":{"Tiempo de lectura":"2 minutos"},"schema":{"@context":"https:\/\/schema.org","@graph":[{"@type":"WebPage","@id":"http:\/\/www.zuazogaston.com\/web\/","url":"http:\/\/www.zuazogaston.com\/web\/","name":"Bodegas Zuazo Gast\u00f3n - Zuazo Gast\u00f3n","isPartOf":{"@id":"http:\/\/www.zuazogaston.com\/web\/#website"},"datePublished":"2014-06-06T11:05:42+00:00","dateModified":"2025-09-03T09:47:30+00:00","description":"Zuazo Gast\u00f3n son bodegas familiares ubicadas en Rioja Alavesa y Ribera del Duero (Te\u00f3filo Reyes). Vinos con una impronta personal de calidad.","breadcrumb":{"@id":"http:\/\/www.zuazogaston.com\/web\/#breadcrumb"},"inLanguage":"es","potentialAction":[{"@type":"ReadAction","target":["http:\/\/www.zuazogaston.com\/web\/"]}]},{"@type":"BreadcrumbList","@id":"http:\/\/www.zuazogaston.com\/web\/#breadcrumb","itemListElement":[{"@type":"ListItem","position":1,"name":"Inicio","item":"http:\/\/www.zuazogaston.com\/web\/"},{"@type":"ListItem","position":2,"name":"Bodegas Zuazo Gast\u00f3n"}]},{"@type":"WebSite","@id":"http:\/\/www.zuazogaston.com\/web\/#website","url":"http:\/\/www.zuazogaston.com\/web\/","name":"Zuazo Gast\u00f3n","description":"Bodegas y Vi\u00f1edos","potentialAction":[{"@type":"SearchAction","target":{"@type":"EntryPoint","urlTemplate":"http:\/\/www.zuazogaston.com\/web\/?s={search_term_string}"},"query-input":{"@type":"PropertyValueSpecification","valueRequired":true,"valueName":"search_term_string"}}],"inLanguage":"es"}]}},"_links":{"self":[{"href":"http:\/\/www.zuazogaston.com\/web\/wp-json\/wp\/v2\/pages\/32","targetHints":{"allow":["GET"]}}],"collection":[{"href":"http:\/\/www.zuazogaston.com\/web\/wp-json\/wp\/v2\/pages"}],"about":[{"href":"http:\/\/www.zuazogaston.com\/web\/wp-json\/wp\/v2\/types\/page"}],"author":[{"embeddable":true,"href":"http:\/\/www.zuazogaston.com\/web\/wp-json\/wp\/v2\/users\/1"}],"replies":[{"embeddable":true,"href":"http:\/\/www.zuazogaston.com\/web\/wp-json\/wp\/v2\/comments?post=32"}],"version-history":[{"count":46,"href":"http:\/\/www.zuazogaston.com\/web\/wp-json\/wp\/v2\/pages\/32\/revisions"}],"predecessor-version":[{"id":5607,"href":"http:\/\/www.zuazogaston.com\/web\/wp-json\/wp\/v2\/pages\/32\/revisions\/5607"}],"wp:attachment":[{"href":"http:\/\/www.zuazogaston.com\/web\/wp-json\/wp\/v2\/media?parent=32"}],"curies":[{"name":"wp","href":"https:\/\/api.w.org\/{rel}","templated":true}]}}