{"id":3092,"date":"2015-07-22T12:53:06","date_gmt":"2015-07-22T11:53:06","guid":{"rendered":"http:\/\/www.zuazogaston.com\/web\/?page_id=3092"},"modified":"2025-08-21T19:56:24","modified_gmt":"2025-08-21T18:56:24","slug":"zg_ribera_duero","status":"publish","type":"page","link":"http:\/\/www.zuazogaston.com\/web\/zg_ribera_duero\/","title":{"rendered":"<!\u2013ZG_Ribera_Duero\u2013>"},"content":{"rendered":"<div class=\"wpb-content-wrapper\"><p>[vc_row css=\u00bb.vc_custom_1577980319116{padding-bottom: 50px !important;}\u00bb][vc_column width=\u00bb1\/2&#8243; css=\u00bb.vc_custom_1577969314467{padding-bottom: 20px !important;}\u00bb][vc_single_image image=\u00bb5511&#8243; alignment=\u00bbcenter\u00bb onclick=\u00bbzoom\u00bb css=\u00bb\u00bb][\/vc_column][vc_column width=\u00bb1\/2&#8243;][vc_column_text css=\u00bb\u00bb]    \r\n    <div class=\"title_subtitle\" style=\"text-align:left\">\r\n        <h3 style=\"color:#b57800 !important; font-size:36px\">ZG Roble Tempranillo<\/h3>\r\n                <h4 style=\"color:#9b9b9b !important; font-size:19px\">D. O. Ribera de Duero. Monovarietal de Tempranillo especialmente seleccionado<\/h4>    <\/div>\r\n\r\n\t[vc_tta_accordion][vc_tta_section title=\u00bbELABORACI\u00d3N\u00bb tab_id=\u00bb1577968822578-e412a530-f46bf13e-3d8756d7-7c1b\u00bb][vc_column_text]Elaborado con uvas de la variedad Tempranillo, en laderas arcillo-calc\u00e1reas a una altitud de 800 metros y vi\u00f1edos de 30 a\u00f1os de bajo rendimiento en la zona de Roa y Anguix. Realizando un control exhaustivo de todo el proceso, desde el vi\u00f1edo, elaboraci\u00f3n hasta el embotellado.<\/p>\n<p><strong>Crianza:<\/strong> ha permanecido de 4 a 6 meses en barrica de roble franc\u00e9s y m\u00ednimo 8 meses de reposo en botella antes de salir al mercado.[\/vc_column_text][vc_toggle title=\u00bbCATA\u00bb color=\u00bborange\u00bb custom_font_container=\u00bbtag:h2|font_size:17|text_align:left|color:%23C58422&#8243; custom_use_theme_fonts=\u00bbyes\u00bb css=\u00bb.vc_custom_1755802367571{margin-top: 22px !important;}\u00bb use_custom_heading=\u00bbtrue\u00bb]Brillante de color cereza picota de intensidad alta, con un ligero ribete viol\u00e1ceo.<br \/>\nAroma intenso, combinando la fruta y los toques elegantes de la crianza en madera bien ensamblados.<br \/>\nVino equilibrado de paso agradable, glic\u00e9rico, termina con una sensaci\u00f3n retronasal, grata y persistente.[\/vc_toggle][vc_toggle title=\u00bbPARTICULARIDADES\u00bb color=\u00bborange\u00bb custom_font_container=\u00bbtag:h2|font_size:17|text_align:left|color:%23C58422&#8243; custom_use_theme_fonts=\u00bbyes\u00bb css=\u00bb.vc_custom_1755802402444{margin-top: 22px !important;}\u00bb use_custom_heading=\u00bbtrue\u00bb]<strong>Grado Alcoh\u00f3lico:<\/strong> 14% vol.<br \/>\n<strong>Temperatura de servicio:<\/strong> 17 \u2013 19\u00baC<br \/>\n<strong>Tipo de botella:<\/strong> Borgo\u00f1a.<br \/>\n<strong>Capacidad:<\/strong> 750 ml.<br \/>\n<strong>Maridaje:<\/strong>\u00a0Recomendado para carnes de caza y asados, guisos condimentados o en salsa y quesos.<\/p>\n<p><strong>Conservantes:<\/strong> Contiene sulfitos.[\/vc_toggle][vc_toggle title=\u00bbGALARDONES\u00bb color=\u00bborange\u00bb custom_font_container=\u00bbtag:h2|font_size:17|text_align:left|color:%23C58422&#8243; custom_use_theme_fonts=\u00bbyes\u00bb css=\u00bb.vc_custom_1755802424617{margin-top: 22px !important;}\u00bb use_custom_heading=\u00bbtrue\u00bb]<strong>\u2022 Medalla de Oro<\/strong>\u00a0Concurso Internacional Gilbert &amp; Gaillard 2016.[\/vc_toggle][vc_btn title=\u00bbCOMPRAR ESTE VINO\u00bb style=\u00bbgradient\u00bb gradient_color_1=\u00bborange\u00bb gradient_color_2=\u00bbblack\u00bb size=\u00bbxs\u00bb align=\u00bbright\u00bb css=\u00bb\u00bb button_block=\u00bbtrue\u00bb link=\u00bburl:https%3A%2F%2Fwww.zuazogaston.com%2Fweb%2Fproducto%2Fzg%2Fvendimia-seleccionada-ribera-de-duero-caja-6-b%2F\u00bb][vc_btn title=\u00bbDESCARGAR FICHA EN PDF\u00bb style=\u00bbgradient\u00bb gradient_color_1=\u00bbgrey\u00bb gradient_color_2=\u00bbblack\u00bb size=\u00bbxs\u00bb align=\u00bbright\u00bb css=\u00bb\u00bb button_block=\u00bbtrue\u00bb link=\u00bburl:http%3A%2F%2Fzuazogaston.com%2Fweb%2FPDF%2Fzg_ribera.pdf\u00bb][vc_btn title=\u00bbVOLVER A VINOS\u00bb style=\u00bbclassic\u00bb color=\u00bbwhite\u00bb size=\u00bbxs\u00bb align=\u00bbright\u00bb css=\u00bb\u00bb button_block=\u00bbtrue\u00bb link=\u00bburl:https%3A%2F%2Fwww.zuazogaston.com%2Fweb%2Fgama-de-vinos-2-2%2F\u00bb][\/vc_column][\/vc_row][vc_row][vc_column][vc_separator color=\u00bbblack\u00bb][vc_raw_html]JTNDaDMlM0UlMjZuYnNwJTNCJTNDJTJGaDMlM0UlMEE=[\/vc_raw_html][\/vc_column][vc_column][\/vc_column][\/vc_row][vc_row][vc_column][vc_separator][\/vc_column][\/vc_row][vc_row][vc_column][vc_column_text]<\/p>\n<p>[\/vc_column_text][\/vc_column][\/vc_row]<\/p>\n<\/div>","protected":false},"excerpt":{"rendered":"<p>[vc_row css=\u00bb.vc_custom_1577980319116{padding-bottom: 50px !important;}\u00bb][vc_column width=\u00bb1\/2&#8243; css=\u00bb.vc_custom_1577969314467{padding-bottom: 20px !important;}\u00bb][vc_single_image image=\u00bb5511&#8243; alignment=\u00bbcenter\u00bb onclick=\u00bbzoom\u00bb css=\u00bb\u00bb][\/vc_column][vc_column width=\u00bb1\/2&#8243;][vc_column_text css=\u00bb\u00bb][vc_tta_accordion][vc_tta_section title=\u00bbELABORACI\u00d3N\u00bb tab_id=\u00bb1577968822578-e412a530-f46bf13e-3d8756d7-7c1b\u00bb][vc_column_text]Elaborado con uvas de la variedad Tempranillo, en laderas arcillo-calc\u00e1reas a una altitud de 800 metros y vi\u00f1edos de 30 a\u00f1os de bajo rendimiento en la zona de Roa y Anguix. Realizando un control exhaustivo de todo el proceso, desde [&hellip;]<\/p>\n","protected":false},"author":1,"featured_media":0,"parent":0,"menu_order":0,"comment_status":"closed","ping_status":"closed","template":"","meta":{"footnotes":""},"class_list":["post-3092","page","type-page","status-publish","hentry"],"yoast_head":"<!-- This site is optimized with the Yoast SEO plugin v26.4 - https:\/\/yoast.com\/wordpress\/plugins\/seo\/ -->\n<title>ZG Ribera de Duero<\/title>\n<meta name=\"description\" content=\"Roble Tempranillo de Ribera de Duero\" \/>\n<meta name=\"robots\" content=\"index, follow, max-snippet:-1, max-image-preview:large, max-video-preview:-1\" \/>\n<link rel=\"canonical\" href=\"https:\/\/www.zuazogaston.com\/web\/zg_ribera_duero\/\" \/>\n<meta property=\"og:locale\" content=\"es_ES\" \/>\n<meta property=\"og:type\" content=\"article\" \/>\n<meta property=\"og:title\" content=\"ZG Ribera de Duero\" \/>\n<meta property=\"og:description\" content=\"Roble Tempranillo de Ribera de Duero\" \/>\n<meta property=\"og:url\" content=\"https:\/\/www.zuazogaston.com\/web\/zg_ribera_duero\/\" \/>\n<meta property=\"og:site_name\" content=\"Zuazo Gast\u00f3n\" \/>\n<meta property=\"article:publisher\" content=\"http:\/\/www.facebook.com\/BodegasZuazoGaston\" \/>\n<meta property=\"article:modified_time\" content=\"2025-08-21T18:56:24+00:00\" \/>\n<meta name=\"twitter:card\" content=\"summary_large_image\" \/>\n<meta name=\"twitter:site\" content=\"@ZuazoGaston\" \/>\n<meta name=\"twitter:label1\" content=\"Tiempo de lectura\" \/>\n\t<meta name=\"twitter:data1\" content=\"2 minutos\" \/>\n<script type=\"application\/ld+json\" class=\"yoast-schema-graph\">{\"@context\":\"https:\/\/schema.org\",\"@graph\":[{\"@type\":\"WebPage\",\"@id\":\"https:\/\/www.zuazogaston.com\/web\/zg_ribera_duero\/\",\"url\":\"https:\/\/www.zuazogaston.com\/web\/zg_ribera_duero\/\",\"name\":\"ZG Ribera de Duero\",\"isPartOf\":{\"@id\":\"http:\/\/www.zuazogaston.com\/web\/#website\"},\"datePublished\":\"2015-07-22T11:53:06+00:00\",\"dateModified\":\"2025-08-21T18:56:24+00:00\",\"description\":\"Roble Tempranillo de Ribera de Duero\",\"inLanguage\":\"es\",\"potentialAction\":[{\"@type\":\"ReadAction\",\"target\":[\"https:\/\/www.zuazogaston.com\/web\/zg_ribera_duero\/\"]}]},{\"@type\":\"WebSite\",\"@id\":\"http:\/\/www.zuazogaston.com\/web\/#website\",\"url\":\"http:\/\/www.zuazogaston.com\/web\/\",\"name\":\"Zuazo Gast\u00f3n\",\"description\":\"Bodegas y Vi\u00f1edos\",\"potentialAction\":[{\"@type\":\"SearchAction\",\"target\":{\"@type\":\"EntryPoint\",\"urlTemplate\":\"http:\/\/www.zuazogaston.com\/web\/?s={search_term_string}\"},\"query-input\":{\"@type\":\"PropertyValueSpecification\",\"valueRequired\":true,\"valueName\":\"search_term_string\"}}],\"inLanguage\":\"es\"}]}<\/script>\n<!-- \/ Yoast SEO plugin. -->","yoast_head_json":{"title":"ZG Ribera de Duero","description":"Roble Tempranillo de Ribera de Duero","robots":{"index":"index","follow":"follow","max-snippet":"max-snippet:-1","max-image-preview":"max-image-preview:large","max-video-preview":"max-video-preview:-1"},"canonical":"https:\/\/www.zuazogaston.com\/web\/zg_ribera_duero\/","og_locale":"es_ES","og_type":"article","og_title":"ZG Ribera de Duero","og_description":"Roble Tempranillo de Ribera de Duero","og_url":"https:\/\/www.zuazogaston.com\/web\/zg_ribera_duero\/","og_site_name":"Zuazo Gast\u00f3n","article_publisher":"http:\/\/www.facebook.com\/BodegasZuazoGaston","article_modified_time":"2025-08-21T18:56:24+00:00","twitter_card":"summary_large_image","twitter_site":"@ZuazoGaston","twitter_misc":{"Tiempo de lectura":"2 minutos"},"schema":{"@context":"https:\/\/schema.org","@graph":[{"@type":"WebPage","@id":"https:\/\/www.zuazogaston.com\/web\/zg_ribera_duero\/","url":"https:\/\/www.zuazogaston.com\/web\/zg_ribera_duero\/","name":"ZG Ribera de Duero","isPartOf":{"@id":"http:\/\/www.zuazogaston.com\/web\/#website"},"datePublished":"2015-07-22T11:53:06+00:00","dateModified":"2025-08-21T18:56:24+00:00","description":"Roble Tempranillo de Ribera de Duero","inLanguage":"es","potentialAction":[{"@type":"ReadAction","target":["https:\/\/www.zuazogaston.com\/web\/zg_ribera_duero\/"]}]},{"@type":"WebSite","@id":"http:\/\/www.zuazogaston.com\/web\/#website","url":"http:\/\/www.zuazogaston.com\/web\/","name":"Zuazo Gast\u00f3n","description":"Bodegas y Vi\u00f1edos","potentialAction":[{"@type":"SearchAction","target":{"@type":"EntryPoint","urlTemplate":"http:\/\/www.zuazogaston.com\/web\/?s={search_term_string}"},"query-input":{"@type":"PropertyValueSpecification","valueRequired":true,"valueName":"search_term_string"}}],"inLanguage":"es"}]}},"_links":{"self":[{"href":"http:\/\/www.zuazogaston.com\/web\/wp-json\/wp\/v2\/pages\/3092","targetHints":{"allow":["GET"]}}],"collection":[{"href":"http:\/\/www.zuazogaston.com\/web\/wp-json\/wp\/v2\/pages"}],"about":[{"href":"http:\/\/www.zuazogaston.com\/web\/wp-json\/wp\/v2\/types\/page"}],"author":[{"embeddable":true,"href":"http:\/\/www.zuazogaston.com\/web\/wp-json\/wp\/v2\/users\/1"}],"replies":[{"embeddable":true,"href":"http:\/\/www.zuazogaston.com\/web\/wp-json\/wp\/v2\/comments?post=3092"}],"version-history":[{"count":20,"href":"http:\/\/www.zuazogaston.com\/web\/wp-json\/wp\/v2\/pages\/3092\/revisions"}],"predecessor-version":[{"id":5513,"href":"http:\/\/www.zuazogaston.com\/web\/wp-json\/wp\/v2\/pages\/3092\/revisions\/5513"}],"wp:attachment":[{"href":"http:\/\/www.zuazogaston.com\/web\/wp-json\/wp\/v2\/media?parent=3092"}],"curies":[{"name":"wp","href":"https:\/\/api.w.org\/{rel}","templated":true}]}}