{"id":2711,"date":"2014-06-25T18:16:51","date_gmt":"2014-06-25T16:16:51","guid":{"rendered":"http:\/\/zuazogaston.com\/vinedo-2\/"},"modified":"2015-07-09T18:04:56","modified_gmt":"2015-07-09T17:04:56","slug":"vinedo","status":"publish","type":"page","link":"http:\/\/www.zuazogaston.com\/web\/vinedo\/","title":{"rendered":"<!\u2013Vineyards\u2013>"},"content":{"rendered":"<div class=\"wpb-content-wrapper\"><p>[rev_slider_vc alias=\u00bbvignas\u00bb]<div class=\"content_grid_12 clr\"><\/p>\n<p style=\"text-align: center;\">Picture Gallery<a title=\"galeria de fotos\" href=\"http:\/\/www.zuazogaston.com\/web\/nosotros\/?lang=en\">\u00a0Click here.<\/a><\/p>\n<h1 style=\"text-align: center;\"><strong><span style=\"color: #444444;\">100 Has of own vineyard allow us to get personal wines. <\/span><\/strong><\/h1>\n<p style=\"text-align: center;\"><span style=\"color: #444444;\">Family vineyards with historic names located around Oy\u00f3n, with different ages, where we grow Graciano, Mazuelo, Viura and mostly Tempranillo, our leading variety. A limited yield at our vineyards of 4000 Kgs per hectare, certifies the ultimate grape quality control.<br \/>\n<\/span><\/p>\n<p style=\"text-align: justify;\"><\/div>\n<table style=\"height: 41px;\" width=\"143\">\n<tbody>\n<tr>\n<td>\t\t\n\t\t<div class=\"shortcode_featured_1\">\n\t\t\t<div class=\"shortcode_featured_1_img_placeholder\"><img decoding=\"async\" src=\"http:\/\/www.zuazogaston.com\/web\/wp-content\/uploads\/2014\/06\/bodega_02.jpg\" alt=\"\" \/><\/div>\n\t\t\t<h3><strong>Cellar<\/strong><\/h3>\n\t\t\t<p>Many generations proud of his work were adding to the family project new plots and vineyards that supply the winery nowadays. <\/p>\n\t\t\t<a href=\"http:\/\/www.zuazogaston.com\/web\/nuestra-bodega\/?lang=en\">More<\/a>\n\t\t<\/div>\n\t<\/td>\n<td>\t\t\n\t\t<div class=\"shortcode_featured_1\">\n\t\t\t<div class=\"shortcode_featured_1_img_placeholder\"><img decoding=\"async\" src=\"http:\/\/www.zuazogaston.com\/web\/wp-content\/uploads\/2014\/06\/bodega_04.jpg\" alt=\"\" \/><\/div>\n\t\t\t<h3><strong>Team<\/strong><\/h3>\n\t\t\t<p>Proud of our Wines. The winery and each of our wines take the family name Zuazo Gaston representing our history.<\/p>\n\t\t\t<a href=\"http:\/\/www.zuazogaston.com\/web\/equipo\/?lang=en\">More<\/a>\n\t\t<\/div>\n\t<\/td>\n<\/tr>\n<\/tbody>\n<\/table>\n<p style=\"text-align: justify;\">[vc_row][vc_column width=\u00bb1\/1&#8243;][recent_work_filtered items_per_row=\u00bb4&#8243;][\/vc_column][\/vc_row]<\/p>\n<\/div>","protected":false},"excerpt":{"rendered":"<p>Aqu\u00ed va la descripci\u00f3n<\/p>\n","protected":false},"author":1,"featured_media":0,"parent":0,"menu_order":0,"comment_status":"closed","ping_status":"closed","template":"","meta":{"footnotes":""},"class_list":["post-2711","page","type-page","status-publish","hentry"],"yoast_head":"<!-- This site is optimized with the Yoast SEO plugin v26.4 - https:\/\/yoast.com\/wordpress\/plugins\/seo\/ -->\n<title>Vi\u00f1edo - Zuazo Gast\u00f3n<\/title>\n<meta name=\"description\" content=\"Descubre las 50 Has. de vi\u00f1edo propio que permiten la obtenci\u00f3n de vinos a la carta.\" \/>\n<meta name=\"robots\" content=\"index, follow, max-snippet:-1, max-image-preview:large, max-video-preview:-1\" \/>\n<link rel=\"canonical\" href=\"https:\/\/www.zuazogaston.com\/web\/vinedo\/\" \/>\n<meta property=\"og:locale\" content=\"es_ES\" \/>\n<meta property=\"og:type\" content=\"article\" \/>\n<meta property=\"og:title\" content=\"Vi\u00f1edo - Zuazo Gast\u00f3n\" \/>\n<meta property=\"og:description\" content=\"Descubre las 50 Has. de vi\u00f1edo propio que permiten la obtenci\u00f3n de vinos a la carta.\" \/>\n<meta property=\"og:url\" content=\"https:\/\/www.zuazogaston.com\/web\/vinedo\/\" \/>\n<meta property=\"og:site_name\" content=\"Zuazo Gast\u00f3n\" \/>\n<meta property=\"article:publisher\" content=\"http:\/\/www.facebook.com\/BodegasZuazoGaston\" \/>\n<meta property=\"article:modified_time\" content=\"2015-07-09T17:04:56+00:00\" \/>\n<meta name=\"twitter:card\" content=\"summary_large_image\" \/>\n<meta name=\"twitter:site\" content=\"@ZuazoGaston\" \/>\n<meta name=\"twitter:label1\" content=\"Tiempo de lectura\" \/>\n\t<meta name=\"twitter:data1\" content=\"1 minuto\" \/>\n<script type=\"application\/ld+json\" class=\"yoast-schema-graph\">{\"@context\":\"https:\/\/schema.org\",\"@graph\":[{\"@type\":\"WebPage\",\"@id\":\"https:\/\/www.zuazogaston.com\/web\/vinedo\/\",\"url\":\"https:\/\/www.zuazogaston.com\/web\/vinedo\/\",\"name\":\"Vi\u00f1edo - Zuazo Gast\u00f3n\",\"isPartOf\":{\"@id\":\"http:\/\/www.zuazogaston.com\/web\/#website\"},\"datePublished\":\"2014-06-25T16:16:51+00:00\",\"dateModified\":\"2015-07-09T17:04:56+00:00\",\"description\":\"Descubre las 50 Has. de vi\u00f1edo propio que permiten la obtenci\u00f3n de vinos a la carta.\",\"inLanguage\":\"es\",\"potentialAction\":[{\"@type\":\"ReadAction\",\"target\":[\"https:\/\/www.zuazogaston.com\/web\/vinedo\/\"]}]},{\"@type\":\"WebSite\",\"@id\":\"http:\/\/www.zuazogaston.com\/web\/#website\",\"url\":\"http:\/\/www.zuazogaston.com\/web\/\",\"name\":\"Zuazo Gast\u00f3n\",\"description\":\"Bodegas y Vi\u00f1edos\",\"potentialAction\":[{\"@type\":\"SearchAction\",\"target\":{\"@type\":\"EntryPoint\",\"urlTemplate\":\"http:\/\/www.zuazogaston.com\/web\/?s={search_term_string}\"},\"query-input\":{\"@type\":\"PropertyValueSpecification\",\"valueRequired\":true,\"valueName\":\"search_term_string\"}}],\"inLanguage\":\"es\"}]}<\/script>\n<!-- \/ Yoast SEO plugin. -->","yoast_head_json":{"title":"Vi\u00f1edo - Zuazo Gast\u00f3n","description":"Descubre las 50 Has. de vi\u00f1edo propio que permiten la obtenci\u00f3n de vinos a la carta.","robots":{"index":"index","follow":"follow","max-snippet":"max-snippet:-1","max-image-preview":"max-image-preview:large","max-video-preview":"max-video-preview:-1"},"canonical":"https:\/\/www.zuazogaston.com\/web\/vinedo\/","og_locale":"es_ES","og_type":"article","og_title":"Vi\u00f1edo - Zuazo Gast\u00f3n","og_description":"Descubre las 50 Has. de vi\u00f1edo propio que permiten la obtenci\u00f3n de vinos a la carta.","og_url":"https:\/\/www.zuazogaston.com\/web\/vinedo\/","og_site_name":"Zuazo Gast\u00f3n","article_publisher":"http:\/\/www.facebook.com\/BodegasZuazoGaston","article_modified_time":"2015-07-09T17:04:56+00:00","twitter_card":"summary_large_image","twitter_site":"@ZuazoGaston","twitter_misc":{"Tiempo de lectura":"1 minuto"},"schema":{"@context":"https:\/\/schema.org","@graph":[{"@type":"WebPage","@id":"https:\/\/www.zuazogaston.com\/web\/vinedo\/","url":"https:\/\/www.zuazogaston.com\/web\/vinedo\/","name":"Vi\u00f1edo - Zuazo Gast\u00f3n","isPartOf":{"@id":"http:\/\/www.zuazogaston.com\/web\/#website"},"datePublished":"2014-06-25T16:16:51+00:00","dateModified":"2015-07-09T17:04:56+00:00","description":"Descubre las 50 Has. de vi\u00f1edo propio que permiten la obtenci\u00f3n de vinos a la carta.","inLanguage":"es","potentialAction":[{"@type":"ReadAction","target":["https:\/\/www.zuazogaston.com\/web\/vinedo\/"]}]},{"@type":"WebSite","@id":"http:\/\/www.zuazogaston.com\/web\/#website","url":"http:\/\/www.zuazogaston.com\/web\/","name":"Zuazo Gast\u00f3n","description":"Bodegas y Vi\u00f1edos","potentialAction":[{"@type":"SearchAction","target":{"@type":"EntryPoint","urlTemplate":"http:\/\/www.zuazogaston.com\/web\/?s={search_term_string}"},"query-input":{"@type":"PropertyValueSpecification","valueRequired":true,"valueName":"search_term_string"}}],"inLanguage":"es"}]}},"_links":{"self":[{"href":"http:\/\/www.zuazogaston.com\/web\/wp-json\/wp\/v2\/pages\/2711","targetHints":{"allow":["GET"]}}],"collection":[{"href":"http:\/\/www.zuazogaston.com\/web\/wp-json\/wp\/v2\/pages"}],"about":[{"href":"http:\/\/www.zuazogaston.com\/web\/wp-json\/wp\/v2\/types\/page"}],"author":[{"embeddable":true,"href":"http:\/\/www.zuazogaston.com\/web\/wp-json\/wp\/v2\/users\/1"}],"replies":[{"embeddable":true,"href":"http:\/\/www.zuazogaston.com\/web\/wp-json\/wp\/v2\/comments?post=2711"}],"version-history":[{"count":4,"href":"http:\/\/www.zuazogaston.com\/web\/wp-json\/wp\/v2\/pages\/2711\/revisions"}],"predecessor-version":[{"id":3059,"href":"http:\/\/www.zuazogaston.com\/web\/wp-json\/wp\/v2\/pages\/2711\/revisions\/3059"}],"wp:attachment":[{"href":"http:\/\/www.zuazogaston.com\/web\/wp-json\/wp\/v2\/media?parent=2711"}],"curies":[{"name":"wp","href":"https:\/\/api.w.org\/{rel}","templated":true}]}}