{"id":2710,"date":"2014-06-25T18:15:33","date_gmt":"2014-06-25T16:15:33","guid":{"rendered":"http:\/\/zuazogaston.com\/nuestra-bodega-2\/"},"modified":"2015-07-09T18:04:33","modified_gmt":"2015-07-09T17:04:33","slug":"nuestra-bodega","status":"publish","type":"page","link":"http:\/\/www.zuazogaston.com\/web\/nuestra-bodega\/","title":{"rendered":"<!\u2013Our Winery\u2013>"},"content":{"rendered":"<div class=\"wpb-content-wrapper\"><p>&nbsp;<\/p>\n<table style=\"height: 37px;\" width=\"718\">\n<tbody>\n<tr>\n<td><a href=\"http:\/\/www.zuazogaston.com\/web\/wp-content\/uploads\/2014\/06\/bodegext_01.jpg\"><img loading=\"lazy\" decoding=\"async\" class=\"alignleft wp-image-129 size-medium\" title=\"Exterior Bodega\" src=\"http:\/\/www.zuazogaston.com\/web\/wp-content\/uploads\/2014\/06\/bodegext_01-300x181.jpg\" alt=\"Exterior Bodega\" width=\"300\" height=\"181\" \/><\/a><\/td>\n<td><a href=\"http:\/\/www.zuazogaston.com\/web\/wp-content\/uploads\/2014\/06\/bodegext_03.jpg\"><img loading=\"lazy\" decoding=\"async\" class=\"alignleft wp-image-130 size-medium\" title=\"Dep\u00f3sitos Zuazo\" src=\"http:\/\/www.zuazogaston.com\/web\/wp-content\/uploads\/2014\/06\/bodegext_03-300x181.jpg\" alt=\"Dep\u00f3sitos Zuazo\" width=\"300\" height=\"181\" \/><\/a><\/td>\n<td><a href=\"http:\/\/www.zuazogaston.com\/web\/wp-content\/uploads\/2014\/06\/bodegext_02.jpg\"><img loading=\"lazy\" decoding=\"async\" class=\"alignleft wp-image-131 size-medium\" title=\"Cubas Zuazo Gast\u00f3n\" src=\"http:\/\/www.zuazogaston.com\/web\/wp-content\/uploads\/2014\/06\/bodegext_02-300x181.jpg\" alt=\"Cubas Zuazo Gast\u00f3n\" width=\"300\" height=\"181\" \/><\/a><\/td>\n<td><\/td>\n<\/tr>\n<\/tbody>\n<\/table>\n<div class=\"content_grid_12 clr\"><\/p>\n<p style=\"text-align: center;\">Picture Gallery.<a title=\"galeria de fotos\" href=\"http:\/\/www.zuazogaston.com\/web\/nosotros\/?lang=en\">\u00a0Click here.<\/a><\/p>\n<h1 style=\"text-align: center;\"><strong><span style=\"color: #444444;\">Where we create our wines and where we elaborate them<\/span><\/strong><\/h1>\n<p style=\"text-align: center;\"><span style=\"color: #444444;\">From the moment the grapes come to the cellar up to the time the wines are ready to be launched to the market, there are some essential stages for a final successful result. Pressing, Fermentation, Aging, Coupage and bottling are some of these processes. There are very few secrets at the wine business: Choosing and cultivating with care the land is fundamental premise.\u00a0<\/span>When the grapes are ready, come into play the skills and abilities of a whole team transforming them into wine. To achieve this goal, we are renewing and modernizing our facilities continuously.<\/p>\n<p style=\"text-align: justify;\"><\/div>\n<table style=\"height: 241px;\" width=\"573\">\n<tbody>\n<tr>\n<td>\t\t\n\t\t<div class=\"shortcode_featured_1\">\n\t\t\t<div class=\"shortcode_featured_1_img_placeholder\"><img decoding=\"async\" src=\"http:\/\/www.zuazogaston.com\/web\/wp-content\/uploads\/2014\/06\/bodega_03.jpg\" alt=\"\" \/><\/div>\n\t\t\t<h3><strong>Vineyards<\/strong><\/h3>\n\t\t\t<p> <span style=\"color: #444444;\">We respect each of the lessons learned from our ancestors and try to apply them with modern and sustainable techniques to get excellent grapes.<\/span><\/p>\n\t\t\t<a href=\"http:\/\/www.zuazogaston.com\/web\/vinedo\/?lang=en\">More<\/a>\n\t\t<\/div>\n\t<\/td>\n<td>\t\t\n\t\t<div class=\"shortcode_featured_1\">\n\t\t\t<div class=\"shortcode_featured_1_img_placeholder\"><img decoding=\"async\" src=\"http:\/\/www.zuazogaston.com\/web\/wp-content\/uploads\/2014\/06\/bodega_04.jpg\" alt=\"\" \/><\/div>\n\t\t\t<h3><strong>Team<\/strong><\/h3>\n\t\t\t<p> <span style=\"color: #444444;\">Proud of our Wines. The winery and each of our wines take the family name Zuazo Gaston representing our history.<\/span><\/p>\n\t\t\t<a href=\"http:\/\/www.zuazogaston.com\/web\/equipo\/?lang=en\">More<\/a>\n\t\t<\/div>\n\t<\/td>\n<\/tr>\n<\/tbody>\n<\/table>\n<p style=\"text-align: justify;\">[vc_row][vc_column width=\u00bb1\/1&#8243;][recent_work_filtered items_per_row=\u00bb4&#8243;][\/vc_column][\/vc_row]<\/p>\n<\/div>","protected":false},"excerpt":{"rendered":"<p>Aqu\u00ed va la descripci\u00f3n<\/p>\n","protected":false},"author":1,"featured_media":0,"parent":0,"menu_order":0,"comment_status":"closed","ping_status":"closed","template":"","meta":{"footnotes":""},"class_list":["post-2710","page","type-page","status-publish","hentry"],"yoast_head":"<!-- This site is optimized with the Yoast SEO plugin v26.4 - https:\/\/yoast.com\/wordpress\/plugins\/seo\/ -->\n<title>Nuestra Bodega - Zuazo Gast\u00f3n<\/title>\n<meta name=\"description\" content=\"Nuestros vinos son orgullo de nuestros or\u00edgenes. La bodega y cada uno de nuestros vinos llevan el apellido Zuazo Gast\u00f3n representando nuestra historia.\" \/>\n<meta name=\"robots\" content=\"index, follow, max-snippet:-1, max-image-preview:large, max-video-preview:-1\" \/>\n<link rel=\"canonical\" href=\"https:\/\/www.zuazogaston.com\/web\/nuestra-bodega\/\" \/>\n<meta property=\"og:locale\" content=\"es_ES\" \/>\n<meta property=\"og:type\" content=\"article\" \/>\n<meta property=\"og:title\" content=\"Nuestra Bodega - Zuazo Gast\u00f3n\" \/>\n<meta property=\"og:description\" content=\"Nuestros vinos son orgullo de nuestros or\u00edgenes. La bodega y cada uno de nuestros vinos llevan el apellido Zuazo Gast\u00f3n representando nuestra historia.\" \/>\n<meta property=\"og:url\" content=\"https:\/\/www.zuazogaston.com\/web\/nuestra-bodega\/\" \/>\n<meta property=\"og:site_name\" content=\"Zuazo Gast\u00f3n\" \/>\n<meta property=\"article:publisher\" content=\"http:\/\/www.facebook.com\/BodegasZuazoGaston\" \/>\n<meta property=\"article:modified_time\" content=\"2015-07-09T17:04:33+00:00\" \/>\n<meta property=\"og:image\" content=\"http:\/\/www.zuazogaston.com\/web\/wp-content\/uploads\/2014\/06\/bodegext_01-300x181.jpg\" \/>\n<meta name=\"twitter:card\" content=\"summary_large_image\" \/>\n<meta name=\"twitter:site\" content=\"@ZuazoGaston\" \/>\n<meta name=\"twitter:label1\" content=\"Tiempo de lectura\" \/>\n\t<meta name=\"twitter:data1\" content=\"1 minuto\" \/>\n<script type=\"application\/ld+json\" class=\"yoast-schema-graph\">{\"@context\":\"https:\/\/schema.org\",\"@graph\":[{\"@type\":\"WebPage\",\"@id\":\"https:\/\/www.zuazogaston.com\/web\/nuestra-bodega\/\",\"url\":\"https:\/\/www.zuazogaston.com\/web\/nuestra-bodega\/\",\"name\":\"Nuestra Bodega - Zuazo Gast\u00f3n\",\"isPartOf\":{\"@id\":\"http:\/\/www.zuazogaston.com\/web\/#website\"},\"primaryImageOfPage\":{\"@id\":\"https:\/\/www.zuazogaston.com\/web\/nuestra-bodega\/#primaryimage\"},\"image\":{\"@id\":\"https:\/\/www.zuazogaston.com\/web\/nuestra-bodega\/#primaryimage\"},\"thumbnailUrl\":\"http:\/\/www.zuazogaston.com\/web\/wp-content\/uploads\/2014\/06\/bodegext_01-300x181.jpg\",\"datePublished\":\"2014-06-25T16:15:33+00:00\",\"dateModified\":\"2015-07-09T17:04:33+00:00\",\"description\":\"Nuestros vinos son orgullo de nuestros or\u00edgenes. La bodega y cada uno de nuestros vinos llevan el apellido Zuazo Gast\u00f3n representando nuestra historia.\",\"inLanguage\":\"es\",\"potentialAction\":[{\"@type\":\"ReadAction\",\"target\":[\"https:\/\/www.zuazogaston.com\/web\/nuestra-bodega\/\"]}]},{\"@type\":\"ImageObject\",\"inLanguage\":\"es\",\"@id\":\"https:\/\/www.zuazogaston.com\/web\/nuestra-bodega\/#primaryimage\",\"url\":\"http:\/\/www.zuazogaston.com\/web\/wp-content\/uploads\/2014\/06\/bodegext_01.jpg\",\"contentUrl\":\"http:\/\/www.zuazogaston.com\/web\/wp-content\/uploads\/2014\/06\/bodegext_01.jpg\",\"width\":1000,\"height\":606,\"caption\":\"Exterior Bodega\"},{\"@type\":\"WebSite\",\"@id\":\"http:\/\/www.zuazogaston.com\/web\/#website\",\"url\":\"http:\/\/www.zuazogaston.com\/web\/\",\"name\":\"Zuazo Gast\u00f3n\",\"description\":\"Bodegas y Vi\u00f1edos\",\"potentialAction\":[{\"@type\":\"SearchAction\",\"target\":{\"@type\":\"EntryPoint\",\"urlTemplate\":\"http:\/\/www.zuazogaston.com\/web\/?s={search_term_string}\"},\"query-input\":{\"@type\":\"PropertyValueSpecification\",\"valueRequired\":true,\"valueName\":\"search_term_string\"}}],\"inLanguage\":\"es\"}]}<\/script>\n<!-- \/ Yoast SEO plugin. -->","yoast_head_json":{"title":"Nuestra Bodega - Zuazo Gast\u00f3n","description":"Nuestros vinos son orgullo de nuestros or\u00edgenes. La bodega y cada uno de nuestros vinos llevan el apellido Zuazo Gast\u00f3n representando nuestra historia.","robots":{"index":"index","follow":"follow","max-snippet":"max-snippet:-1","max-image-preview":"max-image-preview:large","max-video-preview":"max-video-preview:-1"},"canonical":"https:\/\/www.zuazogaston.com\/web\/nuestra-bodega\/","og_locale":"es_ES","og_type":"article","og_title":"Nuestra Bodega - Zuazo Gast\u00f3n","og_description":"Nuestros vinos son orgullo de nuestros or\u00edgenes. La bodega y cada uno de nuestros vinos llevan el apellido Zuazo Gast\u00f3n representando nuestra historia.","og_url":"https:\/\/www.zuazogaston.com\/web\/nuestra-bodega\/","og_site_name":"Zuazo Gast\u00f3n","article_publisher":"http:\/\/www.facebook.com\/BodegasZuazoGaston","article_modified_time":"2015-07-09T17:04:33+00:00","og_image":[{"url":"http:\/\/www.zuazogaston.com\/web\/wp-content\/uploads\/2014\/06\/bodegext_01-300x181.jpg","type":"","width":"","height":""}],"twitter_card":"summary_large_image","twitter_site":"@ZuazoGaston","twitter_misc":{"Tiempo de lectura":"1 minuto"},"schema":{"@context":"https:\/\/schema.org","@graph":[{"@type":"WebPage","@id":"https:\/\/www.zuazogaston.com\/web\/nuestra-bodega\/","url":"https:\/\/www.zuazogaston.com\/web\/nuestra-bodega\/","name":"Nuestra Bodega - Zuazo Gast\u00f3n","isPartOf":{"@id":"http:\/\/www.zuazogaston.com\/web\/#website"},"primaryImageOfPage":{"@id":"https:\/\/www.zuazogaston.com\/web\/nuestra-bodega\/#primaryimage"},"image":{"@id":"https:\/\/www.zuazogaston.com\/web\/nuestra-bodega\/#primaryimage"},"thumbnailUrl":"http:\/\/www.zuazogaston.com\/web\/wp-content\/uploads\/2014\/06\/bodegext_01-300x181.jpg","datePublished":"2014-06-25T16:15:33+00:00","dateModified":"2015-07-09T17:04:33+00:00","description":"Nuestros vinos son orgullo de nuestros or\u00edgenes. La bodega y cada uno de nuestros vinos llevan el apellido Zuazo Gast\u00f3n representando nuestra historia.","inLanguage":"es","potentialAction":[{"@type":"ReadAction","target":["https:\/\/www.zuazogaston.com\/web\/nuestra-bodega\/"]}]},{"@type":"ImageObject","inLanguage":"es","@id":"https:\/\/www.zuazogaston.com\/web\/nuestra-bodega\/#primaryimage","url":"http:\/\/www.zuazogaston.com\/web\/wp-content\/uploads\/2014\/06\/bodegext_01.jpg","contentUrl":"http:\/\/www.zuazogaston.com\/web\/wp-content\/uploads\/2014\/06\/bodegext_01.jpg","width":1000,"height":606,"caption":"Exterior Bodega"},{"@type":"WebSite","@id":"http:\/\/www.zuazogaston.com\/web\/#website","url":"http:\/\/www.zuazogaston.com\/web\/","name":"Zuazo Gast\u00f3n","description":"Bodegas y Vi\u00f1edos","potentialAction":[{"@type":"SearchAction","target":{"@type":"EntryPoint","urlTemplate":"http:\/\/www.zuazogaston.com\/web\/?s={search_term_string}"},"query-input":{"@type":"PropertyValueSpecification","valueRequired":true,"valueName":"search_term_string"}}],"inLanguage":"es"}]}},"_links":{"self":[{"href":"http:\/\/www.zuazogaston.com\/web\/wp-json\/wp\/v2\/pages\/2710","targetHints":{"allow":["GET"]}}],"collection":[{"href":"http:\/\/www.zuazogaston.com\/web\/wp-json\/wp\/v2\/pages"}],"about":[{"href":"http:\/\/www.zuazogaston.com\/web\/wp-json\/wp\/v2\/types\/page"}],"author":[{"embeddable":true,"href":"http:\/\/www.zuazogaston.com\/web\/wp-json\/wp\/v2\/users\/1"}],"replies":[{"embeddable":true,"href":"http:\/\/www.zuazogaston.com\/web\/wp-json\/wp\/v2\/comments?post=2710"}],"version-history":[{"count":8,"href":"http:\/\/www.zuazogaston.com\/web\/wp-json\/wp\/v2\/pages\/2710\/revisions"}],"predecessor-version":[{"id":3058,"href":"http:\/\/www.zuazogaston.com\/web\/wp-json\/wp\/v2\/pages\/2710\/revisions\/3058"}],"wp:attachment":[{"href":"http:\/\/www.zuazogaston.com\/web\/wp-json\/wp\/v2\/media?parent=2710"}],"curies":[{"name":"wp","href":"https:\/\/api.w.org\/{rel}","templated":true}]}}