{"id":2699,"date":"2014-06-25T18:17:34","date_gmt":"2014-06-25T16:17:34","guid":{"rendered":"http:\/\/zuazogaston.com\/equipo-2\/"},"modified":"2018-04-16T09:57:24","modified_gmt":"2018-04-16T08:57:24","slug":"equipo","status":"publish","type":"page","link":"http:\/\/www.zuazogaston.com\/web\/equipo\/","title":{"rendered":"<!\u2013Team\u2013>"},"content":{"rendered":"<div class=\"wpb-content-wrapper\"><p>[vc_row][vc_column width=\u00bb1\/3&#8243;]\r\n\t\t<div class=\"shortcode_meet_the_team\">\r\n\t\t\t<div class=\"shortcode_meet_the_team_img_placeholder\"><img decoding=\"async\" src=\"http:\/\/www.zuazogaston.com\/web\/wp-content\/uploads\/2014\/08\/equipo02.jpg\" alt=\"\" \/><\/div>\r\n\t\t\t<h3>Prudencio Zuazo<\/h3>\r\n\t\t\t<div class=\"small_sep\"><\/div>\r\n\t\t\t<div class=\"role\">Zuazo Gaston is a project I dreamed as a child and later on I molded<\/div>\r\n\t\t\t<p><\/p>\r\n\t\t<\/div>\r\n\t\r\n\t\t<div class=\"shortcode_meet_the_team\">\r\n\t\t\t<div class=\"shortcode_meet_the_team_img_placeholder\"><img decoding=\"async\" src=\"http:\/\/www.zuazogaston.com\/web\/wp-content\/uploads\/2014\/08\/equipo04.jpg\" alt=\"\" \/><\/div>\r\n\t\t\t<h3>M\u00aa Carmen Murillo<\/h3>\r\n\t\t\t<div class=\"small_sep\"><\/div>\r\n\t\t\t<div class=\"role\">Commitment, Effort and Enthusiasm. Desire to share the feelings conveyed by Wine.<\/div>\r\n\t\t\t<p><\/p>\r\n\t\t<\/div>\r\n\t[\/vc_column][vc_column width=\u00bb1\/3&#8243;]\r\n\t\t<div class=\"shortcode_meet_the_team\">\r\n\t\t\t<div class=\"shortcode_meet_the_team_img_placeholder\"><img decoding=\"async\" src=\"http:\/\/www.zuazogaston.com\/web\/wp-content\/uploads\/2014\/08\/equipo01.jpg\" alt=\"\" \/><\/div>\r\n\t\t\t<h3>Alicia Crespo<\/h3>\r\n\t\t\t<div class=\"small_sep\"><\/div>\r\n\t\t\t<div class=\"role\">Management Effectiveness<\/div>\r\n\t\t\t<p><\/p>\r\n\t\t<\/div>\r\n\t\r\n\t\t<div class=\"shortcode_meet_the_team\">\r\n\t\t\t<div class=\"shortcode_meet_the_team_img_placeholder\"><img decoding=\"async\" src=\"http:\/\/www.zuazogaston.com\/web\/wp-content\/uploads\/2014\/08\/equipo05.jpg\" alt=\"\" \/><\/div>\r\n\t\t\t<h3>Unai Terroba<\/h3>\r\n\t\t\t<div class=\"small_sep\"><\/div>\r\n\t\t\t<div class=\"role\">Passion for Wine World, Passion for Wine in the World<\/div>\r\n\t\t\t<p><\/p>\r\n\t\t<\/div>\r\n\t\r\n\t\t<div class=\"shortcode_meet_the_team\">\r\n\t\t\t<div class=\"shortcode_meet_the_team_img_placeholder\"><img decoding=\"async\" src=\"http:\/\/www.zuazogaston.com\/web\/wp-content\/uploads\/2014\/06\/sara.jpg\" alt=\"\" \/><\/div>\r\n\t\t\t<h3>Sara Ib\u00e1\u00f1ez<\/h3>\r\n\t\t\t<div class=\"small_sep\"><\/div>\r\n\t\t\t<div class=\"role\">Visiting the land where we were born<\/div>\r\n\t\t\t<p><\/p>\r\n\t\t<\/div>\r\n\t[vc_separator][\/vc_column][vc_column width=\u00bb1\/3&#8243;]\r\n\t\t<div class=\"shortcode_meet_the_team\">\r\n\t\t\t<div class=\"shortcode_meet_the_team_img_placeholder\"><img decoding=\"async\" src=\"http:\/\/www.zuazogaston.com\/web\/wp-content\/uploads\/2014\/08\/equipo03.jpg\" alt=\"\" \/><\/div>\r\n\t\t\t<h3>Paco Ruiz<\/h3>\r\n\t\t\t<div class=\"small_sep\"><\/div>\r\n\t\t\t<div class=\"role\">While the Grape Cry, I will Drink its Tears<\/div>\r\n\t\t\t<p><\/p>\r\n\t\t<\/div>\r\n\t\r\n\t\t<div class=\"shortcode_meet_the_team\">\r\n\t\t\t<div class=\"shortcode_meet_the_team_img_placeholder\"><img decoding=\"async\" src=\"http:\/\/www.zuazogaston.com\/web\/wp-content\/uploads\/2014\/06\/equipo06.jpg\" alt=\"\" \/><\/div>\r\n\t\t\t<h3>Jos\u00e9 \u00c1ngel Cascudo \u00c1lvarez<\/h3>\r\n\t\t\t<div class=\"small_sep\"><\/div>\r\n\t\t\t<div class=\"role\">Wine is Where, When and with Whom.<\/div>\r\n\t\t\t<p><\/p>\r\n\t\t<\/div>\r\n\t[\/vc_column][\/vc_row][vc_row css=\u00bb.vc_custom_1404482324059{padding-top: 75px !important;padding-bottom: 75px !important;background-color: #f29400 !important;border-style: solid !important;}\u00bb background_style=\u00bbnormal\u00bb][vc_column][vc_row_inner type=\u00bbboxed\u00bb][vc_column_inner css=\u00bb.vc_custom_1404465047074{padding-right: 30px !important;padding-left: 30px !important;}\u00bb]    \r\n    <div class=\"title_subtitle\" style=\"text-align:center\">\r\n        <h3 style=\"color:#ffffff !important; font-size:20px\">A qualified and professional team to achieve the best goals.<\/h3>\r\n                    <\/div>\r\n\r\n\t[\/vc_column_inner][\/vc_row_inner][\/vc_column][\/vc_row][vc_row][vc_column][recent_work_filtered][\/vc_column][\/vc_row]<\/p>\n<\/div>","protected":false},"excerpt":{"rendered":"<p>Aqu\u00ed va la descripci\u00f3n<\/p>\n","protected":false},"author":1,"featured_media":0,"parent":0,"menu_order":0,"comment_status":"closed","ping_status":"closed","template":"","meta":{"footnotes":""},"class_list":["post-2699","page","type-page","status-publish","hentry"],"yoast_head":"<!-- This site is optimized with the Yoast SEO plugin v26.4 - https:\/\/yoast.com\/wordpress\/plugins\/seo\/ -->\n<title>Equipo - Zuazo Gast\u00f3n<\/title>\n<meta name=\"description\" content=\"Un equipo cualificado y profesional para obtener los mejores resultados.\" \/>\n<meta name=\"robots\" content=\"index, follow, max-snippet:-1, max-image-preview:large, max-video-preview:-1\" \/>\n<link rel=\"canonical\" href=\"https:\/\/www.zuazogaston.com\/web\/equipo\/\" \/>\n<meta property=\"og:locale\" content=\"es_ES\" \/>\n<meta property=\"og:type\" content=\"article\" \/>\n<meta property=\"og:title\" content=\"Equipo - Zuazo Gast\u00f3n\" \/>\n<meta property=\"og:description\" content=\"Un equipo cualificado y profesional para obtener los mejores resultados.\" \/>\n<meta property=\"og:url\" content=\"https:\/\/www.zuazogaston.com\/web\/equipo\/\" \/>\n<meta property=\"og:site_name\" content=\"Zuazo Gast\u00f3n\" \/>\n<meta property=\"article:publisher\" content=\"http:\/\/www.facebook.com\/BodegasZuazoGaston\" \/>\n<meta property=\"article:modified_time\" content=\"2018-04-16T08:57:24+00:00\" \/>\n<meta name=\"twitter:card\" content=\"summary_large_image\" \/>\n<meta name=\"twitter:site\" content=\"@ZuazoGaston\" \/>\n<meta name=\"twitter:label1\" content=\"Tiempo de lectura\" \/>\n\t<meta name=\"twitter:data1\" content=\"1 minuto\" \/>\n<script type=\"application\/ld+json\" class=\"yoast-schema-graph\">{\"@context\":\"https:\/\/schema.org\",\"@graph\":[{\"@type\":\"WebPage\",\"@id\":\"https:\/\/www.zuazogaston.com\/web\/equipo\/\",\"url\":\"https:\/\/www.zuazogaston.com\/web\/equipo\/\",\"name\":\"Equipo - Zuazo Gast\u00f3n\",\"isPartOf\":{\"@id\":\"http:\/\/www.zuazogaston.com\/web\/#website\"},\"datePublished\":\"2014-06-25T16:17:34+00:00\",\"dateModified\":\"2018-04-16T08:57:24+00:00\",\"description\":\"Un equipo cualificado y profesional para obtener los mejores resultados.\",\"inLanguage\":\"es\",\"potentialAction\":[{\"@type\":\"ReadAction\",\"target\":[\"https:\/\/www.zuazogaston.com\/web\/equipo\/\"]}]},{\"@type\":\"WebSite\",\"@id\":\"http:\/\/www.zuazogaston.com\/web\/#website\",\"url\":\"http:\/\/www.zuazogaston.com\/web\/\",\"name\":\"Zuazo Gast\u00f3n\",\"description\":\"Bodegas y Vi\u00f1edos\",\"potentialAction\":[{\"@type\":\"SearchAction\",\"target\":{\"@type\":\"EntryPoint\",\"urlTemplate\":\"http:\/\/www.zuazogaston.com\/web\/?s={search_term_string}\"},\"query-input\":{\"@type\":\"PropertyValueSpecification\",\"valueRequired\":true,\"valueName\":\"search_term_string\"}}],\"inLanguage\":\"es\"}]}<\/script>\n<!-- \/ Yoast SEO plugin. -->","yoast_head_json":{"title":"Equipo - Zuazo Gast\u00f3n","description":"Un equipo cualificado y profesional para obtener los mejores resultados.","robots":{"index":"index","follow":"follow","max-snippet":"max-snippet:-1","max-image-preview":"max-image-preview:large","max-video-preview":"max-video-preview:-1"},"canonical":"https:\/\/www.zuazogaston.com\/web\/equipo\/","og_locale":"es_ES","og_type":"article","og_title":"Equipo - Zuazo Gast\u00f3n","og_description":"Un equipo cualificado y profesional para obtener los mejores resultados.","og_url":"https:\/\/www.zuazogaston.com\/web\/equipo\/","og_site_name":"Zuazo Gast\u00f3n","article_publisher":"http:\/\/www.facebook.com\/BodegasZuazoGaston","article_modified_time":"2018-04-16T08:57:24+00:00","twitter_card":"summary_large_image","twitter_site":"@ZuazoGaston","twitter_misc":{"Tiempo de lectura":"1 minuto"},"schema":{"@context":"https:\/\/schema.org","@graph":[{"@type":"WebPage","@id":"https:\/\/www.zuazogaston.com\/web\/equipo\/","url":"https:\/\/www.zuazogaston.com\/web\/equipo\/","name":"Equipo - Zuazo Gast\u00f3n","isPartOf":{"@id":"http:\/\/www.zuazogaston.com\/web\/#website"},"datePublished":"2014-06-25T16:17:34+00:00","dateModified":"2018-04-16T08:57:24+00:00","description":"Un equipo cualificado y profesional para obtener los mejores resultados.","inLanguage":"es","potentialAction":[{"@type":"ReadAction","target":["https:\/\/www.zuazogaston.com\/web\/equipo\/"]}]},{"@type":"WebSite","@id":"http:\/\/www.zuazogaston.com\/web\/#website","url":"http:\/\/www.zuazogaston.com\/web\/","name":"Zuazo Gast\u00f3n","description":"Bodegas y Vi\u00f1edos","potentialAction":[{"@type":"SearchAction","target":{"@type":"EntryPoint","urlTemplate":"http:\/\/www.zuazogaston.com\/web\/?s={search_term_string}"},"query-input":{"@type":"PropertyValueSpecification","valueRequired":true,"valueName":"search_term_string"}}],"inLanguage":"es"}]}},"_links":{"self":[{"href":"http:\/\/www.zuazogaston.com\/web\/wp-json\/wp\/v2\/pages\/2699","targetHints":{"allow":["GET"]}}],"collection":[{"href":"http:\/\/www.zuazogaston.com\/web\/wp-json\/wp\/v2\/pages"}],"about":[{"href":"http:\/\/www.zuazogaston.com\/web\/wp-json\/wp\/v2\/types\/page"}],"author":[{"embeddable":true,"href":"http:\/\/www.zuazogaston.com\/web\/wp-json\/wp\/v2\/users\/1"}],"replies":[{"embeddable":true,"href":"http:\/\/www.zuazogaston.com\/web\/wp-json\/wp\/v2\/comments?post=2699"}],"version-history":[{"count":3,"href":"http:\/\/www.zuazogaston.com\/web\/wp-json\/wp\/v2\/pages\/2699\/revisions"}],"predecessor-version":[{"id":3060,"href":"http:\/\/www.zuazogaston.com\/web\/wp-json\/wp\/v2\/pages\/2699\/revisions\/3060"}],"wp:attachment":[{"href":"http:\/\/www.zuazogaston.com\/web\/wp-json\/wp\/v2\/media?parent=2699"}],"curies":[{"name":"wp","href":"https:\/\/api.w.org\/{rel}","templated":true}]}}