{"id":22,"date":"2014-06-06T12:55:34","date_gmt":"2014-06-06T10:55:34","guid":{"rendered":"http:\/\/zuazogaston.com\/singular\/?page_id=22"},"modified":"2020-01-02T10:51:50","modified_gmt":"2020-01-02T09:51:50","slug":"bodega-y-vinedos-2","status":"publish","type":"page","link":"http:\/\/www.zuazogaston.com\/web\/bodega-y-vinedos-2\/","title":{"rendered":"<!\u2013Bodegas y Vi\u00f1edos\u2013>"},"content":{"rendered":"<div class=\"wpb-content-wrapper\"><p>[vc_row][vc_column][vc_column_text css=\u00bb.vc_custom_1577958241355{margin-top: 10px !important;margin-bottom: 20px !important;}\u00bb]<\/p>\n<h1 style=\"text-align: center;\"><strong><span style=\"color: #444444;\">Modernas instalaciones, vi\u00f1edo propio y personal cualificado involucrado en nuestro proyecto<\/span><\/strong><\/h1>\n<p>[\/vc_column_text][vc_column_text css=\u00bb.vc_custom_1577958344518{padding-top: 30px !important;}\u00bb]<\/p>\n<h4 style=\"text-align: center;\"><span style=\"color: #999999;\">Hay pocos secretos en el mundo del vino: elegir y cuidar con mimo la tierra es la premisa fundamental.<\/span><\/h4>\n<h4 style=\"text-align: center;\"><span style=\"color: #999999;\">Cuando el fruto est\u00e1 listo, entran en juego las habilidades de quienes se encargan de convertirlo en vino. Para lograr este objetivo, contamos tambi\u00e9n con unas instalaciones que se renuevan y modernizan constantemente.<\/span><\/h4>\n<p>[\/vc_column_text][\/vc_column][\/vc_row][vc_row][vc_column width=\u00bb1\/3&#8243; css=\u00bb.vc_custom_1577957998266{margin-top: 50px !important;margin-bottom: 50px !important;}\u00bb][vc_single_image image=\u00bb125&#8243; alignment=\u00bbcenter\u00bb][vc_column_text css=\u00bb.vc_custom_1577958146899{padding-top: 15px !important;padding-bottom: 15px !important;}\u00bb]<\/p>\n<h3 style=\"text-align: center;\">BODEGA<\/h3>\n<p>[\/vc_column_text][vc_btn title=\u00bbConocer m\u00e1s\u00bb size=\u00bbxs\u00bb align=\u00bbcenter\u00bb link=\u00bburl:http%3A%2F%2Fwww.zuazogaston.com%2Fweb%2Fnuestra-bodega|||\u00bb][\/vc_column][vc_column width=\u00bb1\/3&#8243; css=\u00bb.vc_custom_1577955864463{margin-top: 50px !important;margin-bottom: 50px !important;}\u00bb][vc_single_image image=\u00bb126&#8243; alignment=\u00bbcenter\u00bb][vc_column_text css=\u00bb.vc_custom_1577955431496{padding-top: 15px !important;padding-bottom: 15px !important;}\u00bb]<\/p>\n<h3 style=\"text-align: center;\">VI\u00d1EDOS<\/h3>\n<p>[\/vc_column_text][vc_btn title=\u00bbConocer m\u00e1s\u00bb size=\u00bbxs\u00bb align=\u00bbcenter\u00bb link=\u00bburl:http%3A%2F%2Fwww.zuazogaston.com%2Fweb%2Fvinedo|||\u00bb][\/vc_column][vc_column width=\u00bb1\/3&#8243; css=\u00bb.vc_custom_1577955874171{margin-top: 50px !important;margin-bottom: 50px !important;}\u00bb][vc_single_image image=\u00bb127&#8243; alignment=\u00bbcenter\u00bb][vc_column_text css=\u00bb.vc_custom_1577955567250{padding-top: 15px !important;padding-bottom: 15px !important;}\u00bb]<\/p>\n<h3 style=\"text-align: center;\">EQUIPO<\/h3>\n<p>[\/vc_column_text][vc_btn title=\u00bbConocer m\u00e1s\u00bb size=\u00bbxs\u00bb align=\u00bbcenter\u00bb link=\u00bburl:http%3A%2F%2Fwww.zuazogaston.com%2Fweb%2Fequipo|||\u00bb][\/vc_column][\/vc_row][vc_row][vc_column][recent_work_filtered][\/vc_column][\/vc_row][vc_row][vc_column][vc_column_text]<\/p>\n<p>[\/vc_column_text][\/vc_column][\/vc_row]<\/p>\n<\/div>","protected":false},"excerpt":{"rendered":"<p>[vc_row][vc_column][vc_column_text css=\u00bb.vc_custom_1577958241355{margin-top: 10px !important;margin-bottom: 20px !important;}\u00bb] Modernas instalaciones, vi\u00f1edo propio y personal cualificado involucrado en nuestro proyecto [\/vc_column_text][vc_column_text css=\u00bb.vc_custom_1577958344518{padding-top: 30px !important;}\u00bb] Hay pocos secretos en el mundo del vino: elegir y cuidar con mimo la tierra es la premisa fundamental. Cuando el fruto est\u00e1 listo, entran en juego las habilidades de quienes se encargan de [&hellip;]<\/p>\n","protected":false},"author":1,"featured_media":0,"parent":0,"menu_order":0,"comment_status":"closed","ping_status":"closed","template":"","meta":{"footnotes":""},"class_list":["post-22","page","type-page","status-publish","hentry"],"yoast_head":"<!-- This site is optimized with the Yoast SEO plugin v26.4 - https:\/\/yoast.com\/wordpress\/plugins\/seo\/ -->\n<title>Bodega y Vi\u00f1edos - Zuazo Gast\u00f3n<\/title>\n<meta name=\"description\" content=\"Bodegas y Vi\u00f1edos. Modernas instalaciones, vi\u00f1edo propio y personal cualificado involucrado en nuestro proyecto.\" \/>\n<meta name=\"robots\" content=\"index, follow, max-snippet:-1, max-image-preview:large, max-video-preview:-1\" \/>\n<link rel=\"canonical\" href=\"https:\/\/www.zuazogaston.com\/web\/bodega-y-vinedos-2\/\" \/>\n<meta property=\"og:locale\" content=\"es_ES\" \/>\n<meta property=\"og:type\" content=\"article\" \/>\n<meta property=\"og:title\" content=\"Bodega y Vi\u00f1edos - Zuazo Gast\u00f3n\" \/>\n<meta property=\"og:description\" content=\"Bodegas y Vi\u00f1edos. Modernas instalaciones, vi\u00f1edo propio y personal cualificado involucrado en nuestro proyecto.\" \/>\n<meta property=\"og:url\" content=\"https:\/\/www.zuazogaston.com\/web\/bodega-y-vinedos-2\/\" \/>\n<meta property=\"og:site_name\" content=\"Zuazo Gast\u00f3n\" \/>\n<meta property=\"article:publisher\" content=\"http:\/\/www.facebook.com\/BodegasZuazoGaston\" \/>\n<meta property=\"article:modified_time\" content=\"2020-01-02T09:51:50+00:00\" \/>\n<meta name=\"twitter:card\" content=\"summary_large_image\" \/>\n<meta name=\"twitter:site\" content=\"@ZuazoGaston\" \/>\n<meta name=\"twitter:label1\" content=\"Tiempo de lectura\" \/>\n\t<meta name=\"twitter:data1\" content=\"1 minuto\" \/>\n<script type=\"application\/ld+json\" class=\"yoast-schema-graph\">{\"@context\":\"https:\/\/schema.org\",\"@graph\":[{\"@type\":\"WebPage\",\"@id\":\"https:\/\/www.zuazogaston.com\/web\/bodega-y-vinedos-2\/\",\"url\":\"https:\/\/www.zuazogaston.com\/web\/bodega-y-vinedos-2\/\",\"name\":\"Bodega y Vi\u00f1edos - Zuazo Gast\u00f3n\",\"isPartOf\":{\"@id\":\"http:\/\/www.zuazogaston.com\/web\/#website\"},\"datePublished\":\"2014-06-06T10:55:34+00:00\",\"dateModified\":\"2020-01-02T09:51:50+00:00\",\"description\":\"Bodegas y Vi\u00f1edos. Modernas instalaciones, vi\u00f1edo propio y personal cualificado involucrado en nuestro proyecto.\",\"inLanguage\":\"es\",\"potentialAction\":[{\"@type\":\"ReadAction\",\"target\":[\"https:\/\/www.zuazogaston.com\/web\/bodega-y-vinedos-2\/\"]}]},{\"@type\":\"WebSite\",\"@id\":\"http:\/\/www.zuazogaston.com\/web\/#website\",\"url\":\"http:\/\/www.zuazogaston.com\/web\/\",\"name\":\"Zuazo Gast\u00f3n\",\"description\":\"Bodegas y Vi\u00f1edos\",\"potentialAction\":[{\"@type\":\"SearchAction\",\"target\":{\"@type\":\"EntryPoint\",\"urlTemplate\":\"http:\/\/www.zuazogaston.com\/web\/?s={search_term_string}\"},\"query-input\":{\"@type\":\"PropertyValueSpecification\",\"valueRequired\":true,\"valueName\":\"search_term_string\"}}],\"inLanguage\":\"es\"}]}<\/script>\n<!-- \/ Yoast SEO plugin. -->","yoast_head_json":{"title":"Bodega y Vi\u00f1edos - Zuazo Gast\u00f3n","description":"Bodegas y Vi\u00f1edos. Modernas instalaciones, vi\u00f1edo propio y personal cualificado involucrado en nuestro proyecto.","robots":{"index":"index","follow":"follow","max-snippet":"max-snippet:-1","max-image-preview":"max-image-preview:large","max-video-preview":"max-video-preview:-1"},"canonical":"https:\/\/www.zuazogaston.com\/web\/bodega-y-vinedos-2\/","og_locale":"es_ES","og_type":"article","og_title":"Bodega y Vi\u00f1edos - Zuazo Gast\u00f3n","og_description":"Bodegas y Vi\u00f1edos. Modernas instalaciones, vi\u00f1edo propio y personal cualificado involucrado en nuestro proyecto.","og_url":"https:\/\/www.zuazogaston.com\/web\/bodega-y-vinedos-2\/","og_site_name":"Zuazo Gast\u00f3n","article_publisher":"http:\/\/www.facebook.com\/BodegasZuazoGaston","article_modified_time":"2020-01-02T09:51:50+00:00","twitter_card":"summary_large_image","twitter_site":"@ZuazoGaston","twitter_misc":{"Tiempo de lectura":"1 minuto"},"schema":{"@context":"https:\/\/schema.org","@graph":[{"@type":"WebPage","@id":"https:\/\/www.zuazogaston.com\/web\/bodega-y-vinedos-2\/","url":"https:\/\/www.zuazogaston.com\/web\/bodega-y-vinedos-2\/","name":"Bodega y Vi\u00f1edos - Zuazo Gast\u00f3n","isPartOf":{"@id":"http:\/\/www.zuazogaston.com\/web\/#website"},"datePublished":"2014-06-06T10:55:34+00:00","dateModified":"2020-01-02T09:51:50+00:00","description":"Bodegas y Vi\u00f1edos. Modernas instalaciones, vi\u00f1edo propio y personal cualificado involucrado en nuestro proyecto.","inLanguage":"es","potentialAction":[{"@type":"ReadAction","target":["https:\/\/www.zuazogaston.com\/web\/bodega-y-vinedos-2\/"]}]},{"@type":"WebSite","@id":"http:\/\/www.zuazogaston.com\/web\/#website","url":"http:\/\/www.zuazogaston.com\/web\/","name":"Zuazo Gast\u00f3n","description":"Bodegas y Vi\u00f1edos","potentialAction":[{"@type":"SearchAction","target":{"@type":"EntryPoint","urlTemplate":"http:\/\/www.zuazogaston.com\/web\/?s={search_term_string}"},"query-input":{"@type":"PropertyValueSpecification","valueRequired":true,"valueName":"search_term_string"}}],"inLanguage":"es"}]}},"_links":{"self":[{"href":"http:\/\/www.zuazogaston.com\/web\/wp-json\/wp\/v2\/pages\/22","targetHints":{"allow":["GET"]}}],"collection":[{"href":"http:\/\/www.zuazogaston.com\/web\/wp-json\/wp\/v2\/pages"}],"about":[{"href":"http:\/\/www.zuazogaston.com\/web\/wp-json\/wp\/v2\/types\/page"}],"author":[{"embeddable":true,"href":"http:\/\/www.zuazogaston.com\/web\/wp-json\/wp\/v2\/users\/1"}],"replies":[{"embeddable":true,"href":"http:\/\/www.zuazogaston.com\/web\/wp-json\/wp\/v2\/comments?post=22"}],"version-history":[{"count":5,"href":"http:\/\/www.zuazogaston.com\/web\/wp-json\/wp\/v2\/pages\/22\/revisions"}],"predecessor-version":[{"id":4599,"href":"http:\/\/www.zuazogaston.com\/web\/wp-json\/wp\/v2\/pages\/22\/revisions\/4599"}],"wp:attachment":[{"href":"http:\/\/www.zuazogaston.com\/web\/wp-json\/wp\/v2\/media?parent=22"}],"curies":[{"name":"wp","href":"https:\/\/api.w.org\/{rel}","templated":true}]}}