{"id":120,"date":"2014-06-25T18:17:34","date_gmt":"2014-06-25T16:17:34","guid":{"rendered":"http:\/\/zuazogaston.com\/singular\/?page_id=120"},"modified":"2025-09-01T09:34:17","modified_gmt":"2025-09-01T08:34:17","slug":"equipo-2","status":"publish","type":"page","link":"http:\/\/www.zuazogaston.com\/web\/equipo-2\/","title":{"rendered":"<!\u2013Equipo\u2013>"},"content":{"rendered":"<div class=\"wpb-content-wrapper\"><p>[vc_row][vc_column width=\u00bb1\/4&#8243;][vc_column_text]\r\n\t\t<div class=\"shortcode_meet_the_team\">\r\n\t\t\t<div class=\"shortcode_meet_the_team_img_placeholder\"><img decoding=\"async\" src=\"http:\/\/www.zuazogaston.com\/web\/wp-content\/uploads\/2014\/08\/equipo02.jpg\" alt=\"\" \/><\/div>\r\n\t\t\t<h3>Prudencio Zuazo<\/h3>\r\n\t\t\t<div class=\"small_sep\"><\/div>\r\n\t\t\t<div class=\"role\">Zuazo Gast\u00f3n es un proyecto que de ni\u00f1o so\u00f1\u00e9 y de mayor molde\u00e9<\/div>\r\n\t\t\t<p><\/p>\r\n\t\t<\/div>\r\n\t[vc_separator]\r\n\t\t<div class=\"shortcode_meet_the_team\">\r\n\t\t\t<div class=\"shortcode_meet_the_team_img_placeholder\"><img decoding=\"async\" src=\"http:\/\/www.zuazogaston.com\/web\/wp-content\/uploads\/2014\/08\/equipo01.jpg\" alt=\"\" \/><\/div>\r\n\t\t\t<h3>Alicia Crespo<\/h3>\r\n\t\t\t<div class=\"small_sep\"><\/div>\r\n\t\t\t<div class=\"role\">Eficacia en la Gesti\u00f3n<\/div>\r\n\t\t\t<p><\/p>\r\n\t\t<\/div>\r\n\t[\/vc_column_text][\/vc_column][vc_column width=\u00bb1\/4&#8243;][vc_column_text]\r\n\t\t<div class=\"shortcode_meet_the_team\">\r\n\t\t\t<div class=\"shortcode_meet_the_team_img_placeholder\"><img decoding=\"async\" src=\"http:\/\/www.zuazogaston.com\/web\/wp-content\/uploads\/2014\/06\/equipo06-1.jpg\" alt=\"\" \/><\/div>\r\n\t\t\t<h3>Jos\u00e9 \u00c1ngel Cascudo \u00c1lvarez<\/h3>\r\n\t\t\t<div class=\"small_sep\"><\/div>\r\n\t\t\t<div class=\"role\">El vino es situaci\u00f3n, momento y compa\u00f1\u00eda<\/div>\r\n\t\t\t<p><\/p>\r\n\t\t<\/div>\r\n\t[vc_separator]\r\n\t\t<div class=\"shortcode_meet_the_team\">\r\n\t\t\t<div class=\"shortcode_meet_the_team_img_placeholder\"><img decoding=\"async\" src=\"http:\/\/www.zuazogaston.com\/web\/wp-content\/uploads\/2014\/06\/sara.jpg\" alt=\"\" \/><\/div>\r\n\t\t\t<h3>Sara Ib\u00e1\u00f1ez<\/h3>\r\n\t\t\t<div class=\"small_sep\"><\/div>\r\n\t\t\t<div class=\"role\">Visitando la Tierra donde nacimos<\/div>\r\n\t\t\t<p><\/p>\r\n\t\t<\/div>\r\n\t[\/vc_column_text][\/vc_column][vc_column width=\u00bb1\/4&#8243;][vc_column_text]\r\n\t\t<div class=\"shortcode_meet_the_team\">\r\n\t\t\t<div class=\"shortcode_meet_the_team_img_placeholder\"><img decoding=\"async\" src=\"http:\/\/www.zuazogaston.com\/web\/wp-content\/uploads\/2014\/08\/equipo05.jpg\" alt=\"\" \/><\/div>\r\n\t\t\t<h3>Unai Terroba<\/h3>\r\n\t\t\t<div class=\"small_sep\"><\/div>\r\n\t\t\t<div class=\"role\">Pasi\u00f3n por el Mundo del<br \/>\nVino, pasi\u00f3n por el<br \/>\nVino en el Mundo<\/div>\r\n\t\t\t<p><\/p>\r\n\t\t<\/div>\r\n\t[vc_separator]\r\n\t\t<div class=\"shortcode_meet_the_team\">\r\n\t\t\t<div class=\"shortcode_meet_the_team_img_placeholder\"><img decoding=\"async\" src=\"http:\/\/www.zuazogaston.com\/web\/wp-content\/uploads\/2014\/08\/equipo04.jpg\" alt=\"\" \/><\/div>\r\n\t\t\t<h3>M\u00aa Carmen Murillo<\/h3>\r\n\t\t\t<div class=\"small_sep\"><\/div>\r\n\t\t\t<div class=\"role\">Compromiso, esfuerzo y constancia. Ilusi\u00f3n por compartir las sensaciones que transmite el vino<\/div>\r\n\t\t\t<p><\/p>\r\n\t\t<\/div>\r\n\t[\/vc_column_text][\/vc_column][vc_column width=\u00bb1\/4&#8243;][vc_column_text]\r\n\t\t<div class=\"shortcode_meet_the_team\">\r\n\t\t\t<div class=\"shortcode_meet_the_team_img_placeholder\"><img decoding=\"async\" src=\"http:\/\/www.zuazogaston.com\/web\/wp-content\/uploads\/2014\/08\/equipo03.jpg\" alt=\"\" \/><\/div>\r\n\t\t\t<h3>Paco Ruiz<\/h3>\r\n\t\t\t<div class=\"small_sep\"><\/div>\r\n\t\t\t<div class=\"role\">Mientras la uva llore, yo beber\u00e9 sus l\u00e1grimas<\/div>\r\n\t\t\t<p><\/p>\r\n\t\t<\/div>\r\n\t[\/vc_column_text][\/vc_column][\/vc_row][vc_row css=\u00bb.vc_custom_1404482324059{padding-top: 75px !important;padding-bottom: 75px !important;background-color: #f29400 !important;border-style: solid !important;}\u00bb background_style=\u00bbnormal\u00bb][vc_column][vc_row_inner type=\u00bbboxed\u00bb][vc_column_inner css=\u00bb.vc_custom_1404465047074{padding-right: 30px !important;padding-left: 30px !important;}\u00bb]    \r\n    <div class=\"title_subtitle\" style=\"text-align:center\">\r\n        <h3 style=\"color:#ffffff !important; font-size:20px\">Un equipo cualificado y profesional para obtener los mejores resultados.<\/h3>\r\n                    <\/div>\r\n\r\n\t[\/vc_column_inner][\/vc_row_inner][\/vc_column][\/vc_row][vc_row][vc_column width=\u00bb1\/4&#8243;][\/vc_column][vc_column width=\u00bb1\/4&#8243; css=\u00bb.vc_custom_1577955864463{margin-top: 50px !important;margin-bottom: 50px !important;}\u00bb][vc_single_image image=\u00bb125&#8243; alignment=\u00bbcenter\u00bb][vc_column_text css=\u00bb.vc_custom_1577956533466{padding-top: 15px !important;padding-bottom: 15px !important;}\u00bb]<\/p>\n<h3 style=\"text-align: center;\">BODEGA<\/h3>\n<p>[\/vc_column_text][vc_btn title=\u00bbConocer m\u00e1s\u00bb size=\u00bbxs\u00bb align=\u00bbcenter\u00bb link=\u00bburl:http%3A%2F%2Fwww.zuazogaston.com%2Fweb%2Fnuestra-bodega-2|||\u00bb][\/vc_column][vc_column width=\u00bb1\/4&#8243; css=\u00bb.vc_custom_1577955874171{margin-top: 50px !important;margin-bottom: 50px !important;}\u00bb][vc_single_image image=\u00bb126&#8243; alignment=\u00bbcenter\u00bb][vc_column_text css=\u00bb.vc_custom_1577955431496{padding-top: 15px !important;padding-bottom: 15px !important;}\u00bb]<\/p>\n<h3 style=\"text-align: center;\">VI\u00d1EDOS<\/h3>\n<p>[\/vc_column_text][vc_btn title=\u00bbConocer m\u00e1s\u00bb size=\u00bbxs\u00bb align=\u00bbcenter\u00bb css=\u00bb\u00bb link=\u00bburl:http%3A%2F%2Fwww.zuazogaston.com%2Fweb%2Fvinedo-2&#8243;][\/vc_column][vc_column width=\u00bb1\/4&#8243;][\/vc_column][\/vc_row][vc_row][vc_column][vc_column_text][recent_work_filtered][\/vc_column_text][\/vc_column][\/vc_row][vc_row][vc_column][vc_column_text]<\/p>\n<p>[\/vc_column_text][\/vc_column][\/vc_row]<\/p>\n<\/div>","protected":false},"excerpt":{"rendered":"<p>[vc_row][vc_column width=\u00bb1\/4&#8243;][vc_column_text][vc_separator][\/vc_column_text][\/vc_column][vc_column width=\u00bb1\/4&#8243;][vc_column_text][vc_separator][\/vc_column_text][\/vc_column][vc_column width=\u00bb1\/4&#8243;][vc_column_text][vc_separator][\/vc_column_text][\/vc_column][vc_column width=\u00bb1\/4&#8243;][vc_column_text][\/vc_column_text][\/vc_column][\/vc_row][vc_row css=\u00bb.vc_custom_1404482324059{padding-top: 75px !important;padding-bottom: 75px !important;background-color: #f29400 !important;border-style: solid !important;}\u00bb background_style=\u00bbnormal\u00bb][vc_column][vc_row_inner type=\u00bbboxed\u00bb][vc_column_inner css=\u00bb.vc_custom_1404465047074{padding-right: 30px !important;padding-left: 30px !important;}\u00bb][\/vc_column_inner][\/vc_row_inner][\/vc_column][\/vc_row][vc_row][vc_column width=\u00bb1\/4&#8243;][\/vc_column][vc_column width=\u00bb1\/4&#8243; css=\u00bb.vc_custom_1577955864463{margin-top: 50px !important;margin-bottom: 50px !important;}\u00bb][vc_single_image image=\u00bb125&#8243; alignment=\u00bbcenter\u00bb][vc_column_text css=\u00bb.vc_custom_1577956533466{padding-top: 15px !important;padding-bottom: 15px !important;}\u00bb] BODEGA [\/vc_column_text][vc_btn title=\u00bbConocer m\u00e1s\u00bb size=\u00bbxs\u00bb align=\u00bbcenter\u00bb link=\u00bburl:http%3A%2F%2Fwww.zuazogaston.com%2Fweb%2Fnuestra-bodega-2|||\u00bb][\/vc_column][vc_column width=\u00bb1\/4&#8243; css=\u00bb.vc_custom_1577955874171{margin-top: 50px !important;margin-bottom: 50px !important;}\u00bb][vc_single_image image=\u00bb126&#8243; alignment=\u00bbcenter\u00bb][vc_column_text css=\u00bb.vc_custom_1577955431496{padding-top: 15px !important;padding-bottom: 15px !important;}\u00bb] [&hellip;]<\/p>\n","protected":false},"author":1,"featured_media":0,"parent":0,"menu_order":0,"comment_status":"closed","ping_status":"closed","template":"","meta":{"footnotes":""},"class_list":["post-120","page","type-page","status-publish","hentry"],"yoast_head":"<!-- This site is optimized with the Yoast SEO plugin v26.4 - https:\/\/yoast.com\/wordpress\/plugins\/seo\/ -->\n<title>Equipo - Zuazo Gast\u00f3n<\/title>\n<meta name=\"description\" content=\"Un equipo cualificado y profesional para obtener los mejores resultados.\" \/>\n<meta name=\"robots\" content=\"index, follow, max-snippet:-1, max-image-preview:large, max-video-preview:-1\" \/>\n<link rel=\"canonical\" href=\"https:\/\/www.zuazogaston.com\/web\/equipo-2\/\" \/>\n<meta property=\"og:locale\" content=\"es_ES\" \/>\n<meta property=\"og:type\" content=\"article\" \/>\n<meta property=\"og:title\" content=\"Equipo - Zuazo Gast\u00f3n\" \/>\n<meta property=\"og:description\" content=\"Un equipo cualificado y profesional para obtener los mejores resultados.\" \/>\n<meta property=\"og:url\" content=\"https:\/\/www.zuazogaston.com\/web\/equipo-2\/\" \/>\n<meta property=\"og:site_name\" content=\"Zuazo Gast\u00f3n\" \/>\n<meta property=\"article:publisher\" content=\"http:\/\/www.facebook.com\/BodegasZuazoGaston\" \/>\n<meta property=\"article:modified_time\" content=\"2025-09-01T08:34:17+00:00\" \/>\n<meta name=\"twitter:card\" content=\"summary_large_image\" \/>\n<meta name=\"twitter:site\" content=\"@ZuazoGaston\" \/>\n<meta name=\"twitter:label1\" content=\"Tiempo de lectura\" \/>\n\t<meta name=\"twitter:data1\" content=\"2 minutos\" \/>\n<script type=\"application\/ld+json\" class=\"yoast-schema-graph\">{\"@context\":\"https:\/\/schema.org\",\"@graph\":[{\"@type\":\"WebPage\",\"@id\":\"https:\/\/www.zuazogaston.com\/web\/equipo-2\/\",\"url\":\"https:\/\/www.zuazogaston.com\/web\/equipo-2\/\",\"name\":\"Equipo - Zuazo Gast\u00f3n\",\"isPartOf\":{\"@id\":\"http:\/\/www.zuazogaston.com\/web\/#website\"},\"datePublished\":\"2014-06-25T16:17:34+00:00\",\"dateModified\":\"2025-09-01T08:34:17+00:00\",\"description\":\"Un equipo cualificado y profesional para obtener los mejores resultados.\",\"inLanguage\":\"es\",\"potentialAction\":[{\"@type\":\"ReadAction\",\"target\":[\"https:\/\/www.zuazogaston.com\/web\/equipo-2\/\"]}]},{\"@type\":\"WebSite\",\"@id\":\"http:\/\/www.zuazogaston.com\/web\/#website\",\"url\":\"http:\/\/www.zuazogaston.com\/web\/\",\"name\":\"Zuazo Gast\u00f3n\",\"description\":\"Bodegas y Vi\u00f1edos\",\"potentialAction\":[{\"@type\":\"SearchAction\",\"target\":{\"@type\":\"EntryPoint\",\"urlTemplate\":\"http:\/\/www.zuazogaston.com\/web\/?s={search_term_string}\"},\"query-input\":{\"@type\":\"PropertyValueSpecification\",\"valueRequired\":true,\"valueName\":\"search_term_string\"}}],\"inLanguage\":\"es\"}]}<\/script>\n<!-- \/ Yoast SEO plugin. -->","yoast_head_json":{"title":"Equipo - Zuazo Gast\u00f3n","description":"Un equipo cualificado y profesional para obtener los mejores resultados.","robots":{"index":"index","follow":"follow","max-snippet":"max-snippet:-1","max-image-preview":"max-image-preview:large","max-video-preview":"max-video-preview:-1"},"canonical":"https:\/\/www.zuazogaston.com\/web\/equipo-2\/","og_locale":"es_ES","og_type":"article","og_title":"Equipo - Zuazo Gast\u00f3n","og_description":"Un equipo cualificado y profesional para obtener los mejores resultados.","og_url":"https:\/\/www.zuazogaston.com\/web\/equipo-2\/","og_site_name":"Zuazo Gast\u00f3n","article_publisher":"http:\/\/www.facebook.com\/BodegasZuazoGaston","article_modified_time":"2025-09-01T08:34:17+00:00","twitter_card":"summary_large_image","twitter_site":"@ZuazoGaston","twitter_misc":{"Tiempo de lectura":"2 minutos"},"schema":{"@context":"https:\/\/schema.org","@graph":[{"@type":"WebPage","@id":"https:\/\/www.zuazogaston.com\/web\/equipo-2\/","url":"https:\/\/www.zuazogaston.com\/web\/equipo-2\/","name":"Equipo - Zuazo Gast\u00f3n","isPartOf":{"@id":"http:\/\/www.zuazogaston.com\/web\/#website"},"datePublished":"2014-06-25T16:17:34+00:00","dateModified":"2025-09-01T08:34:17+00:00","description":"Un equipo cualificado y profesional para obtener los mejores resultados.","inLanguage":"es","potentialAction":[{"@type":"ReadAction","target":["https:\/\/www.zuazogaston.com\/web\/equipo-2\/"]}]},{"@type":"WebSite","@id":"http:\/\/www.zuazogaston.com\/web\/#website","url":"http:\/\/www.zuazogaston.com\/web\/","name":"Zuazo Gast\u00f3n","description":"Bodegas y Vi\u00f1edos","potentialAction":[{"@type":"SearchAction","target":{"@type":"EntryPoint","urlTemplate":"http:\/\/www.zuazogaston.com\/web\/?s={search_term_string}"},"query-input":{"@type":"PropertyValueSpecification","valueRequired":true,"valueName":"search_term_string"}}],"inLanguage":"es"}]}},"_links":{"self":[{"href":"http:\/\/www.zuazogaston.com\/web\/wp-json\/wp\/v2\/pages\/120","targetHints":{"allow":["GET"]}}],"collection":[{"href":"http:\/\/www.zuazogaston.com\/web\/wp-json\/wp\/v2\/pages"}],"about":[{"href":"http:\/\/www.zuazogaston.com\/web\/wp-json\/wp\/v2\/types\/page"}],"author":[{"embeddable":true,"href":"http:\/\/www.zuazogaston.com\/web\/wp-json\/wp\/v2\/users\/1"}],"replies":[{"embeddable":true,"href":"http:\/\/www.zuazogaston.com\/web\/wp-json\/wp\/v2\/comments?post=120"}],"version-history":[{"count":13,"href":"http:\/\/www.zuazogaston.com\/web\/wp-json\/wp\/v2\/pages\/120\/revisions"}],"predecessor-version":[{"id":5573,"href":"http:\/\/www.zuazogaston.com\/web\/wp-json\/wp\/v2\/pages\/120\/revisions\/5573"}],"wp:attachment":[{"href":"http:\/\/www.zuazogaston.com\/web\/wp-json\/wp\/v2\/media?parent=120"}],"curies":[{"name":"wp","href":"https:\/\/api.w.org\/{rel}","templated":true}]}}